{"id":63836,"date":"2026-04-25T18:03:56","date_gmt":"2026-04-25T18:03:56","guid":{"rendered":"https:\/\/teka.com\/en-int\/forlinea-rs15-7140_115000052"},"modified":"2026-03-14T07:49:00","modified_gmt":"2026-03-14T08:49:00","slug":"forlinea-rs15-7140_115000052","status":"publish","type":"product","link":"https:\/\/www.teka.com\/de-de\/produkt\/forlinea-rs15-7140_115000052\/","title":{"rendered":"ForLinea RS15 71.40"},"content":{"rendered":"<ul>\n<li>PureLine Edelstahl-Einbausp\u00fcle aus 18\/10 Edelstahl<\/li>\n<li>1 Sp\u00fclbecken<\/li>\n<li>2in1 Flexinstallation f\u00fcr aufliegenden oder fl\u00e4chenb\u00fcndigen Einbau<\/li>\n<li>R15 Radius f\u00fcr leichte Reinigung<\/li>\n<li>Eckige SQ-Design-Ablauf-Abdeckung<\/li>\n<li>inkludiertes Zubeh\u00f6r: Bambus-Schneidbrett und Siebeinsatz Edelstahl<\/li>\n<\/ul>\n","protected":false},"featured_media":0,"parent":0,"template":"","product_cat":[3396],"product_cleaning_system":[],"product_3rd_basket":[],"product_drawers":[],"product_type_of_installation":[203172,203299],"product_edition":[],"product_serie":[],"product_features":[],"finishes":[],"product_bundles":[],"product_energy_efficiency":[],"product_video_training":[],"class_list":["post-63836","product","type-product","status-publish","hentry","product_cat-spuelen","usp-sinks-02","usp-sinks-04","usp-sinks-05","usp-sinks-06","color-edelstahl","product_type_of_appliance-edelstahl","product_ambient-ambient-11","product_icons-200mm","product_icons-hygiene","product_icons-r15","product_type_of_installation-flaechenbuendig","product_type_of_installation-aufsatzmontage"],"acf":[],"yoast_head":"<!-- This site is optimized with the Yoast SEO plugin v27.2 - https:\/\/yoast.com\/product\/yoast-seo-wordpress\/ -->\n<title>ForLinea RS15 71.40 | Teka Deutschland<\/title>\n<meta name=\"robots\" content=\"index, follow, max-snippet:-1, max-image-preview:large, max-video-preview:-1\" \/>\n<link rel=\"canonical\" href=\"https:\/\/www.teka.com\/de-de\/produkt\/forlinea-rs15-7140_115000052\/\" \/>\n<meta property=\"og:locale\" content=\"de_DE\" \/>\n<meta property=\"og:type\" content=\"article\" \/>\n<meta property=\"og:title\" content=\"ForLinea RS15 71.40 | Teka Deutschland\" \/>\n<meta property=\"og:description\" content=\"PureLine Edelstahl-Einbausp\u00fcle aus 18\/10 Edelstahl 1 Sp\u00fclbecken 2in1 Flexinstallation f\u00fcr aufliegenden oder fl\u00e4chenb\u00fcndigen Einbau R15 Radius f\u00fcr leichte Reinigung Eckige SQ-Design-Ablauf-Abdeckung inkludiertes Zubeh\u00f6r: Bambus-Schneidbrett und Siebeinsatz Edelstahl\" \/>\n<meta property=\"og:url\" content=\"https:\/\/www.teka.com\/de-de\/produkt\/forlinea-rs15-7140_115000052\/\" \/>\n<meta property=\"og:site_name\" content=\"Teka Deutschland\" \/>\n<meta name=\"twitter:card\" content=\"summary_large_image\" \/>\n<script type=\"application\/ld+json\" class=\"yoast-schema-graph\">{\"@context\":\"https:\/\/schema.org\",\"@graph\":[{\"@type\":\"WebPage\",\"@id\":\"https:\/\/www.teka.com\/de-de\/produkt\/forlinea-rs15-7140_115000052\/\",\"url\":\"https:\/\/www.teka.com\/de-de\/produkt\/forlinea-rs15-7140_115000052\/\",\"name\":\"ForLinea RS15 71.40 | Teka Deutschland\",\"isPartOf\":{\"@id\":\"https:\/\/www.teka.com\/de-de\/#website\"},\"datePublished\":\"2026-04-25T18:03:56+00:00\",\"inLanguage\":\"de\",\"potentialAction\":[{\"@type\":\"ReadAction\",\"target\":[\"https:\/\/www.teka.com\/de-de\/produkt\/forlinea-rs15-7140_115000052\/\"]}]},{\"@type\":\"WebSite\",\"@id\":\"https:\/\/www.teka.com\/de-de\/#website\",\"url\":\"https:\/\/www.teka.com\/de-de\/\",\"name\":\"Teka Deutschland\",\"description\":\"\",\"potentialAction\":[{\"@type\":\"SearchAction\",\"target\":{\"@type\":\"EntryPoint\",\"urlTemplate\":\"https:\/\/www.teka.com\/de-de\/?s={search_term_string}\"},\"query-input\":{\"@type\":\"PropertyValueSpecification\",\"valueRequired\":true,\"valueName\":\"search_term_string\"}}],\"inLanguage\":\"de\"}]}<\/script>\n<!-- \/ Yoast SEO plugin. -->","yoast_head_json":{"title":"ForLinea RS15 71.40 | Teka Deutschland","robots":{"index":"index","follow":"follow","max-snippet":"max-snippet:-1","max-image-preview":"max-image-preview:large","max-video-preview":"max-video-preview:-1"},"canonical":"https:\/\/www.teka.com\/de-de\/produkt\/forlinea-rs15-7140_115000052\/","og_locale":"de_DE","og_type":"article","og_title":"ForLinea RS15 71.40 | Teka Deutschland","og_description":"PureLine Edelstahl-Einbausp\u00fcle aus 18\/10 Edelstahl 1 Sp\u00fclbecken 2in1 Flexinstallation f\u00fcr aufliegenden oder fl\u00e4chenb\u00fcndigen Einbau R15 Radius f\u00fcr leichte Reinigung Eckige SQ-Design-Ablauf-Abdeckung inkludiertes Zubeh\u00f6r: Bambus-Schneidbrett und Siebeinsatz Edelstahl","og_url":"https:\/\/www.teka.com\/de-de\/produkt\/forlinea-rs15-7140_115000052\/","og_site_name":"Teka Deutschland","twitter_card":"summary_large_image","schema":{"@context":"https:\/\/schema.org","@graph":[{"@type":"WebPage","@id":"https:\/\/www.teka.com\/de-de\/produkt\/forlinea-rs15-7140_115000052\/","url":"https:\/\/www.teka.com\/de-de\/produkt\/forlinea-rs15-7140_115000052\/","name":"ForLinea RS15 71.40 | Teka Deutschland","isPartOf":{"@id":"https:\/\/www.teka.com\/de-de\/#website"},"datePublished":"2026-04-25T18:03:56+00:00","inLanguage":"de","potentialAction":[{"@type":"ReadAction","target":["https:\/\/www.teka.com\/de-de\/produkt\/forlinea-rs15-7140_115000052\/"]}]},{"@type":"WebSite","@id":"https:\/\/www.teka.com\/de-de\/#website","url":"https:\/\/www.teka.com\/de-de\/","name":"Teka Deutschland","description":"","potentialAction":[{"@type":"SearchAction","target":{"@type":"EntryPoint","urlTemplate":"https:\/\/www.teka.com\/de-de\/?s={search_term_string}"},"query-input":{"@type":"PropertyValueSpecification","valueRequired":true,"valueName":"search_term_string"}}],"inLanguage":"de"}]}},"_links":{"self":[{"href":"https:\/\/www.teka.com\/de-de\/wp-json\/wp\/v2\/product\/63836","targetHints":{"allow":["GET"]}}],"collection":[{"href":"https:\/\/www.teka.com\/de-de\/wp-json\/wp\/v2\/product"}],"about":[{"href":"https:\/\/www.teka.com\/de-de\/wp-json\/wp\/v2\/types\/product"}],"wp:attachment":[{"href":"https:\/\/www.teka.com\/de-de\/wp-json\/wp\/v2\/media?parent=63836"}],"wp:term":[{"taxonomy":"product_cat","embeddable":true,"href":"https:\/\/www.teka.com\/de-de\/wp-json\/wp\/v2\/product_cat?post=63836"},{"taxonomy":"product_cleaning_system","embeddable":true,"href":"https:\/\/www.teka.com\/de-de\/wp-json\/wp\/v2\/product_cleaning_system?post=63836"},{"taxonomy":"product_3rd_basket","embeddable":true,"href":"https:\/\/www.teka.com\/de-de\/wp-json\/wp\/v2\/product_3rd_basket?post=63836"},{"taxonomy":"product_drawers","embeddable":true,"href":"https:\/\/www.teka.com\/de-de\/wp-json\/wp\/v2\/product_drawers?post=63836"},{"taxonomy":"product_type_of_installation","embeddable":true,"href":"https:\/\/www.teka.com\/de-de\/wp-json\/wp\/v2\/product_type_of_installation?post=63836"},{"taxonomy":"product_edition","embeddable":true,"href":"https:\/\/www.teka.com\/de-de\/wp-json\/wp\/v2\/product_edition?post=63836"},{"taxonomy":"product_serie","embeddable":true,"href":"https:\/\/www.teka.com\/de-de\/wp-json\/wp\/v2\/product_serie?post=63836"},{"taxonomy":"product_features","embeddable":true,"href":"https:\/\/www.teka.com\/de-de\/wp-json\/wp\/v2\/product_features?post=63836"},{"taxonomy":"finishes","embeddable":true,"href":"https:\/\/www.teka.com\/de-de\/wp-json\/wp\/v2\/finishes?post=63836"},{"taxonomy":"product_bundles","embeddable":true,"href":"https:\/\/www.teka.com\/de-de\/wp-json\/wp\/v2\/product_bundles?post=63836"},{"taxonomy":"product_energy_efficiency","embeddable":true,"href":"https:\/\/www.teka.com\/de-de\/wp-json\/wp\/v2\/product_energy_efficiency?post=63836"},{"taxonomy":"product_video_training","embeddable":true,"href":"https:\/\/www.teka.com\/de-de\/wp-json\/wp\/v2\/product_video_training?post=63836"}],"curies":[{"name":"wp","href":"https:\/\/api.w.org\/{rel}","templated":true}]}}