{"id":4713,"date":"2018-07-25T09:21:25","date_gmt":"2018-07-25T09:21:25","guid":{"rendered":"http:\/\/teka.com\/?page_id=4713"},"modified":"2019-08-23T10:17:30","modified_gmt":"2019-08-23T10:17:30","slug":"metafortoste-katalogoys","status":"publish","type":"page","link":"https:\/\/www.teka.com\/el-cy\/metafortoste-katalogoys\/","title":{"rendered":"\u039c\u03b5\u03c4\u03b1\u03c6\u03bf\u03c1\u03c4\u03ce\u03c3\u03c4\u03b5 \u03ba\u03b1\u03c4\u03b1\u03bb\u03cc\u03b3\u03bf\u03c5\u03c2"},"content":{"rendered":"<p>[et_pb_section bb_built=&#8221;1&#8243; next_background_color=&#8221;#ffffff&#8221; _builder_version=&#8221;3.10.1&#8243; background_image=&#8221;https:\/\/www.teka.com\/wp-content\/uploads\/sites\/3\/2018\/08\/descarga-catalogos-1.jpg&#8221; background_position=&#8221;center_right&#8221; module_id=&#8221;descarga-catalogos-top&#8221;][et_pb_row _builder_version=&#8221;3.10.1&#8243; module_id_1=&#8221;descarga-catalogos-top-text&#8221; module_id_2=&#8221;descarga-catalogos-top-img&#8221;][et_pb_column type=&#8221;1_2&#8243;][et_pb_text _builder_version=&#8221;3.19&#8243; background_layout=&#8221;dark&#8221;]<\/p>\n<h1>\u039a\u03b1\u03c4\u03ac\u03bb\u03bf\u03b3\u03bf\u03c2 \u03c4\u03b7\u03c2 Teka \u03b3\u03b9\u03b1 \u03c4\u03bf 2018-2019<\/h1>\n<p>\u039c\u03b5\u03c4\u03b1\u03c6\u03bf\u03c1\u03c4\u03ce\u03c3\u03c4\u03b5 \u03c4\u03bf\u03bd \u03c0\u03bb\u03ae\u03c1\u03b7 \u03ba\u03b1\u03c4\u03ac\u03bb\u03bf\u03b3\u03bf \u03c0\u03c1\u03bf\u03ca\u03cc\u03bd\u03c4\u03c9\u03bd \u03bc\u03b1\u03c2 \u03b3\u03b9\u03b1 \u03c4\u03bf 2018-2019. \u039c\u03c0\u03bf\u03c1\u03b5\u03af\u03c4\u03b5 \u03bd\u03b1 \u03b2\u03c1\u03b5\u03af\u03c4\u03b5 \u03cc\u03bb\u03b1 \u03c4\u03b1 \u03bd\u03ad\u03b1 \u03b5\u03af\u03b4\u03b7 \u03ba\u03b1\u03b9 \u03c4\u03b7\u03bd \u03b3\u03ba\u03ac\u03bc\u03b1 \u03c4\u03c9\u03bd \u03c0\u03c1\u03bf\u03ca\u03cc\u03bd\u03c4\u03c9\u03bd \u03bc\u03b1\u03c2 \u03ba\u03b1\u03b8\u03ce\u03c2 \u03ba\u03b1\u03b9 \u03c4\u03b1 \u03c7\u03b1\u03c1\u03b1\u03ba\u03c4\u03b7\u03c1\u03b9\u03c3\u03c4\u03b9\u03ba\u03ac \u03ba\u03b1\u03b9 \u03bb\u03b5\u03c0\u03c4\u03bf\u03bc\u03b5\u03c1\u03b5\u03af\u03c2 \u03c0\u03bb\u03b7\u03c1\u03bf\u03c6\u03bf\u03c1\u03af\u03b5\u03c2 \u03b3\u03b9\u03b1 \u03c4\u03b1 \u03c4\u03c1\u03ad\u03c7\u03bf\u03bd\u03c4\u03b1 \u03c0\u03c1\u03bf\u03ca\u03cc\u03bd\u03c4\u03b1 \u03bc\u03b1\u03c2.<\/p>\n<p><a href=\"#\">+ \u039c\u03b5\u03c4\u03b1\u03c6\u03cc\u03c1\u03c4\u03c9\u03c3\u03b7<\/a><\/p>\n<p>[\/et_pb_text][\/et_pb_column][et_pb_column type=&#8221;1_2&#8243;][et_pb_image _builder_version=&#8221;3.10.1&#8243; src=&#8221;https:\/\/www.teka.com\/wp-content\/uploads\/sites\/3\/2018\/08\/descarga-catalogos-1.png&#8221; \/][\/et_pb_column][\/et_pb_row][\/et_pb_section][et_pb_section bb_built=&#8221;1&#8243; fullwidth=&#8221;off&#8221; specialty=&#8221;off&#8221; prev_background_color=&#8221;#000000&#8243;][et_pb_row][et_pb_column type=&#8221;4_4&#8243;][et_pb_catalogs _builder_version=&#8221;3.19&#8243; posts_number=&#8221;-1&#8243; title_font_size_tablet=&#8221;51&#8243; title_line_height_tablet=&#8221;2&#8243; caption_font_size_tablet=&#8221;51&#8243; caption_line_height_tablet=&#8221;2&#8243; pagination_font_size_tablet=&#8221;51&#8243; pagination_line_height_tablet=&#8221;2&#8243; fullwidth=&#8221;off&#8221; show_categories=&#8221;off&#8221; show_pagination=&#8221;off&#8221; \/][\/et_pb_column][\/et_pb_row][\/et_pb_section]<\/p>\n","protected":false},"excerpt":{"rendered":"<p>\u039a\u03b1\u03c4\u03ac\u03bb\u03bf\u03b3\u03bf\u03c2 \u03c4\u03b7\u03c2 Teka \u03b3\u03b9\u03b1 \u03c4\u03bf 2018-2019 \u039c\u03b5\u03c4\u03b1\u03c6\u03bf\u03c1\u03c4\u03ce\u03c3\u03c4\u03b5 \u03c4\u03bf\u03bd \u03c0\u03bb\u03ae\u03c1\u03b7 \u03ba\u03b1\u03c4\u03ac\u03bb\u03bf\u03b3\u03bf \u03c0\u03c1\u03bf\u03ca\u03cc\u03bd\u03c4\u03c9\u03bd \u03bc\u03b1\u03c2 \u03b3\u03b9\u03b1 \u03c4\u03bf 2018-2019. \u039c\u03c0\u03bf\u03c1\u03b5\u03af\u03c4\u03b5 \u03bd\u03b1 \u03b2\u03c1\u03b5\u03af\u03c4\u03b5 \u03cc\u03bb\u03b1 \u03c4\u03b1 \u03bd\u03ad\u03b1 \u03b5\u03af\u03b4\u03b7 \u03ba\u03b1\u03b9 \u03c4\u03b7\u03bd \u03b3\u03ba\u03ac\u03bc\u03b1 \u03c4\u03c9\u03bd \u03c0\u03c1\u03bf\u03ca\u03cc\u03bd\u03c4\u03c9\u03bd \u03bc\u03b1\u03c2 \u03ba\u03b1\u03b8\u03ce\u03c2 \u03ba\u03b1\u03b9 \u03c4\u03b1 \u03c7\u03b1\u03c1\u03b1\u03ba\u03c4\u03b7\u03c1\u03b9\u03c3\u03c4\u03b9\u03ba\u03ac \u03ba\u03b1\u03b9 \u03bb\u03b5\u03c0\u03c4\u03bf\u03bc\u03b5\u03c1\u03b5\u03af\u03c2 \u03c0\u03bb\u03b7\u03c1\u03bf\u03c6\u03bf\u03c1\u03af\u03b5\u03c2 \u03b3\u03b9\u03b1 \u03c4\u03b1 \u03c4\u03c1\u03ad\u03c7\u03bf\u03bd\u03c4\u03b1 \u03c0\u03c1\u03bf\u03ca\u03cc\u03bd\u03c4\u03b1 \u03bc\u03b1\u03c2. + \u039c\u03b5\u03c4\u03b1\u03c6\u03cc\u03c1\u03c4\u03c9\u03c3\u03b7 <div class=\"et_pb_row et_pb_row_0 et_pb_row_empty\">\n\t\t\t\t\n\t\t\t\t\n\t\t\t\t\n\t\t\t\t\n\t\t\t\t\n\t\t\t<\/div>[et_pb_catalogs _builder_version=&#8221;3.19&#8243; posts_number=&#8221;-1&#8243; title_font_size_tablet=&#8221;51&#8243; title_line_height_tablet=&#8221;2&#8243; caption_font_size_tablet=&#8221;51&#8243; caption_line_height_tablet=&#8221;2&#8243; pagination_font_size_tablet=&#8221;51&#8243; pagination_line_height_tablet=&#8221;2&#8243; fullwidth=&#8221;off&#8221; show_categories=&#8221;off&#8221; show_pagination=&#8221;off&#8221; \/]<\/p>\n","protected":false},"author":9,"featured_media":0,"parent":0,"menu_order":0,"comment_status":"closed","ping_status":"closed","template":"","meta":{"_acf_changed":false,"_et_pb_use_builder":"on","_et_pb_old_content":"","_et_gb_content_width":"","footnotes":""},"class_list":["post-4713","page","type-page","status-publish","hentry"],"acf":[],"yoast_head":"<!-- This site is optimized with the Yoast SEO plugin v27.5 - https:\/\/yoast.com\/product\/yoast-seo-wordpress\/ -->\n<title>\u039c\u03b5\u03c4\u03b1\u03c6\u03bf\u03c1\u03c4\u03ce\u03c3\u03c4\u03b5 \u03ba\u03b1\u03c4\u03b1\u03bb\u03cc\u03b3\u03bf\u03c5\u03c2 2018-2019 de Cocina y Ba\u00f1o | Teka Cyprus<\/title>\n<meta name=\"description\" content=\"Descarga todos los cat\u00e1logos de cocina y electrodom\u00e9sticos Teka. Tambi\u00e9n disponible los cat\u00e1logos de productos de ba\u00f1o Teka Sanitary 2018-2019.\" \/>\n<meta name=\"robots\" content=\"index, follow, max-snippet:-1, max-image-preview:large, max-video-preview:-1\" \/>\n<link rel=\"canonical\" href=\"https:\/\/www.teka.com\/el-cy\/metafortoste-katalogoys\/\" \/>\n<meta property=\"og:locale\" content=\"el_GR\" \/>\n<meta property=\"og:type\" content=\"article\" \/>\n<meta property=\"og:title\" content=\"\u039c\u03b5\u03c4\u03b1\u03c6\u03bf\u03c1\u03c4\u03ce\u03c3\u03c4\u03b5 \u03ba\u03b1\u03c4\u03b1\u03bb\u03cc\u03b3\u03bf\u03c5\u03c2 2018-2019 de Cocina y Ba\u00f1o | Teka Cyprus\" \/>\n<meta property=\"og:description\" content=\"Descarga todos los cat\u00e1logos de cocina y electrodom\u00e9sticos Teka. Tambi\u00e9n disponible los cat\u00e1logos de productos de ba\u00f1o Teka Sanitary 2018-2019.\" \/>\n<meta property=\"og:url\" content=\"https:\/\/www.teka.com\/el-cy\/metafortoste-katalogoys\/\" \/>\n<meta property=\"og:site_name\" content=\"Teka Cyprus\" \/>\n<meta property=\"article:modified_time\" content=\"2019-08-23T10:17:30+00:00\" \/>\n<meta name=\"twitter:card\" content=\"summary_large_image\" \/>\n<meta name=\"twitter:label1\" content=\"\u0395\u03ba\u03c4\u03b9\u03bc\u03ce\u03bc\u03b5\u03bd\u03bf\u03c2 \u03c7\u03c1\u03cc\u03bd\u03bf\u03c2 \u03b1\u03bd\u03ac\u03b3\u03bd\u03c9\u03c3\u03b7\u03c2\" \/>\n\t<meta name=\"twitter:data1\" content=\"1 \u03bb\u03b5\u03c0\u03c4\u03cc\" \/>\n<script type=\"application\/ld+json\" class=\"yoast-schema-graph\">{\"@context\":\"https:\\\/\\\/schema.org\",\"@graph\":[{\"@type\":\"WebPage\",\"@id\":\"https:\\\/\\\/www.teka.com\\\/el-cy\\\/metafortoste-katalogoys\\\/\",\"url\":\"https:\\\/\\\/www.teka.com\\\/el-cy\\\/metafortoste-katalogoys\\\/\",\"name\":\"\u039c\u03b5\u03c4\u03b1\u03c6\u03bf\u03c1\u03c4\u03ce\u03c3\u03c4\u03b5 \u03ba\u03b1\u03c4\u03b1\u03bb\u03cc\u03b3\u03bf\u03c5\u03c2 2018-2019 de Cocina y Ba\u00f1o | Teka Cyprus\",\"isPartOf\":{\"@id\":\"https:\\\/\\\/www.teka.com\\\/el-cy\\\/#website\"},\"datePublished\":\"2018-07-25T09:21:25+00:00\",\"dateModified\":\"2019-08-23T10:17:30+00:00\",\"description\":\"Descarga todos los cat\u00e1logos de cocina y electrodom\u00e9sticos Teka. Tambi\u00e9n disponible los cat\u00e1logos de productos de ba\u00f1o Teka Sanitary 2018-2019.\",\"breadcrumb\":{\"@id\":\"https:\\\/\\\/www.teka.com\\\/el-cy\\\/metafortoste-katalogoys\\\/#breadcrumb\"},\"inLanguage\":\"el\",\"potentialAction\":[{\"@type\":\"ReadAction\",\"target\":[\"https:\\\/\\\/www.teka.com\\\/el-cy\\\/metafortoste-katalogoys\\\/\"]}]},{\"@type\":\"BreadcrumbList\",\"@id\":\"https:\\\/\\\/www.teka.com\\\/el-cy\\\/metafortoste-katalogoys\\\/#breadcrumb\",\"itemListElement\":[{\"@type\":\"ListItem\",\"position\":1,\"name\":\"Home\",\"item\":\"https:\\\/\\\/www.teka.com\\\/el-cy\\\/\"},{\"@type\":\"ListItem\",\"position\":2,\"name\":\"\u039c\u03b5\u03c4\u03b1\u03c6\u03bf\u03c1\u03c4\u03ce\u03c3\u03c4\u03b5 \u03ba\u03b1\u03c4\u03b1\u03bb\u03cc\u03b3\u03bf\u03c5\u03c2\"}]},{\"@type\":\"WebSite\",\"@id\":\"https:\\\/\\\/www.teka.com\\\/el-cy\\\/#website\",\"url\":\"https:\\\/\\\/www.teka.com\\\/el-cy\\\/\",\"name\":\"Teka Cyprus\",\"description\":\"\",\"potentialAction\":[{\"@type\":\"SearchAction\",\"target\":{\"@type\":\"EntryPoint\",\"urlTemplate\":\"https:\\\/\\\/www.teka.com\\\/el-cy\\\/?s={search_term_string}\"},\"query-input\":{\"@type\":\"PropertyValueSpecification\",\"valueRequired\":true,\"valueName\":\"search_term_string\"}}],\"inLanguage\":\"el\"}]}<\/script>\n<!-- \/ Yoast SEO plugin. -->","yoast_head_json":{"title":"\u039c\u03b5\u03c4\u03b1\u03c6\u03bf\u03c1\u03c4\u03ce\u03c3\u03c4\u03b5 \u03ba\u03b1\u03c4\u03b1\u03bb\u03cc\u03b3\u03bf\u03c5\u03c2 2018-2019 de Cocina y Ba\u00f1o | Teka Cyprus","description":"Descarga todos los cat\u00e1logos de cocina y electrodom\u00e9sticos Teka. Tambi\u00e9n disponible los cat\u00e1logos de productos de ba\u00f1o Teka Sanitary 2018-2019.","robots":{"index":"index","follow":"follow","max-snippet":"max-snippet:-1","max-image-preview":"max-image-preview:large","max-video-preview":"max-video-preview:-1"},"canonical":"https:\/\/www.teka.com\/el-cy\/metafortoste-katalogoys\/","og_locale":"el_GR","og_type":"article","og_title":"\u039c\u03b5\u03c4\u03b1\u03c6\u03bf\u03c1\u03c4\u03ce\u03c3\u03c4\u03b5 \u03ba\u03b1\u03c4\u03b1\u03bb\u03cc\u03b3\u03bf\u03c5\u03c2 2018-2019 de Cocina y Ba\u00f1o | Teka Cyprus","og_description":"Descarga todos los cat\u00e1logos de cocina y electrodom\u00e9sticos Teka. Tambi\u00e9n disponible los cat\u00e1logos de productos de ba\u00f1o Teka Sanitary 2018-2019.","og_url":"https:\/\/www.teka.com\/el-cy\/metafortoste-katalogoys\/","og_site_name":"Teka Cyprus","article_modified_time":"2019-08-23T10:17:30+00:00","twitter_card":"summary_large_image","twitter_misc":{"\u0395\u03ba\u03c4\u03b9\u03bc\u03ce\u03bc\u03b5\u03bd\u03bf\u03c2 \u03c7\u03c1\u03cc\u03bd\u03bf\u03c2 \u03b1\u03bd\u03ac\u03b3\u03bd\u03c9\u03c3\u03b7\u03c2":"1 \u03bb\u03b5\u03c0\u03c4\u03cc"},"schema":{"@context":"https:\/\/schema.org","@graph":[{"@type":"WebPage","@id":"https:\/\/www.teka.com\/el-cy\/metafortoste-katalogoys\/","url":"https:\/\/www.teka.com\/el-cy\/metafortoste-katalogoys\/","name":"\u039c\u03b5\u03c4\u03b1\u03c6\u03bf\u03c1\u03c4\u03ce\u03c3\u03c4\u03b5 \u03ba\u03b1\u03c4\u03b1\u03bb\u03cc\u03b3\u03bf\u03c5\u03c2 2018-2019 de Cocina y Ba\u00f1o | Teka Cyprus","isPartOf":{"@id":"https:\/\/www.teka.com\/el-cy\/#website"},"datePublished":"2018-07-25T09:21:25+00:00","dateModified":"2019-08-23T10:17:30+00:00","description":"Descarga todos los cat\u00e1logos de cocina y electrodom\u00e9sticos Teka. Tambi\u00e9n disponible los cat\u00e1logos de productos de ba\u00f1o Teka Sanitary 2018-2019.","breadcrumb":{"@id":"https:\/\/www.teka.com\/el-cy\/metafortoste-katalogoys\/#breadcrumb"},"inLanguage":"el","potentialAction":[{"@type":"ReadAction","target":["https:\/\/www.teka.com\/el-cy\/metafortoste-katalogoys\/"]}]},{"@type":"BreadcrumbList","@id":"https:\/\/www.teka.com\/el-cy\/metafortoste-katalogoys\/#breadcrumb","itemListElement":[{"@type":"ListItem","position":1,"name":"Home","item":"https:\/\/www.teka.com\/el-cy\/"},{"@type":"ListItem","position":2,"name":"\u039c\u03b5\u03c4\u03b1\u03c6\u03bf\u03c1\u03c4\u03ce\u03c3\u03c4\u03b5 \u03ba\u03b1\u03c4\u03b1\u03bb\u03cc\u03b3\u03bf\u03c5\u03c2"}]},{"@type":"WebSite","@id":"https:\/\/www.teka.com\/el-cy\/#website","url":"https:\/\/www.teka.com\/el-cy\/","name":"Teka Cyprus","description":"","potentialAction":[{"@type":"SearchAction","target":{"@type":"EntryPoint","urlTemplate":"https:\/\/www.teka.com\/el-cy\/?s={search_term_string}"},"query-input":{"@type":"PropertyValueSpecification","valueRequired":true,"valueName":"search_term_string"}}],"inLanguage":"el"}]}},"_links":{"self":[{"href":"https:\/\/www.teka.com\/el-cy\/wp-json\/wp\/v2\/pages\/4713","targetHints":{"allow":["GET"]}}],"collection":[{"href":"https:\/\/www.teka.com\/el-cy\/wp-json\/wp\/v2\/pages"}],"about":[{"href":"https:\/\/www.teka.com\/el-cy\/wp-json\/wp\/v2\/types\/page"}],"author":[{"embeddable":true,"href":"https:\/\/www.teka.com\/el-cy\/wp-json\/wp\/v2\/users\/9"}],"replies":[{"embeddable":true,"href":"https:\/\/www.teka.com\/el-cy\/wp-json\/wp\/v2\/comments?post=4713"}],"version-history":[{"count":20,"href":"https:\/\/www.teka.com\/el-cy\/wp-json\/wp\/v2\/pages\/4713\/revisions"}],"predecessor-version":[{"id":54711,"href":"https:\/\/www.teka.com\/el-cy\/wp-json\/wp\/v2\/pages\/4713\/revisions\/54711"}],"wp:attachment":[{"href":"https:\/\/www.teka.com\/el-cy\/wp-json\/wp\/v2\/media?parent=4713"}],"curies":[{"name":"wp","href":"https:\/\/api.w.org\/{rel}","templated":true}]}}