{"id":65132,"date":"2026-04-05T01:49:45","date_gmt":"2026-04-05T01:49:45","guid":{"rendered":"https:\/\/www.teka.com\/es-ar\/producto\/space-izf-6420_10210180\/"},"modified":"2026-03-14T03:28:26","modified_gmt":"2026-03-14T04:28:26","slug":"space-izf-6420_10210180","status":"publish","type":"product","link":"https:\/\/www.teka.com\/es-ar\/producto\/space-izf-6420_10210180\/","title":{"rendered":"SPACE IZF 6420"},"content":{"rendered":"<ul>\n<li>5 zonas<\/li>\n<li>Cristal con bisel frontal<\/li>\n<li>Funciones directas<\/li>\n<li>Sistema de optimizaci\u00f3n del recipiente<\/li>\n<\/ul>\n","protected":false},"featured_media":0,"parent":0,"template":"","product_cat":[3921],"product_cleaning_system":[],"product_3rd_basket":[],"product_drawers":[],"product_type_of_installation":[],"product_edition":[],"product_serie":[],"product_features":[59079,59080,59081,59082,59083],"finishes":[],"product_bundles":[],"product_energy_efficiency":[],"product_video_training":[59714,59719,59721,59722,59727,59730,59888],"class_list":["post-65132","product","type-product","status-publish","hentry","product_cat-encimeras","usp-induction-04","usp-induction-05","usp-induction-06","usp-induction-07","usp-induction-10","usp-induction-17","usp-induction-18","color-vidrio-negro","product_type_of_appliance-induccion","product_icons-autolock","product_icons-flex","product_icons-multislider","product_icons-power","product_icons-power-plus","product_icons-easy-installation","product_features-quick-boiling","product_features-keep-warm","product_features-simmering","product_features-melting","product_features-flex","product_video_training-traininghobs-02","product_video_training-traininghobs-05","product_video_training-traininghobs-06","product_video_training-traininghobs-07","product_video_training-traininghobs-10","product_video_training-traininghobs-11","product_video_training-traininghobs-14"],"acf":[],"yoast_head":"<!-- This site is optimized with the Yoast SEO plugin v27.2 - https:\/\/yoast.com\/product\/yoast-seo-wordpress\/ -->\n<title>Placa Inducci\u00f3n IZF 6420 | Teka Argentina<\/title>\n<meta name=\"description\" content=\"Toda la informaci\u00f3n sobre la Placa de inducci\u00f3n Flex de 5 zonas con Touch Control Multislider en 60 cm IZF 6420 en la web oficial de Teka Argentina\" \/>\n<meta name=\"robots\" content=\"index, follow, max-snippet:-1, max-image-preview:large, max-video-preview:-1\" \/>\n<link rel=\"canonical\" href=\"https:\/\/www.teka.com\/es-ar\/producto\/space-izf-6420_10210180\/\" \/>\n<meta property=\"og:locale\" content=\"es_ES\" \/>\n<meta property=\"og:type\" content=\"article\" \/>\n<meta property=\"og:title\" content=\"Placa Inducci\u00f3n IZF 6420 | Teka Argentina\" \/>\n<meta property=\"og:description\" content=\"Toda la informaci\u00f3n sobre la Placa de inducci\u00f3n Flex de 5 zonas con Touch Control Multislider en 60 cm IZF 6420 en la web oficial de Teka Argentina\" \/>\n<meta property=\"og:url\" content=\"https:\/\/www.teka.com\/es-ar\/producto\/space-izf-6420_10210180\/\" \/>\n<meta property=\"og:site_name\" content=\"Teka Argentina\" \/>\n<meta name=\"twitter:card\" content=\"summary_large_image\" \/>\n<script type=\"application\/ld+json\" class=\"yoast-schema-graph\">{\"@context\":\"https:\/\/schema.org\",\"@graph\":[{\"@type\":\"WebPage\",\"@id\":\"https:\/\/www.teka.com\/es-ar\/producto\/space-izf-6420_10210180\/\",\"url\":\"https:\/\/www.teka.com\/es-ar\/producto\/space-izf-6420_10210180\/\",\"name\":\"Placa Inducci\u00f3n IZF 6420 | Teka Argentina\",\"isPartOf\":{\"@id\":\"https:\/\/www.teka.com\/es-ar\/#website\"},\"datePublished\":\"2026-04-05T01:49:45+00:00\",\"description\":\"Toda la informaci\u00f3n sobre la Placa de inducci\u00f3n Flex de 5 zonas con Touch Control Multislider en 60 cm IZF 6420 en la web oficial de Teka Argentina\",\"inLanguage\":\"es\",\"potentialAction\":[{\"@type\":\"ReadAction\",\"target\":[\"https:\/\/www.teka.com\/es-ar\/producto\/space-izf-6420_10210180\/\"]}]},{\"@type\":\"WebSite\",\"@id\":\"https:\/\/www.teka.com\/es-ar\/#website\",\"url\":\"https:\/\/www.teka.com\/es-ar\/\",\"name\":\"Teka Argentina\",\"description\":\"\",\"publisher\":{\"@id\":\"https:\/\/www.teka.com\/es-ar\/#organization\"},\"potentialAction\":[{\"@type\":\"SearchAction\",\"target\":{\"@type\":\"EntryPoint\",\"urlTemplate\":\"https:\/\/www.teka.com\/es-ar\/?s={search_term_string}\"},\"query-input\":{\"@type\":\"PropertyValueSpecification\",\"valueRequired\":true,\"valueName\":\"search_term_string\"}}],\"inLanguage\":\"es\"},{\"@type\":\"Organization\",\"@id\":\"https:\/\/www.teka.com\/es-ar\/#organization\",\"name\":\"Teka Argentina\",\"url\":\"https:\/\/www.teka.com\/es-ar\/\",\"logo\":{\"@type\":\"ImageObject\",\"inLanguage\":\"es\",\"@id\":\"https:\/\/www.teka.com\/es-ar\/#\/schema\/logo\/image\/\",\"url\":\"https:\/\/www.teka.com\/es-ar\/wp-content\/uploads\/sites\/53\/2018\/10\/404-teka.png\",\"contentUrl\":\"https:\/\/www.teka.com\/es-ar\/wp-content\/uploads\/sites\/53\/2018\/10\/404-teka.png\",\"width\":200,\"height\":200,\"caption\":\"Teka Argentina\"},\"image\":{\"@id\":\"https:\/\/www.teka.com\/es-ar\/#\/schema\/logo\/image\/\"}}]}<\/script>\n<!-- \/ Yoast SEO plugin. -->","yoast_head_json":{"title":"Placa Inducci\u00f3n IZF 6420 | Teka Argentina","description":"Toda la informaci\u00f3n sobre la Placa de inducci\u00f3n Flex de 5 zonas con Touch Control Multislider en 60 cm IZF 6420 en la web oficial de Teka Argentina","robots":{"index":"index","follow":"follow","max-snippet":"max-snippet:-1","max-image-preview":"max-image-preview:large","max-video-preview":"max-video-preview:-1"},"canonical":"https:\/\/www.teka.com\/es-ar\/producto\/space-izf-6420_10210180\/","og_locale":"es_ES","og_type":"article","og_title":"Placa Inducci\u00f3n IZF 6420 | Teka Argentina","og_description":"Toda la informaci\u00f3n sobre la Placa de inducci\u00f3n Flex de 5 zonas con Touch Control Multislider en 60 cm IZF 6420 en la web oficial de Teka Argentina","og_url":"https:\/\/www.teka.com\/es-ar\/producto\/space-izf-6420_10210180\/","og_site_name":"Teka Argentina","twitter_card":"summary_large_image","schema":{"@context":"https:\/\/schema.org","@graph":[{"@type":"WebPage","@id":"https:\/\/www.teka.com\/es-ar\/producto\/space-izf-6420_10210180\/","url":"https:\/\/www.teka.com\/es-ar\/producto\/space-izf-6420_10210180\/","name":"Placa Inducci\u00f3n IZF 6420 | Teka Argentina","isPartOf":{"@id":"https:\/\/www.teka.com\/es-ar\/#website"},"datePublished":"2026-04-05T01:49:45+00:00","description":"Toda la informaci\u00f3n sobre la Placa de inducci\u00f3n Flex de 5 zonas con Touch Control Multislider en 60 cm IZF 6420 en la web oficial de Teka Argentina","inLanguage":"es","potentialAction":[{"@type":"ReadAction","target":["https:\/\/www.teka.com\/es-ar\/producto\/space-izf-6420_10210180\/"]}]},{"@type":"WebSite","@id":"https:\/\/www.teka.com\/es-ar\/#website","url":"https:\/\/www.teka.com\/es-ar\/","name":"Teka Argentina","description":"","publisher":{"@id":"https:\/\/www.teka.com\/es-ar\/#organization"},"potentialAction":[{"@type":"SearchAction","target":{"@type":"EntryPoint","urlTemplate":"https:\/\/www.teka.com\/es-ar\/?s={search_term_string}"},"query-input":{"@type":"PropertyValueSpecification","valueRequired":true,"valueName":"search_term_string"}}],"inLanguage":"es"},{"@type":"Organization","@id":"https:\/\/www.teka.com\/es-ar\/#organization","name":"Teka Argentina","url":"https:\/\/www.teka.com\/es-ar\/","logo":{"@type":"ImageObject","inLanguage":"es","@id":"https:\/\/www.teka.com\/es-ar\/#\/schema\/logo\/image\/","url":"https:\/\/www.teka.com\/es-ar\/wp-content\/uploads\/sites\/53\/2018\/10\/404-teka.png","contentUrl":"https:\/\/www.teka.com\/es-ar\/wp-content\/uploads\/sites\/53\/2018\/10\/404-teka.png","width":200,"height":200,"caption":"Teka Argentina"},"image":{"@id":"https:\/\/www.teka.com\/es-ar\/#\/schema\/logo\/image\/"}}]}},"_links":{"self":[{"href":"https:\/\/www.teka.com\/es-ar\/wp-json\/wp\/v2\/product\/65132","targetHints":{"allow":["GET"]}}],"collection":[{"href":"https:\/\/www.teka.com\/es-ar\/wp-json\/wp\/v2\/product"}],"about":[{"href":"https:\/\/www.teka.com\/es-ar\/wp-json\/wp\/v2\/types\/product"}],"wp:attachment":[{"href":"https:\/\/www.teka.com\/es-ar\/wp-json\/wp\/v2\/media?parent=65132"}],"wp:term":[{"taxonomy":"product_cat","embeddable":true,"href":"https:\/\/www.teka.com\/es-ar\/wp-json\/wp\/v2\/product_cat?post=65132"},{"taxonomy":"product_cleaning_system","embeddable":true,"href":"https:\/\/www.teka.com\/es-ar\/wp-json\/wp\/v2\/product_cleaning_system?post=65132"},{"taxonomy":"product_3rd_basket","embeddable":true,"href":"https:\/\/www.teka.com\/es-ar\/wp-json\/wp\/v2\/product_3rd_basket?post=65132"},{"taxonomy":"product_drawers","embeddable":true,"href":"https:\/\/www.teka.com\/es-ar\/wp-json\/wp\/v2\/product_drawers?post=65132"},{"taxonomy":"product_type_of_installation","embeddable":true,"href":"https:\/\/www.teka.com\/es-ar\/wp-json\/wp\/v2\/product_type_of_installation?post=65132"},{"taxonomy":"product_edition","embeddable":true,"href":"https:\/\/www.teka.com\/es-ar\/wp-json\/wp\/v2\/product_edition?post=65132"},{"taxonomy":"product_serie","embeddable":true,"href":"https:\/\/www.teka.com\/es-ar\/wp-json\/wp\/v2\/product_serie?post=65132"},{"taxonomy":"product_features","embeddable":true,"href":"https:\/\/www.teka.com\/es-ar\/wp-json\/wp\/v2\/product_features?post=65132"},{"taxonomy":"finishes","embeddable":true,"href":"https:\/\/www.teka.com\/es-ar\/wp-json\/wp\/v2\/finishes?post=65132"},{"taxonomy":"product_bundles","embeddable":true,"href":"https:\/\/www.teka.com\/es-ar\/wp-json\/wp\/v2\/product_bundles?post=65132"},{"taxonomy":"product_energy_efficiency","embeddable":true,"href":"https:\/\/www.teka.com\/es-ar\/wp-json\/wp\/v2\/product_energy_efficiency?post=65132"},{"taxonomy":"product_video_training","embeddable":true,"href":"https:\/\/www.teka.com\/es-ar\/wp-json\/wp\/v2\/product_video_training?post=65132"}],"curies":[{"name":"wp","href":"https:\/\/api.w.org\/{rel}","templated":true}]}}