{"id":65151,"date":"2026-05-02T22:24:00","date_gmt":"2026-05-02T22:24:00","guid":{"rendered":"https:\/\/www.teka.com\/es-ar\/producto\/hld-45-15_41595025\/"},"modified":"2026-05-02T08:05:32","modified_gmt":"2026-05-02T09:05:32","slug":"hld-45-15_41595025","status":"publish","type":"product","link":"https:\/\/www.teka.com\/es-ar\/producto\/hld-45-15_41595025\/","title":{"rendered":"DoubleCook HLD 45.15"},"content":{"rendered":"<ul>\n<li>5+4 Versiones de funcionamiento<\/li>\n<li>Capacidad: 38 + 18 Litros (2 Cavidades)<\/li>\n<li>Programador Touch Control<\/li>\n<li>2\u00b0 Cavidad extraible<\/li>\n<li>4 Alturas de cocinado (superior)<\/li>\n<\/ul>\n","protected":false},"featured_media":0,"parent":0,"template":"","product_cat":[3926],"product_cleaning_system":[3162],"product_3rd_basket":[],"product_drawers":[],"product_type_of_installation":[59084],"product_edition":[],"product_serie":[],"product_features":[],"finishes":[],"product_bundles":[],"product_energy_efficiency":[59646],"product_video_training":[59713,59717,59723,59737,59890],"class_list":["post-65151","product","type-product","status-publish","hentry","product_cat-hornos","usp-ovens-12","usp-renewableenergy-01","usp-doublecook-02","usp-doublecook-03","usp-doublecook-04","color-cristal-negro-con-marco","product_type_of_appliance-multifuncion","product_icons-38l","product_icons-hydroclean","product_cleaning_system-hydroclean","product_type_of_installation-integrable","product_energy_efficiency-a-icon","product_video_training-trainingovens-01","product_video_training-trainingovens-02","product_video_training-trainingovens-05","product_video_training-trainingovens-12","product_video_training-trainingovens-22"],"acf":[],"yoast_head":"<!-- This site is optimized with the Yoast SEO plugin v27.5 - https:\/\/yoast.com\/product\/yoast-seo-wordpress\/ -->\n<title>Horno DoubleCook HLD 45.15 Multifunci\u00f3n 60 cm Cristal Negro | Teka Argentina<\/title>\n<meta name=\"description\" content=\"Toda la informaci\u00f3n sobre el Horno DoubleCook HLD 45.15 Multifunci\u00f3n Cristal Negro 60 cm en la web oficial de Teka Argentina\" \/>\n<meta name=\"robots\" content=\"index, follow, max-snippet:-1, max-image-preview:large, max-video-preview:-1\" \/>\n<link rel=\"canonical\" href=\"https:\/\/www.teka.com\/es-ar\/producto\/hld-45-15_41595025\/\" \/>\n<meta property=\"og:locale\" content=\"es_ES\" \/>\n<meta property=\"og:type\" content=\"article\" \/>\n<meta property=\"og:title\" content=\"Horno DoubleCook HLD 45.15 Multifunci\u00f3n 60 cm Cristal Negro | Teka Argentina\" \/>\n<meta property=\"og:description\" content=\"Toda la informaci\u00f3n sobre el Horno DoubleCook HLD 45.15 Multifunci\u00f3n Cristal Negro 60 cm en la web oficial de Teka Argentina\" \/>\n<meta property=\"og:url\" content=\"https:\/\/www.teka.com\/es-ar\/producto\/hld-45-15_41595025\/\" \/>\n<meta property=\"og:site_name\" content=\"Teka Argentina\" \/>\n<meta name=\"twitter:card\" content=\"summary_large_image\" \/>\n<script type=\"application\/ld+json\" class=\"yoast-schema-graph\">{\"@context\":\"https:\\\/\\\/schema.org\",\"@graph\":[{\"@type\":\"WebPage\",\"@id\":\"https:\\\/\\\/www.teka.com\\\/es-ar\\\/producto\\\/hld-45-15_41595025\\\/\",\"url\":\"https:\\\/\\\/www.teka.com\\\/es-ar\\\/producto\\\/hld-45-15_41595025\\\/\",\"name\":\"Horno DoubleCook HLD 45.15 Multifunci\u00f3n 60 cm Cristal Negro | Teka Argentina\",\"isPartOf\":{\"@id\":\"https:\\\/\\\/www.teka.com\\\/es-ar\\\/#website\"},\"datePublished\":\"2026-05-02T22:24:00+00:00\",\"description\":\"Toda la informaci\u00f3n sobre el Horno DoubleCook HLD 45.15 Multifunci\u00f3n Cristal Negro 60 cm en la web oficial de Teka Argentina\",\"inLanguage\":\"es\",\"potentialAction\":[{\"@type\":\"ReadAction\",\"target\":[\"https:\\\/\\\/www.teka.com\\\/es-ar\\\/producto\\\/hld-45-15_41595025\\\/\"]}]},{\"@type\":\"WebSite\",\"@id\":\"https:\\\/\\\/www.teka.com\\\/es-ar\\\/#website\",\"url\":\"https:\\\/\\\/www.teka.com\\\/es-ar\\\/\",\"name\":\"Teka Argentina\",\"description\":\"\",\"publisher\":{\"@id\":\"https:\\\/\\\/www.teka.com\\\/es-ar\\\/#organization\"},\"potentialAction\":[{\"@type\":\"SearchAction\",\"target\":{\"@type\":\"EntryPoint\",\"urlTemplate\":\"https:\\\/\\\/www.teka.com\\\/es-ar\\\/?s={search_term_string}\"},\"query-input\":{\"@type\":\"PropertyValueSpecification\",\"valueRequired\":true,\"valueName\":\"search_term_string\"}}],\"inLanguage\":\"es\"},{\"@type\":\"Organization\",\"@id\":\"https:\\\/\\\/www.teka.com\\\/es-ar\\\/#organization\",\"name\":\"Teka Argentina\",\"url\":\"https:\\\/\\\/www.teka.com\\\/es-ar\\\/\",\"logo\":{\"@type\":\"ImageObject\",\"inLanguage\":\"es\",\"@id\":\"https:\\\/\\\/www.teka.com\\\/es-ar\\\/#\\\/schema\\\/logo\\\/image\\\/\",\"url\":\"https:\\\/\\\/www.teka.com\\\/es-ar\\\/wp-content\\\/uploads\\\/sites\\\/53\\\/2018\\\/10\\\/404-teka.png\",\"contentUrl\":\"https:\\\/\\\/www.teka.com\\\/es-ar\\\/wp-content\\\/uploads\\\/sites\\\/53\\\/2018\\\/10\\\/404-teka.png\",\"width\":200,\"height\":200,\"caption\":\"Teka Argentina\"},\"image\":{\"@id\":\"https:\\\/\\\/www.teka.com\\\/es-ar\\\/#\\\/schema\\\/logo\\\/image\\\/\"}}]}<\/script>\n<!-- \/ Yoast SEO plugin. -->","yoast_head_json":{"title":"Horno DoubleCook HLD 45.15 Multifunci\u00f3n 60 cm Cristal Negro | Teka Argentina","description":"Toda la informaci\u00f3n sobre el Horno DoubleCook HLD 45.15 Multifunci\u00f3n Cristal Negro 60 cm en la web oficial de Teka Argentina","robots":{"index":"index","follow":"follow","max-snippet":"max-snippet:-1","max-image-preview":"max-image-preview:large","max-video-preview":"max-video-preview:-1"},"canonical":"https:\/\/www.teka.com\/es-ar\/producto\/hld-45-15_41595025\/","og_locale":"es_ES","og_type":"article","og_title":"Horno DoubleCook HLD 45.15 Multifunci\u00f3n 60 cm Cristal Negro | Teka Argentina","og_description":"Toda la informaci\u00f3n sobre el Horno DoubleCook HLD 45.15 Multifunci\u00f3n Cristal Negro 60 cm en la web oficial de Teka Argentina","og_url":"https:\/\/www.teka.com\/es-ar\/producto\/hld-45-15_41595025\/","og_site_name":"Teka Argentina","twitter_card":"summary_large_image","schema":{"@context":"https:\/\/schema.org","@graph":[{"@type":"WebPage","@id":"https:\/\/www.teka.com\/es-ar\/producto\/hld-45-15_41595025\/","url":"https:\/\/www.teka.com\/es-ar\/producto\/hld-45-15_41595025\/","name":"Horno DoubleCook HLD 45.15 Multifunci\u00f3n 60 cm Cristal Negro | Teka Argentina","isPartOf":{"@id":"https:\/\/www.teka.com\/es-ar\/#website"},"datePublished":"2026-05-02T22:24:00+00:00","description":"Toda la informaci\u00f3n sobre el Horno DoubleCook HLD 45.15 Multifunci\u00f3n Cristal Negro 60 cm en la web oficial de Teka Argentina","inLanguage":"es","potentialAction":[{"@type":"ReadAction","target":["https:\/\/www.teka.com\/es-ar\/producto\/hld-45-15_41595025\/"]}]},{"@type":"WebSite","@id":"https:\/\/www.teka.com\/es-ar\/#website","url":"https:\/\/www.teka.com\/es-ar\/","name":"Teka Argentina","description":"","publisher":{"@id":"https:\/\/www.teka.com\/es-ar\/#organization"},"potentialAction":[{"@type":"SearchAction","target":{"@type":"EntryPoint","urlTemplate":"https:\/\/www.teka.com\/es-ar\/?s={search_term_string}"},"query-input":{"@type":"PropertyValueSpecification","valueRequired":true,"valueName":"search_term_string"}}],"inLanguage":"es"},{"@type":"Organization","@id":"https:\/\/www.teka.com\/es-ar\/#organization","name":"Teka Argentina","url":"https:\/\/www.teka.com\/es-ar\/","logo":{"@type":"ImageObject","inLanguage":"es","@id":"https:\/\/www.teka.com\/es-ar\/#\/schema\/logo\/image\/","url":"https:\/\/www.teka.com\/es-ar\/wp-content\/uploads\/sites\/53\/2018\/10\/404-teka.png","contentUrl":"https:\/\/www.teka.com\/es-ar\/wp-content\/uploads\/sites\/53\/2018\/10\/404-teka.png","width":200,"height":200,"caption":"Teka Argentina"},"image":{"@id":"https:\/\/www.teka.com\/es-ar\/#\/schema\/logo\/image\/"}}]}},"_links":{"self":[{"href":"https:\/\/www.teka.com\/es-ar\/wp-json\/wp\/v2\/product\/65151","targetHints":{"allow":["GET"]}}],"collection":[{"href":"https:\/\/www.teka.com\/es-ar\/wp-json\/wp\/v2\/product"}],"about":[{"href":"https:\/\/www.teka.com\/es-ar\/wp-json\/wp\/v2\/types\/product"}],"wp:attachment":[{"href":"https:\/\/www.teka.com\/es-ar\/wp-json\/wp\/v2\/media?parent=65151"}],"wp:term":[{"taxonomy":"product_cat","embeddable":true,"href":"https:\/\/www.teka.com\/es-ar\/wp-json\/wp\/v2\/product_cat?post=65151"},{"taxonomy":"product_cleaning_system","embeddable":true,"href":"https:\/\/www.teka.com\/es-ar\/wp-json\/wp\/v2\/product_cleaning_system?post=65151"},{"taxonomy":"product_3rd_basket","embeddable":true,"href":"https:\/\/www.teka.com\/es-ar\/wp-json\/wp\/v2\/product_3rd_basket?post=65151"},{"taxonomy":"product_drawers","embeddable":true,"href":"https:\/\/www.teka.com\/es-ar\/wp-json\/wp\/v2\/product_drawers?post=65151"},{"taxonomy":"product_type_of_installation","embeddable":true,"href":"https:\/\/www.teka.com\/es-ar\/wp-json\/wp\/v2\/product_type_of_installation?post=65151"},{"taxonomy":"product_edition","embeddable":true,"href":"https:\/\/www.teka.com\/es-ar\/wp-json\/wp\/v2\/product_edition?post=65151"},{"taxonomy":"product_serie","embeddable":true,"href":"https:\/\/www.teka.com\/es-ar\/wp-json\/wp\/v2\/product_serie?post=65151"},{"taxonomy":"product_features","embeddable":true,"href":"https:\/\/www.teka.com\/es-ar\/wp-json\/wp\/v2\/product_features?post=65151"},{"taxonomy":"finishes","embeddable":true,"href":"https:\/\/www.teka.com\/es-ar\/wp-json\/wp\/v2\/finishes?post=65151"},{"taxonomy":"product_bundles","embeddable":true,"href":"https:\/\/www.teka.com\/es-ar\/wp-json\/wp\/v2\/product_bundles?post=65151"},{"taxonomy":"product_energy_efficiency","embeddable":true,"href":"https:\/\/www.teka.com\/es-ar\/wp-json\/wp\/v2\/product_energy_efficiency?post=65151"},{"taxonomy":"product_video_training","embeddable":true,"href":"https:\/\/www.teka.com\/es-ar\/wp-json\/wp\/v2\/product_video_training?post=65151"}],"curies":[{"name":"wp","href":"https:\/\/api.w.org\/{rel}","templated":true}]}}