{"id":23564,"date":"2018-09-24T15:55:57","date_gmt":"2018-09-24T13:55:57","guid":{"rendered":"http:\/\/teka.com\/?page_id=23564"},"modified":"2019-06-12T13:38:48","modified_gmt":"2019-06-12T11:38:48","slug":"condiciones-garantia","status":"publish","type":"page","link":"https:\/\/www.teka.com\/es-bo\/soporte\/condiciones-garantia\/","title":{"rendered":"Condiciones de garant\u00eda"},"content":{"rendered":"<p>[et_pb_section bb_built=\u00bb1&#8243; _builder_version=\u00bb3.14&#8243; module_id=\u00bblegal-container\u00bb][et_pb_row _builder_version=\u00bb3.14&#8243;][et_pb_column type=\u00bb4_4&#8243;][et_pb_text _builder_version=\u00bb3.14&#8243;]<\/p>\n<h1>Condiciones de <strong>garant\u00eda<\/strong><\/h1>\n<p>[\/et_pb_text][et_pb_text _builder_version=\u00bb3.19&#8243;]<\/p>\n<p>Teka Chile, S.A. garantiza este artefacto por el plazo de 36 meses desde la fecha de la factura de compra, contra todo defecto de fabricaci\u00f3n, comprometi\u00e9ndose a reponer cualquier pieza defectuosa hasta conseguir el funcionamiento correcto del aparato.<br \/>\nNo son objeto de esta garant\u00eda, las ampolletas, cristales, pl\u00e1sticos y esmaltes que hayan sufrido golpes, as\u00ed como las aver\u00edas producidas por el mal<br \/>\nuso del producto, instalaciones que no se hayan realizado acorde a lo indicado en el manual de instrucciones del aparato o por la manipulaci\u00f3n de<br \/>\npersonas no autorizadas.<br \/>\nEste artefacto fue dise\u00f1ado para ser reparado en domicilio, de tal manera que las reparaciones cubiertas bajo esta garant\u00eda deber\u00e1n hacerse a trav\u00e9s<br \/>\nde los talleres autorizados de Teka Chile, S.A., en el sitio donde est\u00e9 instalado el artefacto, debiendo otorgarse las facilidades para la reparaci\u00f3n del<br \/>\nproducto. En caso que no se den estas facilidades, esta garant\u00eda no podr\u00e1 ser ejercida.<br \/>\nLos costos de recogida, transporte y entyrega del producto, ser\u00e1n responsabilidad del mismo cuando hayan sido solicitadas por su due\u00f1o.<br \/>\nToda la garant\u00eda a que se refiere el presente certificado pierde su validez si el artefacto no es utilizado dom\u00e9sticamente.<br \/>\nTeka Chile, S.A., queda expresamente excluido de cualquier responsabilidad sobre eventuales da\u00f1os directos o indirectos a personas o cosas por<br \/>\naver\u00edas o defectos del aparato producidos por manipulaci\u00f3n indebida o por haberse usado de manera contraria a lo indicado en el manual de instrucciones del aparato.<br \/>\nPara hacer efectiva la garant\u00eda indicada en este certificado, el due\u00f1o deber\u00e1 presentar este certificado y su correspondiente factura, boleta o acta de<br \/>\nentrega suministrada por la constructora, seg\u00fan corresponda, al t\u00e9cnico del taller autorizado de Teka Chile, S.A. antes de efectuar cualquier reparaci\u00f3n,<br \/>\neste certificado y las garant\u00edas otorgadas, caducar\u00e1n autom\u00e1ticamente, si los n\u00fameros de modelo o serie, tanto en el artefacto como en esta garant\u00eda,<br \/>\nas\u00ed como los datos de la factura o del documento de compra del artefacto fueran alterados, mutilados y\/o eliminados.<br \/>\nTodo personal t\u00e9cnico de los talleres autorizados de Teka Chile, S.A., llevar\u00e1 una credencial que les identificar\u00e1, expedida por Teka Chile, S.A. por<br \/>\nfavor, ex\u00edjala.<br \/>\nPara obtener los servicios de garant\u00eda, comun\u00edquese con el taller autorizado m\u00e1s cercano a su hogar o llame al call center 600 360 0330.<\/p>\n<p>[\/et_pb_text][\/et_pb_column][\/et_pb_row][\/et_pb_section]<\/p>\n","protected":false},"excerpt":{"rendered":"<p>Condiciones de garant\u00eda Teka Chile, S.A. garantiza este artefacto por el plazo de 36 meses desde la fecha de la factura de compra, contra todo defecto de fabricaci\u00f3n, comprometi\u00e9ndose a reponer cualquier pieza defectuosa hasta conseguir el funcionamiento correcto del aparato. No son objeto de esta garant\u00eda, las ampolletas, cristales, pl\u00e1sticos y esmaltes que hayan [&hellip;]<\/p>\n","protected":false},"author":9,"featured_media":0,"parent":5193,"menu_order":0,"comment_status":"closed","ping_status":"closed","template":"","meta":{"_acf_changed":false,"_et_pb_use_builder":"on","_et_pb_old_content":"","_et_gb_content_width":"","footnotes":""},"class_list":["post-23564","page","type-page","status-publish","hentry"],"acf":[],"yoast_head":"<!-- This site is optimized with the Yoast SEO plugin v27.2 - https:\/\/yoast.com\/product\/yoast-seo-wordpress\/ -->\n<title>Teka Bolivia | Consulta las condiciones de garantia<\/title>\n<meta name=\"robots\" content=\"index, follow, max-snippet:-1, max-image-preview:large, max-video-preview:-1\" \/>\n<link rel=\"canonical\" href=\"https:\/\/www.teka.com\/es-bo\/soporte\/condiciones-garantia\/\" \/>\n<meta property=\"og:locale\" content=\"es_ES\" \/>\n<meta property=\"og:type\" content=\"article\" \/>\n<meta property=\"og:title\" content=\"Teka Bolivia | Consulta las condiciones de garantia\" \/>\n<meta property=\"og:description\" content=\"Condiciones de garant\u00eda Teka Chile, S.A. garantiza este artefacto por el plazo de 36 meses desde la fecha de la factura de compra, contra todo defecto de fabricaci\u00f3n, comprometi\u00e9ndose a reponer cualquier pieza defectuosa hasta conseguir el funcionamiento correcto del aparato. No son objeto de esta garant\u00eda, las ampolletas, cristales, pl\u00e1sticos y esmaltes que hayan [&hellip;]\" \/>\n<meta property=\"og:url\" content=\"https:\/\/www.teka.com\/es-bo\/soporte\/condiciones-garantia\/\" \/>\n<meta property=\"og:site_name\" content=\"Teka Bolivia\" \/>\n<meta property=\"article:modified_time\" content=\"2019-06-12T11:38:48+00:00\" \/>\n<meta name=\"twitter:card\" content=\"summary_large_image\" \/>\n<meta name=\"twitter:label1\" content=\"Tiempo de lectura\" \/>\n\t<meta name=\"twitter:data1\" content=\"2 minutos\" \/>\n<script type=\"application\/ld+json\" class=\"yoast-schema-graph\">{\"@context\":\"https:\/\/schema.org\",\"@graph\":[{\"@type\":\"WebPage\",\"@id\":\"https:\/\/www.teka.com\/es-bo\/soporte\/condiciones-garantia\/\",\"url\":\"https:\/\/www.teka.com\/es-bo\/soporte\/condiciones-garantia\/\",\"name\":\"Teka Bolivia | Consulta las condiciones de garantia\",\"isPartOf\":{\"@id\":\"https:\/\/www.teka.com\/es-bo\/#website\"},\"datePublished\":\"2018-09-24T13:55:57+00:00\",\"dateModified\":\"2019-06-12T11:38:48+00:00\",\"breadcrumb\":{\"@id\":\"https:\/\/www.teka.com\/es-bo\/soporte\/condiciones-garantia\/#breadcrumb\"},\"inLanguage\":\"es\",\"potentialAction\":[{\"@type\":\"ReadAction\",\"target\":[\"https:\/\/www.teka.com\/es-bo\/soporte\/condiciones-garantia\/\"]}]},{\"@type\":\"BreadcrumbList\",\"@id\":\"https:\/\/www.teka.com\/es-bo\/soporte\/condiciones-garantia\/#breadcrumb\",\"itemListElement\":[{\"@type\":\"ListItem\",\"position\":1,\"name\":\"Soporte\",\"item\":\"https:\/\/www.teka.com\/es-bo\/soporte\/\"},{\"@type\":\"ListItem\",\"position\":2,\"name\":\"Condiciones de garant\u00eda\"}]},{\"@type\":\"WebSite\",\"@id\":\"https:\/\/www.teka.com\/es-bo\/#website\",\"url\":\"https:\/\/www.teka.com\/es-bo\/\",\"name\":\"Teka Bolivia\",\"description\":\"\",\"publisher\":{\"@id\":\"https:\/\/www.teka.com\/es-bo\/#organization\"},\"potentialAction\":[{\"@type\":\"SearchAction\",\"target\":{\"@type\":\"EntryPoint\",\"urlTemplate\":\"https:\/\/www.teka.com\/es-bo\/?s={search_term_string}\"},\"query-input\":{\"@type\":\"PropertyValueSpecification\",\"valueRequired\":true,\"valueName\":\"search_term_string\"}}],\"inLanguage\":\"es\"},{\"@type\":\"Organization\",\"@id\":\"https:\/\/www.teka.com\/es-bo\/#organization\",\"name\":\"Teka Bolivia\",\"url\":\"https:\/\/www.teka.com\/es-bo\/\",\"logo\":{\"@type\":\"ImageObject\",\"inLanguage\":\"es\",\"@id\":\"https:\/\/www.teka.com\/es-bo\/#\/schema\/logo\/image\/\",\"url\":\"https:\/\/www.teka.com\/es-bo\/wp-content\/uploads\/sites\/55\/2018\/10\/404-teka.png\",\"contentUrl\":\"https:\/\/www.teka.com\/es-bo\/wp-content\/uploads\/sites\/55\/2018\/10\/404-teka.png\",\"width\":200,\"height\":200,\"caption\":\"Teka Bolivia\"},\"image\":{\"@id\":\"https:\/\/www.teka.com\/es-bo\/#\/schema\/logo\/image\/\"}}]}<\/script>\n<!-- \/ Yoast SEO plugin. -->","yoast_head_json":{"title":"Teka Bolivia | Consulta las condiciones de garantia","robots":{"index":"index","follow":"follow","max-snippet":"max-snippet:-1","max-image-preview":"max-image-preview:large","max-video-preview":"max-video-preview:-1"},"canonical":"https:\/\/www.teka.com\/es-bo\/soporte\/condiciones-garantia\/","og_locale":"es_ES","og_type":"article","og_title":"Teka Bolivia | Consulta las condiciones de garantia","og_description":"Condiciones de garant\u00eda Teka Chile, S.A. garantiza este artefacto por el plazo de 36 meses desde la fecha de la factura de compra, contra todo defecto de fabricaci\u00f3n, comprometi\u00e9ndose a reponer cualquier pieza defectuosa hasta conseguir el funcionamiento correcto del aparato. No son objeto de esta garant\u00eda, las ampolletas, cristales, pl\u00e1sticos y esmaltes que hayan [&hellip;]","og_url":"https:\/\/www.teka.com\/es-bo\/soporte\/condiciones-garantia\/","og_site_name":"Teka Bolivia","article_modified_time":"2019-06-12T11:38:48+00:00","twitter_card":"summary_large_image","twitter_misc":{"Tiempo de lectura":"2 minutos"},"schema":{"@context":"https:\/\/schema.org","@graph":[{"@type":"WebPage","@id":"https:\/\/www.teka.com\/es-bo\/soporte\/condiciones-garantia\/","url":"https:\/\/www.teka.com\/es-bo\/soporte\/condiciones-garantia\/","name":"Teka Bolivia | Consulta las condiciones de garantia","isPartOf":{"@id":"https:\/\/www.teka.com\/es-bo\/#website"},"datePublished":"2018-09-24T13:55:57+00:00","dateModified":"2019-06-12T11:38:48+00:00","breadcrumb":{"@id":"https:\/\/www.teka.com\/es-bo\/soporte\/condiciones-garantia\/#breadcrumb"},"inLanguage":"es","potentialAction":[{"@type":"ReadAction","target":["https:\/\/www.teka.com\/es-bo\/soporte\/condiciones-garantia\/"]}]},{"@type":"BreadcrumbList","@id":"https:\/\/www.teka.com\/es-bo\/soporte\/condiciones-garantia\/#breadcrumb","itemListElement":[{"@type":"ListItem","position":1,"name":"Soporte","item":"https:\/\/www.teka.com\/es-bo\/soporte\/"},{"@type":"ListItem","position":2,"name":"Condiciones de garant\u00eda"}]},{"@type":"WebSite","@id":"https:\/\/www.teka.com\/es-bo\/#website","url":"https:\/\/www.teka.com\/es-bo\/","name":"Teka Bolivia","description":"","publisher":{"@id":"https:\/\/www.teka.com\/es-bo\/#organization"},"potentialAction":[{"@type":"SearchAction","target":{"@type":"EntryPoint","urlTemplate":"https:\/\/www.teka.com\/es-bo\/?s={search_term_string}"},"query-input":{"@type":"PropertyValueSpecification","valueRequired":true,"valueName":"search_term_string"}}],"inLanguage":"es"},{"@type":"Organization","@id":"https:\/\/www.teka.com\/es-bo\/#organization","name":"Teka Bolivia","url":"https:\/\/www.teka.com\/es-bo\/","logo":{"@type":"ImageObject","inLanguage":"es","@id":"https:\/\/www.teka.com\/es-bo\/#\/schema\/logo\/image\/","url":"https:\/\/www.teka.com\/es-bo\/wp-content\/uploads\/sites\/55\/2018\/10\/404-teka.png","contentUrl":"https:\/\/www.teka.com\/es-bo\/wp-content\/uploads\/sites\/55\/2018\/10\/404-teka.png","width":200,"height":200,"caption":"Teka Bolivia"},"image":{"@id":"https:\/\/www.teka.com\/es-bo\/#\/schema\/logo\/image\/"}}]}},"_links":{"self":[{"href":"https:\/\/www.teka.com\/es-bo\/wp-json\/wp\/v2\/pages\/23564","targetHints":{"allow":["GET"]}}],"collection":[{"href":"https:\/\/www.teka.com\/es-bo\/wp-json\/wp\/v2\/pages"}],"about":[{"href":"https:\/\/www.teka.com\/es-bo\/wp-json\/wp\/v2\/types\/page"}],"author":[{"embeddable":true,"href":"https:\/\/www.teka.com\/es-bo\/wp-json\/wp\/v2\/users\/9"}],"replies":[{"embeddable":true,"href":"https:\/\/www.teka.com\/es-bo\/wp-json\/wp\/v2\/comments?post=23564"}],"version-history":[{"count":7,"href":"https:\/\/www.teka.com\/es-bo\/wp-json\/wp\/v2\/pages\/23564\/revisions"}],"predecessor-version":[{"id":63829,"href":"https:\/\/www.teka.com\/es-bo\/wp-json\/wp\/v2\/pages\/23564\/revisions\/63829"}],"up":[{"embeddable":true,"href":"https:\/\/www.teka.com\/es-bo\/wp-json\/wp\/v2\/pages\/5193"}],"wp:attachment":[{"href":"https:\/\/www.teka.com\/es-bo\/wp-json\/wp\/v2\/media?parent=23564"}],"curies":[{"name":"wp","href":"https:\/\/api.w.org\/{rel}","templated":true}]}}