{"id":63099,"date":"2026-04-07T18:03:34","date_gmt":"2026-04-07T18:03:34","guid":{"rendered":"https:\/\/teka.com\/es-rb\/producto\/_40474252\/"},"modified":"2026-03-14T03:37:35","modified_gmt":"2026-03-14T04:37:35","slug":"tl-6310_40474252","status":"publish","type":"product","link":"https:\/\/www.teka.com\/es-bo\/producto\/tl-6310_40474252\/","title":{"rendered":"TL 6310"},"content":{"rendered":"<ul>\n<li>Capacidad de extracci\u00f3n m\u00e1xima 756 m\u00b3\/h.<\/li>\n<li>Capacidad de extracci\u00f3n Salida Libre 540 m\u00b3\/h.<\/li>\n<li>2 velocidades<\/li>\n<li>L\u00e1mparas hal\u00f3genas<\/li>\n<li>Frente\u00a0negro<\/li>\n<\/ul>\n","protected":false},"featured_media":0,"parent":0,"template":"","product_cat":[59605],"product_cleaning_system":[],"product_3rd_basket":[],"product_drawers":[],"product_type_of_installation":[],"product_edition":[],"product_serie":[],"product_features":[],"finishes":[],"product_bundles":[],"product_energy_efficiency":[60559],"product_video_training":[],"class_list":["post-63099","product","type-product","status-publish","hentry","product_cat-campanas","usp-hoods-tl-01","usp-hoods-tl-02","usp-hoods-tl-04","usp-hoods-tl-03","usp-hoods-tl-05","usp-hoods-tl-06","color-negro","product_type_of_appliance-empotre","product_icons-led","product_energy_efficiency-d-icon"],"acf":[],"yoast_head":"<!-- This site is optimized with the Yoast SEO plugin v27.2 - https:\/\/yoast.com\/product\/yoast-seo-wordpress\/ -->\n<title>Campana Extractora Extra\u00edble 60 cm TL 6310 Negra | Teka Chile<\/title>\n<meta name=\"robots\" content=\"index, follow, max-snippet:-1, max-image-preview:large, max-video-preview:-1\" \/>\n<link rel=\"canonical\" href=\"https:\/\/www.teka.com\/es-bo\/producto\/tl-6310_40474252\/\" \/>\n<meta property=\"og:locale\" content=\"es_ES\" \/>\n<meta property=\"og:type\" content=\"article\" \/>\n<meta property=\"og:title\" content=\"Campana Extractora Extra\u00edble 60 cm TL 6310 Negra | Teka Chile\" \/>\n<meta property=\"og:description\" content=\"Capacidad de extracci\u00f3n m\u00e1xima 756 m\u00b3\/h. Capacidad de extracci\u00f3n Salida Libre 540 m\u00b3\/h. 2 velocidades L\u00e1mparas hal\u00f3genas Frente\u00a0negro\" \/>\n<meta property=\"og:url\" content=\"https:\/\/www.teka.com\/es-bo\/producto\/tl-6310_40474252\/\" \/>\n<meta property=\"og:site_name\" content=\"Teka Bolivia\" \/>\n<meta name=\"twitter:card\" content=\"summary_large_image\" \/>\n<script type=\"application\/ld+json\" class=\"yoast-schema-graph\">{\"@context\":\"https:\/\/schema.org\",\"@graph\":[{\"@type\":\"WebPage\",\"@id\":\"https:\/\/www.teka.com\/es-bo\/producto\/tl-6310_40474252\/\",\"url\":\"https:\/\/www.teka.com\/es-bo\/producto\/tl-6310_40474252\/\",\"name\":\"Campana Extractora Extra\u00edble 60 cm TL 6310 Negra | Teka Chile\",\"isPartOf\":{\"@id\":\"https:\/\/www.teka.com\/es-bo\/#website\"},\"datePublished\":\"2026-04-07T18:03:34+00:00\",\"inLanguage\":\"es\",\"potentialAction\":[{\"@type\":\"ReadAction\",\"target\":[\"https:\/\/www.teka.com\/es-bo\/producto\/tl-6310_40474252\/\"]}]},{\"@type\":\"WebSite\",\"@id\":\"https:\/\/www.teka.com\/es-bo\/#website\",\"url\":\"https:\/\/www.teka.com\/es-bo\/\",\"name\":\"Teka Bolivia\",\"description\":\"\",\"publisher\":{\"@id\":\"https:\/\/www.teka.com\/es-bo\/#organization\"},\"potentialAction\":[{\"@type\":\"SearchAction\",\"target\":{\"@type\":\"EntryPoint\",\"urlTemplate\":\"https:\/\/www.teka.com\/es-bo\/?s={search_term_string}\"},\"query-input\":{\"@type\":\"PropertyValueSpecification\",\"valueRequired\":true,\"valueName\":\"search_term_string\"}}],\"inLanguage\":\"es\"},{\"@type\":\"Organization\",\"@id\":\"https:\/\/www.teka.com\/es-bo\/#organization\",\"name\":\"Teka Bolivia\",\"url\":\"https:\/\/www.teka.com\/es-bo\/\",\"logo\":{\"@type\":\"ImageObject\",\"inLanguage\":\"es\",\"@id\":\"https:\/\/www.teka.com\/es-bo\/#\/schema\/logo\/image\/\",\"url\":\"https:\/\/www.teka.com\/es-bo\/wp-content\/uploads\/sites\/55\/2018\/10\/404-teka.png\",\"contentUrl\":\"https:\/\/www.teka.com\/es-bo\/wp-content\/uploads\/sites\/55\/2018\/10\/404-teka.png\",\"width\":200,\"height\":200,\"caption\":\"Teka Bolivia\"},\"image\":{\"@id\":\"https:\/\/www.teka.com\/es-bo\/#\/schema\/logo\/image\/\"}}]}<\/script>\n<!-- \/ Yoast SEO plugin. -->","yoast_head_json":{"title":"Campana Extractora Extra\u00edble 60 cm TL 6310 Negra | Teka Chile","robots":{"index":"index","follow":"follow","max-snippet":"max-snippet:-1","max-image-preview":"max-image-preview:large","max-video-preview":"max-video-preview:-1"},"canonical":"https:\/\/www.teka.com\/es-bo\/producto\/tl-6310_40474252\/","og_locale":"es_ES","og_type":"article","og_title":"Campana Extractora Extra\u00edble 60 cm TL 6310 Negra | Teka Chile","og_description":"Capacidad de extracci\u00f3n m\u00e1xima 756 m\u00b3\/h. Capacidad de extracci\u00f3n Salida Libre 540 m\u00b3\/h. 2 velocidades L\u00e1mparas hal\u00f3genas Frente\u00a0negro","og_url":"https:\/\/www.teka.com\/es-bo\/producto\/tl-6310_40474252\/","og_site_name":"Teka Bolivia","twitter_card":"summary_large_image","schema":{"@context":"https:\/\/schema.org","@graph":[{"@type":"WebPage","@id":"https:\/\/www.teka.com\/es-bo\/producto\/tl-6310_40474252\/","url":"https:\/\/www.teka.com\/es-bo\/producto\/tl-6310_40474252\/","name":"Campana Extractora Extra\u00edble 60 cm TL 6310 Negra | Teka Chile","isPartOf":{"@id":"https:\/\/www.teka.com\/es-bo\/#website"},"datePublished":"2026-04-07T18:03:34+00:00","inLanguage":"es","potentialAction":[{"@type":"ReadAction","target":["https:\/\/www.teka.com\/es-bo\/producto\/tl-6310_40474252\/"]}]},{"@type":"WebSite","@id":"https:\/\/www.teka.com\/es-bo\/#website","url":"https:\/\/www.teka.com\/es-bo\/","name":"Teka Bolivia","description":"","publisher":{"@id":"https:\/\/www.teka.com\/es-bo\/#organization"},"potentialAction":[{"@type":"SearchAction","target":{"@type":"EntryPoint","urlTemplate":"https:\/\/www.teka.com\/es-bo\/?s={search_term_string}"},"query-input":{"@type":"PropertyValueSpecification","valueRequired":true,"valueName":"search_term_string"}}],"inLanguage":"es"},{"@type":"Organization","@id":"https:\/\/www.teka.com\/es-bo\/#organization","name":"Teka Bolivia","url":"https:\/\/www.teka.com\/es-bo\/","logo":{"@type":"ImageObject","inLanguage":"es","@id":"https:\/\/www.teka.com\/es-bo\/#\/schema\/logo\/image\/","url":"https:\/\/www.teka.com\/es-bo\/wp-content\/uploads\/sites\/55\/2018\/10\/404-teka.png","contentUrl":"https:\/\/www.teka.com\/es-bo\/wp-content\/uploads\/sites\/55\/2018\/10\/404-teka.png","width":200,"height":200,"caption":"Teka Bolivia"},"image":{"@id":"https:\/\/www.teka.com\/es-bo\/#\/schema\/logo\/image\/"}}]}},"_links":{"self":[{"href":"https:\/\/www.teka.com\/es-bo\/wp-json\/wp\/v2\/product\/63099","targetHints":{"allow":["GET"]}}],"collection":[{"href":"https:\/\/www.teka.com\/es-bo\/wp-json\/wp\/v2\/product"}],"about":[{"href":"https:\/\/www.teka.com\/es-bo\/wp-json\/wp\/v2\/types\/product"}],"wp:attachment":[{"href":"https:\/\/www.teka.com\/es-bo\/wp-json\/wp\/v2\/media?parent=63099"}],"wp:term":[{"taxonomy":"product_cat","embeddable":true,"href":"https:\/\/www.teka.com\/es-bo\/wp-json\/wp\/v2\/product_cat?post=63099"},{"taxonomy":"product_cleaning_system","embeddable":true,"href":"https:\/\/www.teka.com\/es-bo\/wp-json\/wp\/v2\/product_cleaning_system?post=63099"},{"taxonomy":"product_3rd_basket","embeddable":true,"href":"https:\/\/www.teka.com\/es-bo\/wp-json\/wp\/v2\/product_3rd_basket?post=63099"},{"taxonomy":"product_drawers","embeddable":true,"href":"https:\/\/www.teka.com\/es-bo\/wp-json\/wp\/v2\/product_drawers?post=63099"},{"taxonomy":"product_type_of_installation","embeddable":true,"href":"https:\/\/www.teka.com\/es-bo\/wp-json\/wp\/v2\/product_type_of_installation?post=63099"},{"taxonomy":"product_edition","embeddable":true,"href":"https:\/\/www.teka.com\/es-bo\/wp-json\/wp\/v2\/product_edition?post=63099"},{"taxonomy":"product_serie","embeddable":true,"href":"https:\/\/www.teka.com\/es-bo\/wp-json\/wp\/v2\/product_serie?post=63099"},{"taxonomy":"product_features","embeddable":true,"href":"https:\/\/www.teka.com\/es-bo\/wp-json\/wp\/v2\/product_features?post=63099"},{"taxonomy":"finishes","embeddable":true,"href":"https:\/\/www.teka.com\/es-bo\/wp-json\/wp\/v2\/finishes?post=63099"},{"taxonomy":"product_bundles","embeddable":true,"href":"https:\/\/www.teka.com\/es-bo\/wp-json\/wp\/v2\/product_bundles?post=63099"},{"taxonomy":"product_energy_efficiency","embeddable":true,"href":"https:\/\/www.teka.com\/es-bo\/wp-json\/wp\/v2\/product_energy_efficiency?post=63099"},{"taxonomy":"product_video_training","embeddable":true,"href":"https:\/\/www.teka.com\/es-bo\/wp-json\/wp\/v2\/product_video_training?post=63099"}],"curies":[{"name":"wp","href":"https:\/\/api.w.org\/{rel}","templated":true}]}}