{"id":67808,"date":"2026-04-07T17:22:00","date_gmt":"2026-04-07T17:22:00","guid":{"rendered":"https:\/\/teka.com\/en-int\/opera-ico-915_116030009"},"modified":"2026-03-14T05:44:57","modified_gmt":"2026-03-14T06:44:57","slug":"opera-ico-915_116030009","status":"publish","type":"product","link":"https:\/\/www.teka.com\/es-bo\/producto\/opera-ico-915_116030009\/","title":{"rendered":"ICO 915"},"content":{"rendered":"<ul>\n<li>Revolucionario concepto de ca\u00f1o abierto<\/li>\n<li>Ca\u00f1o giratorio<\/li>\n<li>5 aireadores anti-calc\u00e1reos integrados en el ca\u00f1o<\/li>\n<li>Latiguillos flexibles de alimentaci\u00f3n de 3\/8\u201d y 1\/2&quot; de alta resistencia<\/li>\n<li>Superficie resistente al uso diario<\/li>\n<\/ul>\n","protected":false},"featured_media":0,"parent":0,"template":"","product_cat":[59603],"product_cleaning_system":[],"product_3rd_basket":[],"product_drawers":[],"product_type_of_installation":[59948],"product_edition":[],"product_serie":[],"product_features":[],"finishes":[],"product_bundles":[],"product_energy_efficiency":[],"product_video_training":[],"class_list":["post-67808","product","type-product","status-publish","hentry","product_cat-griferia-de-cocina","color-cromo","product_type_of_appliance-cano-alto","product_ambient-ambient-11","product_icons-anti-scale_aerator","product_icons-fingerprint-proof","product_icons-pvd","product_icons-swivel_spout","product_type_of_installation-libre-instalacion"],"acf":[],"yoast_head":"<!-- This site is optimized with the Yoast SEO plugin v27.2 - https:\/\/yoast.com\/product\/yoast-seo-wordpress\/ -->\n<title>Grifo de Cocina Monomando ICO 915 | Teka Chile<\/title>\n<meta name=\"description\" content=\"Toda la informaci\u00f3n sobre el Grifo de cocina monomando con ca\u00f1o alto y giratorio con aireador anti-calc\u00e1reo en la web oficial de Teka Chile.\" \/>\n<meta name=\"robots\" content=\"index, follow, max-snippet:-1, max-image-preview:large, max-video-preview:-1\" \/>\n<link rel=\"canonical\" href=\"https:\/\/www.teka.com\/es-bo\/producto\/opera-ico-915_116030009\/\" \/>\n<meta property=\"og:locale\" content=\"es_ES\" \/>\n<meta property=\"og:type\" content=\"article\" \/>\n<meta property=\"og:title\" content=\"Grifo de Cocina Monomando ICO 915 | Teka Chile\" \/>\n<meta property=\"og:description\" content=\"Toda la informaci\u00f3n sobre el Grifo de cocina monomando con ca\u00f1o alto y giratorio con aireador anti-calc\u00e1reo en la web oficial de Teka Chile.\" \/>\n<meta property=\"og:url\" content=\"https:\/\/www.teka.com\/es-bo\/producto\/opera-ico-915_116030009\/\" \/>\n<meta property=\"og:site_name\" content=\"Teka Bolivia\" \/>\n<meta name=\"twitter:card\" content=\"summary_large_image\" \/>\n<script type=\"application\/ld+json\" class=\"yoast-schema-graph\">{\"@context\":\"https:\/\/schema.org\",\"@graph\":[{\"@type\":\"WebPage\",\"@id\":\"https:\/\/www.teka.com\/es-bo\/producto\/opera-ico-915_116030009\/\",\"url\":\"https:\/\/www.teka.com\/es-bo\/producto\/opera-ico-915_116030009\/\",\"name\":\"Grifo de Cocina Monomando ICO 915 | Teka Chile\",\"isPartOf\":{\"@id\":\"https:\/\/www.teka.com\/es-bo\/#website\"},\"datePublished\":\"2026-04-07T17:22:00+00:00\",\"description\":\"Toda la informaci\u00f3n sobre el Grifo de cocina monomando con ca\u00f1o alto y giratorio con aireador anti-calc\u00e1reo en la web oficial de Teka Chile.\",\"inLanguage\":\"es\",\"potentialAction\":[{\"@type\":\"ReadAction\",\"target\":[\"https:\/\/www.teka.com\/es-bo\/producto\/opera-ico-915_116030009\/\"]}]},{\"@type\":\"WebSite\",\"@id\":\"https:\/\/www.teka.com\/es-bo\/#website\",\"url\":\"https:\/\/www.teka.com\/es-bo\/\",\"name\":\"Teka Bolivia\",\"description\":\"\",\"publisher\":{\"@id\":\"https:\/\/www.teka.com\/es-bo\/#organization\"},\"potentialAction\":[{\"@type\":\"SearchAction\",\"target\":{\"@type\":\"EntryPoint\",\"urlTemplate\":\"https:\/\/www.teka.com\/es-bo\/?s={search_term_string}\"},\"query-input\":{\"@type\":\"PropertyValueSpecification\",\"valueRequired\":true,\"valueName\":\"search_term_string\"}}],\"inLanguage\":\"es\"},{\"@type\":\"Organization\",\"@id\":\"https:\/\/www.teka.com\/es-bo\/#organization\",\"name\":\"Teka Bolivia\",\"url\":\"https:\/\/www.teka.com\/es-bo\/\",\"logo\":{\"@type\":\"ImageObject\",\"inLanguage\":\"es\",\"@id\":\"https:\/\/www.teka.com\/es-bo\/#\/schema\/logo\/image\/\",\"url\":\"https:\/\/www.teka.com\/es-bo\/wp-content\/uploads\/sites\/55\/2018\/10\/404-teka.png\",\"contentUrl\":\"https:\/\/www.teka.com\/es-bo\/wp-content\/uploads\/sites\/55\/2018\/10\/404-teka.png\",\"width\":200,\"height\":200,\"caption\":\"Teka Bolivia\"},\"image\":{\"@id\":\"https:\/\/www.teka.com\/es-bo\/#\/schema\/logo\/image\/\"}}]}<\/script>\n<!-- \/ Yoast SEO plugin. -->","yoast_head_json":{"title":"Grifo de Cocina Monomando ICO 915 | Teka Chile","description":"Toda la informaci\u00f3n sobre el Grifo de cocina monomando con ca\u00f1o alto y giratorio con aireador anti-calc\u00e1reo en la web oficial de Teka Chile.","robots":{"index":"index","follow":"follow","max-snippet":"max-snippet:-1","max-image-preview":"max-image-preview:large","max-video-preview":"max-video-preview:-1"},"canonical":"https:\/\/www.teka.com\/es-bo\/producto\/opera-ico-915_116030009\/","og_locale":"es_ES","og_type":"article","og_title":"Grifo de Cocina Monomando ICO 915 | Teka Chile","og_description":"Toda la informaci\u00f3n sobre el Grifo de cocina monomando con ca\u00f1o alto y giratorio con aireador anti-calc\u00e1reo en la web oficial de Teka Chile.","og_url":"https:\/\/www.teka.com\/es-bo\/producto\/opera-ico-915_116030009\/","og_site_name":"Teka Bolivia","twitter_card":"summary_large_image","schema":{"@context":"https:\/\/schema.org","@graph":[{"@type":"WebPage","@id":"https:\/\/www.teka.com\/es-bo\/producto\/opera-ico-915_116030009\/","url":"https:\/\/www.teka.com\/es-bo\/producto\/opera-ico-915_116030009\/","name":"Grifo de Cocina Monomando ICO 915 | Teka Chile","isPartOf":{"@id":"https:\/\/www.teka.com\/es-bo\/#website"},"datePublished":"2026-04-07T17:22:00+00:00","description":"Toda la informaci\u00f3n sobre el Grifo de cocina monomando con ca\u00f1o alto y giratorio con aireador anti-calc\u00e1reo en la web oficial de Teka Chile.","inLanguage":"es","potentialAction":[{"@type":"ReadAction","target":["https:\/\/www.teka.com\/es-bo\/producto\/opera-ico-915_116030009\/"]}]},{"@type":"WebSite","@id":"https:\/\/www.teka.com\/es-bo\/#website","url":"https:\/\/www.teka.com\/es-bo\/","name":"Teka Bolivia","description":"","publisher":{"@id":"https:\/\/www.teka.com\/es-bo\/#organization"},"potentialAction":[{"@type":"SearchAction","target":{"@type":"EntryPoint","urlTemplate":"https:\/\/www.teka.com\/es-bo\/?s={search_term_string}"},"query-input":{"@type":"PropertyValueSpecification","valueRequired":true,"valueName":"search_term_string"}}],"inLanguage":"es"},{"@type":"Organization","@id":"https:\/\/www.teka.com\/es-bo\/#organization","name":"Teka Bolivia","url":"https:\/\/www.teka.com\/es-bo\/","logo":{"@type":"ImageObject","inLanguage":"es","@id":"https:\/\/www.teka.com\/es-bo\/#\/schema\/logo\/image\/","url":"https:\/\/www.teka.com\/es-bo\/wp-content\/uploads\/sites\/55\/2018\/10\/404-teka.png","contentUrl":"https:\/\/www.teka.com\/es-bo\/wp-content\/uploads\/sites\/55\/2018\/10\/404-teka.png","width":200,"height":200,"caption":"Teka Bolivia"},"image":{"@id":"https:\/\/www.teka.com\/es-bo\/#\/schema\/logo\/image\/"}}]}},"_links":{"self":[{"href":"https:\/\/www.teka.com\/es-bo\/wp-json\/wp\/v2\/product\/67808","targetHints":{"allow":["GET"]}}],"collection":[{"href":"https:\/\/www.teka.com\/es-bo\/wp-json\/wp\/v2\/product"}],"about":[{"href":"https:\/\/www.teka.com\/es-bo\/wp-json\/wp\/v2\/types\/product"}],"wp:attachment":[{"href":"https:\/\/www.teka.com\/es-bo\/wp-json\/wp\/v2\/media?parent=67808"}],"wp:term":[{"taxonomy":"product_cat","embeddable":true,"href":"https:\/\/www.teka.com\/es-bo\/wp-json\/wp\/v2\/product_cat?post=67808"},{"taxonomy":"product_cleaning_system","embeddable":true,"href":"https:\/\/www.teka.com\/es-bo\/wp-json\/wp\/v2\/product_cleaning_system?post=67808"},{"taxonomy":"product_3rd_basket","embeddable":true,"href":"https:\/\/www.teka.com\/es-bo\/wp-json\/wp\/v2\/product_3rd_basket?post=67808"},{"taxonomy":"product_drawers","embeddable":true,"href":"https:\/\/www.teka.com\/es-bo\/wp-json\/wp\/v2\/product_drawers?post=67808"},{"taxonomy":"product_type_of_installation","embeddable":true,"href":"https:\/\/www.teka.com\/es-bo\/wp-json\/wp\/v2\/product_type_of_installation?post=67808"},{"taxonomy":"product_edition","embeddable":true,"href":"https:\/\/www.teka.com\/es-bo\/wp-json\/wp\/v2\/product_edition?post=67808"},{"taxonomy":"product_serie","embeddable":true,"href":"https:\/\/www.teka.com\/es-bo\/wp-json\/wp\/v2\/product_serie?post=67808"},{"taxonomy":"product_features","embeddable":true,"href":"https:\/\/www.teka.com\/es-bo\/wp-json\/wp\/v2\/product_features?post=67808"},{"taxonomy":"finishes","embeddable":true,"href":"https:\/\/www.teka.com\/es-bo\/wp-json\/wp\/v2\/finishes?post=67808"},{"taxonomy":"product_bundles","embeddable":true,"href":"https:\/\/www.teka.com\/es-bo\/wp-json\/wp\/v2\/product_bundles?post=67808"},{"taxonomy":"product_energy_efficiency","embeddable":true,"href":"https:\/\/www.teka.com\/es-bo\/wp-json\/wp\/v2\/product_energy_efficiency?post=67808"},{"taxonomy":"product_video_training","embeddable":true,"href":"https:\/\/www.teka.com\/es-bo\/wp-json\/wp\/v2\/product_video_training?post=67808"}],"curies":[{"name":"wp","href":"https:\/\/api.w.org\/{rel}","templated":true}]}}