{"id":67917,"date":"2026-05-01T23:27:17","date_gmt":"2026-05-01T23:27:17","guid":{"rendered":"https:\/\/teka.com\/en-int\/calientaplatos-cp-15gs_40589920"},"modified":"2026-05-01T08:10:11","modified_gmt":"2026-05-01T09:10:11","slug":"calientaplatos-cp-15gs_40589920","status":"publish","type":"product","link":"https:\/\/www.teka.com\/es-bo\/producto\/calientaplatos-cp-15gs_40589920\/","title":{"rendered":"CP 15 GS"},"content":{"rendered":"<ul>\n<li>Capacidad para 6 servicios<\/li>\n<li>Caj\u00f3n telesc\u00f3pico extra\u00edble<\/li>\n<li>Calienta platos con termostato regulable entre 30\u00b0 &#8211; 80\u00b0<\/li>\n<\/ul>\n","protected":false},"featured_media":0,"parent":0,"template":"","product_cat":[59607],"product_cleaning_system":[],"product_3rd_basket":[],"product_drawers":[],"product_type_of_installation":[59951],"product_edition":[],"product_serie":[],"product_features":[],"finishes":[],"product_bundles":[],"product_energy_efficiency":[],"product_video_training":[],"class_list":["post-67917","product","type-product","status-publish","hentry","product_cat-hornos","usp-platewarmer-01","usp-platewarmer-02","usp-platewarmer-03","usp-platewarmer-04","usp-cookinglovers-01","color-cristal-negro-con-marco","product_type_of_appliance-modulos-para-hornos","product_ambient-ambient-03","product_ambient-ambient-09","product_type_of_installation-integrable"],"acf":[],"yoast_head":"<!-- This site is optimized with the Yoast SEO plugin v27.5 - https:\/\/yoast.com\/product\/yoast-seo-wordpress\/ -->\n<title>Calientaplatos con termostato regulable CP 15 GS | Teka Chile<\/title>\n<meta name=\"description\" content=\"Toda la informaci\u00f3n sobre la Campana Extensible de 60 cm con motor ECOPOWER y con 5+1 velocidades en la web oficial de Teka Chile.\" \/>\n<meta name=\"robots\" content=\"index, follow, max-snippet:-1, max-image-preview:large, max-video-preview:-1\" \/>\n<link rel=\"canonical\" href=\"https:\/\/www.teka.com\/es-bo\/producto\/calientaplatos-cp-15gs_40589920\/\" \/>\n<meta property=\"og:locale\" content=\"es_ES\" \/>\n<meta property=\"og:type\" content=\"article\" \/>\n<meta property=\"og:title\" content=\"Calientaplatos con termostato regulable CP 15 GS | Teka Chile\" \/>\n<meta property=\"og:description\" content=\"Toda la informaci\u00f3n sobre la Campana Extensible de 60 cm con motor ECOPOWER y con 5+1 velocidades en la web oficial de Teka Chile.\" \/>\n<meta property=\"og:url\" content=\"https:\/\/www.teka.com\/es-bo\/producto\/calientaplatos-cp-15gs_40589920\/\" \/>\n<meta property=\"og:site_name\" content=\"Teka Bolivia\" \/>\n<meta name=\"twitter:card\" content=\"summary_large_image\" \/>\n<script type=\"application\/ld+json\" class=\"yoast-schema-graph\">{\"@context\":\"https:\\\/\\\/schema.org\",\"@graph\":[{\"@type\":\"WebPage\",\"@id\":\"https:\\\/\\\/www.teka.com\\\/es-bo\\\/producto\\\/calientaplatos-cp-15gs_40589920\\\/\",\"url\":\"https:\\\/\\\/www.teka.com\\\/es-bo\\\/producto\\\/calientaplatos-cp-15gs_40589920\\\/\",\"name\":\"Calientaplatos con termostato regulable CP 15 GS | Teka Chile\",\"isPartOf\":{\"@id\":\"https:\\\/\\\/www.teka.com\\\/es-bo\\\/#website\"},\"datePublished\":\"2026-05-01T23:27:17+00:00\",\"description\":\"Toda la informaci\u00f3n sobre la Campana Extensible de 60 cm con motor ECOPOWER y con 5+1 velocidades en la web oficial de Teka Chile.\",\"inLanguage\":\"es\",\"potentialAction\":[{\"@type\":\"ReadAction\",\"target\":[\"https:\\\/\\\/www.teka.com\\\/es-bo\\\/producto\\\/calientaplatos-cp-15gs_40589920\\\/\"]}]},{\"@type\":\"WebSite\",\"@id\":\"https:\\\/\\\/www.teka.com\\\/es-bo\\\/#website\",\"url\":\"https:\\\/\\\/www.teka.com\\\/es-bo\\\/\",\"name\":\"Teka Bolivia\",\"description\":\"\",\"publisher\":{\"@id\":\"https:\\\/\\\/www.teka.com\\\/es-bo\\\/#organization\"},\"potentialAction\":[{\"@type\":\"SearchAction\",\"target\":{\"@type\":\"EntryPoint\",\"urlTemplate\":\"https:\\\/\\\/www.teka.com\\\/es-bo\\\/?s={search_term_string}\"},\"query-input\":{\"@type\":\"PropertyValueSpecification\",\"valueRequired\":true,\"valueName\":\"search_term_string\"}}],\"inLanguage\":\"es\"},{\"@type\":\"Organization\",\"@id\":\"https:\\\/\\\/www.teka.com\\\/es-bo\\\/#organization\",\"name\":\"Teka Bolivia\",\"url\":\"https:\\\/\\\/www.teka.com\\\/es-bo\\\/\",\"logo\":{\"@type\":\"ImageObject\",\"inLanguage\":\"es\",\"@id\":\"https:\\\/\\\/www.teka.com\\\/es-bo\\\/#\\\/schema\\\/logo\\\/image\\\/\",\"url\":\"https:\\\/\\\/www.teka.com\\\/es-bo\\\/wp-content\\\/uploads\\\/sites\\\/55\\\/2018\\\/10\\\/404-teka.png\",\"contentUrl\":\"https:\\\/\\\/www.teka.com\\\/es-bo\\\/wp-content\\\/uploads\\\/sites\\\/55\\\/2018\\\/10\\\/404-teka.png\",\"width\":200,\"height\":200,\"caption\":\"Teka Bolivia\"},\"image\":{\"@id\":\"https:\\\/\\\/www.teka.com\\\/es-bo\\\/#\\\/schema\\\/logo\\\/image\\\/\"}}]}<\/script>\n<!-- \/ Yoast SEO plugin. -->","yoast_head_json":{"title":"Calientaplatos con termostato regulable CP 15 GS | Teka Chile","description":"Toda la informaci\u00f3n sobre la Campana Extensible de 60 cm con motor ECOPOWER y con 5+1 velocidades en la web oficial de Teka Chile.","robots":{"index":"index","follow":"follow","max-snippet":"max-snippet:-1","max-image-preview":"max-image-preview:large","max-video-preview":"max-video-preview:-1"},"canonical":"https:\/\/www.teka.com\/es-bo\/producto\/calientaplatos-cp-15gs_40589920\/","og_locale":"es_ES","og_type":"article","og_title":"Calientaplatos con termostato regulable CP 15 GS | Teka Chile","og_description":"Toda la informaci\u00f3n sobre la Campana Extensible de 60 cm con motor ECOPOWER y con 5+1 velocidades en la web oficial de Teka Chile.","og_url":"https:\/\/www.teka.com\/es-bo\/producto\/calientaplatos-cp-15gs_40589920\/","og_site_name":"Teka Bolivia","twitter_card":"summary_large_image","schema":{"@context":"https:\/\/schema.org","@graph":[{"@type":"WebPage","@id":"https:\/\/www.teka.com\/es-bo\/producto\/calientaplatos-cp-15gs_40589920\/","url":"https:\/\/www.teka.com\/es-bo\/producto\/calientaplatos-cp-15gs_40589920\/","name":"Calientaplatos con termostato regulable CP 15 GS | Teka Chile","isPartOf":{"@id":"https:\/\/www.teka.com\/es-bo\/#website"},"datePublished":"2026-05-01T23:27:17+00:00","description":"Toda la informaci\u00f3n sobre la Campana Extensible de 60 cm con motor ECOPOWER y con 5+1 velocidades en la web oficial de Teka Chile.","inLanguage":"es","potentialAction":[{"@type":"ReadAction","target":["https:\/\/www.teka.com\/es-bo\/producto\/calientaplatos-cp-15gs_40589920\/"]}]},{"@type":"WebSite","@id":"https:\/\/www.teka.com\/es-bo\/#website","url":"https:\/\/www.teka.com\/es-bo\/","name":"Teka Bolivia","description":"","publisher":{"@id":"https:\/\/www.teka.com\/es-bo\/#organization"},"potentialAction":[{"@type":"SearchAction","target":{"@type":"EntryPoint","urlTemplate":"https:\/\/www.teka.com\/es-bo\/?s={search_term_string}"},"query-input":{"@type":"PropertyValueSpecification","valueRequired":true,"valueName":"search_term_string"}}],"inLanguage":"es"},{"@type":"Organization","@id":"https:\/\/www.teka.com\/es-bo\/#organization","name":"Teka Bolivia","url":"https:\/\/www.teka.com\/es-bo\/","logo":{"@type":"ImageObject","inLanguage":"es","@id":"https:\/\/www.teka.com\/es-bo\/#\/schema\/logo\/image\/","url":"https:\/\/www.teka.com\/es-bo\/wp-content\/uploads\/sites\/55\/2018\/10\/404-teka.png","contentUrl":"https:\/\/www.teka.com\/es-bo\/wp-content\/uploads\/sites\/55\/2018\/10\/404-teka.png","width":200,"height":200,"caption":"Teka Bolivia"},"image":{"@id":"https:\/\/www.teka.com\/es-bo\/#\/schema\/logo\/image\/"}}]}},"_links":{"self":[{"href":"https:\/\/www.teka.com\/es-bo\/wp-json\/wp\/v2\/product\/67917","targetHints":{"allow":["GET"]}}],"collection":[{"href":"https:\/\/www.teka.com\/es-bo\/wp-json\/wp\/v2\/product"}],"about":[{"href":"https:\/\/www.teka.com\/es-bo\/wp-json\/wp\/v2\/types\/product"}],"wp:attachment":[{"href":"https:\/\/www.teka.com\/es-bo\/wp-json\/wp\/v2\/media?parent=67917"}],"wp:term":[{"taxonomy":"product_cat","embeddable":true,"href":"https:\/\/www.teka.com\/es-bo\/wp-json\/wp\/v2\/product_cat?post=67917"},{"taxonomy":"product_cleaning_system","embeddable":true,"href":"https:\/\/www.teka.com\/es-bo\/wp-json\/wp\/v2\/product_cleaning_system?post=67917"},{"taxonomy":"product_3rd_basket","embeddable":true,"href":"https:\/\/www.teka.com\/es-bo\/wp-json\/wp\/v2\/product_3rd_basket?post=67917"},{"taxonomy":"product_drawers","embeddable":true,"href":"https:\/\/www.teka.com\/es-bo\/wp-json\/wp\/v2\/product_drawers?post=67917"},{"taxonomy":"product_type_of_installation","embeddable":true,"href":"https:\/\/www.teka.com\/es-bo\/wp-json\/wp\/v2\/product_type_of_installation?post=67917"},{"taxonomy":"product_edition","embeddable":true,"href":"https:\/\/www.teka.com\/es-bo\/wp-json\/wp\/v2\/product_edition?post=67917"},{"taxonomy":"product_serie","embeddable":true,"href":"https:\/\/www.teka.com\/es-bo\/wp-json\/wp\/v2\/product_serie?post=67917"},{"taxonomy":"product_features","embeddable":true,"href":"https:\/\/www.teka.com\/es-bo\/wp-json\/wp\/v2\/product_features?post=67917"},{"taxonomy":"finishes","embeddable":true,"href":"https:\/\/www.teka.com\/es-bo\/wp-json\/wp\/v2\/finishes?post=67917"},{"taxonomy":"product_bundles","embeddable":true,"href":"https:\/\/www.teka.com\/es-bo\/wp-json\/wp\/v2\/product_bundles?post=67917"},{"taxonomy":"product_energy_efficiency","embeddable":true,"href":"https:\/\/www.teka.com\/es-bo\/wp-json\/wp\/v2\/product_energy_efficiency?post=67917"},{"taxonomy":"product_video_training","embeddable":true,"href":"https:\/\/www.teka.com\/es-bo\/wp-json\/wp\/v2\/product_video_training?post=67917"}],"curies":[{"name":"wp","href":"https:\/\/api.w.org\/{rel}","templated":true}]}}