{"id":68026,"date":"2026-04-26T15:12:32","date_gmt":"2026-04-26T15:12:32","guid":{"rendered":"https:\/\/teka.com\/en-int\/brooklyn-50m-xp-1c-1e_115100022"},"modified":"2026-03-14T08:28:16","modified_gmt":"2026-03-14T09:28:16","slug":"brooklyn-50m-xp-1c-1e_115100022","status":"publish","type":"product","link":"https:\/\/www.teka.com\/es-bo\/producto\/brooklyn-50m-xp-1c-1e_115100022\/","title":{"rendered":"Brooklyn 50 M-XP 1B 1D"},"content":{"rendered":"<ul>\n<li>Doble posibilidad de instalaci\u00f3n: sobre encimera o enrasar<\/li>\n<li>Desag\u00fce autom\u00e1tico con v\u00e1lvula V-control 3 \u00bd\u201d + sif\u00f3n<\/li>\n<li>Cestilla exclusiva HelixPRO, m\u00e1s ergon\u00f3mica y funcional, con dise\u00f1o vanguardista<\/li>\n<li>SilentSmart, reduce un 50% la rumorosidad<\/li>\n<li>Profundidad de las cubetas 210 mm<\/li>\n<\/ul>\n","protected":false},"featured_media":0,"parent":0,"template":"","product_cat":[59601],"product_cleaning_system":[],"product_3rd_basket":[],"product_drawers":[],"product_type_of_installation":[59977,59978],"product_edition":[],"product_serie":[],"product_features":[],"finishes":[],"product_bundles":[],"product_energy_efficiency":[],"product_video_training":[],"class_list":["post-68026","product","type-product","status-publish","hentry","product_cat-lavaplatos","usp-brooklyn-01","usp-brooklyn-02","usp-brooklyn-03","usp-sinks-02","usp-sinks-05","usp-sinks-installation-02","usp-sinks-07","usp-award-04","color-inox","product_type_of_appliance-acero-inoxidable","product_ambient-ambient-05","product_icons-hygiene","product_type_of_installation-encastre-top","product_type_of_installation-enrasar"],"acf":[],"yoast_head":"<!-- This site is optimized with the Yoast SEO plugin v27.5 - https:\/\/yoast.com\/product\/yoast-seo-wordpress\/ -->\n<title>Lavaplatos Teka. Enrasado o sobre encimera. Acero inoxidable<\/title>\n<meta name=\"robots\" content=\"index, follow, max-snippet:-1, max-image-preview:large, max-video-preview:-1\" \/>\n<link rel=\"canonical\" href=\"https:\/\/www.teka.com\/es-bo\/producto\/brooklyn-50m-xp-1c-1e_115100022\/\" \/>\n<meta property=\"og:locale\" content=\"es_ES\" \/>\n<meta property=\"og:type\" content=\"article\" \/>\n<meta property=\"og:title\" content=\"Lavaplatos Teka. Enrasado o sobre encimera. Acero inoxidable\" \/>\n<meta property=\"og:description\" content=\"Doble posibilidad de instalaci\u00f3n: sobre encimera o enrasar Desag\u00fce autom\u00e1tico con v\u00e1lvula V-control 3 \u00bd\u201d + sif\u00f3n Cestilla exclusiva HelixPRO, m\u00e1s ergon\u00f3mica y funcional, con dise\u00f1o vanguardista SilentSmart, reduce un 50% la rumorosidad Profundidad de las cubetas 210 mm\" \/>\n<meta property=\"og:url\" content=\"https:\/\/www.teka.com\/es-bo\/producto\/brooklyn-50m-xp-1c-1e_115100022\/\" \/>\n<meta property=\"og:site_name\" content=\"Teka Bolivia\" \/>\n<meta name=\"twitter:card\" content=\"summary_large_image\" \/>\n<script type=\"application\/ld+json\" class=\"yoast-schema-graph\">{\"@context\":\"https:\\\/\\\/schema.org\",\"@graph\":[{\"@type\":\"WebPage\",\"@id\":\"https:\\\/\\\/www.teka.com\\\/es-bo\\\/producto\\\/brooklyn-50m-xp-1c-1e_115100022\\\/\",\"url\":\"https:\\\/\\\/www.teka.com\\\/es-bo\\\/producto\\\/brooklyn-50m-xp-1c-1e_115100022\\\/\",\"name\":\"Lavaplatos Teka. Enrasado o sobre encimera. Acero inoxidable\",\"isPartOf\":{\"@id\":\"https:\\\/\\\/www.teka.com\\\/es-bo\\\/#website\"},\"datePublished\":\"2026-04-26T15:12:32+00:00\",\"inLanguage\":\"es\",\"potentialAction\":[{\"@type\":\"ReadAction\",\"target\":[\"https:\\\/\\\/www.teka.com\\\/es-bo\\\/producto\\\/brooklyn-50m-xp-1c-1e_115100022\\\/\"]}]},{\"@type\":\"WebSite\",\"@id\":\"https:\\\/\\\/www.teka.com\\\/es-bo\\\/#website\",\"url\":\"https:\\\/\\\/www.teka.com\\\/es-bo\\\/\",\"name\":\"Teka Bolivia\",\"description\":\"\",\"publisher\":{\"@id\":\"https:\\\/\\\/www.teka.com\\\/es-bo\\\/#organization\"},\"potentialAction\":[{\"@type\":\"SearchAction\",\"target\":{\"@type\":\"EntryPoint\",\"urlTemplate\":\"https:\\\/\\\/www.teka.com\\\/es-bo\\\/?s={search_term_string}\"},\"query-input\":{\"@type\":\"PropertyValueSpecification\",\"valueRequired\":true,\"valueName\":\"search_term_string\"}}],\"inLanguage\":\"es\"},{\"@type\":\"Organization\",\"@id\":\"https:\\\/\\\/www.teka.com\\\/es-bo\\\/#organization\",\"name\":\"Teka Bolivia\",\"url\":\"https:\\\/\\\/www.teka.com\\\/es-bo\\\/\",\"logo\":{\"@type\":\"ImageObject\",\"inLanguage\":\"es\",\"@id\":\"https:\\\/\\\/www.teka.com\\\/es-bo\\\/#\\\/schema\\\/logo\\\/image\\\/\",\"url\":\"https:\\\/\\\/www.teka.com\\\/es-bo\\\/wp-content\\\/uploads\\\/sites\\\/55\\\/2018\\\/10\\\/404-teka.png\",\"contentUrl\":\"https:\\\/\\\/www.teka.com\\\/es-bo\\\/wp-content\\\/uploads\\\/sites\\\/55\\\/2018\\\/10\\\/404-teka.png\",\"width\":200,\"height\":200,\"caption\":\"Teka Bolivia\"},\"image\":{\"@id\":\"https:\\\/\\\/www.teka.com\\\/es-bo\\\/#\\\/schema\\\/logo\\\/image\\\/\"}}]}<\/script>\n<!-- \/ Yoast SEO plugin. -->","yoast_head_json":{"title":"Lavaplatos Teka. Enrasado o sobre encimera. Acero inoxidable","robots":{"index":"index","follow":"follow","max-snippet":"max-snippet:-1","max-image-preview":"max-image-preview:large","max-video-preview":"max-video-preview:-1"},"canonical":"https:\/\/www.teka.com\/es-bo\/producto\/brooklyn-50m-xp-1c-1e_115100022\/","og_locale":"es_ES","og_type":"article","og_title":"Lavaplatos Teka. Enrasado o sobre encimera. Acero inoxidable","og_description":"Doble posibilidad de instalaci\u00f3n: sobre encimera o enrasar Desag\u00fce autom\u00e1tico con v\u00e1lvula V-control 3 \u00bd\u201d + sif\u00f3n Cestilla exclusiva HelixPRO, m\u00e1s ergon\u00f3mica y funcional, con dise\u00f1o vanguardista SilentSmart, reduce un 50% la rumorosidad Profundidad de las cubetas 210 mm","og_url":"https:\/\/www.teka.com\/es-bo\/producto\/brooklyn-50m-xp-1c-1e_115100022\/","og_site_name":"Teka Bolivia","twitter_card":"summary_large_image","schema":{"@context":"https:\/\/schema.org","@graph":[{"@type":"WebPage","@id":"https:\/\/www.teka.com\/es-bo\/producto\/brooklyn-50m-xp-1c-1e_115100022\/","url":"https:\/\/www.teka.com\/es-bo\/producto\/brooklyn-50m-xp-1c-1e_115100022\/","name":"Lavaplatos Teka. Enrasado o sobre encimera. Acero inoxidable","isPartOf":{"@id":"https:\/\/www.teka.com\/es-bo\/#website"},"datePublished":"2026-04-26T15:12:32+00:00","inLanguage":"es","potentialAction":[{"@type":"ReadAction","target":["https:\/\/www.teka.com\/es-bo\/producto\/brooklyn-50m-xp-1c-1e_115100022\/"]}]},{"@type":"WebSite","@id":"https:\/\/www.teka.com\/es-bo\/#website","url":"https:\/\/www.teka.com\/es-bo\/","name":"Teka Bolivia","description":"","publisher":{"@id":"https:\/\/www.teka.com\/es-bo\/#organization"},"potentialAction":[{"@type":"SearchAction","target":{"@type":"EntryPoint","urlTemplate":"https:\/\/www.teka.com\/es-bo\/?s={search_term_string}"},"query-input":{"@type":"PropertyValueSpecification","valueRequired":true,"valueName":"search_term_string"}}],"inLanguage":"es"},{"@type":"Organization","@id":"https:\/\/www.teka.com\/es-bo\/#organization","name":"Teka Bolivia","url":"https:\/\/www.teka.com\/es-bo\/","logo":{"@type":"ImageObject","inLanguage":"es","@id":"https:\/\/www.teka.com\/es-bo\/#\/schema\/logo\/image\/","url":"https:\/\/www.teka.com\/es-bo\/wp-content\/uploads\/sites\/55\/2018\/10\/404-teka.png","contentUrl":"https:\/\/www.teka.com\/es-bo\/wp-content\/uploads\/sites\/55\/2018\/10\/404-teka.png","width":200,"height":200,"caption":"Teka Bolivia"},"image":{"@id":"https:\/\/www.teka.com\/es-bo\/#\/schema\/logo\/image\/"}}]}},"_links":{"self":[{"href":"https:\/\/www.teka.com\/es-bo\/wp-json\/wp\/v2\/product\/68026","targetHints":{"allow":["GET"]}}],"collection":[{"href":"https:\/\/www.teka.com\/es-bo\/wp-json\/wp\/v2\/product"}],"about":[{"href":"https:\/\/www.teka.com\/es-bo\/wp-json\/wp\/v2\/types\/product"}],"wp:attachment":[{"href":"https:\/\/www.teka.com\/es-bo\/wp-json\/wp\/v2\/media?parent=68026"}],"wp:term":[{"taxonomy":"product_cat","embeddable":true,"href":"https:\/\/www.teka.com\/es-bo\/wp-json\/wp\/v2\/product_cat?post=68026"},{"taxonomy":"product_cleaning_system","embeddable":true,"href":"https:\/\/www.teka.com\/es-bo\/wp-json\/wp\/v2\/product_cleaning_system?post=68026"},{"taxonomy":"product_3rd_basket","embeddable":true,"href":"https:\/\/www.teka.com\/es-bo\/wp-json\/wp\/v2\/product_3rd_basket?post=68026"},{"taxonomy":"product_drawers","embeddable":true,"href":"https:\/\/www.teka.com\/es-bo\/wp-json\/wp\/v2\/product_drawers?post=68026"},{"taxonomy":"product_type_of_installation","embeddable":true,"href":"https:\/\/www.teka.com\/es-bo\/wp-json\/wp\/v2\/product_type_of_installation?post=68026"},{"taxonomy":"product_edition","embeddable":true,"href":"https:\/\/www.teka.com\/es-bo\/wp-json\/wp\/v2\/product_edition?post=68026"},{"taxonomy":"product_serie","embeddable":true,"href":"https:\/\/www.teka.com\/es-bo\/wp-json\/wp\/v2\/product_serie?post=68026"},{"taxonomy":"product_features","embeddable":true,"href":"https:\/\/www.teka.com\/es-bo\/wp-json\/wp\/v2\/product_features?post=68026"},{"taxonomy":"finishes","embeddable":true,"href":"https:\/\/www.teka.com\/es-bo\/wp-json\/wp\/v2\/finishes?post=68026"},{"taxonomy":"product_bundles","embeddable":true,"href":"https:\/\/www.teka.com\/es-bo\/wp-json\/wp\/v2\/product_bundles?post=68026"},{"taxonomy":"product_energy_efficiency","embeddable":true,"href":"https:\/\/www.teka.com\/es-bo\/wp-json\/wp\/v2\/product_energy_efficiency?post=68026"},{"taxonomy":"product_video_training","embeddable":true,"href":"https:\/\/www.teka.com\/es-bo\/wp-json\/wp\/v2\/product_video_training?post=68026"}],"curies":[{"name":"wp","href":"https:\/\/api.w.org\/{rel}","templated":true}]}}