{"id":68027,"date":"2026-04-26T03:09:15","date_gmt":"2026-04-26T03:09:15","guid":{"rendered":"https:\/\/teka.com\/tr-tr\/hlb-85-g1-p-bm-maestropizza_111000057"},"modified":"2026-03-14T07:55:56","modified_gmt":"2026-03-14T08:55:56","slug":"hlb-85-g1-p-bm-maestropizza_111000057","status":"publish","type":"product","link":"https:\/\/www.teka.com\/es-bo\/producto\/hlb-85-g1-p-bm-maestropizza_111000057\/","title":{"rendered":"MaestroPizza HLB 85 P Infinity G1"},"content":{"rendered":"<ul>\n<li>Dise\u00f1ado en Italia por Italdesign Giugiaro<\/li>\n<li>Acabado exclusivo en color negro mate<\/li>\n<li>Detalles metalizados en tono cobre<\/li>\n<li>Funci\u00f3n especial para Pizzas a 340\u00ba (3-4 Min.)<\/li>\n<li>Doble funci\u00f3n de limpieza, Pir\u00f3lisis y sistema HydroClean<\/li>\n<\/ul>\n","protected":false},"featured_media":0,"parent":0,"template":"","product_cat":[59607],"product_cleaning_system":[2738,3162],"product_3rd_basket":[],"product_drawers":[],"product_type_of_installation":[],"product_edition":[],"product_serie":[],"product_features":[],"finishes":[],"product_bundles":[],"product_energy_efficiency":[60557],"product_video_training":[60620,60624,60630,60644,60798],"class_list":["post-68027","product","type-product","status-publish","hentry","product_cat-hornos","usp-maestropizza-06","usp-maestropizza-02","usp-maestropizza-04","usp-maestropizza-05","usp-infinityg1-01","usp-infinityg1-02","usp-infinityg1-03","usp-award-06","usp-pizzastone-03","usp-maestropizza-07","color-negro-mate","product_ambient-infinityg1","product_icons-hydroclean","product_icons-70l","product_icons-softclose","product_cleaning_system-pirolitico","product_cleaning_system-hydroclean","product_energy_efficiency-a-plus-icon","product_video_training-trainingovens-01","product_video_training-trainingovens-02","product_video_training-trainingovens-05","product_video_training-trainingovens-12","product_video_training-trainingovens-22"],"acf":[],"yoast_head":"<!-- This site is optimized with the Yoast SEO plugin v27.5 - https:\/\/yoast.com\/product\/yoast-seo-wordpress\/ -->\n<title>Horno Negro Mate MaestroPizza HLB 8510 P Infinity G1 | Teka Chile<\/title>\n<meta name=\"description\" content=\"Descubre Infinity G1, la nueva edici\u00f3n de electrodom\u00e9sticos Teka dise\u00f1ada en Italia por Giugiaro Italdesign. Horno de dise\u00f1o exclusivo de cristal negro mate y detalles en cobre.\" \/>\n<meta name=\"robots\" content=\"index, follow, max-snippet:-1, max-image-preview:large, max-video-preview:-1\" \/>\n<link rel=\"canonical\" href=\"https:\/\/www.teka.com\/es-bo\/producto\/hlb-85-g1-p-bm-maestropizza_111000057\/\" \/>\n<meta property=\"og:locale\" content=\"es_ES\" \/>\n<meta property=\"og:type\" content=\"article\" \/>\n<meta property=\"og:title\" content=\"Horno Negro Mate MaestroPizza HLB 8510 P Infinity G1 | Teka Chile\" \/>\n<meta property=\"og:description\" content=\"Descubre Infinity G1, la nueva edici\u00f3n de electrodom\u00e9sticos Teka dise\u00f1ada en Italia por Giugiaro Italdesign. Horno de dise\u00f1o exclusivo de cristal negro mate y detalles en cobre.\" \/>\n<meta property=\"og:url\" content=\"https:\/\/www.teka.com\/es-bo\/producto\/hlb-85-g1-p-bm-maestropizza_111000057\/\" \/>\n<meta property=\"og:site_name\" content=\"Teka Bolivia\" \/>\n<meta name=\"twitter:card\" content=\"summary_large_image\" \/>\n<script type=\"application\/ld+json\" class=\"yoast-schema-graph\">{\"@context\":\"https:\\\/\\\/schema.org\",\"@graph\":[{\"@type\":\"WebPage\",\"@id\":\"https:\\\/\\\/www.teka.com\\\/es-bo\\\/producto\\\/hlb-85-g1-p-bm-maestropizza_111000057\\\/\",\"url\":\"https:\\\/\\\/www.teka.com\\\/es-bo\\\/producto\\\/hlb-85-g1-p-bm-maestropizza_111000057\\\/\",\"name\":\"Horno Negro Mate MaestroPizza HLB 8510 P Infinity G1 | Teka Chile\",\"isPartOf\":{\"@id\":\"https:\\\/\\\/www.teka.com\\\/es-bo\\\/#website\"},\"datePublished\":\"2026-04-26T03:09:15+00:00\",\"description\":\"Descubre Infinity G1, la nueva edici\u00f3n de electrodom\u00e9sticos Teka dise\u00f1ada en Italia por Giugiaro Italdesign. Horno de dise\u00f1o exclusivo de cristal negro mate y detalles en cobre.\",\"inLanguage\":\"es\",\"potentialAction\":[{\"@type\":\"ReadAction\",\"target\":[\"https:\\\/\\\/www.teka.com\\\/es-bo\\\/producto\\\/hlb-85-g1-p-bm-maestropizza_111000057\\\/\"]}]},{\"@type\":\"WebSite\",\"@id\":\"https:\\\/\\\/www.teka.com\\\/es-bo\\\/#website\",\"url\":\"https:\\\/\\\/www.teka.com\\\/es-bo\\\/\",\"name\":\"Teka Bolivia\",\"description\":\"\",\"publisher\":{\"@id\":\"https:\\\/\\\/www.teka.com\\\/es-bo\\\/#organization\"},\"potentialAction\":[{\"@type\":\"SearchAction\",\"target\":{\"@type\":\"EntryPoint\",\"urlTemplate\":\"https:\\\/\\\/www.teka.com\\\/es-bo\\\/?s={search_term_string}\"},\"query-input\":{\"@type\":\"PropertyValueSpecification\",\"valueRequired\":true,\"valueName\":\"search_term_string\"}}],\"inLanguage\":\"es\"},{\"@type\":\"Organization\",\"@id\":\"https:\\\/\\\/www.teka.com\\\/es-bo\\\/#organization\",\"name\":\"Teka Bolivia\",\"url\":\"https:\\\/\\\/www.teka.com\\\/es-bo\\\/\",\"logo\":{\"@type\":\"ImageObject\",\"inLanguage\":\"es\",\"@id\":\"https:\\\/\\\/www.teka.com\\\/es-bo\\\/#\\\/schema\\\/logo\\\/image\\\/\",\"url\":\"https:\\\/\\\/www.teka.com\\\/es-bo\\\/wp-content\\\/uploads\\\/sites\\\/55\\\/2018\\\/10\\\/404-teka.png\",\"contentUrl\":\"https:\\\/\\\/www.teka.com\\\/es-bo\\\/wp-content\\\/uploads\\\/sites\\\/55\\\/2018\\\/10\\\/404-teka.png\",\"width\":200,\"height\":200,\"caption\":\"Teka Bolivia\"},\"image\":{\"@id\":\"https:\\\/\\\/www.teka.com\\\/es-bo\\\/#\\\/schema\\\/logo\\\/image\\\/\"}}]}<\/script>\n<!-- \/ Yoast SEO plugin. -->","yoast_head_json":{"title":"Horno Negro Mate MaestroPizza HLB 8510 P Infinity G1 | Teka Chile","description":"Descubre Infinity G1, la nueva edici\u00f3n de electrodom\u00e9sticos Teka dise\u00f1ada en Italia por Giugiaro Italdesign. Horno de dise\u00f1o exclusivo de cristal negro mate y detalles en cobre.","robots":{"index":"index","follow":"follow","max-snippet":"max-snippet:-1","max-image-preview":"max-image-preview:large","max-video-preview":"max-video-preview:-1"},"canonical":"https:\/\/www.teka.com\/es-bo\/producto\/hlb-85-g1-p-bm-maestropizza_111000057\/","og_locale":"es_ES","og_type":"article","og_title":"Horno Negro Mate MaestroPizza HLB 8510 P Infinity G1 | Teka Chile","og_description":"Descubre Infinity G1, la nueva edici\u00f3n de electrodom\u00e9sticos Teka dise\u00f1ada en Italia por Giugiaro Italdesign. Horno de dise\u00f1o exclusivo de cristal negro mate y detalles en cobre.","og_url":"https:\/\/www.teka.com\/es-bo\/producto\/hlb-85-g1-p-bm-maestropizza_111000057\/","og_site_name":"Teka Bolivia","twitter_card":"summary_large_image","schema":{"@context":"https:\/\/schema.org","@graph":[{"@type":"WebPage","@id":"https:\/\/www.teka.com\/es-bo\/producto\/hlb-85-g1-p-bm-maestropizza_111000057\/","url":"https:\/\/www.teka.com\/es-bo\/producto\/hlb-85-g1-p-bm-maestropizza_111000057\/","name":"Horno Negro Mate MaestroPizza HLB 8510 P Infinity G1 | Teka Chile","isPartOf":{"@id":"https:\/\/www.teka.com\/es-bo\/#website"},"datePublished":"2026-04-26T03:09:15+00:00","description":"Descubre Infinity G1, la nueva edici\u00f3n de electrodom\u00e9sticos Teka dise\u00f1ada en Italia por Giugiaro Italdesign. Horno de dise\u00f1o exclusivo de cristal negro mate y detalles en cobre.","inLanguage":"es","potentialAction":[{"@type":"ReadAction","target":["https:\/\/www.teka.com\/es-bo\/producto\/hlb-85-g1-p-bm-maestropizza_111000057\/"]}]},{"@type":"WebSite","@id":"https:\/\/www.teka.com\/es-bo\/#website","url":"https:\/\/www.teka.com\/es-bo\/","name":"Teka Bolivia","description":"","publisher":{"@id":"https:\/\/www.teka.com\/es-bo\/#organization"},"potentialAction":[{"@type":"SearchAction","target":{"@type":"EntryPoint","urlTemplate":"https:\/\/www.teka.com\/es-bo\/?s={search_term_string}"},"query-input":{"@type":"PropertyValueSpecification","valueRequired":true,"valueName":"search_term_string"}}],"inLanguage":"es"},{"@type":"Organization","@id":"https:\/\/www.teka.com\/es-bo\/#organization","name":"Teka Bolivia","url":"https:\/\/www.teka.com\/es-bo\/","logo":{"@type":"ImageObject","inLanguage":"es","@id":"https:\/\/www.teka.com\/es-bo\/#\/schema\/logo\/image\/","url":"https:\/\/www.teka.com\/es-bo\/wp-content\/uploads\/sites\/55\/2018\/10\/404-teka.png","contentUrl":"https:\/\/www.teka.com\/es-bo\/wp-content\/uploads\/sites\/55\/2018\/10\/404-teka.png","width":200,"height":200,"caption":"Teka Bolivia"},"image":{"@id":"https:\/\/www.teka.com\/es-bo\/#\/schema\/logo\/image\/"}}]}},"_links":{"self":[{"href":"https:\/\/www.teka.com\/es-bo\/wp-json\/wp\/v2\/product\/68027","targetHints":{"allow":["GET"]}}],"collection":[{"href":"https:\/\/www.teka.com\/es-bo\/wp-json\/wp\/v2\/product"}],"about":[{"href":"https:\/\/www.teka.com\/es-bo\/wp-json\/wp\/v2\/types\/product"}],"wp:attachment":[{"href":"https:\/\/www.teka.com\/es-bo\/wp-json\/wp\/v2\/media?parent=68027"}],"wp:term":[{"taxonomy":"product_cat","embeddable":true,"href":"https:\/\/www.teka.com\/es-bo\/wp-json\/wp\/v2\/product_cat?post=68027"},{"taxonomy":"product_cleaning_system","embeddable":true,"href":"https:\/\/www.teka.com\/es-bo\/wp-json\/wp\/v2\/product_cleaning_system?post=68027"},{"taxonomy":"product_3rd_basket","embeddable":true,"href":"https:\/\/www.teka.com\/es-bo\/wp-json\/wp\/v2\/product_3rd_basket?post=68027"},{"taxonomy":"product_drawers","embeddable":true,"href":"https:\/\/www.teka.com\/es-bo\/wp-json\/wp\/v2\/product_drawers?post=68027"},{"taxonomy":"product_type_of_installation","embeddable":true,"href":"https:\/\/www.teka.com\/es-bo\/wp-json\/wp\/v2\/product_type_of_installation?post=68027"},{"taxonomy":"product_edition","embeddable":true,"href":"https:\/\/www.teka.com\/es-bo\/wp-json\/wp\/v2\/product_edition?post=68027"},{"taxonomy":"product_serie","embeddable":true,"href":"https:\/\/www.teka.com\/es-bo\/wp-json\/wp\/v2\/product_serie?post=68027"},{"taxonomy":"product_features","embeddable":true,"href":"https:\/\/www.teka.com\/es-bo\/wp-json\/wp\/v2\/product_features?post=68027"},{"taxonomy":"finishes","embeddable":true,"href":"https:\/\/www.teka.com\/es-bo\/wp-json\/wp\/v2\/finishes?post=68027"},{"taxonomy":"product_bundles","embeddable":true,"href":"https:\/\/www.teka.com\/es-bo\/wp-json\/wp\/v2\/product_bundles?post=68027"},{"taxonomy":"product_energy_efficiency","embeddable":true,"href":"https:\/\/www.teka.com\/es-bo\/wp-json\/wp\/v2\/product_energy_efficiency?post=68027"},{"taxonomy":"product_video_training","embeddable":true,"href":"https:\/\/www.teka.com\/es-bo\/wp-json\/wp\/v2\/product_video_training?post=68027"}],"curies":[{"name":"wp","href":"https:\/\/api.w.org\/{rel}","templated":true}]}}