{"id":68453,"date":"2026-04-22T20:56:23","date_gmt":"2026-04-22T20:56:23","guid":{"rendered":"https:\/\/teka.com\/en-int\/mwe-230-g_40590440"},"modified":"2026-03-14T03:41:48","modified_gmt":"2026-03-14T04:41:48","slug":"mwe-230-g_40590440","status":"publish","type":"product","link":"https:\/\/www.teka.com\/es-bo\/producto\/mwe-230-g_40590440\/","title":{"rendered":"MWE 230 G"},"content":{"rendered":"<ul>\n<li>Electr\u00f3nico + grill<\/li>\n<li>Panel de mandos electr\u00f3nico y display<\/li>\n<li>Grill simult\u00e1neo de 1.000 W.<\/li>\n<li>Cinco niveles de potencia, 800 W salida<\/li>\n<li>Interior en acero inoxidable<\/li>\n<\/ul>\n","protected":false},"featured_media":0,"parent":0,"template":"","product_cat":[59606],"product_cleaning_system":[],"product_3rd_basket":[],"product_drawers":[],"product_type_of_installation":[59948],"product_edition":[],"product_serie":[],"product_features":[],"finishes":[],"product_bundles":[],"product_energy_efficiency":[],"product_video_training":[60616,60617],"class_list":["post-68453","product","type-product","status-publish","hentry","product_cat-microondas","usp-microwaves-06","usp-cookinglovers-01","usp-microwaves-07","usp-microwaves-08","color-inox","product_type_of_appliance-libre-instalacion","product_icons-defrost-by-time","product_icons-defrost-by-weight","product_icons-direct-access-menu","product_type_of_installation-libre-instalacion","product_video_training-traininghoods-07","product_video_training-traininghoods-08"],"acf":[],"yoast_head":"<!-- This site is optimized with the Yoast SEO plugin v27.2 - https:\/\/yoast.com\/product\/yoast-seo-wordpress\/ -->\n<title>Microondas 23L con grill Libre instalaci\u00f3n | Teka Chile<\/title>\n<meta name=\"description\" content=\"Toda la informaci\u00f3n sobre la Campana de Integraci\u00f3n Piramidal de 60 cm con motor de doble turbina en la web oficial de Teka Chile.\" \/>\n<meta name=\"robots\" content=\"index, follow, max-snippet:-1, max-image-preview:large, max-video-preview:-1\" \/>\n<link rel=\"canonical\" href=\"https:\/\/www.teka.com\/es-bo\/producto\/mwe-230-g_40590440\/\" \/>\n<meta property=\"og:locale\" content=\"es_ES\" \/>\n<meta property=\"og:type\" content=\"article\" \/>\n<meta property=\"og:title\" content=\"Microondas 23L con grill Libre instalaci\u00f3n | Teka Chile\" \/>\n<meta property=\"og:description\" content=\"Toda la informaci\u00f3n sobre la Campana de Integraci\u00f3n Piramidal de 60 cm con motor de doble turbina en la web oficial de Teka Chile.\" \/>\n<meta property=\"og:url\" content=\"https:\/\/www.teka.com\/es-bo\/producto\/mwe-230-g_40590440\/\" \/>\n<meta property=\"og:site_name\" content=\"Teka Bolivia\" \/>\n<meta name=\"twitter:card\" content=\"summary_large_image\" \/>\n<script type=\"application\/ld+json\" class=\"yoast-schema-graph\">{\"@context\":\"https:\/\/schema.org\",\"@graph\":[{\"@type\":\"WebPage\",\"@id\":\"https:\/\/www.teka.com\/es-bo\/producto\/mwe-230-g_40590440\/\",\"url\":\"https:\/\/www.teka.com\/es-bo\/producto\/mwe-230-g_40590440\/\",\"name\":\"Microondas 23L con grill Libre instalaci\u00f3n | Teka Chile\",\"isPartOf\":{\"@id\":\"https:\/\/www.teka.com\/es-bo\/#website\"},\"datePublished\":\"2026-04-22T20:56:23+00:00\",\"description\":\"Toda la informaci\u00f3n sobre la Campana de Integraci\u00f3n Piramidal de 60 cm con motor de doble turbina en la web oficial de Teka Chile.\",\"inLanguage\":\"es\",\"potentialAction\":[{\"@type\":\"ReadAction\",\"target\":[\"https:\/\/www.teka.com\/es-bo\/producto\/mwe-230-g_40590440\/\"]}]},{\"@type\":\"WebSite\",\"@id\":\"https:\/\/www.teka.com\/es-bo\/#website\",\"url\":\"https:\/\/www.teka.com\/es-bo\/\",\"name\":\"Teka Bolivia\",\"description\":\"\",\"publisher\":{\"@id\":\"https:\/\/www.teka.com\/es-bo\/#organization\"},\"potentialAction\":[{\"@type\":\"SearchAction\",\"target\":{\"@type\":\"EntryPoint\",\"urlTemplate\":\"https:\/\/www.teka.com\/es-bo\/?s={search_term_string}\"},\"query-input\":{\"@type\":\"PropertyValueSpecification\",\"valueRequired\":true,\"valueName\":\"search_term_string\"}}],\"inLanguage\":\"es\"},{\"@type\":\"Organization\",\"@id\":\"https:\/\/www.teka.com\/es-bo\/#organization\",\"name\":\"Teka Bolivia\",\"url\":\"https:\/\/www.teka.com\/es-bo\/\",\"logo\":{\"@type\":\"ImageObject\",\"inLanguage\":\"es\",\"@id\":\"https:\/\/www.teka.com\/es-bo\/#\/schema\/logo\/image\/\",\"url\":\"https:\/\/www.teka.com\/es-bo\/wp-content\/uploads\/sites\/55\/2018\/10\/404-teka.png\",\"contentUrl\":\"https:\/\/www.teka.com\/es-bo\/wp-content\/uploads\/sites\/55\/2018\/10\/404-teka.png\",\"width\":200,\"height\":200,\"caption\":\"Teka Bolivia\"},\"image\":{\"@id\":\"https:\/\/www.teka.com\/es-bo\/#\/schema\/logo\/image\/\"}}]}<\/script>\n<!-- \/ Yoast SEO plugin. -->","yoast_head_json":{"title":"Microondas 23L con grill Libre instalaci\u00f3n | Teka Chile","description":"Toda la informaci\u00f3n sobre la Campana de Integraci\u00f3n Piramidal de 60 cm con motor de doble turbina en la web oficial de Teka Chile.","robots":{"index":"index","follow":"follow","max-snippet":"max-snippet:-1","max-image-preview":"max-image-preview:large","max-video-preview":"max-video-preview:-1"},"canonical":"https:\/\/www.teka.com\/es-bo\/producto\/mwe-230-g_40590440\/","og_locale":"es_ES","og_type":"article","og_title":"Microondas 23L con grill Libre instalaci\u00f3n | Teka Chile","og_description":"Toda la informaci\u00f3n sobre la Campana de Integraci\u00f3n Piramidal de 60 cm con motor de doble turbina en la web oficial de Teka Chile.","og_url":"https:\/\/www.teka.com\/es-bo\/producto\/mwe-230-g_40590440\/","og_site_name":"Teka Bolivia","twitter_card":"summary_large_image","schema":{"@context":"https:\/\/schema.org","@graph":[{"@type":"WebPage","@id":"https:\/\/www.teka.com\/es-bo\/producto\/mwe-230-g_40590440\/","url":"https:\/\/www.teka.com\/es-bo\/producto\/mwe-230-g_40590440\/","name":"Microondas 23L con grill Libre instalaci\u00f3n | Teka Chile","isPartOf":{"@id":"https:\/\/www.teka.com\/es-bo\/#website"},"datePublished":"2026-04-22T20:56:23+00:00","description":"Toda la informaci\u00f3n sobre la Campana de Integraci\u00f3n Piramidal de 60 cm con motor de doble turbina en la web oficial de Teka Chile.","inLanguage":"es","potentialAction":[{"@type":"ReadAction","target":["https:\/\/www.teka.com\/es-bo\/producto\/mwe-230-g_40590440\/"]}]},{"@type":"WebSite","@id":"https:\/\/www.teka.com\/es-bo\/#website","url":"https:\/\/www.teka.com\/es-bo\/","name":"Teka Bolivia","description":"","publisher":{"@id":"https:\/\/www.teka.com\/es-bo\/#organization"},"potentialAction":[{"@type":"SearchAction","target":{"@type":"EntryPoint","urlTemplate":"https:\/\/www.teka.com\/es-bo\/?s={search_term_string}"},"query-input":{"@type":"PropertyValueSpecification","valueRequired":true,"valueName":"search_term_string"}}],"inLanguage":"es"},{"@type":"Organization","@id":"https:\/\/www.teka.com\/es-bo\/#organization","name":"Teka Bolivia","url":"https:\/\/www.teka.com\/es-bo\/","logo":{"@type":"ImageObject","inLanguage":"es","@id":"https:\/\/www.teka.com\/es-bo\/#\/schema\/logo\/image\/","url":"https:\/\/www.teka.com\/es-bo\/wp-content\/uploads\/sites\/55\/2018\/10\/404-teka.png","contentUrl":"https:\/\/www.teka.com\/es-bo\/wp-content\/uploads\/sites\/55\/2018\/10\/404-teka.png","width":200,"height":200,"caption":"Teka Bolivia"},"image":{"@id":"https:\/\/www.teka.com\/es-bo\/#\/schema\/logo\/image\/"}}]}},"_links":{"self":[{"href":"https:\/\/www.teka.com\/es-bo\/wp-json\/wp\/v2\/product\/68453","targetHints":{"allow":["GET"]}}],"collection":[{"href":"https:\/\/www.teka.com\/es-bo\/wp-json\/wp\/v2\/product"}],"about":[{"href":"https:\/\/www.teka.com\/es-bo\/wp-json\/wp\/v2\/types\/product"}],"wp:attachment":[{"href":"https:\/\/www.teka.com\/es-bo\/wp-json\/wp\/v2\/media?parent=68453"}],"wp:term":[{"taxonomy":"product_cat","embeddable":true,"href":"https:\/\/www.teka.com\/es-bo\/wp-json\/wp\/v2\/product_cat?post=68453"},{"taxonomy":"product_cleaning_system","embeddable":true,"href":"https:\/\/www.teka.com\/es-bo\/wp-json\/wp\/v2\/product_cleaning_system?post=68453"},{"taxonomy":"product_3rd_basket","embeddable":true,"href":"https:\/\/www.teka.com\/es-bo\/wp-json\/wp\/v2\/product_3rd_basket?post=68453"},{"taxonomy":"product_drawers","embeddable":true,"href":"https:\/\/www.teka.com\/es-bo\/wp-json\/wp\/v2\/product_drawers?post=68453"},{"taxonomy":"product_type_of_installation","embeddable":true,"href":"https:\/\/www.teka.com\/es-bo\/wp-json\/wp\/v2\/product_type_of_installation?post=68453"},{"taxonomy":"product_edition","embeddable":true,"href":"https:\/\/www.teka.com\/es-bo\/wp-json\/wp\/v2\/product_edition?post=68453"},{"taxonomy":"product_serie","embeddable":true,"href":"https:\/\/www.teka.com\/es-bo\/wp-json\/wp\/v2\/product_serie?post=68453"},{"taxonomy":"product_features","embeddable":true,"href":"https:\/\/www.teka.com\/es-bo\/wp-json\/wp\/v2\/product_features?post=68453"},{"taxonomy":"finishes","embeddable":true,"href":"https:\/\/www.teka.com\/es-bo\/wp-json\/wp\/v2\/finishes?post=68453"},{"taxonomy":"product_bundles","embeddable":true,"href":"https:\/\/www.teka.com\/es-bo\/wp-json\/wp\/v2\/product_bundles?post=68453"},{"taxonomy":"product_energy_efficiency","embeddable":true,"href":"https:\/\/www.teka.com\/es-bo\/wp-json\/wp\/v2\/product_energy_efficiency?post=68453"},{"taxonomy":"product_video_training","embeddable":true,"href":"https:\/\/www.teka.com\/es-bo\/wp-json\/wp\/v2\/product_video_training?post=68453"}],"curies":[{"name":"wp","href":"https:\/\/api.w.org\/{rel}","templated":true}]}}