{"id":122693,"date":"2024-10-31T12:02:13","date_gmt":"2024-10-31T11:02:13","guid":{"rendered":"https:\/\/www.teka.com\/es-cl\/?page_id=122693"},"modified":"2025-10-27T17:59:48","modified_gmt":"2025-10-27T16:59:48","slug":"solicitar-reparacion","status":"publish","type":"page","link":"https:\/\/www.teka.com\/es-cl\/soporte\/solicitar-reparacion\/","title":{"rendered":"Solicitar reparaci\u00f3n"},"content":{"rendered":"<p>[et_pb_section fb_built=\u00bb1&#8243; module_id=\u00bbrequest-repair\u00bb _builder_version=\u00bb4.16&#8243; global_colors_info=\u00bb{}\u00bb][et_pb_row _builder_version=\u00bb4.16&#8243; max_width=\u00bb620px\u00bb use_custom_width=\u00bbon\u00bb custom_width_px=\u00bb620px\u00bb global_colors_info=\u00bb{}\u00bb][et_pb_column type=\u00bb4_4&#8243; _builder_version=\u00bb4.16&#8243; custom_padding=\u00bb|||\u00bb global_colors_info=\u00bb{}\u00bb custom_padding__hover=\u00bb|||\u00bb][et_pb_text admin_label=\u00bbRequest repair &#8211; Title\u00bb _builder_version=\u00bb4.27.4&#8243; header_font=\u00bb|700|||||||\u00bb header_text_align=\u00bbcenter\u00bb hover_enabled=\u00bb0&#8243; global_colors_info=\u00bb{}\u00bb sticky_enabled=\u00bb0&#8243;]<\/p>\n<h1><strong>Solicitar una reparaci\u00f3n<\/strong><\/h1>\n<p>[\/et_pb_text][et_pb_text admin_label=\u00bbRequest repair &#8211; Text\u00bb _builder_version=\u00bb4.27.4&#8243; hover_enabled=\u00bb0&#8243; global_colors_info=\u00bb{}\u00bb sticky_enabled=\u00bb0&#8243;]<\/p>\n<p style=\"text-align: center;\" data-start=\"303\" data-end=\"371\"><strong data-start=\"303\" data-end=\"369\">Solicite reparaci\u00f3n de productos Teka.<\/strong><\/p>\n<p style=\"text-align: center;\" data-start=\"373\" data-end=\"738\">Para <strong data-start=\"378\" data-end=\"425\">solicitar un servicio t\u00e9cnico Teka en Chile<\/strong>, puede <strong data-start=\"433\" data-end=\"465\">contactarnos al <em><a href=\"tel:600 360 0330\">600 360 0330<\/a><\/em>\u00a0<em><a href=\"tel:\"><\/a><\/em><\/strong>\u00a0o <strong data-start=\"468\" data-end=\"513\">rellenar el siguiente formulario<\/strong>. A trav\u00e9s de este formulario podr\u00e1 <strong data-start=\"551\" data-end=\"645\">solicitar la reparaci\u00f3n de productos Teka con fallas, defectuosos o cubiertos por garant\u00eda<\/strong>, contando siempre con la atenci\u00f3n directa de nuestro <strong data-start=\"699\" data-end=\"735\">servicio t\u00e9cnico autorizado Teka<\/strong>.<\/p>\n<p style=\"text-align: center;\" data-start=\"740\" data-end=\"994\">Nuestros <strong data-start=\"749\" data-end=\"774\">t\u00e9cnicos certificados<\/strong> realizan la <strong data-start=\"787\" data-end=\"837\">revisi\u00f3n, diagn\u00f3stico y reparaci\u00f3n profesional<\/strong> de hornos, lavavajillas, campanas extractoras y otros electrodom\u00e9sticos Teka, utilizando <strong data-start=\"927\" data-end=\"951\">repuestos originales<\/strong> y procedimientos aprobados por la marca.<\/p>\n<p style=\"text-align: center;\" data-start=\"996\" data-end=\"1278\">Conf\u00ede en el <strong data-start=\"1009\" data-end=\"1040\">servicio oficial Teka Chile<\/strong> para mantener el rendimiento, la seguridad y la durabilidad de sus productos.<br data-start=\"1118\" data-end=\"1121\" \/>Complete el formulario con sus datos y nuestro equipo se pondr\u00e1 en contacto con usted a la brevedad para coordinar la visita t\u00e9cnica.<\/p>\n<p>[\/et_pb_text][\/et_pb_column][\/et_pb_row][et_pb_row _builder_version=\u00bb4.16&#8243; background_size=\u00bbinitial\u00bb background_position=\u00bbtop_left\u00bb background_repeat=\u00bbrepeat\u00bb global_colors_info=\u00bb{}\u00bb][et_pb_column type=\u00bb4_4&#8243; _builder_version=\u00bb4.16&#8243; custom_padding=\u00bb|||\u00bb global_colors_info=\u00bb{}\u00bb custom_padding__hover=\u00bb|||\u00bb][et_pb_text admin_label=\u00bbContact Form\u00bb _builder_version=\u00bb4.22.1&#8243; locked=\u00bboff\u00bb global_colors_info=\u00bb{}\u00bb]<\/p>\n\n<div class=\"wpcf7 no-js\" id=\"wpcf7-f23084-o1\" lang=\"es-ES\" dir=\"ltr\" data-wpcf7-id=\"23084\">\n<div class=\"screen-reader-response\"><p role=\"status\" aria-live=\"polite\" aria-atomic=\"true\"><\/p> <ul><\/ul><\/div>\n<form action=\"\/es-cl\/wp-json\/wp\/v2\/pages\/122693#wpcf7-f23084-o1\" method=\"post\" class=\"wpcf7-form init\" aria-label=\"Formulario de contacto\" enctype=\"multipart\/form-data\" novalidate=\"novalidate\" data-status=\"init\">\n<fieldset class=\"hidden-fields-container\"><input type=\"hidden\" name=\"_wpcf7\" value=\"23084\" \/><input type=\"hidden\" name=\"_wpcf7_version\" value=\"6.1.5\" \/><input type=\"hidden\" name=\"_wpcf7_locale\" value=\"es_ES\" \/><input type=\"hidden\" name=\"_wpcf7_unit_tag\" value=\"wpcf7-f23084-o1\" \/><input type=\"hidden\" name=\"_wpcf7_container_post\" value=\"0\" \/><input type=\"hidden\" name=\"_wpcf7_posted_data_hash\" value=\"\" \/><input type=\"hidden\" name=\"_wpcf7_recaptcha_response\" value=\"\" \/>\n<\/fieldset>\n<h3>Solicitante<\/h3>\n<div>\n<label class=\"col6\"> <strong>Nombre<\/strong>\n    <span class=\"wpcf7-form-control-wrap\" data-name=\"first-name\"><input size=\"40\" maxlength=\"400\" class=\"wpcf7-form-control wpcf7-text wpcf7-validates-as-required\" aria-required=\"true\" aria-invalid=\"false\" value=\"\" type=\"text\" name=\"first-name\" \/><\/span> <\/label>\n<label class=\"col6\"> <strong>Apellidos<\/strong>\n    <span class=\"wpcf7-form-control-wrap\" data-name=\"last-name\"><input size=\"40\" maxlength=\"400\" class=\"wpcf7-form-control wpcf7-text wpcf7-validates-as-required\" aria-required=\"true\" aria-invalid=\"false\" value=\"\" type=\"text\" name=\"last-name\" \/><\/span> <\/label>\n<label class=\"col6\"> <strong>Tel\u00e9fono<\/strong>\n    <span class=\"wpcf7-form-control-wrap\" data-name=\"phone\"><input size=\"40\" maxlength=\"400\" class=\"wpcf7-form-control wpcf7-tel wpcf7-validates-as-required wpcf7-text wpcf7-validates-as-tel\" aria-required=\"true\" aria-invalid=\"false\" placeholder=\"Ej.: 000 000 000\" value=\"\" type=\"tel\" name=\"phone\" \/><\/span> <\/label>\n<label class=\"col6\"> <strong>Email<\/strong>\n    <span class=\"wpcf7-form-control-wrap\" data-name=\"email\"><input size=\"40\" maxlength=\"400\" class=\"wpcf7-form-control wpcf7-email wpcf7-validates-as-required wpcf7-text wpcf7-validates-as-email\" aria-required=\"true\" aria-invalid=\"false\" value=\"\" type=\"email\" name=\"email\" \/><\/span> <\/label>\n<label class=\"col6\"> <strong>DNI \/ CIF<\/strong>\n    <span class=\"wpcf7-form-control-wrap\" data-name=\"ide\"><input size=\"40\" maxlength=\"400\" class=\"wpcf7-form-control wpcf7-text wpcf7-validates-as-required\" aria-required=\"true\" aria-invalid=\"false\" value=\"\" type=\"text\" name=\"ide\" \/><\/span> <\/label>\n<\/div>\n<span class=\"clear\"><\/span>\n<div>\n<label class=\"col6\"> <strong>Direcci\u00f3n<\/strong>\n    <span class=\"wpcf7-form-control-wrap\" data-name=\"address\"><input size=\"40\" maxlength=\"400\" class=\"wpcf7-form-control wpcf7-text wpcf7-validates-as-required\" aria-required=\"true\" aria-invalid=\"false\" value=\"\" type=\"text\" name=\"address\" \/><\/span> <\/label>\n<label class=\"col6\"> <strong>Localidad<\/strong>\n    <span class=\"wpcf7-form-control-wrap\" data-name=\"location\"><input size=\"40\" maxlength=\"400\" class=\"wpcf7-form-control wpcf7-text wpcf7-validates-as-required\" aria-required=\"true\" aria-invalid=\"false\" value=\"\" type=\"text\" name=\"location\" \/><\/span> <\/label>\n<label class=\"col6\"> <strong>C\u00f3digo Postal<\/strong>\n    <span class=\"wpcf7-form-control-wrap\" data-name=\"zip-code\"><input size=\"40\" maxlength=\"400\" class=\"wpcf7-form-control wpcf7-text wpcf7-validates-as-required\" aria-required=\"true\" aria-invalid=\"false\" value=\"\" type=\"text\" name=\"zip-code\" \/><\/span> <\/label>\n<label class=\"col6\"> <strong>Ciudad<\/strong>\n    <span class=\"wpcf7-form-control-wrap\" data-name=\"region\"><input size=\"40\" maxlength=\"400\" class=\"wpcf7-form-control wpcf7-text wpcf7-validates-as-required\" aria-required=\"true\" aria-invalid=\"false\" value=\"\" type=\"text\" name=\"region\" \/><\/span> <\/label>\n<label class=\"col6\"> <strong>Country<\/strong>\n<span class=\"wpcf7-form-control-wrap\" data-name=\"your-recipient\"><select class=\"wpcf7-form-control wpcf7-select\" aria-invalid=\"false\" name=\"your-recipient\"><option value=\"CHILE\">CHILE<\/option><option value=\"Global\">Global<\/option><option value=\"Argentina\">Argentina<\/option><option value=\"Australia\">Australia<\/option><option value=\"Austria\">Austria<\/option><option value=\"Albania\">Albania<\/option><option value=\"Bangladesh\">Bangladesh<\/option><option value=\"Belgique\">Belgique<\/option><option value=\"Bolivia\">Bolivia<\/option><option value=\"Brunei\">Brunei<\/option><option value=\"Bulgaria\">Bulgaria<\/option><option value=\"Cambodia\">Cambodia<\/option><option value=\"Colombia\">Colombia<\/option><option value=\"Costa Rica\">Costa Rica<\/option><option value=\"Czech Republic\">Czech Republic<\/option><option value=\"China\">China<\/option><option value=\"Ecuador\">Ecuador<\/option><option value=\"El Salvador\">El Salvador<\/option><option value=\"Espa\u00f1a\">Espa\u00f1a<\/option><option value=\"France\">France<\/option><option value=\"Germany\">Germany<\/option><option value=\"Greece\">Greece<\/option><option value=\"Guatemala\">Guatemala<\/option><option value=\"Honduras\">Honduras<\/option><option value=\"Hong Kong\">Hong Kong<\/option><option value=\"Hungary\">Hungary<\/option><option value=\"India\">India<\/option><option value=\"Indonesia\">Indonesia<\/option><option value=\"Israel\">Israel<\/option><option value=\"Malaysia\">Malaysia<\/option><option value=\"Maldives\">Maldives<\/option><option value=\"Mexico\">Mexico<\/option><option value=\"Morocco\">Morocco<\/option><option value=\"Myanmar\">Myanmar<\/option><option value=\"New Caledonia\">New Caledonia<\/option><option value=\"Nicaragua\">Nicaragua<\/option><option value=\"Laos\">Laos<\/option><option value=\"Panam\u00e1\">Panam\u00e1<\/option><option value=\"Paraguay\">Paraguay<\/option><option value=\"Peru\">Peru<\/option><option value=\"Phillipines\">Phillipines<\/option><option value=\"Poland\">Poland<\/option><option value=\"Portugal\">Portugal<\/option><option value=\"Puerto Rico\">Puerto Rico<\/option><option value=\"Rep\u00fablica Dominicana\">Rep\u00fablica Dominicana<\/option><option value=\"Romania\">Romania<\/option><option value=\"Russia\">Russia<\/option><option value=\"Sri Lanka\">Sri Lanka<\/option><option value=\"Taiwan\">Taiwan<\/option><option value=\"Thailand\">Thailand<\/option><option value=\"Turkey\">Turkey<\/option><option value=\"Ukraine\">Ukraine<\/option><option value=\"United Arab Emirates\">United Arab Emirates<\/option><option value=\"United Kingdom\">United Kingdom<\/option><option value=\"United States\">United States<\/option><option value=\"Uruguay\">Uruguay<\/option><option value=\"Vietnam\">Vietnam<\/option><\/select><\/span> <\/label>\n<\/div>\n\n<h3 class=\"upper-padding-space\">Producto<\/h3>\n<div>\n<label class=\"col6\"> <strong>Producto<\/strong>\n    <span class=\"wpcf7-form-control-wrap\" data-name=\"product\"><select class=\"wpcf7-form-control wpcf7-select wpcf7-validates-as-required\" aria-required=\"true\" aria-invalid=\"false\" name=\"product\"><option value=\"Horno\">Horno<\/option><option value=\"Compacto\">Compacto<\/option><option value=\"Microondas\">Microondas<\/option><option value=\"Placa\">Placa<\/option><option value=\"Campana\">Campana<\/option><option value=\"Frigor\u00edfico\">Frigor\u00edfico<\/option><option value=\"Lavavajillas\">Lavavajillas<\/option><option value=\"Fregadero\">Fregadero<\/option><option value=\"Grifer\u00eda de cocina\">Grifer\u00eda de cocina<\/option><option value=\"Lavadora o secadora\">Lavadora o secadora<\/option><option value=\"Termo\">Termo<\/option><option value=\"Producto de ba\u00f1o\">Producto de ba\u00f1o<\/option><\/select><\/span> <\/label>\n<label class=\"col6\"> <strong>Modelo<\/strong>\n    <span class=\"wpcf7-form-control-wrap\" data-name=\"model\"><input size=\"40\" maxlength=\"400\" class=\"wpcf7-form-control wpcf7-text\" aria-invalid=\"false\" value=\"\" type=\"text\" name=\"model\" \/><\/span> <\/label>\n<label class=\"col6\"> <strong>N\u00famero de serie<\/strong>\n    <span class=\"wpcf7-form-control-wrap\" data-name=\"serial-number\"><input size=\"40\" maxlength=\"400\" class=\"wpcf7-form-control wpcf7-text wpcf7-validates-as-required\" aria-required=\"true\" aria-invalid=\"false\" value=\"\" type=\"text\" name=\"serial-number\" \/><\/span> <span><a href=\"#\">\u00bfD\u00f3nde puedo encontrar el n\u00famero de serie?<\/a><\/span><\/label>\n<label class=\"col6\"> <strong>Fecha de instalaci\u00f3n<\/strong>\n    <span class=\"wpcf7-form-control-wrap\" data-name=\"installation-date\"><input class=\"wpcf7-form-control wpcf7-date wpcf7-validates-as-required wpcf7-validates-as-date\" max=\"2026-05-10\" aria-required=\"true\" aria-invalid=\"false\" placeholder=\"aaaa-mm-dd\" value=\"\" type=\"date\" name=\"installation-date\" \/><\/span> <\/label>\n<label class=\"col6\"> <strong>Fecha de compra<\/strong>\n    <span class=\"wpcf7-form-control-wrap\" data-name=\"date-purchase\"><input class=\"wpcf7-form-control wpcf7-date wpcf7-validates-as-date\" max=\"2026-05-10\" aria-invalid=\"false\" placeholder=\"aaaa-mm-dd\" value=\"\" type=\"date\" name=\"date-purchase\" \/><\/span> <\/label>\n<label class=\"col6\"> <strong>Establecimiento de compra<\/strong>\n    <span class=\"wpcf7-form-control-wrap\" data-name=\"purchase-establishment\"><input size=\"40\" maxlength=\"400\" class=\"wpcf7-form-control wpcf7-text wpcf7-validates-as-required\" aria-required=\"true\" aria-invalid=\"false\" value=\"\" type=\"text\" name=\"purchase-establishment\" \/><\/span> <\/label>\n<label class=\"col6\"> <strong>Direcci\u00f3n del establecimiento<\/strong>\n    <span class=\"wpcf7-form-control-wrap\" data-name=\"address-establishment\"><input size=\"40\" maxlength=\"400\" class=\"wpcf7-form-control wpcf7-text\" aria-invalid=\"false\" value=\"\" type=\"text\" name=\"address-establishment\" \/><\/span> <\/label>\n<label class=\"col6\"> <strong>Localidad del establecimiento<\/strong>\n    <span class=\"wpcf7-form-control-wrap\" data-name=\"town-establishment\"><input size=\"40\" maxlength=\"400\" class=\"wpcf7-form-control wpcf7-text wpcf7-validates-as-required\" aria-required=\"true\" aria-invalid=\"false\" value=\"\" type=\"text\" name=\"town-establishment\" \/><\/span> <\/label>\n<label class=\"col6\"> <strong>Factura de la compra (Max. 20Mb)<\/strong>\n    <span class=\"wpcf7-form-control-wrap\" data-name=\"invoice\"><input size=\"40\" class=\"wpcf7-form-control wpcf7-file\" accept=\".jpg,.png,.gif,.doc,.pdf,.csv,.docx\" aria-invalid=\"false\" type=\"file\" name=\"invoice\" \/><\/span> <\/label>\n<div>\n<label class=\"col12\"> <strong>Por favor, expl\u00edcanos el motivo de tu solicitud<\/strong> \n<span class=\"wpcf7-form-control-wrap\" data-name=\"comment\"><textarea cols=\"40\" rows=\"10\" maxlength=\"2000\" class=\"wpcf7-form-control wpcf7-textarea wpcf7-validates-as-required\" aria-required=\"true\" aria-invalid=\"false\" name=\"comment\"><\/textarea><\/span><\/label>\n<\/div>\n<div>\n<label class=\"col6\"> <strong>Preferencia d\u00eda de reparaci\u00f3n<\/strong>\n    <span class=\"wpcf7-form-control-wrap\" data-name=\"day-preference\"><input size=\"40\" maxlength=\"400\" class=\"wpcf7-form-control wpcf7-text wpcf7-validates-as-required\" aria-required=\"true\" aria-invalid=\"false\" value=\"\" type=\"text\" name=\"day-preference\" \/><\/span> <\/label>\n<label class=\"col6\"> <strong>Preferencia hora de reparaci\u00f3n<\/strong>\n    <span class=\"wpcf7-form-control-wrap\" data-name=\"time-preference\"><input size=\"40\" maxlength=\"400\" class=\"wpcf7-form-control wpcf7-text wpcf7-validates-as-required\" aria-required=\"true\" aria-invalid=\"false\" value=\"\" type=\"text\" name=\"time-preference\" \/><\/span> <\/label>\n<\/div>\n<div>\n<label class=\"col12 label-privacy-policy\"> <span class=\"wpcf7-form-control-wrap\" data-name=\"privacy-policy\"><span class=\"wpcf7-form-control wpcf7-acceptance\"><span class=\"wpcf7-list-item\"><input type=\"checkbox\" name=\"privacy-policy\" value=\"1\" aria-invalid=\"false\" \/><\/span><\/span><\/span> He le\u00eddo y acepto la <a href=\" https:\/\/www.teka.com\/es-cl\/politica-de-privacidad\/\">Pol\u00edtica de Privacidad<\/a> <\/label>\n<\/div>\n\n<input class=\"wpcf7-form-control wpcf7-submit has-spinner\" type=\"submit\" value=\"Submit\" \/><p style=\"display: none !important;\" class=\"akismet-fields-container\" data-prefix=\"_wpcf7_ak_\"><label>&#916;<textarea name=\"_wpcf7_ak_hp_textarea\" cols=\"45\" rows=\"8\" maxlength=\"100\"><\/textarea><\/label><input type=\"hidden\" id=\"ak_js_1\" name=\"_wpcf7_ak_js\" value=\"72\"\/><script type=\"text\/javascript\">\n\/* <![CDATA[ *\/\ndocument.getElementById( \"ak_js_1\" ).setAttribute( \"value\", ( new Date() ).getTime() );\n\/* ]]> *\/\n<\/script>\n<\/p><div class=\"wpcf7-response-output\" aria-hidden=\"true\"><\/div>\n<\/form>\n<\/div>\n\n<p>[\/et_pb_text][\/et_pb_column][\/et_pb_row][\/et_pb_section]<\/p>\n","protected":false},"excerpt":{"rendered":"<p>Solicitar una reparaci\u00f3nSolicite reparaci\u00f3n de productos Teka. Para solicitar un servicio t\u00e9cnico Teka en Chile, puede contactarnos al 600 360 0330\u00a0\u00a0o rellenar el siguiente formulario. A trav\u00e9s de este formulario podr\u00e1 solicitar la reparaci\u00f3n de productos Teka con fallas, defectuosos o cubiertos por garant\u00eda, contando siempre con la atenci\u00f3n directa de nuestro servicio t\u00e9cnico autorizado [&hellip;]<\/p>\n","protected":false},"author":157,"featured_media":0,"parent":5193,"menu_order":0,"comment_status":"closed","ping_status":"closed","template":"","meta":{"_acf_changed":false,"_et_pb_use_builder":"on","_et_pb_old_content":"","_et_gb_content_width":"","footnotes":""},"class_list":["post-122693","page","type-page","status-publish","hentry"],"acf":[],"yoast_head":"<!-- This site is optimized with the Yoast SEO plugin v27.5 - https:\/\/yoast.com\/product\/yoast-seo-wordpress\/ -->\n<title>Solicitar reparaci\u00f3n | Teka Chile<\/title>\n<meta name=\"robots\" content=\"index, follow, max-snippet:-1, max-image-preview:large, max-video-preview:-1\" \/>\n<link rel=\"canonical\" href=\"https:\/\/www.teka.com\/es-cl\/soporte\/solicitar-reparacion\/\" \/>\n<meta property=\"og:locale\" content=\"es_ES\" \/>\n<meta property=\"og:type\" content=\"article\" \/>\n<meta property=\"og:title\" content=\"Solicitar reparaci\u00f3n | Teka Chile\" \/>\n<meta property=\"og:description\" content=\"Solicitar una reparaci\u00f3nSolicite reparaci\u00f3n de productos Teka. Para solicitar un servicio t\u00e9cnico Teka en Chile, puede contactarnos al \u00a0\u00a0o rellenar el siguiente formulario. A trav\u00e9s de este formulario podr\u00e1 solicitar la reparaci\u00f3n de productos Teka con fallas, defectuosos o cubiertos por garant\u00eda, contando siempre con la atenci\u00f3n directa de nuestro servicio t\u00e9cnico autorizado [&hellip;]\" \/>\n<meta property=\"og:url\" content=\"https:\/\/www.teka.com\/es-cl\/soporte\/solicitar-reparacion\/\" \/>\n<meta property=\"og:site_name\" content=\"Teka Chile\" \/>\n<meta property=\"article:publisher\" content=\"https:\/\/www.facebook.com\/TekaCL\/\" \/>\n<meta property=\"article:modified_time\" content=\"2025-10-27T16:59:48+00:00\" \/>\n<meta property=\"og:image\" content=\"https:\/\/www.teka.com\/es-cl\/wp-content\/uploads\/sites\/10\/2024\/11\/FINAL-Teka-Logo-jan-19-RED-scaled.jpg\" \/>\n\t<meta property=\"og:image:width\" content=\"2560\" \/>\n\t<meta property=\"og:image:height\" content=\"2560\" \/>\n\t<meta property=\"og:image:type\" content=\"image\/jpeg\" \/>\n<meta name=\"twitter:card\" content=\"summary_large_image\" \/>\n<meta name=\"twitter:label1\" content=\"Tiempo de lectura\" \/>\n\t<meta name=\"twitter:data1\" content=\"2 minutos\" \/>\n<script type=\"application\/ld+json\" class=\"yoast-schema-graph\">{\"@context\":\"https:\\\/\\\/schema.org\",\"@graph\":[{\"@type\":\"WebPage\",\"@id\":\"https:\\\/\\\/www.teka.com\\\/es-cl\\\/soporte\\\/solicitar-reparacion\\\/\",\"url\":\"https:\\\/\\\/www.teka.com\\\/es-cl\\\/soporte\\\/solicitar-reparacion\\\/\",\"name\":\"Solicitar reparaci\u00f3n | Teka Chile\",\"isPartOf\":{\"@id\":\"https:\\\/\\\/www.teka.com\\\/es-cl\\\/#website\"},\"datePublished\":\"2024-10-31T11:02:13+00:00\",\"dateModified\":\"2025-10-27T16:59:48+00:00\",\"breadcrumb\":{\"@id\":\"https:\\\/\\\/www.teka.com\\\/es-cl\\\/soporte\\\/solicitar-reparacion\\\/#breadcrumb\"},\"inLanguage\":\"es\",\"potentialAction\":[{\"@type\":\"ReadAction\",\"target\":[\"https:\\\/\\\/www.teka.com\\\/es-cl\\\/soporte\\\/solicitar-reparacion\\\/\"]}]},{\"@type\":\"BreadcrumbList\",\"@id\":\"https:\\\/\\\/www.teka.com\\\/es-cl\\\/soporte\\\/solicitar-reparacion\\\/#breadcrumb\",\"itemListElement\":[{\"@type\":\"ListItem\",\"position\":1,\"name\":\"Soporte\",\"item\":\"https:\\\/\\\/www.teka.com\\\/es-cl\\\/soporte\\\/\"},{\"@type\":\"ListItem\",\"position\":2,\"name\":\"Solicitar reparaci\u00f3n\"}]},{\"@type\":\"WebSite\",\"@id\":\"https:\\\/\\\/www.teka.com\\\/es-cl\\\/#website\",\"url\":\"https:\\\/\\\/www.teka.com\\\/es-cl\\\/\",\"name\":\"Teka Chile\",\"description\":\"\",\"publisher\":{\"@id\":\"https:\\\/\\\/www.teka.com\\\/es-cl\\\/#organization\"},\"alternateName\":\"Teka\",\"potentialAction\":[{\"@type\":\"SearchAction\",\"target\":{\"@type\":\"EntryPoint\",\"urlTemplate\":\"https:\\\/\\\/www.teka.com\\\/es-cl\\\/?s={search_term_string}\"},\"query-input\":{\"@type\":\"PropertyValueSpecification\",\"valueRequired\":true,\"valueName\":\"search_term_string\"}}],\"inLanguage\":\"es\"},{\"@type\":\"Organization\",\"@id\":\"https:\\\/\\\/www.teka.com\\\/es-cl\\\/#organization\",\"name\":\"Teka Chile\",\"alternateName\":\"Teka\",\"url\":\"https:\\\/\\\/www.teka.com\\\/es-cl\\\/\",\"logo\":{\"@type\":\"ImageObject\",\"inLanguage\":\"es\",\"@id\":\"https:\\\/\\\/www.teka.com\\\/es-cl\\\/#\\\/schema\\\/logo\\\/image\\\/\",\"url\":\"https:\\\/\\\/www.teka.com\\\/es-cl\\\/wp-content\\\/uploads\\\/sites\\\/10\\\/2024\\\/11\\\/Lg_TEKA_Red_Box_Tagline_ESP_RGB_1-01-scaled.jpg\",\"contentUrl\":\"https:\\\/\\\/www.teka.com\\\/es-cl\\\/wp-content\\\/uploads\\\/sites\\\/10\\\/2024\\\/11\\\/Lg_TEKA_Red_Box_Tagline_ESP_RGB_1-01-scaled.jpg\",\"width\":2560,\"height\":2004,\"caption\":\"Teka Chile\"},\"image\":{\"@id\":\"https:\\\/\\\/www.teka.com\\\/es-cl\\\/#\\\/schema\\\/logo\\\/image\\\/\"},\"sameAs\":[\"https:\\\/\\\/www.facebook.com\\\/TekaCL\\\/\",\"https:\\\/\\\/www.instagram.com\\\/tekachile\\\/\",\"https:\\\/\\\/www.youtube.com\\\/channel\\\/UC5yp0d4rOPUTTouDg6sFRcA\",\"https:\\\/\\\/www.linkedin.com\\\/company\\\/teka-latam\\\/\"]}]}<\/script>\n<!-- \/ Yoast SEO plugin. -->","yoast_head_json":{"title":"Solicitar reparaci\u00f3n | Teka Chile","robots":{"index":"index","follow":"follow","max-snippet":"max-snippet:-1","max-image-preview":"max-image-preview:large","max-video-preview":"max-video-preview:-1"},"canonical":"https:\/\/www.teka.com\/es-cl\/soporte\/solicitar-reparacion\/","og_locale":"es_ES","og_type":"article","og_title":"Solicitar reparaci\u00f3n | Teka Chile","og_description":"Solicitar una reparaci\u00f3nSolicite reparaci\u00f3n de productos Teka. Para solicitar un servicio t\u00e9cnico Teka en Chile, puede contactarnos al \u00a0\u00a0o rellenar el siguiente formulario. A trav\u00e9s de este formulario podr\u00e1 solicitar la reparaci\u00f3n de productos Teka con fallas, defectuosos o cubiertos por garant\u00eda, contando siempre con la atenci\u00f3n directa de nuestro servicio t\u00e9cnico autorizado [&hellip;]","og_url":"https:\/\/www.teka.com\/es-cl\/soporte\/solicitar-reparacion\/","og_site_name":"Teka Chile","article_publisher":"https:\/\/www.facebook.com\/TekaCL\/","article_modified_time":"2025-10-27T16:59:48+00:00","og_image":[{"width":2560,"height":2560,"url":"https:\/\/www.teka.com\/es-cl\/wp-content\/uploads\/sites\/10\/2024\/11\/FINAL-Teka-Logo-jan-19-RED-scaled.jpg","type":"image\/jpeg"}],"twitter_card":"summary_large_image","twitter_misc":{"Tiempo de lectura":"2 minutos"},"schema":{"@context":"https:\/\/schema.org","@graph":[{"@type":"WebPage","@id":"https:\/\/www.teka.com\/es-cl\/soporte\/solicitar-reparacion\/","url":"https:\/\/www.teka.com\/es-cl\/soporte\/solicitar-reparacion\/","name":"Solicitar reparaci\u00f3n | Teka Chile","isPartOf":{"@id":"https:\/\/www.teka.com\/es-cl\/#website"},"datePublished":"2024-10-31T11:02:13+00:00","dateModified":"2025-10-27T16:59:48+00:00","breadcrumb":{"@id":"https:\/\/www.teka.com\/es-cl\/soporte\/solicitar-reparacion\/#breadcrumb"},"inLanguage":"es","potentialAction":[{"@type":"ReadAction","target":["https:\/\/www.teka.com\/es-cl\/soporte\/solicitar-reparacion\/"]}]},{"@type":"BreadcrumbList","@id":"https:\/\/www.teka.com\/es-cl\/soporte\/solicitar-reparacion\/#breadcrumb","itemListElement":[{"@type":"ListItem","position":1,"name":"Soporte","item":"https:\/\/www.teka.com\/es-cl\/soporte\/"},{"@type":"ListItem","position":2,"name":"Solicitar reparaci\u00f3n"}]},{"@type":"WebSite","@id":"https:\/\/www.teka.com\/es-cl\/#website","url":"https:\/\/www.teka.com\/es-cl\/","name":"Teka Chile","description":"","publisher":{"@id":"https:\/\/www.teka.com\/es-cl\/#organization"},"alternateName":"Teka","potentialAction":[{"@type":"SearchAction","target":{"@type":"EntryPoint","urlTemplate":"https:\/\/www.teka.com\/es-cl\/?s={search_term_string}"},"query-input":{"@type":"PropertyValueSpecification","valueRequired":true,"valueName":"search_term_string"}}],"inLanguage":"es"},{"@type":"Organization","@id":"https:\/\/www.teka.com\/es-cl\/#organization","name":"Teka Chile","alternateName":"Teka","url":"https:\/\/www.teka.com\/es-cl\/","logo":{"@type":"ImageObject","inLanguage":"es","@id":"https:\/\/www.teka.com\/es-cl\/#\/schema\/logo\/image\/","url":"https:\/\/www.teka.com\/es-cl\/wp-content\/uploads\/sites\/10\/2024\/11\/Lg_TEKA_Red_Box_Tagline_ESP_RGB_1-01-scaled.jpg","contentUrl":"https:\/\/www.teka.com\/es-cl\/wp-content\/uploads\/sites\/10\/2024\/11\/Lg_TEKA_Red_Box_Tagline_ESP_RGB_1-01-scaled.jpg","width":2560,"height":2004,"caption":"Teka Chile"},"image":{"@id":"https:\/\/www.teka.com\/es-cl\/#\/schema\/logo\/image\/"},"sameAs":["https:\/\/www.facebook.com\/TekaCL\/","https:\/\/www.instagram.com\/tekachile\/","https:\/\/www.youtube.com\/channel\/UC5yp0d4rOPUTTouDg6sFRcA","https:\/\/www.linkedin.com\/company\/teka-latam\/"]}]}},"_links":{"self":[{"href":"https:\/\/www.teka.com\/es-cl\/wp-json\/wp\/v2\/pages\/122693","targetHints":{"allow":["GET"]}}],"collection":[{"href":"https:\/\/www.teka.com\/es-cl\/wp-json\/wp\/v2\/pages"}],"about":[{"href":"https:\/\/www.teka.com\/es-cl\/wp-json\/wp\/v2\/types\/page"}],"author":[{"embeddable":true,"href":"https:\/\/www.teka.com\/es-cl\/wp-json\/wp\/v2\/users\/157"}],"replies":[{"embeddable":true,"href":"https:\/\/www.teka.com\/es-cl\/wp-json\/wp\/v2\/comments?post=122693"}],"version-history":[{"count":33,"href":"https:\/\/www.teka.com\/es-cl\/wp-json\/wp\/v2\/pages\/122693\/revisions"}],"predecessor-version":[{"id":123759,"href":"https:\/\/www.teka.com\/es-cl\/wp-json\/wp\/v2\/pages\/122693\/revisions\/123759"}],"up":[{"embeddable":true,"href":"https:\/\/www.teka.com\/es-cl\/wp-json\/wp\/v2\/pages\/5193"}],"wp:attachment":[{"href":"https:\/\/www.teka.com\/es-cl\/wp-json\/wp\/v2\/media?parent=122693"}],"curies":[{"name":"wp","href":"https:\/\/api.w.org\/{rel}","templated":true}]}}