{"id":21991,"date":"2018-09-11T08:07:27","date_gmt":"2018-09-11T06:07:27","guid":{"rendered":"http:\/\/teka.com\/?page_id=21991"},"modified":"2021-09-16T16:52:22","modified_gmt":"2021-09-16T14:52:22","slug":"presencia-internacional","status":"publish","type":"page","link":"https:\/\/www.teka.com\/es-cl\/sobre-nosotros\/presencia-internacional\/","title":{"rendered":"Presencia internacional"},"content":{"rendered":"<p>[et_pb_section fb_built=\u00bb1&#8243; module_id=\u00bbteka-top\u00bb _builder_version=\u00bb3.17.6&#8243; background_image=\u00bbhttps:\/\/www.teka.com\/es-cl\/wp-content\/uploads\/sites\/10\/2018\/11\/teka-slider-about-us-desktop.jpg\u00bb global_module=\u00bb23211&#8243;][et_pb_row _builder_version=\u00bb3.25&#8243; background_size=\u00bbinitial\u00bb background_position=\u00bbtop_left\u00bb background_repeat=\u00bbrepeat\u00bb column_structure=\u00bb1_2,1_2&#8243;][et_pb_column type=\u00bb1_2&#8243; _builder_version=\u00bb3.25&#8243; custom_padding=\u00bb|||\u00bb custom_padding__hover=\u00bb|||\u00bb][et_pb_text admin_label=\u00bbHeader Title\u00bb _builder_version=\u00bb3.27.4&#8243; background_layout=\u00bbdark\u00bb]<\/p>\n<p>&nbsp;<\/p>\n<h3><strong>Teka Group<\/strong>,<br \/>esp\u00edritu alem\u00e1n<\/h3>\n<p>&nbsp;<\/p>\n<p>&nbsp;<\/p>\n<p>&nbsp;<\/p>\n<\/p>\n<p>[\/et_pb_text][\/et_pb_column][et_pb_column type=\u00bb1_2&#8243; _builder_version=\u00bb3.25&#8243; custom_padding=\u00bb|||\u00bb custom_padding__hover=\u00bb|||\u00bb][\/et_pb_column][\/et_pb_row][\/et_pb_section][et_pb_section fb_built=\u00bb1&#8243; module_id=\u00bbteka-menu\u00bb _builder_version=\u00bb3.14&#8243; background_color=\u00bb#0e0e0e\u00bb global_module=\u00bb23212&#8243;][et_pb_row _builder_version=\u00bb3.25&#8243; background_size=\u00bbinitial\u00bb background_position=\u00bbtop_left\u00bb background_repeat=\u00bbrepeat\u00bb][et_pb_column type=\u00bb4_4&#8243; _builder_version=\u00bb3.25&#8243; custom_padding=\u00bb|||\u00bb custom_padding__hover=\u00bb|||\u00bb][et_pb_sidebar area=\u00bbet_pb_widget_area_4&#8243; disabled_on=\u00bbon|on|\u00bb _builder_version=\u00bb3.17.6&#8243; background_layout=\u00bbdark\u00bb][\/et_pb_sidebar][et_pb_sidebar area=\u00bbet_pb_widget_area_8&#8243; disabled_on=\u00bbon||on\u00bb admin_label=\u00bbBarra lateral Tablet\u00bb _builder_version=\u00bb3.17.6&#8243; background_layout=\u00bbdark\u00bb][\/et_pb_sidebar][et_pb_sidebar area=\u00bbet_pb_widget_area_7&#8243; disabled_on=\u00bb|on|on\u00bb admin_label=\u00bbBarra lateral Mobile\u00bb _builder_version=\u00bb3.17.6&#8243; background_layout=\u00bbdark\u00bb][\/et_pb_sidebar][\/et_pb_column][\/et_pb_row][\/et_pb_section][et_pb_section fb_built=\u00bb1&#8243; module_id=\u00bbpresencia-internacional\u00bb _builder_version=\u00bb3.22&#8243; background_color=\u00bb#222222&#8243;][et_pb_row module_id=\u00bbworldwide-top\u00bb _builder_version=\u00bb3.25&#8243; custom_width_percent=\u00bb90%\u00bb column_structure=\u00bb1_3,2_3&#8243;][et_pb_column type=\u00bb1_3&#8243; _builder_version=\u00bb3.25&#8243; custom_padding=\u00bb|||\u00bb custom_padding__hover=\u00bb|||\u00bb][et_pb_text _builder_version=\u00bb3.27.4&#8243; background_layout=\u00bbdark\u00bb]<\/p>\n<h1>Presencia<br \/><strong>internacional<\/strong><\/h1>\n<p>[\/et_pb_text][\/et_pb_column][et_pb_column type=\u00bb2_3&#8243; _builder_version=\u00bb3.25&#8243; custom_padding=\u00bb|||\u00bb custom_padding__hover=\u00bb|||\u00bb][et_pb_text _builder_version=\u00bb3.27.4&#8243; background_layout=\u00bbdark\u00bb]<\/p>\n<p>Teka est\u00e1 presente en los cinco continentes, y en la actualidad comercializa sus productos en m\u00e1s de 120 pa\u00edses.<\/p>\n<p>La compa\u00f1\u00eda cuenta con 15 f\u00e1bricas repartidas por Europa, Asia y Am\u00e9rica, en las que fabrica m\u00e1s de 15 millones de productos cada a\u00f1o.<\/p>\n<p>[\/et_pb_text][\/et_pb_column][\/et_pb_row][et_pb_row disabled_on=\u00bboff|off|off\u00bb module_id=\u00bbworldwide-map\u00bb _builder_version=\u00bb3.25&#8243;][et_pb_column type=\u00bb4_4&#8243; _builder_version=\u00bb3.25&#8243; custom_padding=\u00bb|||\u00bb custom_padding__hover=\u00bb|||\u00bb][et_pb_code disabled_on=\u00bbon|on|on\u00bb disabled=\u00bbon\u00bb]<!-- [et_pb_line_break_holder] -->var worldwidePoints = {<!-- [et_pb_line_break_holder] --><!-- [et_pb_line_break_holder] --> &#8216;Teka Spain&#8217;: {<!-- [et_pb_line_break_holder] --> &#8216;address&#8217;: &#8216;Calle Cajo 17Santander, Espa\u00f1a&#8217;,<!-- [et_pb_line_break_holder] --> &#8216;mail&#8217;: &#8216;mail@teka.com&#8217;,<!-- [et_pb_line_break_holder] --> &#8216;top&#8217;: 267,<!-- [et_pb_line_break_holder] --> &#8216;left&#8217;: 461<!-- [et_pb_line_break_holder] --> },<!-- [et_pb_line_break_holder] --><!-- [et_pb_line_break_holder] --> &#8216;Teka Portugal&#8217;: {<!-- [et_pb_line_break_holder] --> &#8216;address&#8217;: &#8216;Calle Cajo 17Santander, Espa\u00f1a&#8217;,<!-- [et_pb_line_break_holder] --> &#8216;mail&#8217;: &#8216;mail@teka.com&#8217;,<!-- [et_pb_line_break_holder] --> &#8216;top&#8217;: 281,<!-- [et_pb_line_break_holder] --> &#8216;left&#8217;: 451<!-- [et_pb_line_break_holder] --> },<!-- [et_pb_line_break_holder] --><!-- [et_pb_line_break_holder] --> &#8216;Teka Italia&#8217;: {<!-- [et_pb_line_break_holder] --> &#8216;address&#8217;: &#8216;Calle Cajo 17Santander, Italy&#8217;,<!-- [et_pb_line_break_holder] --> &#8216;top&#8217;: 267,<!-- [et_pb_line_break_holder] --> &#8216;left&#8217;: 512<!-- [et_pb_line_break_holder] --> },<!-- [et_pb_line_break_holder] --><!-- [et_pb_line_break_holder] -->&#8216;Teka Canada&#8217;:{<!-- [et_pb_line_break_holder] -->&#8216;address&#8217;: &#8216;Lorem ipsum  Canada&#8217;,<!-- [et_pb_line_break_holder] -->&#8216;mail&#8217;: &#8216;example@teka.com&#8217;,<!-- [et_pb_line_break_holder] -->&#8216;top&#8217;: 220,<!-- [et_pb_line_break_holder] -->&#8216;left&#8217;: 170<!-- [et_pb_line_break_holder] -->},<!-- [et_pb_line_break_holder] --><!-- [et_pb_line_break_holder] -->&#8216;Teka Chile&#8217;:{<!-- [et_pb_line_break_holder] -->&#8216;address&#8217;: &#8216;Lorem ipsum  Chile&#8217;,<!-- [et_pb_line_break_holder] -->&#8216;mail&#8217;: &#8216;example@teka.com&#8217;,<!-- [et_pb_line_break_holder] -->&#8216;top&#8217;: 520,<!-- [et_pb_line_break_holder] -->&#8216;left&#8217;: 265<!-- [et_pb_line_break_holder] -->},<!-- [et_pb_line_break_holder] --><!-- [et_pb_line_break_holder] -->&#8216;Teka Colombia&#8217;:{<!-- [et_pb_line_break_holder] -->&#8216;address&#8217;: &#8216;Lorem ipsum  Colombia&#8217;,<!-- [et_pb_line_break_holder] -->&#8216;mail&#8217;: &#8216;example@teka.com&#8217;,<!-- [et_pb_line_break_holder] -->&#8216;top&#8217;: 390,<!-- [et_pb_line_break_holder] -->&#8216;left&#8217;: 260<!-- [et_pb_line_break_holder] -->},<!-- [et_pb_line_break_holder] -->};<!-- [et_pb_line_break_holder] -->[\/et_pb_code][\/et_pb_column][\/et_pb_row][\/et_pb_section]<\/p>\n","protected":false},"excerpt":{"rendered":"<p>&nbsp; Teka Group,esp\u00edritu alem\u00e1n &nbsp; &nbsp; &nbsp; Presenciainternacional Teka est\u00e1 presente en los cinco continentes, y en la actualidad comercializa sus productos en m\u00e1s de 120 pa\u00edses.La compa\u00f1\u00eda cuenta con 15 f\u00e1bricas repartidas por Europa, Asia y Am\u00e9rica, en las que fabrica m\u00e1s de 15 millones de productos cada a\u00f1o.<\/p>\n","protected":false},"author":9,"featured_media":0,"parent":21989,"menu_order":3,"comment_status":"closed","ping_status":"closed","template":"","meta":{"_acf_changed":false,"_et_pb_use_builder":"on","_et_pb_old_content":"","_et_gb_content_width":"","footnotes":""},"class_list":["post-21991","page","type-page","status-publish","hentry"],"acf":[],"yoast_head":"<!-- This site is optimized with the Yoast SEO plugin v27.5 - https:\/\/yoast.com\/product\/yoast-seo-wordpress\/ -->\n<title>Presencia Internacional en los 5 continentes | Teka Chile<\/title>\n<meta name=\"description\" content=\"Conoce la presencia internacional del Grupo Teka: 120 pa\u00edses en los 5 continentes, 15 f\u00e1bricas por todo el mundo y m\u00e1s de 100 millones de clientes.\" \/>\n<meta name=\"robots\" content=\"index, follow, max-snippet:-1, max-image-preview:large, max-video-preview:-1\" \/>\n<link rel=\"canonical\" href=\"https:\/\/www.teka.com\/es-cl\/sobre-nosotros\/presencia-internacional\/\" \/>\n<meta property=\"og:locale\" content=\"es_ES\" \/>\n<meta property=\"og:type\" content=\"article\" \/>\n<meta property=\"og:title\" content=\"Presencia Internacional en los 5 continentes | Teka Chile\" \/>\n<meta property=\"og:description\" content=\"Conoce la presencia internacional del Grupo Teka: 120 pa\u00edses en los 5 continentes, 15 f\u00e1bricas por todo el mundo y m\u00e1s de 100 millones de clientes.\" \/>\n<meta property=\"og:url\" content=\"https:\/\/www.teka.com\/es-cl\/sobre-nosotros\/presencia-internacional\/\" \/>\n<meta property=\"og:site_name\" content=\"Teka Chile\" \/>\n<meta property=\"article:publisher\" content=\"https:\/\/www.facebook.com\/TekaCL\/\" \/>\n<meta property=\"article:modified_time\" content=\"2021-09-16T14:52:22+00:00\" \/>\n<meta property=\"og:image\" content=\"https:\/\/www.teka.com\/es-cl\/wp-content\/uploads\/sites\/10\/2024\/11\/FINAL-Teka-Logo-jan-19-RED-scaled.jpg\" \/>\n\t<meta property=\"og:image:width\" content=\"2560\" \/>\n\t<meta property=\"og:image:height\" content=\"2560\" \/>\n\t<meta property=\"og:image:type\" content=\"image\/jpeg\" \/>\n<meta name=\"twitter:card\" content=\"summary_large_image\" \/>\n<meta name=\"twitter:label1\" content=\"Tiempo de lectura\" \/>\n\t<meta name=\"twitter:data1\" content=\"2 minutos\" \/>\n<script type=\"application\/ld+json\" class=\"yoast-schema-graph\">{\"@context\":\"https:\\\/\\\/schema.org\",\"@graph\":[{\"@type\":\"WebPage\",\"@id\":\"https:\\\/\\\/www.teka.com\\\/es-cl\\\/sobre-nosotros\\\/presencia-internacional\\\/\",\"url\":\"https:\\\/\\\/www.teka.com\\\/es-cl\\\/sobre-nosotros\\\/presencia-internacional\\\/\",\"name\":\"Presencia Internacional en los 5 continentes | Teka Chile\",\"isPartOf\":{\"@id\":\"https:\\\/\\\/www.teka.com\\\/es-cl\\\/#website\"},\"datePublished\":\"2018-09-11T06:07:27+00:00\",\"dateModified\":\"2021-09-16T14:52:22+00:00\",\"description\":\"Conoce la presencia internacional del Grupo Teka: 120 pa\u00edses en los 5 continentes, 15 f\u00e1bricas por todo el mundo y m\u00e1s de 100 millones de clientes.\",\"breadcrumb\":{\"@id\":\"https:\\\/\\\/www.teka.com\\\/es-cl\\\/sobre-nosotros\\\/presencia-internacional\\\/#breadcrumb\"},\"inLanguage\":\"es\",\"potentialAction\":[{\"@type\":\"ReadAction\",\"target\":[\"https:\\\/\\\/www.teka.com\\\/es-cl\\\/sobre-nosotros\\\/presencia-internacional\\\/\"]}]},{\"@type\":\"BreadcrumbList\",\"@id\":\"https:\\\/\\\/www.teka.com\\\/es-cl\\\/sobre-nosotros\\\/presencia-internacional\\\/#breadcrumb\",\"itemListElement\":[{\"@type\":\"ListItem\",\"position\":1,\"name\":\"Acerca de Teka\",\"item\":\"https:\\\/\\\/www.teka.com\\\/es-cl\\\/sobre-nosotros\\\/\"},{\"@type\":\"ListItem\",\"position\":2,\"name\":\"Presencia internacional\"}]},{\"@type\":\"WebSite\",\"@id\":\"https:\\\/\\\/www.teka.com\\\/es-cl\\\/#website\",\"url\":\"https:\\\/\\\/www.teka.com\\\/es-cl\\\/\",\"name\":\"Teka Chile\",\"description\":\"\",\"publisher\":{\"@id\":\"https:\\\/\\\/www.teka.com\\\/es-cl\\\/#organization\"},\"alternateName\":\"Teka\",\"potentialAction\":[{\"@type\":\"SearchAction\",\"target\":{\"@type\":\"EntryPoint\",\"urlTemplate\":\"https:\\\/\\\/www.teka.com\\\/es-cl\\\/?s={search_term_string}\"},\"query-input\":{\"@type\":\"PropertyValueSpecification\",\"valueRequired\":true,\"valueName\":\"search_term_string\"}}],\"inLanguage\":\"es\"},{\"@type\":\"Organization\",\"@id\":\"https:\\\/\\\/www.teka.com\\\/es-cl\\\/#organization\",\"name\":\"Teka Chile\",\"alternateName\":\"Teka\",\"url\":\"https:\\\/\\\/www.teka.com\\\/es-cl\\\/\",\"logo\":{\"@type\":\"ImageObject\",\"inLanguage\":\"es\",\"@id\":\"https:\\\/\\\/www.teka.com\\\/es-cl\\\/#\\\/schema\\\/logo\\\/image\\\/\",\"url\":\"https:\\\/\\\/www.teka.com\\\/es-cl\\\/wp-content\\\/uploads\\\/sites\\\/10\\\/2024\\\/11\\\/Lg_TEKA_Red_Box_Tagline_ESP_RGB_1-01-scaled.jpg\",\"contentUrl\":\"https:\\\/\\\/www.teka.com\\\/es-cl\\\/wp-content\\\/uploads\\\/sites\\\/10\\\/2024\\\/11\\\/Lg_TEKA_Red_Box_Tagline_ESP_RGB_1-01-scaled.jpg\",\"width\":2560,\"height\":2004,\"caption\":\"Teka Chile\"},\"image\":{\"@id\":\"https:\\\/\\\/www.teka.com\\\/es-cl\\\/#\\\/schema\\\/logo\\\/image\\\/\"},\"sameAs\":[\"https:\\\/\\\/www.facebook.com\\\/TekaCL\\\/\",\"https:\\\/\\\/www.instagram.com\\\/tekachile\\\/\",\"https:\\\/\\\/www.youtube.com\\\/channel\\\/UC5yp0d4rOPUTTouDg6sFRcA\",\"https:\\\/\\\/www.linkedin.com\\\/company\\\/teka-latam\\\/\"]}]}<\/script>\n<!-- \/ Yoast SEO plugin. -->","yoast_head_json":{"title":"Presencia Internacional en los 5 continentes | Teka Chile","description":"Conoce la presencia internacional del Grupo Teka: 120 pa\u00edses en los 5 continentes, 15 f\u00e1bricas por todo el mundo y m\u00e1s de 100 millones de clientes.","robots":{"index":"index","follow":"follow","max-snippet":"max-snippet:-1","max-image-preview":"max-image-preview:large","max-video-preview":"max-video-preview:-1"},"canonical":"https:\/\/www.teka.com\/es-cl\/sobre-nosotros\/presencia-internacional\/","og_locale":"es_ES","og_type":"article","og_title":"Presencia Internacional en los 5 continentes | Teka Chile","og_description":"Conoce la presencia internacional del Grupo Teka: 120 pa\u00edses en los 5 continentes, 15 f\u00e1bricas por todo el mundo y m\u00e1s de 100 millones de clientes.","og_url":"https:\/\/www.teka.com\/es-cl\/sobre-nosotros\/presencia-internacional\/","og_site_name":"Teka Chile","article_publisher":"https:\/\/www.facebook.com\/TekaCL\/","article_modified_time":"2021-09-16T14:52:22+00:00","og_image":[{"width":2560,"height":2560,"url":"https:\/\/www.teka.com\/es-cl\/wp-content\/uploads\/sites\/10\/2024\/11\/FINAL-Teka-Logo-jan-19-RED-scaled.jpg","type":"image\/jpeg"}],"twitter_card":"summary_large_image","twitter_misc":{"Tiempo de lectura":"2 minutos"},"schema":{"@context":"https:\/\/schema.org","@graph":[{"@type":"WebPage","@id":"https:\/\/www.teka.com\/es-cl\/sobre-nosotros\/presencia-internacional\/","url":"https:\/\/www.teka.com\/es-cl\/sobre-nosotros\/presencia-internacional\/","name":"Presencia Internacional en los 5 continentes | Teka Chile","isPartOf":{"@id":"https:\/\/www.teka.com\/es-cl\/#website"},"datePublished":"2018-09-11T06:07:27+00:00","dateModified":"2021-09-16T14:52:22+00:00","description":"Conoce la presencia internacional del Grupo Teka: 120 pa\u00edses en los 5 continentes, 15 f\u00e1bricas por todo el mundo y m\u00e1s de 100 millones de clientes.","breadcrumb":{"@id":"https:\/\/www.teka.com\/es-cl\/sobre-nosotros\/presencia-internacional\/#breadcrumb"},"inLanguage":"es","potentialAction":[{"@type":"ReadAction","target":["https:\/\/www.teka.com\/es-cl\/sobre-nosotros\/presencia-internacional\/"]}]},{"@type":"BreadcrumbList","@id":"https:\/\/www.teka.com\/es-cl\/sobre-nosotros\/presencia-internacional\/#breadcrumb","itemListElement":[{"@type":"ListItem","position":1,"name":"Acerca de Teka","item":"https:\/\/www.teka.com\/es-cl\/sobre-nosotros\/"},{"@type":"ListItem","position":2,"name":"Presencia internacional"}]},{"@type":"WebSite","@id":"https:\/\/www.teka.com\/es-cl\/#website","url":"https:\/\/www.teka.com\/es-cl\/","name":"Teka Chile","description":"","publisher":{"@id":"https:\/\/www.teka.com\/es-cl\/#organization"},"alternateName":"Teka","potentialAction":[{"@type":"SearchAction","target":{"@type":"EntryPoint","urlTemplate":"https:\/\/www.teka.com\/es-cl\/?s={search_term_string}"},"query-input":{"@type":"PropertyValueSpecification","valueRequired":true,"valueName":"search_term_string"}}],"inLanguage":"es"},{"@type":"Organization","@id":"https:\/\/www.teka.com\/es-cl\/#organization","name":"Teka Chile","alternateName":"Teka","url":"https:\/\/www.teka.com\/es-cl\/","logo":{"@type":"ImageObject","inLanguage":"es","@id":"https:\/\/www.teka.com\/es-cl\/#\/schema\/logo\/image\/","url":"https:\/\/www.teka.com\/es-cl\/wp-content\/uploads\/sites\/10\/2024\/11\/Lg_TEKA_Red_Box_Tagline_ESP_RGB_1-01-scaled.jpg","contentUrl":"https:\/\/www.teka.com\/es-cl\/wp-content\/uploads\/sites\/10\/2024\/11\/Lg_TEKA_Red_Box_Tagline_ESP_RGB_1-01-scaled.jpg","width":2560,"height":2004,"caption":"Teka Chile"},"image":{"@id":"https:\/\/www.teka.com\/es-cl\/#\/schema\/logo\/image\/"},"sameAs":["https:\/\/www.facebook.com\/TekaCL\/","https:\/\/www.instagram.com\/tekachile\/","https:\/\/www.youtube.com\/channel\/UC5yp0d4rOPUTTouDg6sFRcA","https:\/\/www.linkedin.com\/company\/teka-latam\/"]}]}},"_links":{"self":[{"href":"https:\/\/www.teka.com\/es-cl\/wp-json\/wp\/v2\/pages\/21991","targetHints":{"allow":["GET"]}}],"collection":[{"href":"https:\/\/www.teka.com\/es-cl\/wp-json\/wp\/v2\/pages"}],"about":[{"href":"https:\/\/www.teka.com\/es-cl\/wp-json\/wp\/v2\/types\/page"}],"author":[{"embeddable":true,"href":"https:\/\/www.teka.com\/es-cl\/wp-json\/wp\/v2\/users\/9"}],"replies":[{"embeddable":true,"href":"https:\/\/www.teka.com\/es-cl\/wp-json\/wp\/v2\/comments?post=21991"}],"version-history":[{"count":33,"href":"https:\/\/www.teka.com\/es-cl\/wp-json\/wp\/v2\/pages\/21991\/revisions"}],"predecessor-version":[{"id":68941,"href":"https:\/\/www.teka.com\/es-cl\/wp-json\/wp\/v2\/pages\/21991\/revisions\/68941"}],"up":[{"embeddable":true,"href":"https:\/\/www.teka.com\/es-cl\/wp-json\/wp\/v2\/pages\/21989"}],"wp:attachment":[{"href":"https:\/\/www.teka.com\/es-cl\/wp-json\/wp\/v2\/media?parent=21991"}],"curies":[{"name":"wp","href":"https:\/\/api.w.org\/{rel}","templated":true}]}}