{"id":23564,"date":"2018-09-24T15:55:57","date_gmt":"2018-09-24T13:55:57","guid":{"rendered":"http:\/\/teka.com\/?page_id=23564"},"modified":"2024-10-31T13:21:00","modified_gmt":"2024-10-31T12:21:00","slug":"condiciones-garantia","status":"publish","type":"page","link":"https:\/\/www.teka.com\/es-cl\/soporte\/condiciones-garantia\/","title":{"rendered":"Condiciones de garant\u00eda"},"content":{"rendered":"<p>[et_pb_section fb_built=\u00bb1&#8243; module_id=\u00bblegal-container\u00bb _builder_version=\u00bb4.16&#8243; global_colors_info=\u00bb{}\u00bb][et_pb_row _builder_version=\u00bb4.16&#8243; global_colors_info=\u00bb{}\u00bb][et_pb_column type=\u00bb4_4&#8243; _builder_version=\u00bb4.16&#8243; custom_padding=\u00bb|||\u00bb global_colors_info=\u00bb{}\u00bb custom_padding__hover=\u00bb|||\u00bb][et_pb_text _builder_version=\u00bb4.16&#8243; global_colors_info=\u00bb{}\u00bb]<\/p>\n<h1>Condiciones de <strong>garant\u00eda<\/strong><\/h1>\n<p>[\/et_pb_text][et_pb_text _builder_version=\u00bb4.22.1&#8243; text_orientation=\u00bbjustified\u00bb hover_enabled=\u00bb0&#8243; global_colors_info=\u00bb{}\u00bb header_text_align=\u00bbjustify\u00bb sticky_enabled=\u00bb0&#8243;]<\/p>\n<p>Teka Chile, S.A. garantiza este artefacto por el plazo de 36 meses desde la fecha de la factura de compra, contra todo defecto de fabricaci\u00f3n, comprometi\u00e9ndose a reponer cualquier pieza defectuosa hasta conseguir el funcionamiento correcto del aparato.<\/p>\n<p>No son objeto de esta garant\u00eda, las ampolletas, cristales, pl\u00e1sticos y esmaltes que hayan sufrido golpes, as\u00ed como las aver\u00edas producidas por el mal uso del producto, instalaciones que no se hayan realizado acorde a lo indicado en el manual de instrucciones del aparato o por la manipulaci\u00f3n de personas no autorizadas.<\/p>\n<p>Este artefacto fue dise\u00f1ado para ser reparado en domicilio, de tal manera que las reparaciones cubiertas bajo esta garant\u00eda deber\u00e1n hacerse a trav\u00e9s de los talleres autorizados de Teka Chile, S.A., en el sitio donde est\u00e9 instalado el artefacto, debiendo otorgarse las facilidades para la reparaci\u00f3n del producto. En caso que no se den estas facilidades, esta garant\u00eda no podr\u00e1 ser ejercida.<\/p>\n<p>Los costos de recogida, transporte y entyrega del producto, ser\u00e1n responsabilidad del mismo cuando hayan sido solicitadas por su due\u00f1o. Toda la garant\u00eda a que se refiere el presente certificado pierde su validez si el artefacto no es utilizado dom\u00e9sticamente.<\/p>\n<p>Teka Chile, S.A., queda expresamente excluido de cualquier responsabilidad sobre eventuales da\u00f1os directos o indirectos a personas o cosas por aver\u00edas o defectos del aparato producidos por manipulaci\u00f3n indebida o por haberse usado de manera contraria a lo indicado en el manual de instrucciones del aparato.<\/p>\n<p>Para hacer efectiva la garant\u00eda indicada en este certificado, el due\u00f1o deber\u00e1 presentar este certificado y su correspondiente factura, boleta o acta de entrega suministrada por la constructora, seg\u00fan corresponda, al t\u00e9cnico del taller autorizado de Teka Chile, S.A. antes de efectuar cualquier reparaci\u00f3n, este certificado y las garant\u00edas otorgadas, caducar\u00e1n autom\u00e1ticamente, si los n\u00fameros de modelo o serie, tanto en el artefacto como en esta garant\u00eda, as\u00ed como los datos de la factura o del documento de compra del artefacto fueran alterados, mutilados y\/o eliminados.<\/p>\n<p>Todo personal t\u00e9cnico de los talleres autorizados de Teka Chile, S.A., llevar\u00e1 una credencial que les identificar\u00e1, expedida por Teka Chile, S.A. por favor, ex\u00edjala.<\/p>\n<p>Para obtener los servicios de garant\u00eda, comun\u00edquese con el taller autorizado m\u00e1s cercano a su hogar o llame al call center 600 360 0330.<\/p>\n<p>[\/et_pb_text][\/et_pb_column][\/et_pb_row][\/et_pb_section]<\/p>\n","protected":false},"excerpt":{"rendered":"<p>Condiciones de garant\u00eda Teka Chile, S.A. garantiza este artefacto por el plazo de 36 meses desde la fecha de la factura de compra, contra todo defecto de fabricaci\u00f3n, comprometi\u00e9ndose a reponer cualquier pieza defectuosa hasta conseguir el funcionamiento correcto del aparato. No son objeto de esta garant\u00eda, las ampolletas, cristales, pl\u00e1sticos y esmaltes que hayan [&hellip;]<\/p>\n","protected":false},"author":9,"featured_media":0,"parent":5193,"menu_order":0,"comment_status":"closed","ping_status":"closed","template":"","meta":{"_acf_changed":false,"_et_pb_use_builder":"on","_et_pb_old_content":"","_et_gb_content_width":"","footnotes":""},"class_list":["post-23564","page","type-page","status-publish","hentry"],"acf":[],"yoast_head":"<!-- This site is optimized with the Yoast SEO plugin v27.5 - https:\/\/yoast.com\/product\/yoast-seo-wordpress\/ -->\n<title>Consulta las condiciones de garant\u00eda | Teka Chile<\/title>\n<meta name=\"description\" content=\"Conoce las condiciones, coberturas y exclusiones de la garant\u00eda Teka. Para cualquier duda contacta con nosotros.\" \/>\n<meta name=\"robots\" content=\"index, follow, max-snippet:-1, max-image-preview:large, max-video-preview:-1\" \/>\n<link rel=\"canonical\" href=\"https:\/\/www.teka.com\/es-cl\/soporte\/condiciones-garantia\/\" \/>\n<meta property=\"og:locale\" content=\"es_ES\" \/>\n<meta property=\"og:type\" content=\"article\" \/>\n<meta property=\"og:title\" content=\"Consulta las condiciones de garant\u00eda | Teka Chile\" \/>\n<meta property=\"og:description\" content=\"Conoce las condiciones, coberturas y exclusiones de la garant\u00eda Teka. Para cualquier duda contacta con nosotros.\" \/>\n<meta property=\"og:url\" content=\"https:\/\/www.teka.com\/es-cl\/soporte\/condiciones-garantia\/\" \/>\n<meta property=\"og:site_name\" content=\"Teka Chile\" \/>\n<meta property=\"article:publisher\" content=\"https:\/\/www.facebook.com\/TekaCL\/\" \/>\n<meta property=\"article:modified_time\" content=\"2024-10-31T12:21:00+00:00\" \/>\n<meta property=\"og:image\" content=\"https:\/\/www.teka.com\/es-cl\/wp-content\/uploads\/sites\/10\/2024\/11\/FINAL-Teka-Logo-jan-19-RED-scaled.jpg\" \/>\n\t<meta property=\"og:image:width\" content=\"2560\" \/>\n\t<meta property=\"og:image:height\" content=\"2560\" \/>\n\t<meta property=\"og:image:type\" content=\"image\/jpeg\" \/>\n<meta name=\"twitter:card\" content=\"summary_large_image\" \/>\n<meta name=\"twitter:label1\" content=\"Tiempo de lectura\" \/>\n\t<meta name=\"twitter:data1\" content=\"2 minutos\" \/>\n<script type=\"application\/ld+json\" class=\"yoast-schema-graph\">{\"@context\":\"https:\\\/\\\/schema.org\",\"@graph\":[{\"@type\":\"WebPage\",\"@id\":\"https:\\\/\\\/www.teka.com\\\/es-cl\\\/soporte\\\/condiciones-garantia\\\/\",\"url\":\"https:\\\/\\\/www.teka.com\\\/es-cl\\\/soporte\\\/condiciones-garantia\\\/\",\"name\":\"Consulta las condiciones de garant\u00eda | Teka Chile\",\"isPartOf\":{\"@id\":\"https:\\\/\\\/www.teka.com\\\/es-cl\\\/#website\"},\"datePublished\":\"2018-09-24T13:55:57+00:00\",\"dateModified\":\"2024-10-31T12:21:00+00:00\",\"description\":\"Conoce las condiciones, coberturas y exclusiones de la garant\u00eda Teka. Para cualquier duda contacta con nosotros.\",\"breadcrumb\":{\"@id\":\"https:\\\/\\\/www.teka.com\\\/es-cl\\\/soporte\\\/condiciones-garantia\\\/#breadcrumb\"},\"inLanguage\":\"es\",\"potentialAction\":[{\"@type\":\"ReadAction\",\"target\":[\"https:\\\/\\\/www.teka.com\\\/es-cl\\\/soporte\\\/condiciones-garantia\\\/\"]}]},{\"@type\":\"BreadcrumbList\",\"@id\":\"https:\\\/\\\/www.teka.com\\\/es-cl\\\/soporte\\\/condiciones-garantia\\\/#breadcrumb\",\"itemListElement\":[{\"@type\":\"ListItem\",\"position\":1,\"name\":\"Soporte\",\"item\":\"https:\\\/\\\/www.teka.com\\\/es-cl\\\/soporte\\\/\"},{\"@type\":\"ListItem\",\"position\":2,\"name\":\"Condiciones de garant\u00eda\"}]},{\"@type\":\"WebSite\",\"@id\":\"https:\\\/\\\/www.teka.com\\\/es-cl\\\/#website\",\"url\":\"https:\\\/\\\/www.teka.com\\\/es-cl\\\/\",\"name\":\"Teka Chile\",\"description\":\"\",\"publisher\":{\"@id\":\"https:\\\/\\\/www.teka.com\\\/es-cl\\\/#organization\"},\"alternateName\":\"Teka\",\"potentialAction\":[{\"@type\":\"SearchAction\",\"target\":{\"@type\":\"EntryPoint\",\"urlTemplate\":\"https:\\\/\\\/www.teka.com\\\/es-cl\\\/?s={search_term_string}\"},\"query-input\":{\"@type\":\"PropertyValueSpecification\",\"valueRequired\":true,\"valueName\":\"search_term_string\"}}],\"inLanguage\":\"es\"},{\"@type\":\"Organization\",\"@id\":\"https:\\\/\\\/www.teka.com\\\/es-cl\\\/#organization\",\"name\":\"Teka Chile\",\"alternateName\":\"Teka\",\"url\":\"https:\\\/\\\/www.teka.com\\\/es-cl\\\/\",\"logo\":{\"@type\":\"ImageObject\",\"inLanguage\":\"es\",\"@id\":\"https:\\\/\\\/www.teka.com\\\/es-cl\\\/#\\\/schema\\\/logo\\\/image\\\/\",\"url\":\"https:\\\/\\\/www.teka.com\\\/es-cl\\\/wp-content\\\/uploads\\\/sites\\\/10\\\/2024\\\/11\\\/Lg_TEKA_Red_Box_Tagline_ESP_RGB_1-01-scaled.jpg\",\"contentUrl\":\"https:\\\/\\\/www.teka.com\\\/es-cl\\\/wp-content\\\/uploads\\\/sites\\\/10\\\/2024\\\/11\\\/Lg_TEKA_Red_Box_Tagline_ESP_RGB_1-01-scaled.jpg\",\"width\":2560,\"height\":2004,\"caption\":\"Teka Chile\"},\"image\":{\"@id\":\"https:\\\/\\\/www.teka.com\\\/es-cl\\\/#\\\/schema\\\/logo\\\/image\\\/\"},\"sameAs\":[\"https:\\\/\\\/www.facebook.com\\\/TekaCL\\\/\",\"https:\\\/\\\/www.instagram.com\\\/tekachile\\\/\",\"https:\\\/\\\/www.youtube.com\\\/channel\\\/UC5yp0d4rOPUTTouDg6sFRcA\",\"https:\\\/\\\/www.linkedin.com\\\/company\\\/teka-latam\\\/\"]}]}<\/script>\n<!-- \/ Yoast SEO plugin. -->","yoast_head_json":{"title":"Consulta las condiciones de garant\u00eda | Teka Chile","description":"Conoce las condiciones, coberturas y exclusiones de la garant\u00eda Teka. Para cualquier duda contacta con nosotros.","robots":{"index":"index","follow":"follow","max-snippet":"max-snippet:-1","max-image-preview":"max-image-preview:large","max-video-preview":"max-video-preview:-1"},"canonical":"https:\/\/www.teka.com\/es-cl\/soporte\/condiciones-garantia\/","og_locale":"es_ES","og_type":"article","og_title":"Consulta las condiciones de garant\u00eda | Teka Chile","og_description":"Conoce las condiciones, coberturas y exclusiones de la garant\u00eda Teka. Para cualquier duda contacta con nosotros.","og_url":"https:\/\/www.teka.com\/es-cl\/soporte\/condiciones-garantia\/","og_site_name":"Teka Chile","article_publisher":"https:\/\/www.facebook.com\/TekaCL\/","article_modified_time":"2024-10-31T12:21:00+00:00","og_image":[{"width":2560,"height":2560,"url":"https:\/\/www.teka.com\/es-cl\/wp-content\/uploads\/sites\/10\/2024\/11\/FINAL-Teka-Logo-jan-19-RED-scaled.jpg","type":"image\/jpeg"}],"twitter_card":"summary_large_image","twitter_misc":{"Tiempo de lectura":"2 minutos"},"schema":{"@context":"https:\/\/schema.org","@graph":[{"@type":"WebPage","@id":"https:\/\/www.teka.com\/es-cl\/soporte\/condiciones-garantia\/","url":"https:\/\/www.teka.com\/es-cl\/soporte\/condiciones-garantia\/","name":"Consulta las condiciones de garant\u00eda | Teka Chile","isPartOf":{"@id":"https:\/\/www.teka.com\/es-cl\/#website"},"datePublished":"2018-09-24T13:55:57+00:00","dateModified":"2024-10-31T12:21:00+00:00","description":"Conoce las condiciones, coberturas y exclusiones de la garant\u00eda Teka. Para cualquier duda contacta con nosotros.","breadcrumb":{"@id":"https:\/\/www.teka.com\/es-cl\/soporte\/condiciones-garantia\/#breadcrumb"},"inLanguage":"es","potentialAction":[{"@type":"ReadAction","target":["https:\/\/www.teka.com\/es-cl\/soporte\/condiciones-garantia\/"]}]},{"@type":"BreadcrumbList","@id":"https:\/\/www.teka.com\/es-cl\/soporte\/condiciones-garantia\/#breadcrumb","itemListElement":[{"@type":"ListItem","position":1,"name":"Soporte","item":"https:\/\/www.teka.com\/es-cl\/soporte\/"},{"@type":"ListItem","position":2,"name":"Condiciones de garant\u00eda"}]},{"@type":"WebSite","@id":"https:\/\/www.teka.com\/es-cl\/#website","url":"https:\/\/www.teka.com\/es-cl\/","name":"Teka Chile","description":"","publisher":{"@id":"https:\/\/www.teka.com\/es-cl\/#organization"},"alternateName":"Teka","potentialAction":[{"@type":"SearchAction","target":{"@type":"EntryPoint","urlTemplate":"https:\/\/www.teka.com\/es-cl\/?s={search_term_string}"},"query-input":{"@type":"PropertyValueSpecification","valueRequired":true,"valueName":"search_term_string"}}],"inLanguage":"es"},{"@type":"Organization","@id":"https:\/\/www.teka.com\/es-cl\/#organization","name":"Teka Chile","alternateName":"Teka","url":"https:\/\/www.teka.com\/es-cl\/","logo":{"@type":"ImageObject","inLanguage":"es","@id":"https:\/\/www.teka.com\/es-cl\/#\/schema\/logo\/image\/","url":"https:\/\/www.teka.com\/es-cl\/wp-content\/uploads\/sites\/10\/2024\/11\/Lg_TEKA_Red_Box_Tagline_ESP_RGB_1-01-scaled.jpg","contentUrl":"https:\/\/www.teka.com\/es-cl\/wp-content\/uploads\/sites\/10\/2024\/11\/Lg_TEKA_Red_Box_Tagline_ESP_RGB_1-01-scaled.jpg","width":2560,"height":2004,"caption":"Teka Chile"},"image":{"@id":"https:\/\/www.teka.com\/es-cl\/#\/schema\/logo\/image\/"},"sameAs":["https:\/\/www.facebook.com\/TekaCL\/","https:\/\/www.instagram.com\/tekachile\/","https:\/\/www.youtube.com\/channel\/UC5yp0d4rOPUTTouDg6sFRcA","https:\/\/www.linkedin.com\/company\/teka-latam\/"]}]}},"_links":{"self":[{"href":"https:\/\/www.teka.com\/es-cl\/wp-json\/wp\/v2\/pages\/23564","targetHints":{"allow":["GET"]}}],"collection":[{"href":"https:\/\/www.teka.com\/es-cl\/wp-json\/wp\/v2\/pages"}],"about":[{"href":"https:\/\/www.teka.com\/es-cl\/wp-json\/wp\/v2\/types\/page"}],"author":[{"embeddable":true,"href":"https:\/\/www.teka.com\/es-cl\/wp-json\/wp\/v2\/users\/9"}],"replies":[{"embeddable":true,"href":"https:\/\/www.teka.com\/es-cl\/wp-json\/wp\/v2\/comments?post=23564"}],"version-history":[{"count":16,"href":"https:\/\/www.teka.com\/es-cl\/wp-json\/wp\/v2\/pages\/23564\/revisions"}],"predecessor-version":[{"id":122772,"href":"https:\/\/www.teka.com\/es-cl\/wp-json\/wp\/v2\/pages\/23564\/revisions\/122772"}],"up":[{"embeddable":true,"href":"https:\/\/www.teka.com\/es-cl\/wp-json\/wp\/v2\/pages\/5193"}],"wp:attachment":[{"href":"https:\/\/www.teka.com\/es-cl\/wp-json\/wp\/v2\/media?parent=23564"}],"curies":[{"name":"wp","href":"https:\/\/api.w.org\/{rel}","templated":true}]}}