{"id":5193,"date":"2018-08-09T09:59:03","date_gmt":"2018-08-09T07:59:03","guid":{"rendered":"http:\/\/teka.com\/?page_id=5193"},"modified":"2026-03-12T03:25:41","modified_gmt":"2026-03-12T02:25:41","slug":"soporte","status":"publish","type":"page","link":"https:\/\/www.teka.com\/es-cl\/soporte\/","title":{"rendered":"Soporte"},"content":{"rendered":"<p>[et_pb_section fb_built=\u00bb1&#8243; module_id=\u00bbsupport-faq\u00bb _builder_version=\u00bb4.16&#8243; background_image=\u00bbhttps:\/\/www.teka.com\/es-cl\/wp-content\/uploads\/sites\/10\/2018\/11\/teka-web-support-1920&#215;833.jpg\u00bb background_position=\u00bbcenter_left\u00bb global_module=\u00bb5258&#8243; global_colors_info=\u00bb{}\u00bb][et_pb_row column_structure=\u00bb1_2,1_2&#8243; _builder_version=\u00bb4.16&#8243; background_size=\u00bbinitial\u00bb background_position=\u00bbtop_left\u00bb background_repeat=\u00bbrepeat\u00bb global_colors_info=\u00bb{}\u00bb][et_pb_column type=\u00bb1_2&#8243; _builder_version=\u00bb4.16&#8243; custom_padding=\u00bb|||\u00bb global_colors_info=\u00bb{}\u00bb custom_padding__hover=\u00bb|||\u00bb][\/et_pb_column][et_pb_column type=\u00bb1_2&#8243; _builder_version=\u00bb4.16&#8243; custom_padding=\u00bb|||\u00bb global_colors_info=\u00bb{}\u00bb custom_padding__hover=\u00bb|||\u00bb][et_pb_text _builder_version=\u00bb4.27.4&#8243; global_colors_info=\u00bb{}\u00bb]<\/p>\n<p>&nbsp;<\/p>\n<h1><span style=\"color: #ffffff;\">Preguntas Frecuentes<\/span><\/h1>\n<h2><span style=\"color: #ffffff;\">\u00bfNecesitas ayuda?<\/span><\/h2>\n<h4><span style=\"color: #ffffff;\">Seleccione un tema<\/span><\/h4>\n<p>&nbsp;<br \/>\n<select id=\"select-faq\" name=\"select\"><option disabled=\"disabled\" value=\"tema\">Tema<\/option><\/select><\/p>\n<p>&nbsp;<\/p>\n<p>&nbsp;<\/p>\n<p>[\/et_pb_text][\/et_pb_column][\/et_pb_row][\/et_pb_section][et_pb_section fb_built=\u00bb1&#8243; disabled_on=\u00bbon|on|on\u00bb module_id=\u00bbsupport-warranty\u00bb _builder_version=\u00bb4.16&#8243; custom_padding=\u00bb||0px|\u00bb disabled=\u00bbon\u00bb collapsed=\u00bbon\u00bb global_colors_info=\u00bb{}\u00bb][et_pb_row column_structure=\u00bb1_2,1_2&#8243; _builder_version=\u00bb4.16&#8243; custom_margin=\u00bb||0px|\u00bb custom_padding=\u00bb||0px|\u00bb global_colors_info=\u00bb{}\u00bb][et_pb_column type=\u00bb1_2&#8243; _builder_version=\u00bb4.16&#8243; custom_padding=\u00bb|||\u00bb global_colors_info=\u00bb{}\u00bb custom_padding__hover=\u00bb|||\u00bb][et_pb_text _builder_version=\u00bb4.16&#8243; global_colors_info=\u00bb{}\u00bb]<\/p>\n<h2>Registro de\u00a0<strong>garant\u00eda<\/strong><\/h2>\n<p>[\/et_pb_text][\/et_pb_column][et_pb_column type=\u00bb1_2&#8243; _builder_version=\u00bb4.16&#8243; custom_padding=\u00bb|||\u00bb global_colors_info=\u00bb{}\u00bb custom_padding__hover=\u00bb|||\u00bb][\/et_pb_column][\/et_pb_row][et_pb_row column_structure=\u00bb1_2,1_2&#8243; _builder_version=\u00bb4.16&#8243; custom_margin=\u00bb0px|||\u00bb custom_padding=\u00bb0px||5%|\u00bb border_width_bottom=\u00bb2px\u00bb border_color_bottom=\u00bb#dddddd\u00bb global_colors_info=\u00bb{}\u00bb][et_pb_column type=\u00bb1_2&#8243; _builder_version=\u00bb4.16&#8243; custom_padding=\u00bb|||\u00bb global_colors_info=\u00bb{}\u00bb custom_padding__hover=\u00bb|||\u00bb][et_pb_text module_id=\u00bbsupport-warranty-left\u00bb _builder_version=\u00bb4.16&#8243; global_colors_info=\u00bb{}\u00bb]Registra la garant\u00eda de tu producto y accede a promociones exclusivas para clientes Teka. Adem\u00e1s, registrando tus productos podr\u00e1s gestionar de forma sencilla cualquier incidencia.<\/p>\n<p><a href=\"https:\/\/www.teka.com\/es-cl\/soporte\/condiciones-garantia\/\">+ Informaci\u00f3n de garant\u00eda<\/a><br \/>\n[\/et_pb_text][\/et_pb_column][et_pb_column type=\u00bb1_2&#8243; _builder_version=\u00bb4.16&#8243; custom_padding=\u00bb|||\u00bb global_colors_info=\u00bb{}\u00bb custom_padding__hover=\u00bb|||\u00bb][et_pb_text module_id=\u00bbsupport-warranty-right\u00bb _builder_version=\u00bb4.16&#8243; global_colors_info=\u00bb{}\u00bb]<strong>Encuentra tu producto<\/strong><\/p>\n<p><form action=\"https:\/\/www.teka.com\/es-cl\/?page_id=5219\">\r\n    <p><select id=\"select-garantia\" name=\"garantia\"><\/select><\/p>\r\n    <\/form><br \/>\n[\/et_pb_text][\/et_pb_column][\/et_pb_row][\/et_pb_section][et_pb_section fb_built=\u00bb1&#8243; module_id=\u00bbsupport-sat\u00bb _builder_version=\u00bb4.16&#8243; global_colors_info=\u00bb{}\u00bb][et_pb_row column_structure=\u00bb1_2,1_2&#8243; _builder_version=\u00bb4.16&#8243; background_size=\u00bbinitial\u00bb background_position=\u00bbtop_left\u00bb background_repeat=\u00bbrepeat\u00bb global_colors_info=\u00bb{}\u00bb][et_pb_column type=\u00bb1_2&#8243; _builder_version=\u00bb4.16&#8243; custom_padding=\u00bb|||\u00bb global_colors_info=\u00bb{}\u00bb custom_padding__hover=\u00bb|||\u00bb][et_pb_text _builder_version=\u00bb4.27.4&#8243; global_colors_info=\u00bb{}\u00bb]<\/p>\n<h1>Contacta con nuestros <strong>Servicio T\u00e9cnicos<\/strong><\/h1>\n<p>&nbsp;<\/p>\n<p>Puedes consultar el Servicio T\u00e9cnico de Santiago en nuestra p\u00e1gina:<\/p>\n<p><a href=\"https:\/\/www.teka.com\/es-cl\/soporte\/servicio-tecnico\/\">+ Servicios T\u00e9cnicos Santiago<\/a><\/p>\n<p>Puedes consultar el Servicio T\u00e9cnico del resto de Regiones en nuestra p\u00e1gina:<\/p>\n<p><a href=\"https:\/\/www.teka.com\/es-cl\/soporte\/servicio-tecnico-regionales\/\">+ Servicios T\u00e9cnicos Regiones<\/a><br \/>\n[\/et_pb_text][et_pb_text _builder_version=\u00bb4.27.4&#8243; global_colors_info=\u00bb{}\u00bb]<\/p>\n<h2>Localiza tu <strong>Servicio de T\u00e9cnico y de Atenci\u00f3n al Cliente<\/strong><\/h2>\n<p>&nbsp;<\/p>\n<p>Para cualquier incidencia o reparaci\u00f3n, recomendamos acudir siempre a un Servicio T\u00e9cnico Oficial acreditado por Teka. Puedes consultar cu\u00e1l es el servicio t\u00e9cnico en electrodom\u00e9sticos m\u00e1s cercano a tu domicilio en el mapa.<\/p>\n<p><a href=\"https:\/\/www.teka.com\/es-cl\/soporte\/mapa\/\">+ Buscar en mapa<\/a><br \/>\n[\/et_pb_text][\/et_pb_column][et_pb_column type=\u00bb1_2&#8243; _builder_version=\u00bb4.16&#8243; custom_padding=\u00bb|||\u00bb global_colors_info=\u00bb{}\u00bb custom_padding__hover=\u00bb|||\u00bb][et_pb_image src=\u00bbhttps:\/\/www.teka.com\/wp-content\/uploads\/sites\/3\/2018\/10\/Soporte-teka.com_638x363.jpg\u00bb align=\u00bbright\u00bb force_fullwidth=\u00bbon\u00bb align_tablet=\u00bbcenter\u00bb align_phone=\u00bb\u00bb align_last_edited=\u00bbon|desktop\u00bb _builder_version=\u00bb4.16&#8243; global_colors_info=\u00bb{}\u00bb][\/et_pb_image][\/et_pb_column][\/et_pb_row][\/et_pb_section][et_pb_section fb_built=\u00bb1&#8243; module_id=\u00bbsupport-contact-manuals\u00bb _builder_version=\u00bb4.16&#8243; global_colors_info=\u00bb{}\u00bb][et_pb_row column_structure=\u00bb1_2,1_2&#8243; _builder_version=\u00bb4.16&#8243; background_size=\u00bbinitial\u00bb background_position=\u00bbtop_left\u00bb background_repeat=\u00bbrepeat\u00bb global_colors_info=\u00bb{}\u00bb][et_pb_column type=\u00bb1_2&#8243; _builder_version=\u00bb4.16&#8243; custom_padding=\u00bb|||\u00bb global_colors_info=\u00bb{}\u00bb custom_padding__hover=\u00bb|||\u00bb][et_pb_text disabled_on=\u00bboff|off|off\u00bb admin_label=\u00bbCustomer Service\u00bb module_id=\u00bbsupport-contact\u00bb _builder_version=\u00bb4.22.1&#8243; link_text_color=\u00bb#862222&#8243; header_2_font=\u00bb|700|||||||\u00bb header_2_font_size=\u00bb22px\u00bb header_2_line_height=\u00bb1.3em\u00bb header_3_font=\u00bb|700|||||||\u00bb header_3_line_height=\u00bb1.3em\u00bb global_module=\u00bb28072&#8243; saved_tabs=\u00bball\u00bb locked=\u00bboff\u00bb global_colors_info=\u00bb{}\u00bb]<\/p>\n<h2><strong>Atenci\u00f3n<\/strong> al Cliente<\/h2>\n<p><em><a href=\"tel:600 360 0330\">600 360 0330<\/a><\/em><\/p>\n<p class=\"x_MsoNormal\">Santiago: Miguel Claro 418 Providencia - Santiago<\/p>\n<p>[\/et_pb_text][\/et_pb_column][et_pb_column type=\u00bb1_2&#8243; _builder_version=\u00bb4.16&#8243; custom_padding=\u00bb|||\u00bb global_colors_info=\u00bb{}\u00bb custom_padding__hover=\u00bb|||\u00bb][et_pb_text admin_label=\u00bbManuals\u00bb module_id=\u00bbsupport-manuals\u00bb _builder_version=\u00bb4.22.1&#8243; header_3_font=\u00bb|700|||||||\u00bb header_3_line_height=\u00bb1.3em\u00bb global_module=\u00bb28073&#8243; saved_tabs=\u00bball\u00bb global_colors_info=\u00bb{}\u00bb]<\/p>\n<h3><strong>Manuales<\/strong><\/h3>\n<p>Los manuales de instrucciones se incluyen al comprar el producto. Pero si lo has perdido o no lo encuentras, puedes descargarlo aqu\u00ed.<\/p>\n<form action=\"https:\/\/www.teka.com\/es-cl\/soporte\/manuales\/\" id=\"form-manual-container\"><input id=\"input-manual-submit\" name=\"manual-submit\" type=\"submit\" value=\"\ue812\"><select id=\"select-manual\" name=\"se\" style=\"width:420px;float: left\"><\/select><\/form>\n<p><a href=\"#\">\u00bfD\u00f3nde puedo encontrar el n\u00famero de serie ?<\/a><\/p>\n<p>[\/et_pb_text][et_pb_text admin_label=\u00bbSafety warnings\u00bb module_id=\u00bbsupport-manuals\u00bb _builder_version=\u00bb4.16&#8243; global_colors_info=\u00bb{}\u00bb]<\/p>\n<h3><strong>Avisos<\/strong> de seguridad<\/h3>\n<p>Aqu\u00ed encontrar\u00e1s recomendaciones y avisos de seguridad, adem\u00e1s de las campa\u00f1as de revisi\u00f3n de productos activas en este momento.<\/p>\n<p><a href=\"https:\/\/www.teka.com\/es-cl\/soporte\/avisos\/\">+ Ver avisos<\/a><br \/>\n[\/et_pb_text][\/et_pb_column][\/et_pb_row][\/et_pb_section]<\/p>\n","protected":false},"excerpt":{"rendered":"<p>&nbsp; Preguntas Frecuentes \u00bfNecesitas ayuda? Seleccione un tema &nbsp; Tema &nbsp; &nbsp;Registro de\u00a0garant\u00eda Registra la garant\u00eda de tu producto y accede a promociones exclusivas para clientes Teka. Adem\u00e1s, registrando tus productos podr\u00e1s gestionar de forma sencilla cualquier incidencia. + Informaci\u00f3n de garant\u00eda Encuentra tu producto <form action=\"https:\/\/www.teka.com\/es-cl\/?page_id=5219\">\r\n    <p><select id=\"select-garantia\" name=\"garantia\"><\/select><\/p>\r\n    <\/form> Contacta con nuestros Servicio T\u00e9cnicos &nbsp; Puedes consultar el [&hellip;]<\/p>\n","protected":false},"author":9,"featured_media":0,"parent":0,"menu_order":0,"comment_status":"closed","ping_status":"closed","template":"","meta":{"_acf_changed":false,"_et_pb_use_builder":"on","_et_pb_old_content":"","_et_gb_content_width":"","footnotes":""},"class_list":["post-5193","page","type-page","status-publish","hentry"],"acf":[],"yoast_head":"<!-- This site is optimized with the Yoast SEO plugin v27.5 - https:\/\/yoast.com\/product\/yoast-seo-wordpress\/ -->\n<title>Servicio T\u00e9cnico y Soporte | Teka Chile<\/title>\n<meta name=\"description\" content=\"\u00bfNecesitas ayuda? Listado de Servicios T\u00e9cnicos Oficiales de Teka y resuelve tus dudas o incidencias. Acude siempre a un servicio autorizado por Teka.\" \/>\n<meta name=\"robots\" content=\"index, follow, max-snippet:-1, max-image-preview:large, max-video-preview:-1\" \/>\n<link rel=\"canonical\" href=\"https:\/\/www.teka.com\/es-cl\/soporte\/servicio-tecnico\/\" \/>\n<meta property=\"og:locale\" content=\"es_ES\" \/>\n<meta property=\"og:type\" content=\"article\" \/>\n<meta property=\"og:title\" content=\"Servicio T\u00e9cnico y Soporte | Teka Chile\" \/>\n<meta property=\"og:description\" content=\"\u00bfNecesitas ayuda? Listado de Servicios T\u00e9cnicos Oficiales de Teka y resuelve tus dudas o incidencias. Acude siempre a un servicio autorizado por Teka.\" \/>\n<meta property=\"og:url\" content=\"https:\/\/www.teka.com\/es-cl\/soporte\/servicio-tecnico\/\" \/>\n<meta property=\"og:site_name\" content=\"Teka Chile\" \/>\n<meta property=\"article:publisher\" content=\"https:\/\/www.facebook.com\/TekaCL\/\" \/>\n<meta property=\"article:modified_time\" content=\"2026-03-12T02:25:41+00:00\" \/>\n<meta property=\"og:image\" content=\"https:\/\/www.teka.com\/es-cl\/wp-content\/uploads\/sites\/10\/2024\/11\/FINAL-Teka-Logo-jan-19-RED-scaled.jpg\" \/>\n\t<meta property=\"og:image:width\" content=\"2560\" \/>\n\t<meta property=\"og:image:height\" content=\"2560\" \/>\n\t<meta property=\"og:image:type\" content=\"image\/jpeg\" \/>\n<meta name=\"twitter:card\" content=\"summary_large_image\" \/>\n<meta name=\"twitter:label1\" content=\"Tiempo de lectura\" \/>\n\t<meta name=\"twitter:data1\" content=\"1 minuto\" \/>\n<script type=\"application\/ld+json\" class=\"yoast-schema-graph\">{\"@context\":\"https:\\\/\\\/schema.org\",\"@graph\":[{\"@type\":\"WebPage\",\"@id\":\"https:\\\/\\\/www.teka.com\\\/es-cl\\\/soporte\\\/\",\"url\":\"https:\\\/\\\/www.teka.com\\\/es-cl\\\/soporte\\\/servicio-tecnico\\\/\",\"name\":\"Servicio T\u00e9cnico y Soporte | Teka Chile\",\"isPartOf\":{\"@id\":\"https:\\\/\\\/www.teka.com\\\/es-cl\\\/#website\"},\"datePublished\":\"2018-08-09T07:59:03+00:00\",\"dateModified\":\"2026-03-12T02:25:41+00:00\",\"description\":\"\u00bfNecesitas ayuda? Listado de Servicios T\u00e9cnicos Oficiales de Teka y resuelve tus dudas o incidencias. Acude siempre a un servicio autorizado por Teka.\",\"inLanguage\":\"es\",\"potentialAction\":[{\"@type\":\"ReadAction\",\"target\":[\"https:\\\/\\\/www.teka.com\\\/es-cl\\\/soporte\\\/servicio-tecnico\\\/\"]}]},{\"@type\":\"WebSite\",\"@id\":\"https:\\\/\\\/www.teka.com\\\/es-cl\\\/#website\",\"url\":\"https:\\\/\\\/www.teka.com\\\/es-cl\\\/\",\"name\":\"Teka Chile\",\"description\":\"\",\"publisher\":{\"@id\":\"https:\\\/\\\/www.teka.com\\\/es-cl\\\/#organization\"},\"alternateName\":\"Teka\",\"potentialAction\":[{\"@type\":\"SearchAction\",\"target\":{\"@type\":\"EntryPoint\",\"urlTemplate\":\"https:\\\/\\\/www.teka.com\\\/es-cl\\\/?s={search_term_string}\"},\"query-input\":{\"@type\":\"PropertyValueSpecification\",\"valueRequired\":true,\"valueName\":\"search_term_string\"}}],\"inLanguage\":\"es\"},{\"@type\":\"Organization\",\"@id\":\"https:\\\/\\\/www.teka.com\\\/es-cl\\\/#organization\",\"name\":\"Teka Chile\",\"alternateName\":\"Teka\",\"url\":\"https:\\\/\\\/www.teka.com\\\/es-cl\\\/\",\"logo\":{\"@type\":\"ImageObject\",\"inLanguage\":\"es\",\"@id\":\"https:\\\/\\\/www.teka.com\\\/es-cl\\\/#\\\/schema\\\/logo\\\/image\\\/\",\"url\":\"https:\\\/\\\/www.teka.com\\\/es-cl\\\/wp-content\\\/uploads\\\/sites\\\/10\\\/2024\\\/11\\\/Lg_TEKA_Red_Box_Tagline_ESP_RGB_1-01-scaled.jpg\",\"contentUrl\":\"https:\\\/\\\/www.teka.com\\\/es-cl\\\/wp-content\\\/uploads\\\/sites\\\/10\\\/2024\\\/11\\\/Lg_TEKA_Red_Box_Tagline_ESP_RGB_1-01-scaled.jpg\",\"width\":2560,\"height\":2004,\"caption\":\"Teka Chile\"},\"image\":{\"@id\":\"https:\\\/\\\/www.teka.com\\\/es-cl\\\/#\\\/schema\\\/logo\\\/image\\\/\"},\"sameAs\":[\"https:\\\/\\\/www.facebook.com\\\/TekaCL\\\/\",\"https:\\\/\\\/www.instagram.com\\\/tekachile\\\/\",\"https:\\\/\\\/www.youtube.com\\\/channel\\\/UC5yp0d4rOPUTTouDg6sFRcA\",\"https:\\\/\\\/www.linkedin.com\\\/company\\\/teka-latam\\\/\"]}]}<\/script>\n<!-- \/ Yoast SEO plugin. -->","yoast_head_json":{"title":"Servicio T\u00e9cnico y Soporte | Teka Chile","description":"\u00bfNecesitas ayuda? Listado de Servicios T\u00e9cnicos Oficiales de Teka y resuelve tus dudas o incidencias. Acude siempre a un servicio autorizado por Teka.","robots":{"index":"index","follow":"follow","max-snippet":"max-snippet:-1","max-image-preview":"max-image-preview:large","max-video-preview":"max-video-preview:-1"},"canonical":"https:\/\/www.teka.com\/es-cl\/soporte\/servicio-tecnico\/","og_locale":"es_ES","og_type":"article","og_title":"Servicio T\u00e9cnico y Soporte | Teka Chile","og_description":"\u00bfNecesitas ayuda? Listado de Servicios T\u00e9cnicos Oficiales de Teka y resuelve tus dudas o incidencias. Acude siempre a un servicio autorizado por Teka.","og_url":"https:\/\/www.teka.com\/es-cl\/soporte\/servicio-tecnico\/","og_site_name":"Teka Chile","article_publisher":"https:\/\/www.facebook.com\/TekaCL\/","article_modified_time":"2026-03-12T02:25:41+00:00","og_image":[{"width":2560,"height":2560,"url":"https:\/\/www.teka.com\/es-cl\/wp-content\/uploads\/sites\/10\/2024\/11\/FINAL-Teka-Logo-jan-19-RED-scaled.jpg","type":"image\/jpeg"}],"twitter_card":"summary_large_image","twitter_misc":{"Tiempo de lectura":"1 minuto"},"schema":{"@context":"https:\/\/schema.org","@graph":[{"@type":"WebPage","@id":"https:\/\/www.teka.com\/es-cl\/soporte\/","url":"https:\/\/www.teka.com\/es-cl\/soporte\/servicio-tecnico\/","name":"Servicio T\u00e9cnico y Soporte | Teka Chile","isPartOf":{"@id":"https:\/\/www.teka.com\/es-cl\/#website"},"datePublished":"2018-08-09T07:59:03+00:00","dateModified":"2026-03-12T02:25:41+00:00","description":"\u00bfNecesitas ayuda? Listado de Servicios T\u00e9cnicos Oficiales de Teka y resuelve tus dudas o incidencias. Acude siempre a un servicio autorizado por Teka.","inLanguage":"es","potentialAction":[{"@type":"ReadAction","target":["https:\/\/www.teka.com\/es-cl\/soporte\/servicio-tecnico\/"]}]},{"@type":"WebSite","@id":"https:\/\/www.teka.com\/es-cl\/#website","url":"https:\/\/www.teka.com\/es-cl\/","name":"Teka Chile","description":"","publisher":{"@id":"https:\/\/www.teka.com\/es-cl\/#organization"},"alternateName":"Teka","potentialAction":[{"@type":"SearchAction","target":{"@type":"EntryPoint","urlTemplate":"https:\/\/www.teka.com\/es-cl\/?s={search_term_string}"},"query-input":{"@type":"PropertyValueSpecification","valueRequired":true,"valueName":"search_term_string"}}],"inLanguage":"es"},{"@type":"Organization","@id":"https:\/\/www.teka.com\/es-cl\/#organization","name":"Teka Chile","alternateName":"Teka","url":"https:\/\/www.teka.com\/es-cl\/","logo":{"@type":"ImageObject","inLanguage":"es","@id":"https:\/\/www.teka.com\/es-cl\/#\/schema\/logo\/image\/","url":"https:\/\/www.teka.com\/es-cl\/wp-content\/uploads\/sites\/10\/2024\/11\/Lg_TEKA_Red_Box_Tagline_ESP_RGB_1-01-scaled.jpg","contentUrl":"https:\/\/www.teka.com\/es-cl\/wp-content\/uploads\/sites\/10\/2024\/11\/Lg_TEKA_Red_Box_Tagline_ESP_RGB_1-01-scaled.jpg","width":2560,"height":2004,"caption":"Teka Chile"},"image":{"@id":"https:\/\/www.teka.com\/es-cl\/#\/schema\/logo\/image\/"},"sameAs":["https:\/\/www.facebook.com\/TekaCL\/","https:\/\/www.instagram.com\/tekachile\/","https:\/\/www.youtube.com\/channel\/UC5yp0d4rOPUTTouDg6sFRcA","https:\/\/www.linkedin.com\/company\/teka-latam\/"]}]}},"_links":{"self":[{"href":"https:\/\/www.teka.com\/es-cl\/wp-json\/wp\/v2\/pages\/5193","targetHints":{"allow":["GET"]}}],"collection":[{"href":"https:\/\/www.teka.com\/es-cl\/wp-json\/wp\/v2\/pages"}],"about":[{"href":"https:\/\/www.teka.com\/es-cl\/wp-json\/wp\/v2\/types\/page"}],"author":[{"embeddable":true,"href":"https:\/\/www.teka.com\/es-cl\/wp-json\/wp\/v2\/users\/9"}],"replies":[{"embeddable":true,"href":"https:\/\/www.teka.com\/es-cl\/wp-json\/wp\/v2\/comments?post=5193"}],"version-history":[{"count":53,"href":"https:\/\/www.teka.com\/es-cl\/wp-json\/wp\/v2\/pages\/5193\/revisions"}],"predecessor-version":[{"id":124071,"href":"https:\/\/www.teka.com\/es-cl\/wp-json\/wp\/v2\/pages\/5193\/revisions\/124071"}],"wp:attachment":[{"href":"https:\/\/www.teka.com\/es-cl\/wp-json\/wp\/v2\/media?parent=5193"}],"curies":[{"name":"wp","href":"https:\/\/api.w.org\/{rel}","templated":true}]}}