{"id":5195,"date":"2018-08-09T09:59:32","date_gmt":"2018-08-09T07:59:32","guid":{"rendered":"http:\/\/teka.com\/?page_id=5195"},"modified":"2024-10-31T13:11:06","modified_gmt":"2024-10-31T12:11:06","slug":"avisos","status":"publish","type":"page","link":"https:\/\/www.teka.com\/es-cl\/soporte\/avisos\/","title":{"rendered":"Avisos de seguridad"},"content":{"rendered":"<p>[et_pb_section fb_built=\u00bb1&#8243; module_id=\u00bbaviso-de-seguridad-top\u00bb _builder_version=\u00bb4.16&#8243; global_colors_info=\u00bb{}\u00bb][et_pb_row _builder_version=\u00bb4.16&#8243; max_width=\u00bb470px\u00bb use_custom_width=\u00bbon\u00bb custom_width_px=\u00bb470px\u00bb global_colors_info=\u00bb{}\u00bb][et_pb_column type=\u00bb4_4&#8243; _builder_version=\u00bb4.16&#8243; custom_padding=\u00bb|||\u00bb global_colors_info=\u00bb{}\u00bb custom_padding__hover=\u00bb|||\u00bb][et_pb_text admin_label=\u00bbTitle\u00bb _builder_version=\u00bb4.16&#8243; global_colors_info=\u00bb{}\u00bb]<\/p>\n<h1 style=\"text-align: center;\">Avisos de <strong>seguridad<\/strong><\/h1>\n<p>[\/et_pb_text][et_pb_text admin_label=\u00bbText\u00bb _builder_version=\u00bb4.16&#8243; global_colors_info=\u00bb{}\u00bb]<\/p>\n<p style=\"text-align: center;\">Teka mantiene su compromiso con los est\u00e1ndares m\u00e1s estrictos de seguridad, calidad y fiabilidad en todos sus productos.\u00a0<\/p>\n<p>[\/et_pb_text][\/et_pb_column][\/et_pb_row][\/et_pb_section][et_pb_section fb_built=\u00bb1&#8243; module_id=\u00bbaviso-de-seguridad-two\u00bb _builder_version=\u00bb4.16&#8243; custom_margin=\u00bb0px|||\u00bb global_colors_info=\u00bb{}\u00bb][et_pb_row _builder_version=\u00bb4.16&#8243; background_color=\u00bb#f2f2f2&#8243; custom_padding=\u00bb75px|60px|75px|60px\u00bb global_colors_info=\u00bb{}\u00bb column_structure=\u00bb1_2,1_2&#8243;][et_pb_column type=\u00bb1_2&#8243; _builder_version=\u00bb4.16&#8243; custom_padding=\u00bb|||\u00bb global_colors_info=\u00bb{}\u00bb custom_padding__hover=\u00bb|||\u00bb][et_pb_image src=\u00bbhttps:\/\/www.teka.com\/wp-content\/uploads\/sites\/3\/2018\/08\/aviso-seguridad.jpg\u00bb align=\u00bbcenter\u00bb align_tablet=\u00bbcenter\u00bb align_last_edited=\u00bbon|desktop\u00bb _builder_version=\u00bb4.16&#8243; global_colors_info=\u00bb{}\u00bb align_phone=\u00bbcenter\u00bb][\/et_pb_image][\/et_pb_column][et_pb_column type=\u00bb1_2&#8243; _builder_version=\u00bb4.16&#8243; custom_padding=\u00bb|||\u00bb global_colors_info=\u00bb{}\u00bb custom_padding__hover=\u00bb|||\u00bb][et_pb_text admin_label=\u00bbPreventive Review Campaign\u00bb _builder_version=\u00bb4.16&#8243; global_colors_info=\u00bb{}\u00bb]<\/p>\n<h2>Campa\u00f1a de <strong>revisi\u00f3n\u00a0preventiva<\/strong><\/h2>\n<p>La compa\u00f1\u00eda ha iniciado una campa\u00f1a de revisi\u00f3n preventiva, voluntaria y gratuita para el usuario, de los microondas MWE 225 fabricados en julio de 2015, teniendo como objetivos el bienestar y satisfacci\u00f3n de sus clientes.<\/p>\n<p>[\/et_pb_text][et_pb_security posts_number=\u00bb-1&#8243; show_title=\u00bboff\u00bb show_categories=\u00bboff\u00bb show_pagination=\u00bboff\u00bb _builder_version=\u00bb3.19&#8243; title_font_size_tablet=\u00bb51&#8243; title_line_height_tablet=\u00bb2&#8243; caption_font_size_tablet=\u00bb51&#8243; caption_line_height_tablet=\u00bb2&#8243; pagination_font_size_tablet=\u00bb51&#8243; pagination_line_height_tablet=\u00bb2&#8243; global_colors_info=\u00bb{}\u00bb disabled_on=\u00bbon|on|on\u00bb disabled=\u00bbon\u00bb][\/et_pb_security][\/et_pb_column][\/et_pb_row][\/et_pb_section][et_pb_section fb_built=\u00bb1&#8243; _builder_version=\u00bb4.16&#8243; global_colors_info=\u00bb{}\u00bb disabled_on=\u00bbon|on|on\u00bb disabled=\u00bbon\u00bb collapsed=\u00bbon\u00bb][et_pb_row _builder_version=\u00bb4.16&#8243; background_size=\u00bbinitial\u00bb background_position=\u00bbtop_left\u00bb background_repeat=\u00bbrepeat\u00bb global_colors_info=\u00bb{}\u00bb][et_pb_column type=\u00bb4_4&#8243; _builder_version=\u00bb4.16&#8243; custom_padding=\u00bb|||\u00bb global_colors_info=\u00bb{}\u00bb custom_padding__hover=\u00bb|||\u00bb][et_pb_accordion disabled_on=\u00bbon|on|on\u00bb _builder_version=\u00bb4.16&#8243; disabled=\u00bbon\u00bb global_colors_info=\u00bb{}\u00bb][et_pb_accordion_item title=\u00bbRevisi\u00f3n gratuita de Microondas MWE 225 FI\u00bb _builder_version=\u00bb3.19&#8243; global_colors_info=\u00bb{}\u00bb open=\u00bbon\u00bb][\/et_pb_accordion_item][et_pb_accordion_item title=\u00bbRevisi\u00f3n gratuita de Campana vertical de aspiraci\u00f3n perimetral QUADRO DLV 998&#8243; _builder_version=\u00bb3.19&#8243; global_colors_info=\u00bb{}\u00bb open=\u00bboff\u00bb][\/et_pb_accordion_item][et_pb_accordion_item title=\u00bbRevisi\u00f3n gratuita de Frigor\u00edfico side by side No Frost POLAR NFE 900 X\u00bb _builder_version=\u00bb3.19&#8243; global_colors_info=\u00bb{}\u00bb open=\u00bboff\u00bb][\/et_pb_accordion_item][\/et_pb_accordion][et_pb_security posts_number=\u00bb-1&#8243; show_categories=\u00bboff\u00bb show_pagination=\u00bboff\u00bb _builder_version=\u00bb4.22.1&#8243; hover_enabled=\u00bb0&#8243; title_font_size_tablet=\u00bb51&#8243; title_line_height_tablet=\u00bb2&#8243; caption_font_size_tablet=\u00bb51&#8243; caption_line_height_tablet=\u00bb2&#8243; pagination_font_size_tablet=\u00bb51&#8243; pagination_line_height_tablet=\u00bb2&#8243; global_colors_info=\u00bb{}\u00bb sticky_enabled=\u00bb0&#8243;][\/et_pb_security][\/et_pb_column][\/et_pb_row][\/et_pb_section]<\/p>\n","protected":false},"excerpt":{"rendered":"<p>Avisos de seguridad Teka mantiene su compromiso con los est\u00e1ndares m\u00e1s estrictos de seguridad, calidad y fiabilidad en todos sus productos.\u00a0 Campa\u00f1a de revisi\u00f3n\u00a0preventivaLa compa\u00f1\u00eda ha iniciado una campa\u00f1a de revisi\u00f3n preventiva, voluntaria y gratuita para el usuario, de los microondas MWE 225 fabricados en julio de 2015, teniendo como objetivos el bienestar y satisfacci\u00f3n [&hellip;]<\/p>\n","protected":false},"author":9,"featured_media":0,"parent":5193,"menu_order":0,"comment_status":"closed","ping_status":"closed","template":"","meta":{"_acf_changed":false,"_et_pb_use_builder":"on","_et_pb_old_content":"","_et_gb_content_width":"","footnotes":""},"class_list":["post-5195","page","type-page","status-publish","hentry"],"acf":[],"yoast_head":"<!-- This site is optimized with the Yoast SEO plugin v27.2 - https:\/\/yoast.com\/product\/yoast-seo-wordpress\/ -->\n<title>Avisos de seguridad | Teka Chile<\/title>\n<meta name=\"robots\" content=\"index, follow, max-snippet:-1, max-image-preview:large, max-video-preview:-1\" \/>\n<link rel=\"canonical\" href=\"https:\/\/www.teka.com\/es-cl\/soporte\/avisos\/\" \/>\n<meta property=\"og:locale\" content=\"es_ES\" \/>\n<meta property=\"og:type\" content=\"article\" \/>\n<meta property=\"og:title\" content=\"Avisos de seguridad | Teka Chile\" \/>\n<meta property=\"og:description\" content=\"Avisos de seguridad Teka mantiene su compromiso con los est\u00e1ndares m\u00e1s estrictos de seguridad, calidad y fiabilidad en todos sus productos.\u00a0 Campa\u00f1a de revisi\u00f3n\u00a0preventivaLa compa\u00f1\u00eda ha iniciado una campa\u00f1a de revisi\u00f3n preventiva, voluntaria y gratuita para el usuario, de los microondas MWE 225 fabricados en julio de 2015, teniendo como objetivos el bienestar y satisfacci\u00f3n [&hellip;]\" \/>\n<meta property=\"og:url\" content=\"https:\/\/www.teka.com\/es-cl\/soporte\/avisos\/\" \/>\n<meta property=\"og:site_name\" content=\"Teka Chile\" \/>\n<meta property=\"article:publisher\" content=\"https:\/\/www.facebook.com\/TekaCL\/\" \/>\n<meta property=\"article:modified_time\" content=\"2024-10-31T12:11:06+00:00\" \/>\n<meta property=\"og:image\" content=\"https:\/\/www.teka.com\/es-cl\/wp-content\/uploads\/sites\/10\/2024\/11\/FINAL-Teka-Logo-jan-19-RED-scaled.jpg\" \/>\n\t<meta property=\"og:image:width\" content=\"2560\" \/>\n\t<meta property=\"og:image:height\" content=\"2560\" \/>\n\t<meta property=\"og:image:type\" content=\"image\/jpeg\" \/>\n<meta name=\"twitter:card\" content=\"summary_large_image\" \/>\n<meta name=\"twitter:label1\" content=\"Tiempo de lectura\" \/>\n\t<meta name=\"twitter:data1\" content=\"2 minutos\" \/>\n<script type=\"application\/ld+json\" class=\"yoast-schema-graph\">{\"@context\":\"https:\/\/schema.org\",\"@graph\":[{\"@type\":\"WebPage\",\"@id\":\"https:\/\/www.teka.com\/es-cl\/soporte\/avisos\/\",\"url\":\"https:\/\/www.teka.com\/es-cl\/soporte\/avisos\/\",\"name\":\"Avisos de seguridad | Teka Chile\",\"isPartOf\":{\"@id\":\"https:\/\/www.teka.com\/es-cl\/#website\"},\"datePublished\":\"2018-08-09T07:59:32+00:00\",\"dateModified\":\"2024-10-31T12:11:06+00:00\",\"breadcrumb\":{\"@id\":\"https:\/\/www.teka.com\/es-cl\/soporte\/avisos\/#breadcrumb\"},\"inLanguage\":\"es\",\"potentialAction\":[{\"@type\":\"ReadAction\",\"target\":[\"https:\/\/www.teka.com\/es-cl\/soporte\/avisos\/\"]}]},{\"@type\":\"BreadcrumbList\",\"@id\":\"https:\/\/www.teka.com\/es-cl\/soporte\/avisos\/#breadcrumb\",\"itemListElement\":[{\"@type\":\"ListItem\",\"position\":1,\"name\":\"Soporte\",\"item\":\"https:\/\/www.teka.com\/es-cl\/soporte\/\"},{\"@type\":\"ListItem\",\"position\":2,\"name\":\"Avisos de seguridad\"}]},{\"@type\":\"WebSite\",\"@id\":\"https:\/\/www.teka.com\/es-cl\/#website\",\"url\":\"https:\/\/www.teka.com\/es-cl\/\",\"name\":\"Teka Chile\",\"description\":\"\",\"publisher\":{\"@id\":\"https:\/\/www.teka.com\/es-cl\/#organization\"},\"alternateName\":\"Teka\",\"potentialAction\":[{\"@type\":\"SearchAction\",\"target\":{\"@type\":\"EntryPoint\",\"urlTemplate\":\"https:\/\/www.teka.com\/es-cl\/?s={search_term_string}\"},\"query-input\":{\"@type\":\"PropertyValueSpecification\",\"valueRequired\":true,\"valueName\":\"search_term_string\"}}],\"inLanguage\":\"es\"},{\"@type\":\"Organization\",\"@id\":\"https:\/\/www.teka.com\/es-cl\/#organization\",\"name\":\"Teka Chile\",\"alternateName\":\"Teka\",\"url\":\"https:\/\/www.teka.com\/es-cl\/\",\"logo\":{\"@type\":\"ImageObject\",\"inLanguage\":\"es\",\"@id\":\"https:\/\/www.teka.com\/es-cl\/#\/schema\/logo\/image\/\",\"url\":\"https:\/\/www.teka.com\/es-cl\/wp-content\/uploads\/sites\/10\/2024\/11\/Lg_TEKA_Red_Box_Tagline_ESP_RGB_1-01-scaled.jpg\",\"contentUrl\":\"https:\/\/www.teka.com\/es-cl\/wp-content\/uploads\/sites\/10\/2024\/11\/Lg_TEKA_Red_Box_Tagline_ESP_RGB_1-01-scaled.jpg\",\"width\":2560,\"height\":2004,\"caption\":\"Teka Chile\"},\"image\":{\"@id\":\"https:\/\/www.teka.com\/es-cl\/#\/schema\/logo\/image\/\"},\"sameAs\":[\"https:\/\/www.facebook.com\/TekaCL\/\",\"https:\/\/www.instagram.com\/tekachile\/\",\"https:\/\/www.youtube.com\/channel\/UC5yp0d4rOPUTTouDg6sFRcA\",\"https:\/\/www.linkedin.com\/company\/teka-latam\/\"]}]}<\/script>\n<!-- \/ Yoast SEO plugin. -->","yoast_head_json":{"title":"Avisos de seguridad | Teka Chile","robots":{"index":"index","follow":"follow","max-snippet":"max-snippet:-1","max-image-preview":"max-image-preview:large","max-video-preview":"max-video-preview:-1"},"canonical":"https:\/\/www.teka.com\/es-cl\/soporte\/avisos\/","og_locale":"es_ES","og_type":"article","og_title":"Avisos de seguridad | Teka Chile","og_description":"Avisos de seguridad Teka mantiene su compromiso con los est\u00e1ndares m\u00e1s estrictos de seguridad, calidad y fiabilidad en todos sus productos.\u00a0 Campa\u00f1a de revisi\u00f3n\u00a0preventivaLa compa\u00f1\u00eda ha iniciado una campa\u00f1a de revisi\u00f3n preventiva, voluntaria y gratuita para el usuario, de los microondas MWE 225 fabricados en julio de 2015, teniendo como objetivos el bienestar y satisfacci\u00f3n [&hellip;]","og_url":"https:\/\/www.teka.com\/es-cl\/soporte\/avisos\/","og_site_name":"Teka Chile","article_publisher":"https:\/\/www.facebook.com\/TekaCL\/","article_modified_time":"2024-10-31T12:11:06+00:00","og_image":[{"width":2560,"height":2560,"url":"https:\/\/www.teka.com\/es-cl\/wp-content\/uploads\/sites\/10\/2024\/11\/FINAL-Teka-Logo-jan-19-RED-scaled.jpg","type":"image\/jpeg"}],"twitter_card":"summary_large_image","twitter_misc":{"Tiempo de lectura":"2 minutos"},"schema":{"@context":"https:\/\/schema.org","@graph":[{"@type":"WebPage","@id":"https:\/\/www.teka.com\/es-cl\/soporte\/avisos\/","url":"https:\/\/www.teka.com\/es-cl\/soporte\/avisos\/","name":"Avisos de seguridad | Teka Chile","isPartOf":{"@id":"https:\/\/www.teka.com\/es-cl\/#website"},"datePublished":"2018-08-09T07:59:32+00:00","dateModified":"2024-10-31T12:11:06+00:00","breadcrumb":{"@id":"https:\/\/www.teka.com\/es-cl\/soporte\/avisos\/#breadcrumb"},"inLanguage":"es","potentialAction":[{"@type":"ReadAction","target":["https:\/\/www.teka.com\/es-cl\/soporte\/avisos\/"]}]},{"@type":"BreadcrumbList","@id":"https:\/\/www.teka.com\/es-cl\/soporte\/avisos\/#breadcrumb","itemListElement":[{"@type":"ListItem","position":1,"name":"Soporte","item":"https:\/\/www.teka.com\/es-cl\/soporte\/"},{"@type":"ListItem","position":2,"name":"Avisos de seguridad"}]},{"@type":"WebSite","@id":"https:\/\/www.teka.com\/es-cl\/#website","url":"https:\/\/www.teka.com\/es-cl\/","name":"Teka Chile","description":"","publisher":{"@id":"https:\/\/www.teka.com\/es-cl\/#organization"},"alternateName":"Teka","potentialAction":[{"@type":"SearchAction","target":{"@type":"EntryPoint","urlTemplate":"https:\/\/www.teka.com\/es-cl\/?s={search_term_string}"},"query-input":{"@type":"PropertyValueSpecification","valueRequired":true,"valueName":"search_term_string"}}],"inLanguage":"es"},{"@type":"Organization","@id":"https:\/\/www.teka.com\/es-cl\/#organization","name":"Teka Chile","alternateName":"Teka","url":"https:\/\/www.teka.com\/es-cl\/","logo":{"@type":"ImageObject","inLanguage":"es","@id":"https:\/\/www.teka.com\/es-cl\/#\/schema\/logo\/image\/","url":"https:\/\/www.teka.com\/es-cl\/wp-content\/uploads\/sites\/10\/2024\/11\/Lg_TEKA_Red_Box_Tagline_ESP_RGB_1-01-scaled.jpg","contentUrl":"https:\/\/www.teka.com\/es-cl\/wp-content\/uploads\/sites\/10\/2024\/11\/Lg_TEKA_Red_Box_Tagline_ESP_RGB_1-01-scaled.jpg","width":2560,"height":2004,"caption":"Teka Chile"},"image":{"@id":"https:\/\/www.teka.com\/es-cl\/#\/schema\/logo\/image\/"},"sameAs":["https:\/\/www.facebook.com\/TekaCL\/","https:\/\/www.instagram.com\/tekachile\/","https:\/\/www.youtube.com\/channel\/UC5yp0d4rOPUTTouDg6sFRcA","https:\/\/www.linkedin.com\/company\/teka-latam\/"]}]}},"_links":{"self":[{"href":"https:\/\/www.teka.com\/es-cl\/wp-json\/wp\/v2\/pages\/5195","targetHints":{"allow":["GET"]}}],"collection":[{"href":"https:\/\/www.teka.com\/es-cl\/wp-json\/wp\/v2\/pages"}],"about":[{"href":"https:\/\/www.teka.com\/es-cl\/wp-json\/wp\/v2\/types\/page"}],"author":[{"embeddable":true,"href":"https:\/\/www.teka.com\/es-cl\/wp-json\/wp\/v2\/users\/9"}],"replies":[{"embeddable":true,"href":"https:\/\/www.teka.com\/es-cl\/wp-json\/wp\/v2\/comments?post=5195"}],"version-history":[{"count":20,"href":"https:\/\/www.teka.com\/es-cl\/wp-json\/wp\/v2\/pages\/5195\/revisions"}],"predecessor-version":[{"id":122761,"href":"https:\/\/www.teka.com\/es-cl\/wp-json\/wp\/v2\/pages\/5195\/revisions\/122761"}],"up":[{"embeddable":true,"href":"https:\/\/www.teka.com\/es-cl\/wp-json\/wp\/v2\/pages\/5193"}],"wp:attachment":[{"href":"https:\/\/www.teka.com\/es-cl\/wp-json\/wp\/v2\/media?parent=5195"}],"curies":[{"name":"wp","href":"https:\/\/api.w.org\/{rel}","templated":true}]}}