{"id":5223,"date":"2018-08-10T10:27:29","date_gmt":"2018-08-10T08:27:29","guid":{"rendered":"http:\/\/teka.com\/?page_id=5223"},"modified":"2026-03-12T02:33:40","modified_gmt":"2026-03-12T01:33:40","slug":"mapa","status":"publish","type":"page","link":"https:\/\/www.teka.com\/es-cl\/soporte\/mapa\/","title":{"rendered":"Localizar Servicio de Atenci\u00f3n al Cliente"},"content":{"rendered":"<p>[et_pb_section fb_built=\u00bb1&#8243; _builder_version=\u00bb4.16&#8243; global_colors_info=\u00bb{}\u00bb][et_pb_row _builder_version=\u00bb4.27.4&#8243; background_size=\u00bbinitial\u00bb background_position=\u00bbtop_left\u00bb background_repeat=\u00bbrepeat\u00bb collapsed=\u00bboff\u00bb global_colors_info=\u00bb{}\u00bb][et_pb_column type=\u00bb4_4&#8243; _builder_version=\u00bb4.16&#8243; custom_padding=\u00bb|||\u00bb global_colors_info=\u00bb{}\u00bb custom_padding__hover=\u00bb|||\u00bb][et_pb_text _builder_version=\u00bb4.27.6&#8243; hover_enabled=\u00bb0&#8243; global_colors_info=\u00bb{}\u00bb sticky_enabled=\u00bb0&#8243;]<\/p>\n<h1><strong>Localizador<\/strong> de servicios t\u00e9cnicos y puntos de venta<\/h1>\n<p>[\/et_pb_text][et_pb_text _builder_version=\u00bb4.27.5&#8243; hover_enabled=\u00bb0&#8243; global_colors_info=\u00bb{}\u00bb sticky_enabled=\u00bb0&#8243;]<\/p>\n<p>Elige el Tipo De Establecimiento que est\u00e1s buscando para servicio t\u00e9cnico. A continuaci\u00f3n, escribe una calle, localidad, provincia o c\u00f3digo postal y te mostraremos los resultados m\u00e1s cercanos a tu b\u00fasqueda.<\/p>\n<p>[\/et_pb_text][\/et_pb_column][\/et_pb_row][\/et_pb_section]<\/p>\n","protected":false},"excerpt":{"rendered":"<p>Localizador de servicios t\u00e9cnicos y puntos de ventaElige el Tipo De Establecimiento que est\u00e1s buscando para servicio t\u00e9cnico. A continuaci\u00f3n, escribe una calle, localidad, provincia o c\u00f3digo postal y te mostraremos los resultados m\u00e1s cercanos a tu b\u00fasqueda.<\/p>\n","protected":false},"author":1,"featured_media":0,"parent":5193,"menu_order":0,"comment_status":"closed","ping_status":"closed","template":"tp-map.php","meta":{"_acf_changed":false,"_et_pb_use_builder":"on","_et_pb_old_content":"","_et_gb_content_width":"","footnotes":""},"class_list":["post-5223","page","type-page","status-publish","hentry"],"acf":[],"yoast_head":"<!-- This site is optimized with the Yoast SEO plugin v27.5 - https:\/\/yoast.com\/product\/yoast-seo-wordpress\/ -->\n<title>Localizador de Servicio T\u00e9cnico | Teka Chil<\/title>\n<meta name=\"description\" content=\"Consulta aqu\u00ed el listado de Servicios T\u00e9cnicos Oficiales de Teka. Tambi\u00e9n podr\u00e1s encontrar nuestros principales puntos de venta.\" \/>\n<meta name=\"robots\" content=\"index, follow, max-snippet:-1, max-image-preview:large, max-video-preview:-1\" \/>\n<link rel=\"canonical\" href=\"https:\/\/www.teka.com\/es-cl\/soporte\/mapa\/\" \/>\n<meta property=\"og:locale\" content=\"es_ES\" \/>\n<meta property=\"og:type\" content=\"article\" \/>\n<meta property=\"og:title\" content=\"Localizador de Servicio T\u00e9cnico | Teka Chil\" \/>\n<meta property=\"og:description\" content=\"Consulta aqu\u00ed el listado de Servicios T\u00e9cnicos Oficiales de Teka. Tambi\u00e9n podr\u00e1s encontrar nuestros principales puntos de venta.\" \/>\n<meta property=\"og:url\" content=\"https:\/\/www.teka.com\/es-cl\/soporte\/mapa\/\" \/>\n<meta property=\"og:site_name\" content=\"Teka Chile\" \/>\n<meta property=\"article:publisher\" content=\"https:\/\/www.facebook.com\/TekaCL\/\" \/>\n<meta property=\"article:modified_time\" content=\"2026-03-12T01:33:40+00:00\" \/>\n<meta property=\"og:image\" content=\"https:\/\/www.teka.com\/es-cl\/wp-content\/uploads\/sites\/10\/2024\/11\/FINAL-Teka-Logo-jan-19-RED-scaled.jpg\" \/>\n\t<meta property=\"og:image:width\" content=\"2560\" \/>\n\t<meta property=\"og:image:height\" content=\"2560\" \/>\n\t<meta property=\"og:image:type\" content=\"image\/jpeg\" \/>\n<meta name=\"twitter:card\" content=\"summary_large_image\" \/>\n<meta name=\"twitter:label1\" content=\"Tiempo de lectura\" \/>\n\t<meta name=\"twitter:data1\" content=\"1 minuto\" \/>\n<script type=\"application\/ld+json\" class=\"yoast-schema-graph\">{\"@context\":\"https:\\\/\\\/schema.org\",\"@graph\":[{\"@type\":\"WebPage\",\"@id\":\"https:\\\/\\\/www.teka.com\\\/es-cl\\\/soporte\\\/mapa\\\/\",\"url\":\"https:\\\/\\\/www.teka.com\\\/es-cl\\\/soporte\\\/mapa\\\/\",\"name\":\"Localizador de Servicio T\u00e9cnico | Teka Chil\",\"isPartOf\":{\"@id\":\"https:\\\/\\\/www.teka.com\\\/es-cl\\\/#website\"},\"datePublished\":\"2018-08-10T08:27:29+00:00\",\"dateModified\":\"2026-03-12T01:33:40+00:00\",\"description\":\"Consulta aqu\u00ed el listado de Servicios T\u00e9cnicos Oficiales de Teka. Tambi\u00e9n podr\u00e1s encontrar nuestros principales puntos de venta.\",\"breadcrumb\":{\"@id\":\"https:\\\/\\\/www.teka.com\\\/es-cl\\\/soporte\\\/mapa\\\/#breadcrumb\"},\"inLanguage\":\"es\",\"potentialAction\":[{\"@type\":\"ReadAction\",\"target\":[\"https:\\\/\\\/www.teka.com\\\/es-cl\\\/soporte\\\/mapa\\\/\"]}]},{\"@type\":\"BreadcrumbList\",\"@id\":\"https:\\\/\\\/www.teka.com\\\/es-cl\\\/soporte\\\/mapa\\\/#breadcrumb\",\"itemListElement\":[{\"@type\":\"ListItem\",\"position\":1,\"name\":\"Soporte\",\"item\":\"https:\\\/\\\/www.teka.com\\\/es-cl\\\/soporte\\\/\"},{\"@type\":\"ListItem\",\"position\":2,\"name\":\"Localizar Servicio de Atenci\u00f3n al Cliente\"}]},{\"@type\":\"WebSite\",\"@id\":\"https:\\\/\\\/www.teka.com\\\/es-cl\\\/#website\",\"url\":\"https:\\\/\\\/www.teka.com\\\/es-cl\\\/\",\"name\":\"Teka Chile\",\"description\":\"\",\"publisher\":{\"@id\":\"https:\\\/\\\/www.teka.com\\\/es-cl\\\/#organization\"},\"alternateName\":\"Teka\",\"potentialAction\":[{\"@type\":\"SearchAction\",\"target\":{\"@type\":\"EntryPoint\",\"urlTemplate\":\"https:\\\/\\\/www.teka.com\\\/es-cl\\\/?s={search_term_string}\"},\"query-input\":{\"@type\":\"PropertyValueSpecification\",\"valueRequired\":true,\"valueName\":\"search_term_string\"}}],\"inLanguage\":\"es\"},{\"@type\":\"Organization\",\"@id\":\"https:\\\/\\\/www.teka.com\\\/es-cl\\\/#organization\",\"name\":\"Teka Chile\",\"alternateName\":\"Teka\",\"url\":\"https:\\\/\\\/www.teka.com\\\/es-cl\\\/\",\"logo\":{\"@type\":\"ImageObject\",\"inLanguage\":\"es\",\"@id\":\"https:\\\/\\\/www.teka.com\\\/es-cl\\\/#\\\/schema\\\/logo\\\/image\\\/\",\"url\":\"https:\\\/\\\/www.teka.com\\\/es-cl\\\/wp-content\\\/uploads\\\/sites\\\/10\\\/2024\\\/11\\\/Lg_TEKA_Red_Box_Tagline_ESP_RGB_1-01-scaled.jpg\",\"contentUrl\":\"https:\\\/\\\/www.teka.com\\\/es-cl\\\/wp-content\\\/uploads\\\/sites\\\/10\\\/2024\\\/11\\\/Lg_TEKA_Red_Box_Tagline_ESP_RGB_1-01-scaled.jpg\",\"width\":2560,\"height\":2004,\"caption\":\"Teka Chile\"},\"image\":{\"@id\":\"https:\\\/\\\/www.teka.com\\\/es-cl\\\/#\\\/schema\\\/logo\\\/image\\\/\"},\"sameAs\":[\"https:\\\/\\\/www.facebook.com\\\/TekaCL\\\/\",\"https:\\\/\\\/www.instagram.com\\\/tekachile\\\/\",\"https:\\\/\\\/www.youtube.com\\\/channel\\\/UC5yp0d4rOPUTTouDg6sFRcA\",\"https:\\\/\\\/www.linkedin.com\\\/company\\\/teka-latam\\\/\"]}]}<\/script>\n<!-- \/ Yoast SEO plugin. -->","yoast_head_json":{"title":"Localizador de Servicio T\u00e9cnico | Teka Chil","description":"Consulta aqu\u00ed el listado de Servicios T\u00e9cnicos Oficiales de Teka. Tambi\u00e9n podr\u00e1s encontrar nuestros principales puntos de venta.","robots":{"index":"index","follow":"follow","max-snippet":"max-snippet:-1","max-image-preview":"max-image-preview:large","max-video-preview":"max-video-preview:-1"},"canonical":"https:\/\/www.teka.com\/es-cl\/soporte\/mapa\/","og_locale":"es_ES","og_type":"article","og_title":"Localizador de Servicio T\u00e9cnico | Teka Chil","og_description":"Consulta aqu\u00ed el listado de Servicios T\u00e9cnicos Oficiales de Teka. Tambi\u00e9n podr\u00e1s encontrar nuestros principales puntos de venta.","og_url":"https:\/\/www.teka.com\/es-cl\/soporte\/mapa\/","og_site_name":"Teka Chile","article_publisher":"https:\/\/www.facebook.com\/TekaCL\/","article_modified_time":"2026-03-12T01:33:40+00:00","og_image":[{"width":2560,"height":2560,"url":"https:\/\/www.teka.com\/es-cl\/wp-content\/uploads\/sites\/10\/2024\/11\/FINAL-Teka-Logo-jan-19-RED-scaled.jpg","type":"image\/jpeg"}],"twitter_card":"summary_large_image","twitter_misc":{"Tiempo de lectura":"1 minuto"},"schema":{"@context":"https:\/\/schema.org","@graph":[{"@type":"WebPage","@id":"https:\/\/www.teka.com\/es-cl\/soporte\/mapa\/","url":"https:\/\/www.teka.com\/es-cl\/soporte\/mapa\/","name":"Localizador de Servicio T\u00e9cnico | Teka Chil","isPartOf":{"@id":"https:\/\/www.teka.com\/es-cl\/#website"},"datePublished":"2018-08-10T08:27:29+00:00","dateModified":"2026-03-12T01:33:40+00:00","description":"Consulta aqu\u00ed el listado de Servicios T\u00e9cnicos Oficiales de Teka. Tambi\u00e9n podr\u00e1s encontrar nuestros principales puntos de venta.","breadcrumb":{"@id":"https:\/\/www.teka.com\/es-cl\/soporte\/mapa\/#breadcrumb"},"inLanguage":"es","potentialAction":[{"@type":"ReadAction","target":["https:\/\/www.teka.com\/es-cl\/soporte\/mapa\/"]}]},{"@type":"BreadcrumbList","@id":"https:\/\/www.teka.com\/es-cl\/soporte\/mapa\/#breadcrumb","itemListElement":[{"@type":"ListItem","position":1,"name":"Soporte","item":"https:\/\/www.teka.com\/es-cl\/soporte\/"},{"@type":"ListItem","position":2,"name":"Localizar Servicio de Atenci\u00f3n al Cliente"}]},{"@type":"WebSite","@id":"https:\/\/www.teka.com\/es-cl\/#website","url":"https:\/\/www.teka.com\/es-cl\/","name":"Teka Chile","description":"","publisher":{"@id":"https:\/\/www.teka.com\/es-cl\/#organization"},"alternateName":"Teka","potentialAction":[{"@type":"SearchAction","target":{"@type":"EntryPoint","urlTemplate":"https:\/\/www.teka.com\/es-cl\/?s={search_term_string}"},"query-input":{"@type":"PropertyValueSpecification","valueRequired":true,"valueName":"search_term_string"}}],"inLanguage":"es"},{"@type":"Organization","@id":"https:\/\/www.teka.com\/es-cl\/#organization","name":"Teka Chile","alternateName":"Teka","url":"https:\/\/www.teka.com\/es-cl\/","logo":{"@type":"ImageObject","inLanguage":"es","@id":"https:\/\/www.teka.com\/es-cl\/#\/schema\/logo\/image\/","url":"https:\/\/www.teka.com\/es-cl\/wp-content\/uploads\/sites\/10\/2024\/11\/Lg_TEKA_Red_Box_Tagline_ESP_RGB_1-01-scaled.jpg","contentUrl":"https:\/\/www.teka.com\/es-cl\/wp-content\/uploads\/sites\/10\/2024\/11\/Lg_TEKA_Red_Box_Tagline_ESP_RGB_1-01-scaled.jpg","width":2560,"height":2004,"caption":"Teka Chile"},"image":{"@id":"https:\/\/www.teka.com\/es-cl\/#\/schema\/logo\/image\/"},"sameAs":["https:\/\/www.facebook.com\/TekaCL\/","https:\/\/www.instagram.com\/tekachile\/","https:\/\/www.youtube.com\/channel\/UC5yp0d4rOPUTTouDg6sFRcA","https:\/\/www.linkedin.com\/company\/teka-latam\/"]}]}},"_links":{"self":[{"href":"https:\/\/www.teka.com\/es-cl\/wp-json\/wp\/v2\/pages\/5223","targetHints":{"allow":["GET"]}}],"collection":[{"href":"https:\/\/www.teka.com\/es-cl\/wp-json\/wp\/v2\/pages"}],"about":[{"href":"https:\/\/www.teka.com\/es-cl\/wp-json\/wp\/v2\/types\/page"}],"author":[{"embeddable":true,"href":"https:\/\/www.teka.com\/es-cl\/wp-json\/wp\/v2\/users\/1"}],"replies":[{"embeddable":true,"href":"https:\/\/www.teka.com\/es-cl\/wp-json\/wp\/v2\/comments?post=5223"}],"version-history":[{"count":44,"href":"https:\/\/www.teka.com\/es-cl\/wp-json\/wp\/v2\/pages\/5223\/revisions"}],"predecessor-version":[{"id":124063,"href":"https:\/\/www.teka.com\/es-cl\/wp-json\/wp\/v2\/pages\/5223\/revisions\/124063"}],"up":[{"embeddable":true,"href":"https:\/\/www.teka.com\/es-cl\/wp-json\/wp\/v2\/pages\/5193"}],"wp:attachment":[{"href":"https:\/\/www.teka.com\/es-cl\/wp-json\/wp\/v2\/media?parent=5223"}],"curies":[{"name":"wp","href":"https:\/\/api.w.org\/{rel}","templated":true}]}}