{"id":121607,"date":"2026-04-07T21:03:09","date_gmt":"2026-04-07T21:03:09","guid":{"rendered":"https:\/\/teka.com\/es-mx\/hlb-8700-p-bk_111000068"},"modified":"2026-03-14T08:28:32","modified_gmt":"2026-03-14T09:28:32","slug":"hlb-8700-p-bk_111000068","status":"publish","type":"product","link":"https:\/\/www.teka.com\/es-cl\/producto\/hlb-8700-p-bk_111000068\/","title":{"rendered":"Teka Home HLB 8700 P"},"content":{"rendered":"<ul>\n<li>Funci\u00f3n especial AirFry, para resultados crujientes y saludables con la bandeja perforada FryMaster Box<\/li>\n<li>12 funciones de cocinado<\/li>\n<li>20 recetas autom\u00e1ticas<\/li>\n<li>Funci\u00f3n Pir\u00f3lisis y sistema de limpieza HydroClean<\/li>\n<li>Clase energ\u00e9tica A+: menos 20% de consumo<\/li>\n<li>Horno Empotrado HLB 8700 P con programador t\u00e1ctil<\/li>\n<\/ul>\n","protected":false},"featured_media":0,"parent":0,"template":"","product_cat":[3496],"product_cleaning_system":[2738,3162],"product_3rd_basket":[],"product_drawers":[],"product_type_of_installation":[],"product_edition":[],"product_serie":[],"product_features":[],"finishes":[],"product_bundles":[],"product_energy_efficiency":[64633],"product_video_training":[64696,64700,64706,64709,64720,64889],"class_list":["post-121607","product","type-product","status-publish","hentry","product_cat-hornos","usp-tekahome-03","usp-tekahome-01","usp-tekahome-02","usp-ovens-05","usp-ovens-09","usp-airfry-03","usp-cookinglovers-03","color-negro","product_type_of_appliance-multifuncion","product_icons-70l","product_icons-hydroclean","product_icons-softclose","product_icons-plus-extension-telescopic-guide","product_icons-pyrolysis","product_cleaning_system-pirolitico","product_cleaning_system-hydroclean","product_energy_efficiency-a-plus-icon","product_video_training-trainingovens-01","product_video_training-trainingovens-02","product_video_training-trainingovens-05","product_video_training-trainingovens-06","product_video_training-trainingovens-12","product_video_training-trainingovens-22"],"acf":[],"yoast_head":"<!-- This site is optimized with the Yoast SEO plugin v27.2 - https:\/\/yoast.com\/product\/yoast-seo-wordpress\/ -->\n<title>Horno Empotrado HLB 8700 P | Teka Chile<\/title>\n<meta name=\"robots\" content=\"index, follow, max-snippet:-1, max-image-preview:large, max-video-preview:-1\" \/>\n<link rel=\"canonical\" href=\"https:\/\/www.teka.com\/es-cl\/producto\/hlb-8700-p-bk_111000068\/\" \/>\n<meta property=\"og:locale\" content=\"es_ES\" \/>\n<meta property=\"og:type\" content=\"article\" \/>\n<meta property=\"og:title\" content=\"Horno Empotrado HLB 8700 P | Teka Chile\" \/>\n<meta property=\"og:description\" content=\"Funci\u00f3n especial AirFry, para resultados crujientes y saludables con la bandeja perforada FryMaster Box 12 funciones de cocinado 20 recetas autom\u00e1ticas Funci\u00f3n Pir\u00f3lisis y sistema de limpieza HydroClean Clase energ\u00e9tica A+: menos 20% de consumo Horno Empotrado HLB 8700 P con programador t\u00e1ctil\" \/>\n<meta property=\"og:url\" content=\"https:\/\/www.teka.com\/es-cl\/producto\/hlb-8700-p-bk_111000068\/\" \/>\n<meta property=\"og:site_name\" content=\"Teka Chile\" \/>\n<meta property=\"article:publisher\" content=\"https:\/\/www.facebook.com\/TekaCL\/\" \/>\n<meta property=\"og:image\" content=\"https:\/\/www.teka.com\/es-cl\/wp-content\/uploads\/sites\/10\/2024\/11\/FINAL-Teka-Logo-jan-19-RED-scaled.jpg\" \/>\n\t<meta property=\"og:image:width\" content=\"2560\" \/>\n\t<meta property=\"og:image:height\" content=\"2560\" \/>\n\t<meta property=\"og:image:type\" content=\"image\/jpeg\" \/>\n<meta name=\"twitter:card\" content=\"summary_large_image\" \/>\n<script type=\"application\/ld+json\" class=\"yoast-schema-graph\">{\"@context\":\"https:\/\/schema.org\",\"@graph\":[{\"@type\":\"WebPage\",\"@id\":\"https:\/\/www.teka.com\/es-cl\/producto\/hlb-8700-p-bk_111000068\/\",\"url\":\"https:\/\/www.teka.com\/es-cl\/producto\/hlb-8700-p-bk_111000068\/\",\"name\":\"Horno Empotrado HLB 8700 P | Teka Chile\",\"isPartOf\":{\"@id\":\"https:\/\/www.teka.com\/es-cl\/#website\"},\"datePublished\":\"2026-04-07T21:03:09+00:00\",\"inLanguage\":\"es\",\"potentialAction\":[{\"@type\":\"ReadAction\",\"target\":[\"https:\/\/www.teka.com\/es-cl\/producto\/hlb-8700-p-bk_111000068\/\"]}]},{\"@type\":\"WebSite\",\"@id\":\"https:\/\/www.teka.com\/es-cl\/#website\",\"url\":\"https:\/\/www.teka.com\/es-cl\/\",\"name\":\"Teka Chile\",\"description\":\"\",\"publisher\":{\"@id\":\"https:\/\/www.teka.com\/es-cl\/#organization\"},\"alternateName\":\"Teka\",\"potentialAction\":[{\"@type\":\"SearchAction\",\"target\":{\"@type\":\"EntryPoint\",\"urlTemplate\":\"https:\/\/www.teka.com\/es-cl\/?s={search_term_string}\"},\"query-input\":{\"@type\":\"PropertyValueSpecification\",\"valueRequired\":true,\"valueName\":\"search_term_string\"}}],\"inLanguage\":\"es\"},{\"@type\":\"Organization\",\"@id\":\"https:\/\/www.teka.com\/es-cl\/#organization\",\"name\":\"Teka Chile\",\"alternateName\":\"Teka\",\"url\":\"https:\/\/www.teka.com\/es-cl\/\",\"logo\":{\"@type\":\"ImageObject\",\"inLanguage\":\"es\",\"@id\":\"https:\/\/www.teka.com\/es-cl\/#\/schema\/logo\/image\/\",\"url\":\"https:\/\/www.teka.com\/es-cl\/wp-content\/uploads\/sites\/10\/2024\/11\/Lg_TEKA_Red_Box_Tagline_ESP_RGB_1-01-scaled.jpg\",\"contentUrl\":\"https:\/\/www.teka.com\/es-cl\/wp-content\/uploads\/sites\/10\/2024\/11\/Lg_TEKA_Red_Box_Tagline_ESP_RGB_1-01-scaled.jpg\",\"width\":2560,\"height\":2004,\"caption\":\"Teka Chile\"},\"image\":{\"@id\":\"https:\/\/www.teka.com\/es-cl\/#\/schema\/logo\/image\/\"},\"sameAs\":[\"https:\/\/www.facebook.com\/TekaCL\/\",\"https:\/\/www.instagram.com\/tekachile\/\",\"https:\/\/www.youtube.com\/channel\/UC5yp0d4rOPUTTouDg6sFRcA\",\"https:\/\/www.linkedin.com\/company\/teka-latam\/\"]}]}<\/script>\n<!-- \/ Yoast SEO plugin. -->","yoast_head_json":{"title":"Horno Empotrado HLB 8700 P | Teka Chile","robots":{"index":"index","follow":"follow","max-snippet":"max-snippet:-1","max-image-preview":"max-image-preview:large","max-video-preview":"max-video-preview:-1"},"canonical":"https:\/\/www.teka.com\/es-cl\/producto\/hlb-8700-p-bk_111000068\/","og_locale":"es_ES","og_type":"article","og_title":"Horno Empotrado HLB 8700 P | Teka Chile","og_description":"Funci\u00f3n especial AirFry, para resultados crujientes y saludables con la bandeja perforada FryMaster Box 12 funciones de cocinado 20 recetas autom\u00e1ticas Funci\u00f3n Pir\u00f3lisis y sistema de limpieza HydroClean Clase energ\u00e9tica A+: menos 20% de consumo Horno Empotrado HLB 8700 P con programador t\u00e1ctil","og_url":"https:\/\/www.teka.com\/es-cl\/producto\/hlb-8700-p-bk_111000068\/","og_site_name":"Teka Chile","article_publisher":"https:\/\/www.facebook.com\/TekaCL\/","og_image":[{"width":2560,"height":2560,"url":"https:\/\/www.teka.com\/es-cl\/wp-content\/uploads\/sites\/10\/2024\/11\/FINAL-Teka-Logo-jan-19-RED-scaled.jpg","type":"image\/jpeg"}],"twitter_card":"summary_large_image","schema":{"@context":"https:\/\/schema.org","@graph":[{"@type":"WebPage","@id":"https:\/\/www.teka.com\/es-cl\/producto\/hlb-8700-p-bk_111000068\/","url":"https:\/\/www.teka.com\/es-cl\/producto\/hlb-8700-p-bk_111000068\/","name":"Horno Empotrado HLB 8700 P | Teka Chile","isPartOf":{"@id":"https:\/\/www.teka.com\/es-cl\/#website"},"datePublished":"2026-04-07T21:03:09+00:00","inLanguage":"es","potentialAction":[{"@type":"ReadAction","target":["https:\/\/www.teka.com\/es-cl\/producto\/hlb-8700-p-bk_111000068\/"]}]},{"@type":"WebSite","@id":"https:\/\/www.teka.com\/es-cl\/#website","url":"https:\/\/www.teka.com\/es-cl\/","name":"Teka Chile","description":"","publisher":{"@id":"https:\/\/www.teka.com\/es-cl\/#organization"},"alternateName":"Teka","potentialAction":[{"@type":"SearchAction","target":{"@type":"EntryPoint","urlTemplate":"https:\/\/www.teka.com\/es-cl\/?s={search_term_string}"},"query-input":{"@type":"PropertyValueSpecification","valueRequired":true,"valueName":"search_term_string"}}],"inLanguage":"es"},{"@type":"Organization","@id":"https:\/\/www.teka.com\/es-cl\/#organization","name":"Teka Chile","alternateName":"Teka","url":"https:\/\/www.teka.com\/es-cl\/","logo":{"@type":"ImageObject","inLanguage":"es","@id":"https:\/\/www.teka.com\/es-cl\/#\/schema\/logo\/image\/","url":"https:\/\/www.teka.com\/es-cl\/wp-content\/uploads\/sites\/10\/2024\/11\/Lg_TEKA_Red_Box_Tagline_ESP_RGB_1-01-scaled.jpg","contentUrl":"https:\/\/www.teka.com\/es-cl\/wp-content\/uploads\/sites\/10\/2024\/11\/Lg_TEKA_Red_Box_Tagline_ESP_RGB_1-01-scaled.jpg","width":2560,"height":2004,"caption":"Teka Chile"},"image":{"@id":"https:\/\/www.teka.com\/es-cl\/#\/schema\/logo\/image\/"},"sameAs":["https:\/\/www.facebook.com\/TekaCL\/","https:\/\/www.instagram.com\/tekachile\/","https:\/\/www.youtube.com\/channel\/UC5yp0d4rOPUTTouDg6sFRcA","https:\/\/www.linkedin.com\/company\/teka-latam\/"]}]}},"_links":{"self":[{"href":"https:\/\/www.teka.com\/es-cl\/wp-json\/wp\/v2\/product\/121607","targetHints":{"allow":["GET"]}}],"collection":[{"href":"https:\/\/www.teka.com\/es-cl\/wp-json\/wp\/v2\/product"}],"about":[{"href":"https:\/\/www.teka.com\/es-cl\/wp-json\/wp\/v2\/types\/product"}],"wp:attachment":[{"href":"https:\/\/www.teka.com\/es-cl\/wp-json\/wp\/v2\/media?parent=121607"}],"wp:term":[{"taxonomy":"product_cat","embeddable":true,"href":"https:\/\/www.teka.com\/es-cl\/wp-json\/wp\/v2\/product_cat?post=121607"},{"taxonomy":"product_cleaning_system","embeddable":true,"href":"https:\/\/www.teka.com\/es-cl\/wp-json\/wp\/v2\/product_cleaning_system?post=121607"},{"taxonomy":"product_3rd_basket","embeddable":true,"href":"https:\/\/www.teka.com\/es-cl\/wp-json\/wp\/v2\/product_3rd_basket?post=121607"},{"taxonomy":"product_drawers","embeddable":true,"href":"https:\/\/www.teka.com\/es-cl\/wp-json\/wp\/v2\/product_drawers?post=121607"},{"taxonomy":"product_type_of_installation","embeddable":true,"href":"https:\/\/www.teka.com\/es-cl\/wp-json\/wp\/v2\/product_type_of_installation?post=121607"},{"taxonomy":"product_edition","embeddable":true,"href":"https:\/\/www.teka.com\/es-cl\/wp-json\/wp\/v2\/product_edition?post=121607"},{"taxonomy":"product_serie","embeddable":true,"href":"https:\/\/www.teka.com\/es-cl\/wp-json\/wp\/v2\/product_serie?post=121607"},{"taxonomy":"product_features","embeddable":true,"href":"https:\/\/www.teka.com\/es-cl\/wp-json\/wp\/v2\/product_features?post=121607"},{"taxonomy":"finishes","embeddable":true,"href":"https:\/\/www.teka.com\/es-cl\/wp-json\/wp\/v2\/finishes?post=121607"},{"taxonomy":"product_bundles","embeddable":true,"href":"https:\/\/www.teka.com\/es-cl\/wp-json\/wp\/v2\/product_bundles?post=121607"},{"taxonomy":"product_energy_efficiency","embeddable":true,"href":"https:\/\/www.teka.com\/es-cl\/wp-json\/wp\/v2\/product_energy_efficiency?post=121607"},{"taxonomy":"product_video_training","embeddable":true,"href":"https:\/\/www.teka.com\/es-cl\/wp-json\/wp\/v2\/product_video_training?post=121607"}],"curies":[{"name":"wp","href":"https:\/\/api.w.org\/{rel}","templated":true}]}}