{"id":121618,"date":"2026-04-26T12:29:01","date_gmt":"2026-04-26T12:29:01","guid":{"rendered":"https:\/\/teka.com\/en-int\/diamond-rs15-1b_115000075"},"modified":"2026-03-14T08:25:52","modified_gmt":"2026-03-14T09:25:52","slug":"diamond-rs15-1b_115000075","status":"publish","type":"product","link":"https:\/\/www.teka.com\/es-cl\/producto\/diamond-rs15-1b_115000075\/","title":{"rendered":"Diamond RS15 1B"},"content":{"rendered":"<ul>\n<li>Serie Diamond<\/li>\n<li>Cubeta de Acero Inoxidable con marco de cristal templado<\/li>\n<li>Cristal templado con borde biselado, resistente a impactos, altas temperaturas y golpes t\u00e9rmicos<\/li>\n<li>Instalaci\u00f3n empotrado<\/li>\n<li>V\u00e1lvula autom\u00e1tica<\/li>\n<li>Acero inoxidable 18\/10<\/li>\n<li>Cubeta con sistema SilentSmart (Menor ruido)<\/li>\n<\/ul>\n","protected":false},"featured_media":0,"parent":0,"template":"","product_cat":[3490],"product_cleaning_system":[],"product_3rd_basket":[],"product_drawers":[],"product_type_of_installation":[64050],"product_edition":[],"product_serie":[],"product_features":[],"finishes":[],"product_bundles":[],"product_energy_efficiency":[],"product_video_training":[],"class_list":["post-121618","product","type-product","status-publish","hentry","product_cat-lavaplatos","usp-sinks-02","usp-sinks-04","usp-sinks-05","usp-sinks-06","usp-diamond-01","usp-sinks-installation-06","color-vidrio-negro","product_type_of_appliance-cristal","product_icons-200mm","product_icons-hygiene","product_icons-r15","product_type_of_installation-encastre"],"acf":[],"yoast_head":"<!-- This site is optimized with the Yoast SEO plugin v27.2 - https:\/\/yoast.com\/product\/yoast-seo-wordpress\/ -->\n<title>Diamond RS15 1B | Teka Chile<\/title>\n<meta name=\"robots\" content=\"index, follow, max-snippet:-1, max-image-preview:large, max-video-preview:-1\" \/>\n<link rel=\"canonical\" href=\"https:\/\/www.teka.com\/es-cl\/producto\/diamond-rs15-1b_115000075\/\" \/>\n<meta property=\"og:locale\" content=\"es_ES\" \/>\n<meta property=\"og:type\" content=\"article\" \/>\n<meta property=\"og:title\" content=\"Diamond RS15 1B | Teka Chile\" \/>\n<meta property=\"og:description\" content=\"Serie Diamond Cubeta de Acero Inoxidable con marco de cristal templado Cristal templado con borde biselado, resistente a impactos, altas temperaturas y golpes t\u00e9rmicos Instalaci\u00f3n empotrado V\u00e1lvula autom\u00e1tica Acero inoxidable 18\/10 Cubeta con sistema SilentSmart (Menor ruido)\" \/>\n<meta property=\"og:url\" content=\"https:\/\/www.teka.com\/es-cl\/producto\/diamond-rs15-1b_115000075\/\" \/>\n<meta property=\"og:site_name\" content=\"Teka Chile\" \/>\n<meta property=\"article:publisher\" content=\"https:\/\/www.facebook.com\/TekaCL\/\" \/>\n<meta property=\"og:image\" content=\"https:\/\/www.teka.com\/es-cl\/wp-content\/uploads\/sites\/10\/2024\/11\/FINAL-Teka-Logo-jan-19-RED-scaled.jpg\" \/>\n\t<meta property=\"og:image:width\" content=\"2560\" \/>\n\t<meta property=\"og:image:height\" content=\"2560\" \/>\n\t<meta property=\"og:image:type\" content=\"image\/jpeg\" \/>\n<meta name=\"twitter:card\" content=\"summary_large_image\" \/>\n<script type=\"application\/ld+json\" class=\"yoast-schema-graph\">{\"@context\":\"https:\/\/schema.org\",\"@graph\":[{\"@type\":\"WebPage\",\"@id\":\"https:\/\/www.teka.com\/es-cl\/producto\/diamond-rs15-1b_115000075\/\",\"url\":\"https:\/\/www.teka.com\/es-cl\/producto\/diamond-rs15-1b_115000075\/\",\"name\":\"Diamond RS15 1B | Teka Chile\",\"isPartOf\":{\"@id\":\"https:\/\/www.teka.com\/es-cl\/#website\"},\"datePublished\":\"2026-04-26T12:29:01+00:00\",\"inLanguage\":\"es\",\"potentialAction\":[{\"@type\":\"ReadAction\",\"target\":[\"https:\/\/www.teka.com\/es-cl\/producto\/diamond-rs15-1b_115000075\/\"]}]},{\"@type\":\"WebSite\",\"@id\":\"https:\/\/www.teka.com\/es-cl\/#website\",\"url\":\"https:\/\/www.teka.com\/es-cl\/\",\"name\":\"Teka Chile\",\"description\":\"\",\"publisher\":{\"@id\":\"https:\/\/www.teka.com\/es-cl\/#organization\"},\"alternateName\":\"Teka\",\"potentialAction\":[{\"@type\":\"SearchAction\",\"target\":{\"@type\":\"EntryPoint\",\"urlTemplate\":\"https:\/\/www.teka.com\/es-cl\/?s={search_term_string}\"},\"query-input\":{\"@type\":\"PropertyValueSpecification\",\"valueRequired\":true,\"valueName\":\"search_term_string\"}}],\"inLanguage\":\"es\"},{\"@type\":\"Organization\",\"@id\":\"https:\/\/www.teka.com\/es-cl\/#organization\",\"name\":\"Teka Chile\",\"alternateName\":\"Teka\",\"url\":\"https:\/\/www.teka.com\/es-cl\/\",\"logo\":{\"@type\":\"ImageObject\",\"inLanguage\":\"es\",\"@id\":\"https:\/\/www.teka.com\/es-cl\/#\/schema\/logo\/image\/\",\"url\":\"https:\/\/www.teka.com\/es-cl\/wp-content\/uploads\/sites\/10\/2024\/11\/Lg_TEKA_Red_Box_Tagline_ESP_RGB_1-01-scaled.jpg\",\"contentUrl\":\"https:\/\/www.teka.com\/es-cl\/wp-content\/uploads\/sites\/10\/2024\/11\/Lg_TEKA_Red_Box_Tagline_ESP_RGB_1-01-scaled.jpg\",\"width\":2560,\"height\":2004,\"caption\":\"Teka Chile\"},\"image\":{\"@id\":\"https:\/\/www.teka.com\/es-cl\/#\/schema\/logo\/image\/\"},\"sameAs\":[\"https:\/\/www.facebook.com\/TekaCL\/\",\"https:\/\/www.instagram.com\/tekachile\/\",\"https:\/\/www.youtube.com\/channel\/UC5yp0d4rOPUTTouDg6sFRcA\",\"https:\/\/www.linkedin.com\/company\/teka-latam\/\"]}]}<\/script>\n<!-- \/ Yoast SEO plugin. -->","yoast_head_json":{"title":"Diamond RS15 1B | Teka Chile","robots":{"index":"index","follow":"follow","max-snippet":"max-snippet:-1","max-image-preview":"max-image-preview:large","max-video-preview":"max-video-preview:-1"},"canonical":"https:\/\/www.teka.com\/es-cl\/producto\/diamond-rs15-1b_115000075\/","og_locale":"es_ES","og_type":"article","og_title":"Diamond RS15 1B | Teka Chile","og_description":"Serie Diamond Cubeta de Acero Inoxidable con marco de cristal templado Cristal templado con borde biselado, resistente a impactos, altas temperaturas y golpes t\u00e9rmicos Instalaci\u00f3n empotrado V\u00e1lvula autom\u00e1tica Acero inoxidable 18\/10 Cubeta con sistema SilentSmart (Menor ruido)","og_url":"https:\/\/www.teka.com\/es-cl\/producto\/diamond-rs15-1b_115000075\/","og_site_name":"Teka Chile","article_publisher":"https:\/\/www.facebook.com\/TekaCL\/","og_image":[{"width":2560,"height":2560,"url":"https:\/\/www.teka.com\/es-cl\/wp-content\/uploads\/sites\/10\/2024\/11\/FINAL-Teka-Logo-jan-19-RED-scaled.jpg","type":"image\/jpeg"}],"twitter_card":"summary_large_image","schema":{"@context":"https:\/\/schema.org","@graph":[{"@type":"WebPage","@id":"https:\/\/www.teka.com\/es-cl\/producto\/diamond-rs15-1b_115000075\/","url":"https:\/\/www.teka.com\/es-cl\/producto\/diamond-rs15-1b_115000075\/","name":"Diamond RS15 1B | Teka Chile","isPartOf":{"@id":"https:\/\/www.teka.com\/es-cl\/#website"},"datePublished":"2026-04-26T12:29:01+00:00","inLanguage":"es","potentialAction":[{"@type":"ReadAction","target":["https:\/\/www.teka.com\/es-cl\/producto\/diamond-rs15-1b_115000075\/"]}]},{"@type":"WebSite","@id":"https:\/\/www.teka.com\/es-cl\/#website","url":"https:\/\/www.teka.com\/es-cl\/","name":"Teka Chile","description":"","publisher":{"@id":"https:\/\/www.teka.com\/es-cl\/#organization"},"alternateName":"Teka","potentialAction":[{"@type":"SearchAction","target":{"@type":"EntryPoint","urlTemplate":"https:\/\/www.teka.com\/es-cl\/?s={search_term_string}"},"query-input":{"@type":"PropertyValueSpecification","valueRequired":true,"valueName":"search_term_string"}}],"inLanguage":"es"},{"@type":"Organization","@id":"https:\/\/www.teka.com\/es-cl\/#organization","name":"Teka Chile","alternateName":"Teka","url":"https:\/\/www.teka.com\/es-cl\/","logo":{"@type":"ImageObject","inLanguage":"es","@id":"https:\/\/www.teka.com\/es-cl\/#\/schema\/logo\/image\/","url":"https:\/\/www.teka.com\/es-cl\/wp-content\/uploads\/sites\/10\/2024\/11\/Lg_TEKA_Red_Box_Tagline_ESP_RGB_1-01-scaled.jpg","contentUrl":"https:\/\/www.teka.com\/es-cl\/wp-content\/uploads\/sites\/10\/2024\/11\/Lg_TEKA_Red_Box_Tagline_ESP_RGB_1-01-scaled.jpg","width":2560,"height":2004,"caption":"Teka Chile"},"image":{"@id":"https:\/\/www.teka.com\/es-cl\/#\/schema\/logo\/image\/"},"sameAs":["https:\/\/www.facebook.com\/TekaCL\/","https:\/\/www.instagram.com\/tekachile\/","https:\/\/www.youtube.com\/channel\/UC5yp0d4rOPUTTouDg6sFRcA","https:\/\/www.linkedin.com\/company\/teka-latam\/"]}]}},"_links":{"self":[{"href":"https:\/\/www.teka.com\/es-cl\/wp-json\/wp\/v2\/product\/121618","targetHints":{"allow":["GET"]}}],"collection":[{"href":"https:\/\/www.teka.com\/es-cl\/wp-json\/wp\/v2\/product"}],"about":[{"href":"https:\/\/www.teka.com\/es-cl\/wp-json\/wp\/v2\/types\/product"}],"wp:attachment":[{"href":"https:\/\/www.teka.com\/es-cl\/wp-json\/wp\/v2\/media?parent=121618"}],"wp:term":[{"taxonomy":"product_cat","embeddable":true,"href":"https:\/\/www.teka.com\/es-cl\/wp-json\/wp\/v2\/product_cat?post=121618"},{"taxonomy":"product_cleaning_system","embeddable":true,"href":"https:\/\/www.teka.com\/es-cl\/wp-json\/wp\/v2\/product_cleaning_system?post=121618"},{"taxonomy":"product_3rd_basket","embeddable":true,"href":"https:\/\/www.teka.com\/es-cl\/wp-json\/wp\/v2\/product_3rd_basket?post=121618"},{"taxonomy":"product_drawers","embeddable":true,"href":"https:\/\/www.teka.com\/es-cl\/wp-json\/wp\/v2\/product_drawers?post=121618"},{"taxonomy":"product_type_of_installation","embeddable":true,"href":"https:\/\/www.teka.com\/es-cl\/wp-json\/wp\/v2\/product_type_of_installation?post=121618"},{"taxonomy":"product_edition","embeddable":true,"href":"https:\/\/www.teka.com\/es-cl\/wp-json\/wp\/v2\/product_edition?post=121618"},{"taxonomy":"product_serie","embeddable":true,"href":"https:\/\/www.teka.com\/es-cl\/wp-json\/wp\/v2\/product_serie?post=121618"},{"taxonomy":"product_features","embeddable":true,"href":"https:\/\/www.teka.com\/es-cl\/wp-json\/wp\/v2\/product_features?post=121618"},{"taxonomy":"finishes","embeddable":true,"href":"https:\/\/www.teka.com\/es-cl\/wp-json\/wp\/v2\/finishes?post=121618"},{"taxonomy":"product_bundles","embeddable":true,"href":"https:\/\/www.teka.com\/es-cl\/wp-json\/wp\/v2\/product_bundles?post=121618"},{"taxonomy":"product_energy_efficiency","embeddable":true,"href":"https:\/\/www.teka.com\/es-cl\/wp-json\/wp\/v2\/product_energy_efficiency?post=121618"},{"taxonomy":"product_video_training","embeddable":true,"href":"https:\/\/www.teka.com\/es-cl\/wp-json\/wp\/v2\/product_video_training?post=121618"}],"curies":[{"name":"wp","href":"https:\/\/api.w.org\/{rel}","templated":true}]}}