{"id":124036,"date":"2026-04-27T00:46:16","date_gmt":"2026-04-27T00:46:16","guid":{"rendered":"https:\/\/teka.com\/es-es\/neo-hsb-6466-ss_111010081"},"modified":"2026-04-21T09:02:19","modified_gmt":"2026-04-21T10:02:19","slug":"neo-hsb-6466-ss_111010081","status":"publish","type":"product","link":"https:\/\/www.teka.com\/es-cl\/producto\/neo-hsb-6466-ss_111010081\/","title":{"rendered":"NEO HSB 6466 SS"},"content":{"rendered":"<ul>\n<li>Nuevo dise\u00f1o moderno e intuitivo<\/li>\n<li>Resultados crujientes con funci\u00f3n AirFry<\/li>\n<li>Funci\u00f3n Chef con 9 programas autom\u00e1ticos<\/li>\n<li>Sistema ThermoSeal que mantiene el calor en el interior<\/li>\n<li>Esmalte BrightClean ultrarresistente<\/li>\n<li>Sistema FastClick de gu\u00edas con montaje f\u00e1cil mediante clip<\/li>\n<li>Joya integrada en el nuevo tirador ergon\u00f3mico<\/li>\n<li>Pantalla un 35% m\u00e1s grande con indicadores de color<\/li>\n<\/ul>\n","protected":false},"featured_media":0,"parent":0,"template":"","product_cat":[3496],"product_cleaning_system":[3162],"product_3rd_basket":[],"product_drawers":[],"product_type_of_installation":[],"product_edition":[],"product_serie":[],"product_features":[],"finishes":[],"product_bundles":[],"product_energy_efficiency":[64633],"product_video_training":[64696,64700,64706,64720,64889],"class_list":["post-124036","product","type-product","status-publish","hentry","product_cat-hornos","usp-ovens-06","usp-airfry-02","usp-neo-00-neo-series","usp-neo-01-wider-colored-display","usp-neo-02-pushpull-knobs","usp-neo-04-jewel","usp-neo-05-brightclean-shield","usp-neo-06-thermoseal-system","usp-neo-07-chef-functions","usp-neo-11-fastclick-system","color-inox","product_type_of_appliance-multifuncion","product_ambient-neo-series-01","product_icons-70l","product_icons-hydroclean","product_icons-surroundtemp","product_cleaning_system-hydroclean","product_energy_efficiency-a-plus-icon","product_video_training-trainingovens-01","product_video_training-trainingovens-02","product_video_training-trainingovens-05","product_video_training-trainingovens-12","product_video_training-trainingovens-22"],"acf":[],"yoast_head":"<!-- This site is optimized with the Yoast SEO plugin v27.2 - https:\/\/yoast.com\/product\/yoast-seo-wordpress\/ -->\n<title>Horno Airfry NEO HSB 6466 INOX | Teka Chile<\/title>\n<meta name=\"robots\" content=\"index, follow, max-snippet:-1, max-image-preview:large, max-video-preview:-1\" \/>\n<link rel=\"canonical\" href=\"https:\/\/www.teka.com\/es-cl\/producto\/neo-hsb-6466-ss_111010081\/\" \/>\n<meta property=\"og:locale\" content=\"es_ES\" \/>\n<meta property=\"og:type\" content=\"article\" \/>\n<meta property=\"og:title\" content=\"Horno Airfry NEO HSB 6466 INOX | Teka Chile\" \/>\n<meta property=\"og:description\" content=\"Nuevo dise\u00f1o moderno e intuitivo Resultados crujientes con funci\u00f3n AirFry Funci\u00f3n Chef con 9 programas autom\u00e1ticos Sistema ThermoSeal que mantiene el calor en el interior Esmalte BrightClean ultrarresistente Sistema FastClick de gu\u00edas con montaje f\u00e1cil mediante clip Joya integrada en el nuevo tirador ergon\u00f3mico Pantalla un 35% m\u00e1s grande con indicadores de color\" \/>\n<meta property=\"og:url\" content=\"https:\/\/www.teka.com\/es-cl\/producto\/neo-hsb-6466-ss_111010081\/\" \/>\n<meta property=\"og:site_name\" content=\"Teka Chile\" \/>\n<meta property=\"article:publisher\" content=\"https:\/\/www.facebook.com\/TekaCL\/\" \/>\n<meta property=\"og:image\" content=\"https:\/\/www.teka.com\/es-cl\/wp-content\/uploads\/sites\/10\/2024\/11\/FINAL-Teka-Logo-jan-19-RED-scaled.jpg\" \/>\n\t<meta property=\"og:image:width\" content=\"2560\" \/>\n\t<meta property=\"og:image:height\" content=\"2560\" \/>\n\t<meta property=\"og:image:type\" content=\"image\/jpeg\" \/>\n<meta name=\"twitter:card\" content=\"summary_large_image\" \/>\n<script type=\"application\/ld+json\" class=\"yoast-schema-graph\">{\"@context\":\"https:\/\/schema.org\",\"@graph\":[{\"@type\":\"WebPage\",\"@id\":\"https:\/\/www.teka.com\/es-cl\/producto\/neo-hsb-6466-ss_111010081\/\",\"url\":\"https:\/\/www.teka.com\/es-cl\/producto\/neo-hsb-6466-ss_111010081\/\",\"name\":\"Horno Airfry NEO HSB 6466 INOX | Teka Chile\",\"isPartOf\":{\"@id\":\"https:\/\/www.teka.com\/es-cl\/#website\"},\"datePublished\":\"2026-04-27T00:46:16+00:00\",\"inLanguage\":\"es\",\"potentialAction\":[{\"@type\":\"ReadAction\",\"target\":[\"https:\/\/www.teka.com\/es-cl\/producto\/neo-hsb-6466-ss_111010081\/\"]}]},{\"@type\":\"WebSite\",\"@id\":\"https:\/\/www.teka.com\/es-cl\/#website\",\"url\":\"https:\/\/www.teka.com\/es-cl\/\",\"name\":\"Teka Chile\",\"description\":\"\",\"publisher\":{\"@id\":\"https:\/\/www.teka.com\/es-cl\/#organization\"},\"alternateName\":\"Teka\",\"potentialAction\":[{\"@type\":\"SearchAction\",\"target\":{\"@type\":\"EntryPoint\",\"urlTemplate\":\"https:\/\/www.teka.com\/es-cl\/?s={search_term_string}\"},\"query-input\":{\"@type\":\"PropertyValueSpecification\",\"valueRequired\":true,\"valueName\":\"search_term_string\"}}],\"inLanguage\":\"es\"},{\"@type\":\"Organization\",\"@id\":\"https:\/\/www.teka.com\/es-cl\/#organization\",\"name\":\"Teka Chile\",\"alternateName\":\"Teka\",\"url\":\"https:\/\/www.teka.com\/es-cl\/\",\"logo\":{\"@type\":\"ImageObject\",\"inLanguage\":\"es\",\"@id\":\"https:\/\/www.teka.com\/es-cl\/#\/schema\/logo\/image\/\",\"url\":\"https:\/\/www.teka.com\/es-cl\/wp-content\/uploads\/sites\/10\/2024\/11\/Lg_TEKA_Red_Box_Tagline_ESP_RGB_1-01-scaled.jpg\",\"contentUrl\":\"https:\/\/www.teka.com\/es-cl\/wp-content\/uploads\/sites\/10\/2024\/11\/Lg_TEKA_Red_Box_Tagline_ESP_RGB_1-01-scaled.jpg\",\"width\":2560,\"height\":2004,\"caption\":\"Teka Chile\"},\"image\":{\"@id\":\"https:\/\/www.teka.com\/es-cl\/#\/schema\/logo\/image\/\"},\"sameAs\":[\"https:\/\/www.facebook.com\/TekaCL\/\",\"https:\/\/www.instagram.com\/tekachile\/\",\"https:\/\/www.youtube.com\/channel\/UC5yp0d4rOPUTTouDg6sFRcA\",\"https:\/\/www.linkedin.com\/company\/teka-latam\/\"]}]}<\/script>\n<!-- \/ Yoast SEO plugin. -->","yoast_head_json":{"title":"Horno Airfry NEO HSB 6466 INOX | Teka Chile","robots":{"index":"index","follow":"follow","max-snippet":"max-snippet:-1","max-image-preview":"max-image-preview:large","max-video-preview":"max-video-preview:-1"},"canonical":"https:\/\/www.teka.com\/es-cl\/producto\/neo-hsb-6466-ss_111010081\/","og_locale":"es_ES","og_type":"article","og_title":"Horno Airfry NEO HSB 6466 INOX | Teka Chile","og_description":"Nuevo dise\u00f1o moderno e intuitivo Resultados crujientes con funci\u00f3n AirFry Funci\u00f3n Chef con 9 programas autom\u00e1ticos Sistema ThermoSeal que mantiene el calor en el interior Esmalte BrightClean ultrarresistente Sistema FastClick de gu\u00edas con montaje f\u00e1cil mediante clip Joya integrada en el nuevo tirador ergon\u00f3mico Pantalla un 35% m\u00e1s grande con indicadores de color","og_url":"https:\/\/www.teka.com\/es-cl\/producto\/neo-hsb-6466-ss_111010081\/","og_site_name":"Teka Chile","article_publisher":"https:\/\/www.facebook.com\/TekaCL\/","og_image":[{"width":2560,"height":2560,"url":"https:\/\/www.teka.com\/es-cl\/wp-content\/uploads\/sites\/10\/2024\/11\/FINAL-Teka-Logo-jan-19-RED-scaled.jpg","type":"image\/jpeg"}],"twitter_card":"summary_large_image","schema":{"@context":"https:\/\/schema.org","@graph":[{"@type":"WebPage","@id":"https:\/\/www.teka.com\/es-cl\/producto\/neo-hsb-6466-ss_111010081\/","url":"https:\/\/www.teka.com\/es-cl\/producto\/neo-hsb-6466-ss_111010081\/","name":"Horno Airfry NEO HSB 6466 INOX | Teka Chile","isPartOf":{"@id":"https:\/\/www.teka.com\/es-cl\/#website"},"datePublished":"2026-04-27T00:46:16+00:00","inLanguage":"es","potentialAction":[{"@type":"ReadAction","target":["https:\/\/www.teka.com\/es-cl\/producto\/neo-hsb-6466-ss_111010081\/"]}]},{"@type":"WebSite","@id":"https:\/\/www.teka.com\/es-cl\/#website","url":"https:\/\/www.teka.com\/es-cl\/","name":"Teka Chile","description":"","publisher":{"@id":"https:\/\/www.teka.com\/es-cl\/#organization"},"alternateName":"Teka","potentialAction":[{"@type":"SearchAction","target":{"@type":"EntryPoint","urlTemplate":"https:\/\/www.teka.com\/es-cl\/?s={search_term_string}"},"query-input":{"@type":"PropertyValueSpecification","valueRequired":true,"valueName":"search_term_string"}}],"inLanguage":"es"},{"@type":"Organization","@id":"https:\/\/www.teka.com\/es-cl\/#organization","name":"Teka Chile","alternateName":"Teka","url":"https:\/\/www.teka.com\/es-cl\/","logo":{"@type":"ImageObject","inLanguage":"es","@id":"https:\/\/www.teka.com\/es-cl\/#\/schema\/logo\/image\/","url":"https:\/\/www.teka.com\/es-cl\/wp-content\/uploads\/sites\/10\/2024\/11\/Lg_TEKA_Red_Box_Tagline_ESP_RGB_1-01-scaled.jpg","contentUrl":"https:\/\/www.teka.com\/es-cl\/wp-content\/uploads\/sites\/10\/2024\/11\/Lg_TEKA_Red_Box_Tagline_ESP_RGB_1-01-scaled.jpg","width":2560,"height":2004,"caption":"Teka Chile"},"image":{"@id":"https:\/\/www.teka.com\/es-cl\/#\/schema\/logo\/image\/"},"sameAs":["https:\/\/www.facebook.com\/TekaCL\/","https:\/\/www.instagram.com\/tekachile\/","https:\/\/www.youtube.com\/channel\/UC5yp0d4rOPUTTouDg6sFRcA","https:\/\/www.linkedin.com\/company\/teka-latam\/"]}]}},"_links":{"self":[{"href":"https:\/\/www.teka.com\/es-cl\/wp-json\/wp\/v2\/product\/124036","targetHints":{"allow":["GET"]}}],"collection":[{"href":"https:\/\/www.teka.com\/es-cl\/wp-json\/wp\/v2\/product"}],"about":[{"href":"https:\/\/www.teka.com\/es-cl\/wp-json\/wp\/v2\/types\/product"}],"wp:attachment":[{"href":"https:\/\/www.teka.com\/es-cl\/wp-json\/wp\/v2\/media?parent=124036"}],"wp:term":[{"taxonomy":"product_cat","embeddable":true,"href":"https:\/\/www.teka.com\/es-cl\/wp-json\/wp\/v2\/product_cat?post=124036"},{"taxonomy":"product_cleaning_system","embeddable":true,"href":"https:\/\/www.teka.com\/es-cl\/wp-json\/wp\/v2\/product_cleaning_system?post=124036"},{"taxonomy":"product_3rd_basket","embeddable":true,"href":"https:\/\/www.teka.com\/es-cl\/wp-json\/wp\/v2\/product_3rd_basket?post=124036"},{"taxonomy":"product_drawers","embeddable":true,"href":"https:\/\/www.teka.com\/es-cl\/wp-json\/wp\/v2\/product_drawers?post=124036"},{"taxonomy":"product_type_of_installation","embeddable":true,"href":"https:\/\/www.teka.com\/es-cl\/wp-json\/wp\/v2\/product_type_of_installation?post=124036"},{"taxonomy":"product_edition","embeddable":true,"href":"https:\/\/www.teka.com\/es-cl\/wp-json\/wp\/v2\/product_edition?post=124036"},{"taxonomy":"product_serie","embeddable":true,"href":"https:\/\/www.teka.com\/es-cl\/wp-json\/wp\/v2\/product_serie?post=124036"},{"taxonomy":"product_features","embeddable":true,"href":"https:\/\/www.teka.com\/es-cl\/wp-json\/wp\/v2\/product_features?post=124036"},{"taxonomy":"finishes","embeddable":true,"href":"https:\/\/www.teka.com\/es-cl\/wp-json\/wp\/v2\/finishes?post=124036"},{"taxonomy":"product_bundles","embeddable":true,"href":"https:\/\/www.teka.com\/es-cl\/wp-json\/wp\/v2\/product_bundles?post=124036"},{"taxonomy":"product_energy_efficiency","embeddable":true,"href":"https:\/\/www.teka.com\/es-cl\/wp-json\/wp\/v2\/product_energy_efficiency?post=124036"},{"taxonomy":"product_video_training","embeddable":true,"href":"https:\/\/www.teka.com\/es-cl\/wp-json\/wp\/v2\/product_video_training?post=124036"}],"curies":[{"name":"wp","href":"https:\/\/api.w.org\/{rel}","templated":true}]}}