{"id":67253,"date":"2026-04-27T06:10:24","date_gmt":"2026-04-27T06:10:24","guid":{"rendered":"https:\/\/www.teka.com\/es-cl\/producto\/in-024_5302412\/"},"modified":"2026-04-23T09:38:43","modified_gmt":"2026-04-23T10:38:43","slug":"in-024_5302412","status":"publish","type":"product","link":"https:\/\/www.teka.com\/es-cl\/producto\/in-024_5302412\/","title":{"rendered":"IN 024"},"content":{"rendered":"<ul>\n<li>Monomando fregadero mural<\/li>\n<li>Ca\u00f1o giratorio de 180 mm<\/li>\n<li>Cartucho de discos cer\u00e1micos de alta resistencia<\/li>\n<li>Equipado con reductores de ruido en las entradas<\/li>\n<li>Aireador anticalc\u00e1reo<\/li>\n<\/ul>\n","protected":false},"featured_media":0,"parent":0,"template":"","product_cat":[3492],"product_cleaning_system":[],"product_3rd_basket":[],"product_drawers":[],"product_type_of_installation":[64048],"product_edition":[],"product_serie":[],"product_features":[],"finishes":[],"product_bundles":[],"product_energy_efficiency":[],"product_video_training":[],"class_list":["post-67253","product","type-product","status-publish","hentry","product_cat-griferia-de-cocina","color-cromo","product_type_of_appliance-mural","product_type_of_appliance-cano-alto","product_icons-anti-scale_aerator","product_icons-swivel_spout","product_type_of_installation-mural"],"acf":[],"yoast_head":"<!-- This site is optimized with the Yoast SEO plugin v27.5 - https:\/\/yoast.com\/product\/yoast-seo-wordpress\/ -->\n<title>Grifo de Cocina Monomando IN 024 | Teka Chile<\/title>\n<meta name=\"robots\" content=\"index, follow, max-snippet:-1, max-image-preview:large, max-video-preview:-1\" \/>\n<link rel=\"canonical\" href=\"https:\/\/www.teka.com\/es-cl\/producto\/in-024_5302412\/\" \/>\n<meta property=\"og:locale\" content=\"es_ES\" \/>\n<meta property=\"og:type\" content=\"article\" \/>\n<meta property=\"og:title\" content=\"Grifo de Cocina Monomando IN 024 | Teka Chile\" \/>\n<meta property=\"og:description\" content=\"Monomando fregadero mural Ca\u00f1o giratorio de 180 mm Cartucho de discos cer\u00e1micos de alta resistencia Equipado con reductores de ruido en las entradas Aireador anticalc\u00e1reo\" \/>\n<meta property=\"og:url\" content=\"https:\/\/www.teka.com\/es-cl\/producto\/in-024_5302412\/\" \/>\n<meta property=\"og:site_name\" content=\"Teka Chile\" \/>\n<meta property=\"article:publisher\" content=\"https:\/\/www.facebook.com\/TekaCL\/\" \/>\n<meta property=\"og:image\" content=\"https:\/\/www.teka.com\/es-cl\/wp-content\/uploads\/sites\/10\/2024\/11\/FINAL-Teka-Logo-jan-19-RED-scaled.jpg\" \/>\n\t<meta property=\"og:image:width\" content=\"2560\" \/>\n\t<meta property=\"og:image:height\" content=\"2560\" \/>\n\t<meta property=\"og:image:type\" content=\"image\/jpeg\" \/>\n<meta name=\"twitter:card\" content=\"summary_large_image\" \/>\n<script type=\"application\/ld+json\" class=\"yoast-schema-graph\">{\"@context\":\"https:\\\/\\\/schema.org\",\"@graph\":[{\"@type\":\"WebPage\",\"@id\":\"https:\\\/\\\/www.teka.com\\\/es-cl\\\/producto\\\/in-024_5302412\\\/\",\"url\":\"https:\\\/\\\/www.teka.com\\\/es-cl\\\/producto\\\/in-024_5302412\\\/\",\"name\":\"Grifo de Cocina Monomando IN 024 | Teka Chile\",\"isPartOf\":{\"@id\":\"https:\\\/\\\/www.teka.com\\\/es-cl\\\/#website\"},\"datePublished\":\"2026-04-27T06:10:24+00:00\",\"inLanguage\":\"es\",\"potentialAction\":[{\"@type\":\"ReadAction\",\"target\":[\"https:\\\/\\\/www.teka.com\\\/es-cl\\\/producto\\\/in-024_5302412\\\/\"]}]},{\"@type\":\"WebSite\",\"@id\":\"https:\\\/\\\/www.teka.com\\\/es-cl\\\/#website\",\"url\":\"https:\\\/\\\/www.teka.com\\\/es-cl\\\/\",\"name\":\"Teka Chile\",\"description\":\"\",\"publisher\":{\"@id\":\"https:\\\/\\\/www.teka.com\\\/es-cl\\\/#organization\"},\"alternateName\":\"Teka\",\"potentialAction\":[{\"@type\":\"SearchAction\",\"target\":{\"@type\":\"EntryPoint\",\"urlTemplate\":\"https:\\\/\\\/www.teka.com\\\/es-cl\\\/?s={search_term_string}\"},\"query-input\":{\"@type\":\"PropertyValueSpecification\",\"valueRequired\":true,\"valueName\":\"search_term_string\"}}],\"inLanguage\":\"es\"},{\"@type\":\"Organization\",\"@id\":\"https:\\\/\\\/www.teka.com\\\/es-cl\\\/#organization\",\"name\":\"Teka Chile\",\"alternateName\":\"Teka\",\"url\":\"https:\\\/\\\/www.teka.com\\\/es-cl\\\/\",\"logo\":{\"@type\":\"ImageObject\",\"inLanguage\":\"es\",\"@id\":\"https:\\\/\\\/www.teka.com\\\/es-cl\\\/#\\\/schema\\\/logo\\\/image\\\/\",\"url\":\"https:\\\/\\\/www.teka.com\\\/es-cl\\\/wp-content\\\/uploads\\\/sites\\\/10\\\/2024\\\/11\\\/Lg_TEKA_Red_Box_Tagline_ESP_RGB_1-01-scaled.jpg\",\"contentUrl\":\"https:\\\/\\\/www.teka.com\\\/es-cl\\\/wp-content\\\/uploads\\\/sites\\\/10\\\/2024\\\/11\\\/Lg_TEKA_Red_Box_Tagline_ESP_RGB_1-01-scaled.jpg\",\"width\":2560,\"height\":2004,\"caption\":\"Teka Chile\"},\"image\":{\"@id\":\"https:\\\/\\\/www.teka.com\\\/es-cl\\\/#\\\/schema\\\/logo\\\/image\\\/\"},\"sameAs\":[\"https:\\\/\\\/www.facebook.com\\\/TekaCL\\\/\",\"https:\\\/\\\/www.instagram.com\\\/tekachile\\\/\",\"https:\\\/\\\/www.youtube.com\\\/channel\\\/UC5yp0d4rOPUTTouDg6sFRcA\",\"https:\\\/\\\/www.linkedin.com\\\/company\\\/teka-latam\\\/\"]}]}<\/script>\n<!-- \/ Yoast SEO plugin. -->","yoast_head_json":{"title":"Grifo de Cocina Monomando IN 024 | Teka Chile","robots":{"index":"index","follow":"follow","max-snippet":"max-snippet:-1","max-image-preview":"max-image-preview:large","max-video-preview":"max-video-preview:-1"},"canonical":"https:\/\/www.teka.com\/es-cl\/producto\/in-024_5302412\/","og_locale":"es_ES","og_type":"article","og_title":"Grifo de Cocina Monomando IN 024 | Teka Chile","og_description":"Monomando fregadero mural Ca\u00f1o giratorio de 180 mm Cartucho de discos cer\u00e1micos de alta resistencia Equipado con reductores de ruido en las entradas Aireador anticalc\u00e1reo","og_url":"https:\/\/www.teka.com\/es-cl\/producto\/in-024_5302412\/","og_site_name":"Teka Chile","article_publisher":"https:\/\/www.facebook.com\/TekaCL\/","og_image":[{"width":2560,"height":2560,"url":"https:\/\/www.teka.com\/es-cl\/wp-content\/uploads\/sites\/10\/2024\/11\/FINAL-Teka-Logo-jan-19-RED-scaled.jpg","type":"image\/jpeg"}],"twitter_card":"summary_large_image","schema":{"@context":"https:\/\/schema.org","@graph":[{"@type":"WebPage","@id":"https:\/\/www.teka.com\/es-cl\/producto\/in-024_5302412\/","url":"https:\/\/www.teka.com\/es-cl\/producto\/in-024_5302412\/","name":"Grifo de Cocina Monomando IN 024 | Teka Chile","isPartOf":{"@id":"https:\/\/www.teka.com\/es-cl\/#website"},"datePublished":"2026-04-27T06:10:24+00:00","inLanguage":"es","potentialAction":[{"@type":"ReadAction","target":["https:\/\/www.teka.com\/es-cl\/producto\/in-024_5302412\/"]}]},{"@type":"WebSite","@id":"https:\/\/www.teka.com\/es-cl\/#website","url":"https:\/\/www.teka.com\/es-cl\/","name":"Teka Chile","description":"","publisher":{"@id":"https:\/\/www.teka.com\/es-cl\/#organization"},"alternateName":"Teka","potentialAction":[{"@type":"SearchAction","target":{"@type":"EntryPoint","urlTemplate":"https:\/\/www.teka.com\/es-cl\/?s={search_term_string}"},"query-input":{"@type":"PropertyValueSpecification","valueRequired":true,"valueName":"search_term_string"}}],"inLanguage":"es"},{"@type":"Organization","@id":"https:\/\/www.teka.com\/es-cl\/#organization","name":"Teka Chile","alternateName":"Teka","url":"https:\/\/www.teka.com\/es-cl\/","logo":{"@type":"ImageObject","inLanguage":"es","@id":"https:\/\/www.teka.com\/es-cl\/#\/schema\/logo\/image\/","url":"https:\/\/www.teka.com\/es-cl\/wp-content\/uploads\/sites\/10\/2024\/11\/Lg_TEKA_Red_Box_Tagline_ESP_RGB_1-01-scaled.jpg","contentUrl":"https:\/\/www.teka.com\/es-cl\/wp-content\/uploads\/sites\/10\/2024\/11\/Lg_TEKA_Red_Box_Tagline_ESP_RGB_1-01-scaled.jpg","width":2560,"height":2004,"caption":"Teka Chile"},"image":{"@id":"https:\/\/www.teka.com\/es-cl\/#\/schema\/logo\/image\/"},"sameAs":["https:\/\/www.facebook.com\/TekaCL\/","https:\/\/www.instagram.com\/tekachile\/","https:\/\/www.youtube.com\/channel\/UC5yp0d4rOPUTTouDg6sFRcA","https:\/\/www.linkedin.com\/company\/teka-latam\/"]}]}},"_links":{"self":[{"href":"https:\/\/www.teka.com\/es-cl\/wp-json\/wp\/v2\/product\/67253","targetHints":{"allow":["GET"]}}],"collection":[{"href":"https:\/\/www.teka.com\/es-cl\/wp-json\/wp\/v2\/product"}],"about":[{"href":"https:\/\/www.teka.com\/es-cl\/wp-json\/wp\/v2\/types\/product"}],"wp:attachment":[{"href":"https:\/\/www.teka.com\/es-cl\/wp-json\/wp\/v2\/media?parent=67253"}],"wp:term":[{"taxonomy":"product_cat","embeddable":true,"href":"https:\/\/www.teka.com\/es-cl\/wp-json\/wp\/v2\/product_cat?post=67253"},{"taxonomy":"product_cleaning_system","embeddable":true,"href":"https:\/\/www.teka.com\/es-cl\/wp-json\/wp\/v2\/product_cleaning_system?post=67253"},{"taxonomy":"product_3rd_basket","embeddable":true,"href":"https:\/\/www.teka.com\/es-cl\/wp-json\/wp\/v2\/product_3rd_basket?post=67253"},{"taxonomy":"product_drawers","embeddable":true,"href":"https:\/\/www.teka.com\/es-cl\/wp-json\/wp\/v2\/product_drawers?post=67253"},{"taxonomy":"product_type_of_installation","embeddable":true,"href":"https:\/\/www.teka.com\/es-cl\/wp-json\/wp\/v2\/product_type_of_installation?post=67253"},{"taxonomy":"product_edition","embeddable":true,"href":"https:\/\/www.teka.com\/es-cl\/wp-json\/wp\/v2\/product_edition?post=67253"},{"taxonomy":"product_serie","embeddable":true,"href":"https:\/\/www.teka.com\/es-cl\/wp-json\/wp\/v2\/product_serie?post=67253"},{"taxonomy":"product_features","embeddable":true,"href":"https:\/\/www.teka.com\/es-cl\/wp-json\/wp\/v2\/product_features?post=67253"},{"taxonomy":"finishes","embeddable":true,"href":"https:\/\/www.teka.com\/es-cl\/wp-json\/wp\/v2\/finishes?post=67253"},{"taxonomy":"product_bundles","embeddable":true,"href":"https:\/\/www.teka.com\/es-cl\/wp-json\/wp\/v2\/product_bundles?post=67253"},{"taxonomy":"product_energy_efficiency","embeddable":true,"href":"https:\/\/www.teka.com\/es-cl\/wp-json\/wp\/v2\/product_energy_efficiency?post=67253"},{"taxonomy":"product_video_training","embeddable":true,"href":"https:\/\/www.teka.com\/es-cl\/wp-json\/wp\/v2\/product_video_training?post=67253"}],"curies":[{"name":"wp","href":"https:\/\/api.w.org\/{rel}","templated":true}]}}