{"id":24,"date":"2018-06-27T08:21:08","date_gmt":"2018-06-27T06:21:08","guid":{"rendered":"http:\/\/teka.com\/?page_id=24"},"modified":"2024-01-31T21:10:26","modified_gmt":"2024-01-31T20:10:26","slug":"home","status":"publish","type":"page","link":"https:\/\/www.teka.com\/es-co\/","title":{"rendered":"Home"},"content":{"rendered":"<p>[et_pb_section fb_built=\u00bb1&#8243; fullwidth=\u00bbon\u00bb module_id=\u00bbhome-slider\u00bb _builder_version=\u00bb4.16&#8243; global_colors_info=\u00bb{}\u00bb][et_pb_fullwidth_slider show_pagination=\u00bboff\u00bb disabled_on=\u00bbon|on|\u00bb admin_label=\u00bbFull width slider Desktop\u00bb _builder_version=\u00bb4.22.1&#8243; auto=\u00bbon\u00bb auto_speed=\u00bb8000&#8243; hover_enabled=\u00bb0&#8243; global_colors_info=\u00bb{}\u00bb button_text_size__hover_enabled=\u00bboff\u00bb button_text_size__hover=\u00bbnull\u00bb button_one_text_size__hover_enabled=\u00bboff\u00bb button_one_text_size__hover=\u00bbnull\u00bb button_two_text_size__hover_enabled=\u00bboff\u00bb button_two_text_size__hover=\u00bbnull\u00bb button_text_color__hover_enabled=\u00bboff\u00bb button_text_color__hover=\u00bbnull\u00bb button_one_text_color__hover_enabled=\u00bboff\u00bb button_one_text_color__hover=\u00bbnull\u00bb button_two_text_color__hover_enabled=\u00bboff\u00bb button_two_text_color__hover=\u00bbnull\u00bb button_border_width__hover_enabled=\u00bboff\u00bb button_border_width__hover=\u00bbnull\u00bb button_one_border_width__hover_enabled=\u00bboff\u00bb button_one_border_width__hover=\u00bbnull\u00bb button_two_border_width__hover_enabled=\u00bboff\u00bb button_two_border_width__hover=\u00bbnull\u00bb button_border_color__hover_enabled=\u00bboff\u00bb button_border_color__hover=\u00bbnull\u00bb button_one_border_color__hover_enabled=\u00bboff\u00bb button_one_border_color__hover=\u00bbnull\u00bb button_two_border_color__hover_enabled=\u00bboff\u00bb button_two_border_color__hover=\u00bbnull\u00bb button_border_radius__hover_enabled=\u00bboff\u00bb button_border_radius__hover=\u00bbnull\u00bb button_one_border_radius__hover_enabled=\u00bboff\u00bb button_one_border_radius__hover=\u00bbnull\u00bb button_two_border_radius__hover_enabled=\u00bboff\u00bb button_two_border_radius__hover=\u00bbnull\u00bb button_letter_spacing__hover_enabled=\u00bboff\u00bb button_letter_spacing__hover=\u00bbnull\u00bb button_one_letter_spacing__hover_enabled=\u00bboff\u00bb button_one_letter_spacing__hover=\u00bbnull\u00bb button_two_letter_spacing__hover_enabled=\u00bboff\u00bb button_two_letter_spacing__hover=\u00bbnull\u00bb button_bg_color__hover_enabled=\u00bboff\u00bb button_bg_color__hover=\u00bbnull\u00bb button_one_bg_color__hover_enabled=\u00bboff\u00bb button_one_bg_color__hover=\u00bbnull\u00bb button_two_bg_color__hover_enabled=\u00bboff\u00bb button_two_bg_color__hover=\u00bbnull\u00bb sticky_enabled=\u00bb0&#8243;][et_pb_slide button_link=\u00bbhttps:\/\/www.teka.com\/es-co\/producto\/steakmaster_111000026\/\u00bb use_bg_overlay=\u00bboff\u00bb use_text_overlay=\u00bboff\u00bb admin_title=\u00bbSteakMaster\u00bb _builder_version=\u00bb4.16&#8243; background_color=\u00bb#000000&#8243; background_image=\u00bbhttps:\/\/www.teka.com\/es-co\/wp-content\/uploads\/sites\/54\/2020\/04\/Banner-SteakMaster_03.jpg\u00bb background_position=\u00bbcenter_right\u00bb button_on_hover=\u00bbon\u00bb link_option_url=\u00bbhttps:\/\/www.teka.com\/es-co\/producto\/steakmaster_111000026\/\u00bb global_colors_info=\u00bb{}\u00bb sticky_transition=\u00bbon\u00bb]<\/p>\n<h3 class=\"x_MsoNormal\"><strong><span lang=\"ES\">\u00bfTe gustar\u00eda cocinar en casa un chulet\u00f3n con calidad de restaurante?<\/span><\/strong><\/h3>\n<p class=\"x_MsoNormal\">El primer y \u00fanico horno con el que adem\u00e1s podr\u00e1s cocinar el chulet\u00f3n a la brasa perfecto.<\/p>\n<p>&nbsp;<\/p>\n<p><a href=\"https:\/\/www.teka.com\/es-co\/producto\/steakmaster_111000026\/\">+ Ver producto<\/a>\u00a0 \u00a0\u00a0<\/p>\n<p>[\/et_pb_slide][et_pb_slide button_link=\u00bbhttps:\/\/www.teka.com\/es-co\/cocina\/hornos\/\u00bb use_bg_overlay=\u00bboff\u00bb use_text_overlay=\u00bboff\u00bb admin_title=\u00bbSlide 4: feature product\u00bb _builder_version=\u00bb4.16&#8243; background_color=\u00bb#000000&#8243; background_image=\u00bbhttps:\/\/www.teka.com\/es-cl\/wp-content\/uploads\/sites\/10\/2018\/11\/teka-slider-horno-chica-desktop.jpg\u00bb background_position=\u00bbcenter_right\u00bb button_on_hover=\u00bbon\u00bb link_option_url=\u00bbhttps:\/\/www.teka.com\/es-co\/cocina\/hornos\/\u00bb global_colors_info=\u00bb{}\u00bb sticky_transition=\u00bbon\u00bb]<\/p>\n<h3><strong>Nueva gama de hornos.<\/strong><\/h3>\n<p>Dise\u00f1o, ahorro y comodidad.<\/p>\n<p><a href=\"https:\/\/www.teka.com\/es-co\/cocina\/hornos\/\">+ Explorar<\/a><\/p>\n<p>[\/et_pb_slide][et_pb_slide button_link=\u00bbhttps:\/\/www.teka.com\/es-co\/cocina\/hornos\u00bb use_bg_overlay=\u00bboff\u00bb use_text_overlay=\u00bboff\u00bb admin_title=\u00bbSlide 1: inspiration\u00bb _builder_version=\u00bb4.16&#8243; background_color=\u00bb#000000&#8243; background_image=\u00bbhttps:\/\/www.teka.com\/es-cl\/wp-content\/uploads\/sites\/10\/2018\/11\/teka-slider-carne-desktop-v2.jpg\u00bb background_position=\u00bbcenter_right\u00bb button_on_hover=\u00bbon\u00bb link_option_url=\u00bbhttps:\/\/www.teka.com\/es-co\/cocina\/hornos\u00bb global_colors_info=\u00bb{}\u00bb sticky_transition=\u00bbon\u00bb]<\/p>\n<h3>Experimenta <strong>emociones reales.<\/strong><\/h3>\n<p><a href=\"https:\/\/www.teka.com\/es-co\/cocina\/hornos\">+ Explorar<\/a><\/p>\n<p>[\/et_pb_slide][et_pb_slide button_link=\u00bbhttps:\/\/www.teka.com\/es-co\/cocina\/hornos\u00bb use_bg_overlay=\u00bboff\u00bb use_text_overlay=\u00bboff\u00bb admin_title=\u00bb100Y\u00bb _builder_version=\u00bb4.22.1&#8243; background_color=\u00bb#000000&#8243; background_image=\u00bbhttps:\/\/www.teka.com\/es-co\/wp-content\/uploads\/sites\/54\/2024\/01\/TEKA_100_Yeas_Banner_ES.jpg\u00bb background_position=\u00bbcenter_right\u00bb button_on_hover=\u00bbon\u00bb link_option_url=\u00bbhttps:\/\/www.teka.com\/es-co\/cocina\/hornos\u00bb hover_enabled=\u00bb0&#8243; global_colors_info=\u00bb{}\u00bb sticky_transition=\u00bbon\u00bb sticky_enabled=\u00bb0&#8243; background_enable_image=\u00bbon\u00bb title_text=\u00bbTEKA_100_Yeas_Banner_ES\u00bb]<\/p>\n<h3>\u00a0<\/h3>\n<p>&nbsp;<\/p>\n<p>[\/et_pb_slide][\/et_pb_fullwidth_slider][et_pb_fullwidth_slider show_pagination=\u00bboff\u00bb disabled_on=\u00bboff|off|on\u00bb admin_label=\u00bbFull width slider Tablet\/Mobile\u00bb _builder_version=\u00bb4.16&#8243; auto=\u00bbon\u00bb auto_speed=\u00bb8000&#8243; global_colors_info=\u00bb{}\u00bb button_text_size__hover_enabled=\u00bboff\u00bb button_text_size__hover=\u00bbnull\u00bb button_one_text_size__hover_enabled=\u00bboff\u00bb button_one_text_size__hover=\u00bbnull\u00bb button_two_text_size__hover_enabled=\u00bboff\u00bb button_two_text_size__hover=\u00bbnull\u00bb button_text_color__hover_enabled=\u00bboff\u00bb button_text_color__hover=\u00bbnull\u00bb button_one_text_color__hover_enabled=\u00bboff\u00bb button_one_text_color__hover=\u00bbnull\u00bb button_two_text_color__hover_enabled=\u00bboff\u00bb button_two_text_color__hover=\u00bbnull\u00bb button_border_width__hover_enabled=\u00bboff\u00bb button_border_width__hover=\u00bbnull\u00bb button_one_border_width__hover_enabled=\u00bboff\u00bb button_one_border_width__hover=\u00bbnull\u00bb button_two_border_width__hover_enabled=\u00bboff\u00bb button_two_border_width__hover=\u00bbnull\u00bb button_border_color__hover_enabled=\u00bboff\u00bb button_border_color__hover=\u00bbnull\u00bb button_one_border_color__hover_enabled=\u00bboff\u00bb button_one_border_color__hover=\u00bbnull\u00bb button_two_border_color__hover_enabled=\u00bboff\u00bb button_two_border_color__hover=\u00bbnull\u00bb button_border_radius__hover_enabled=\u00bboff\u00bb button_border_radius__hover=\u00bbnull\u00bb button_one_border_radius__hover_enabled=\u00bboff\u00bb button_one_border_radius__hover=\u00bbnull\u00bb button_two_border_radius__hover_enabled=\u00bboff\u00bb button_two_border_radius__hover=\u00bbnull\u00bb button_letter_spacing__hover_enabled=\u00bboff\u00bb button_letter_spacing__hover=\u00bbnull\u00bb button_one_letter_spacing__hover_enabled=\u00bboff\u00bb button_one_letter_spacing__hover=\u00bbnull\u00bb button_two_letter_spacing__hover_enabled=\u00bboff\u00bb button_two_letter_spacing__hover=\u00bbnull\u00bb button_bg_color__hover_enabled=\u00bboff\u00bb button_bg_color__hover=\u00bbnull\u00bb button_one_bg_color__hover_enabled=\u00bboff\u00bb button_one_bg_color__hover=\u00bbnull\u00bb button_two_bg_color__hover_enabled=\u00bboff\u00bb button_two_bg_color__hover=\u00bbnull\u00bb][et_pb_slide button_link=\u00bbhttps:\/\/www.teka.com\/es-co\/producto\/steakmaster_111000026\/\u00bb use_bg_overlay=\u00bboff\u00bb use_text_overlay=\u00bboff\u00bb admin_title=\u00bbSlide SteakMaster\u00bb _builder_version=\u00bb4.16&#8243; background_color=\u00bb#000000&#8243; background_image=\u00bbhttps:\/\/www.teka.com\/es-co\/wp-content\/uploads\/sites\/54\/2020\/09\/steakmaster-oven-teka-banner-mobile.jpg\u00bb background_enable_image=\u00bbon\u00bb button_on_hover=\u00bbon\u00bb text_orientation=\u00bbleft\u00bb link_option_url=\u00bbhttps:\/\/www.teka.com\/es-co\/producto\/steakmaster_111000026\/\u00bb global_colors_info=\u00bb{}\u00bb sticky_transition=\u00bbon\u00bb]<\/p>\n<h3><strong>\u00bfTe gustar\u00eda cocinar en casa un chulet\u00f3n con calidad de restaurante?<\/strong><\/h3>\n<p>El primer y \u00fanico horno con el que adem\u00e1s podr\u00e1s cocinar el chulet\u00f3n a la brasa perfecto.<\/p>\n<p>&nbsp;<\/p>\n<p><a href=\"https:\/\/www.teka.com\/es-co\/producto\/steakmaster_111000026\/\">+ Ver producto<\/a><\/p>\n<p>[\/et_pb_slide][et_pb_slide button_link=\u00bbhttps:\/\/www.teka.com\/es-co\/cocina\/hornos\u00bb use_bg_overlay=\u00bboff\u00bb use_text_overlay=\u00bboff\u00bb admin_title=\u00bbSlide 1: inspiration\u00bb _builder_version=\u00bb4.16&#8243; background_color=\u00bb#000000&#8243; background_image=\u00bbhttps:\/\/www.teka.com\/es-cl\/wp-content\/uploads\/sites\/10\/2018\/11\/teka-slider-carne-tablet-mobile-1.jpg\u00bb button_on_hover=\u00bbon\u00bb text_orientation=\u00bbleft\u00bb link_option_url=\u00bbhttps:\/\/www.teka.com\/es-co\/cocina\/hornos\u00bb global_colors_info=\u00bb{}\u00bb sticky_transition=\u00bbon\u00bb]<\/p>\n<h3>Experimenta\u00a0<strong>emociones reales.<\/strong><\/h3>\n<p><a href=\"https:\/\/www.teka.com\/es-co\/cocina\/hornos\">+ Explorar<\/a><\/p>\n<p>[\/et_pb_slide][et_pb_slide button_link=\u00bbhttps:\/\/www.teka.com\/es-co\/producto\/ioven_41560160\/\u00bb use_bg_overlay=\u00bboff\u00bb use_text_overlay=\u00bboff\u00bb admin_title=\u00bbSlide 2: feature product\u00bb _builder_version=\u00bb4.16&#8243; background_color=\u00bb#000000&#8243; background_image=\u00bbhttps:\/\/www.teka.com\/es-cl\/wp-content\/uploads\/sites\/10\/2018\/11\/img-responsive-slider.jpg\u00bb button_on_hover=\u00bbon\u00bb text_orientation=\u00bbleft\u00bb link_option_url=\u00bbhttps:\/\/www.teka.com\/es-co\/producto\/ioven_41560160\/\u00bb global_colors_info=\u00bb{}\u00bb sticky_transition=\u00bbon\u00bb]<\/p>\n<h3><strong>Nuevo horno iOven.<\/strong><\/h3>\n<h3>Con pantalla t\u00e1ctil y 50 recetas preprogramadas.<\/h3>\n<p><a href=\"https:\/\/www.teka.com\/es-co\/producto\/ioven_41560160\/\">+ Explorar<\/a><\/p>\n<p>[\/et_pb_slide][\/et_pb_fullwidth_slider][\/et_pb_section][et_pb_section fb_built=\u00bb1&#8243; module_id=\u00bbhome-banners-top\u00bb module_class=\u00bbhome-banners\u00bb _builder_version=\u00bb4.16&#8243; global_colors_info=\u00bb{}\u00bb][et_pb_row column_structure=\u00bb1_2,1_2&#8243; use_custom_gutter=\u00bbon\u00bb gutter_width=\u00bb2&#8243; make_equal=\u00bbon\u00bb _builder_version=\u00bb4.16&#8243; width=\u00bb100%\u00bb max_width=\u00bb100%\u00bb make_fullwidth=\u00bbon\u00bb use_custom_width=\u00bbon\u00bb width_unit=\u00bboff\u00bb custom_width_percent=\u00bb100%\u00bb global_colors_info=\u00bb{}\u00bb][et_pb_column type=\u00bb1_2&#8243; module_id=\u00bbhome-banner-1&#8243; _builder_version=\u00bb4.16&#8243; background_image=\u00bbhttps:\/\/www.teka.com\/es-co\/wp-content\/uploads\/sites\/54\/2019\/09\/ML-822-WH-girl2-banner-secondary.jpg\u00bb background_position=\u00bbcenter_left\u00bb custom_padding=\u00bb|||\u00bb global_colors_info=\u00bb{}\u00bb custom_padding__hover=\u00bb|||\u00bb][et_pb_text _builder_version=\u00bb4.16&#8243; link_option_url=\u00bbhttps:\/\/www.teka.com\/es-co\/cocina\/microondas\/\u00bb text_orientation_tablet=\u00bb\u00bb text_orientation_phone=\u00bbcenter\u00bb text_orientation_last_edited=\u00bbon|desktop\u00bb background_layout_tablet=\u00bb\u00bb background_layout_phone=\u00bbdark\u00bb background_layout_last_edited=\u00bbon|phone\u00bb saved_tabs=\u00bball\u00bb global_colors_info=\u00bb{}\u00bb]<\/p>\n<h3>Microondas integrables, <strong>armon\u00eda en tu cocina.<\/strong><\/h3>\n<p>[\/et_pb_text][\/et_pb_column][et_pb_column type=\u00bb1_2&#8243; module_id=\u00bbhome-banner-2&#8243; _builder_version=\u00bb4.16&#8243; background_image=\u00bbhttps:\/\/www.teka.com\/es-co\/wp-content\/uploads\/sites\/54\/2019\/09\/iOven-p-teka-banner-secondary-1.jpg\u00bb background_position=\u00bbcenter_left\u00bb custom_padding=\u00bb|||\u00bb global_colors_info=\u00bb{}\u00bb custom_padding__hover=\u00bb|||\u00bb][et_pb_text _builder_version=\u00bb4.16&#8243; text_orientation=\u00bbright\u00bb background_layout=\u00bbdark\u00bb link_option_url=\u00bbhttps:\/\/www.teka.com\/es-co\/producto\/ioven_41560160\/\u00bb text_orientation_tablet=\u00bbright\u00bb text_orientation_phone=\u00bbcenter\u00bb text_orientation_last_edited=\u00bbon|phone\u00bb saved_tabs=\u00bball\u00bb global_colors_info=\u00bb{}\u00bb]<\/p>\n<h3><strong>Hornos iOven,<\/strong><br \/>\ncon pantalla t\u00e1ctil y 50 recetas.<\/h3>\n<p><a class=\"open_fullscreen\" style=\"display: inline-block; padding: 0 5px;\" href=\"https:\/\/www.youtube.com\/watch?v=-ULvw2jeuF4\" target=\"_blank\" rel=\"noopener noreferrer\">+ Ver v\u00eddeo<\/a><a style=\"display: inline-block; padding: 0 5px;\" href=\"https:\/\/www.teka.com\/es-co\/producto\/ioven_41560160\/\">+ Ver producto<\/a><\/p>\n<p>[\/et_pb_text][\/et_pb_column][\/et_pb_row][\/et_pb_section][et_pb_section fb_built=\u00bb1&#8243; module_id=\u00bbhome-featured-product\u00bb _builder_version=\u00bb4.16&#8243; background_color=\u00bb#000000&#8243; global_colors_info=\u00bb{}\u00bb][et_pb_row make_equal=\u00bbon\u00bb _builder_version=\u00bb4.16&#8243; background_image=\u00bbhttps:\/\/www.teka.com\/es-co\/wp-content\/uploads\/sites\/54\/2019\/12\/teka-kitchen-ambients.jpg\u00bb width=\u00bb100%\u00bb max_width=\u00bb100%\u00bb link_option_url=\u00bbhttps:\/\/www.teka.com\/es-cl\/cocina\/hornos\/\u00bb make_fullwidth=\u00bbon\u00bb use_custom_width=\u00bbon\u00bb width_unit=\u00bboff\u00bb custom_width_percent=\u00bb100%\u00bb global_colors_info=\u00bb{}\u00bb][et_pb_column type=\u00bb4_4&#8243; module_id=\u00bbhome-featured-product-left\u00bb _builder_version=\u00bb4.16&#8243; custom_padding=\u00bb|||\u00bb global_colors_info=\u00bb{}\u00bb custom_padding__hover=\u00bb|||\u00bb][et_pb_image src=\u00bbhttps:\/\/www.teka.com\/wp-content\/uploads\/sites\/3\/2018\/06\/ovens.png\u00bb align_tablet=\u00bbcenter\u00bb align_phone=\u00bb\u00bb align_last_edited=\u00bbon|desktop\u00bb disabled_on=\u00bbon|on|on\u00bb _builder_version=\u00bb4.16&#8243; disabled=\u00bbon\u00bb global_colors_info=\u00bb{}\u00bb][\/et_pb_image][et_pb_text _builder_version=\u00bb4.16&#8243; link_option_url=\u00bbhttps:\/\/www.teka.com\/es-co\/cocina\/hornos\u00bb global_colors_info=\u00bb{}\u00bb]<\/p>\n<h3 style=\"text-align: center\">El centro de tu hogar,<br \/><strong>el alma de tu cocina.<\/strong><\/h3>\n<p>[\/et_pb_text][\/et_pb_column][\/et_pb_row][\/et_pb_section][et_pb_section fb_built=\u00bb1&#8243; module_id=\u00bbhome-banners-bottom\u00bb module_class=\u00bbhome-banners\u00bb _builder_version=\u00bb4.16&#8243; global_colors_info=\u00bb{}\u00bb][et_pb_row column_structure=\u00bb1_2,1_2&#8243; use_custom_gutter=\u00bbon\u00bb gutter_width=\u00bb2&#8243; make_equal=\u00bbon\u00bb _builder_version=\u00bb4.16&#8243; width=\u00bb100%\u00bb max_width=\u00bb100%\u00bb make_fullwidth=\u00bbon\u00bb use_custom_width=\u00bbon\u00bb width_unit=\u00bboff\u00bb custom_width_percent=\u00bb100%\u00bb global_colors_info=\u00bb{}\u00bb][et_pb_column type=\u00bb1_2&#8243; module_id=\u00bbhome-banner-3&#8243; _builder_version=\u00bb4.16&#8243; background_image=\u00bbhttps:\/\/www.teka.com\/es-co\/wp-content\/uploads\/sites\/54\/2019\/12\/inspiration-banner-teka.jpg\u00bb custom_padding=\u00bb|||\u00bb global_colors_info=\u00bb{}\u00bb custom_padding__hover=\u00bb|||\u00bb][et_pb_text _builder_version=\u00bb4.16&#8243; background_layout=\u00bbdark\u00bb link_option_url=\u00bbhttps:\/\/www.teka.com\/es-co\/inspiracion\/\u00bb text_orientation_tablet=\u00bb\u00bb text_orientation_phone=\u00bbcenter\u00bb text_orientation_last_edited=\u00bbon|desktop\u00bb global_colors_info=\u00bb{}\u00bb]<\/p>\n<h3>Los mejores\u00a0<strong>consejos<br \/>y trucos de cocina<\/strong>.<\/h3>\n<p>[\/et_pb_text][\/et_pb_column][et_pb_column type=\u00bb1_2&#8243; module_id=\u00bbhome-banner-4&#8243; _builder_version=\u00bb4.16&#8243; background_image=\u00bbhttps:\/\/www.teka.com\/es-co\/wp-content\/uploads\/sites\/54\/2020\/07\/SlideCooking-induction-hob-banner-secondary.jpg\u00bb background_position=\u00bbcenter_left\u00bb custom_padding=\u00bb|||\u00bb global_colors_info=\u00bb{}\u00bb custom_padding__hover=\u00bb|||\u00bb][et_pb_text _builder_version=\u00bb4.16&#8243; text_orientation=\u00bbright\u00bb background_layout=\u00bbdark\u00bb link_option_url=\u00bbhttps:\/\/www.teka.com\/es-co\/cocina\/encimeras\/\u00bb text_orientation_tablet=\u00bbright\u00bb text_orientation_phone=\u00bbcenter\u00bb text_orientation_last_edited=\u00bbon|phone\u00bb global_colors_info=\u00bb{}\u00bb]<\/p>\n<h3>Encimeras para<strong><br \/>cocineros exigentes.<\/strong><\/h3>\n<p><a href=\"https:\/\/www.teka.com\/es-co\/cocina\/encimeras\/\">+ Explorar<\/a><\/p>\n<p>[\/et_pb_text][\/et_pb_column][\/et_pb_row][\/et_pb_section][et_pb_section fb_built=\u00bb1&#8243; module_id=\u00bbhome-featured-products\u00bb _builder_version=\u00bb4.16&#8243; global_colors_info=\u00bb{}\u00bb][et_pb_row _builder_version=\u00bb4.16&#8243; background_size=\u00bbinitial\u00bb background_position=\u00bbtop_left\u00bb background_repeat=\u00bbrepeat\u00bb global_colors_info=\u00bb{}\u00bb][et_pb_column type=\u00bb4_4&#8243; _builder_version=\u00bb4.16&#8243; custom_padding=\u00bb|||\u00bb global_colors_info=\u00bb{}\u00bb custom_padding__hover=\u00bb|||\u00bb][et_pb_text admin_label=\u00bbTitle: Featured Products\u00bb _builder_version=\u00bb4.16&#8243; global_colors_info=\u00bb{}\u00bb]<\/p>\n<h2 class=\"home_featured\">Productos <strong>destacados<\/strong><\/h2>\n<p>[\/et_pb_text][et_pb_products fullwidth=\u00bboff\u00bb posts_number=\u00bb12&#8243; references=\u00bb111000005,41560070,40584300,41560160,10210160,112030002,40483131,40782501,10125121,539341280&#8243; show_pagination=\u00bboff\u00bb show_compare=\u00bboff\u00bb admin_label=\u00bbFeatured products\u00bb module_class=\u00bbproduct-slider\u00bb _builder_version=\u00bb3.19&#8243; title_font_size_tablet=\u00bb51&#8243; title_line_height_tablet=\u00bb2&#8243; caption_font_size_tablet=\u00bb51&#8243; caption_line_height_tablet=\u00bb2&#8243; pagination_font_size_tablet=\u00bb51&#8243; pagination_line_height_tablet=\u00bb2&#8243; global_colors_info=\u00bb{}\u00bb][\/et_pb_products][\/et_pb_column][\/et_pb_row][\/et_pb_section]<\/p>\n","protected":false},"excerpt":{"rendered":"<p>\u00bfTe gustar\u00eda cocinar en casa un chulet\u00f3n con calidad de restaurante? El primer y \u00fanico horno con el que adem\u00e1s podr\u00e1s cocinar el chulet\u00f3n a la brasa perfecto. &nbsp; + Ver producto\u00a0 \u00a0\u00a0Nueva gama de hornos. Dise\u00f1o, ahorro y comodidad. + ExplorarExperimenta emociones reales. + Explorar\u00a0 &nbsp;\u00bfTe gustar\u00eda cocinar en casa un chulet\u00f3n con calidad [&hellip;]<\/p>\n","protected":false},"author":9,"featured_media":0,"parent":0,"menu_order":0,"comment_status":"closed","ping_status":"closed","template":"","meta":{"_acf_changed":false,"_et_pb_use_builder":"on","_et_pb_old_content":"","_et_gb_content_width":"","footnotes":""},"class_list":["post-24","page","type-page","status-publish","hentry"],"acf":[],"yoast_head":"<!-- This site is optimized with the Yoast SEO plugin v27.2 - https:\/\/yoast.com\/product\/yoast-seo-wordpress\/ -->\n<title>Teka | Donde se cocina la vida<\/title>\n<meta name=\"description\" content=\"La mejor elecci\u00f3n en Electrodom\u00e9sticos, soluciones integrales para tu cocina. Grifos, duchas y accesorios de ba\u00f1o. Teka, donde se cocina la vida.\" \/>\n<meta name=\"robots\" content=\"index, follow, max-snippet:-1, max-image-preview:large, max-video-preview:-1\" \/>\n<link rel=\"canonical\" href=\"https:\/\/www.teka.com\/es-co\/\" \/>\n<meta property=\"og:locale\" content=\"es_ES\" \/>\n<meta property=\"og:type\" content=\"article\" \/>\n<meta property=\"og:title\" content=\"Teka | Donde se cocina la vida\" \/>\n<meta property=\"og:description\" content=\"La mejor elecci\u00f3n en Electrodom\u00e9sticos, soluciones integrales para tu cocina. Grifos, duchas y accesorios de ba\u00f1o. Teka, donde se cocina la vida.\" \/>\n<meta property=\"og:url\" content=\"https:\/\/www.teka.com\/es-co\/\" \/>\n<meta property=\"og:site_name\" content=\"Teka Colombia\" \/>\n<meta property=\"article:modified_time\" content=\"2024-01-31T20:10:26+00:00\" \/>\n<meta name=\"twitter:card\" content=\"summary_large_image\" \/>\n<meta name=\"twitter:label1\" content=\"Tiempo de lectura\" \/>\n\t<meta name=\"twitter:data1\" content=\"3 minutos\" \/>\n<script type=\"application\/ld+json\" class=\"yoast-schema-graph\">{\"@context\":\"https:\/\/schema.org\",\"@graph\":[{\"@type\":\"WebPage\",\"@id\":\"https:\/\/www.teka.com\/es-co\/\",\"url\":\"https:\/\/www.teka.com\/es-co\/\",\"name\":\"Teka | Donde se cocina la vida\",\"isPartOf\":{\"@id\":\"https:\/\/www.teka.com\/es-co\/#website\"},\"datePublished\":\"2018-06-27T06:21:08+00:00\",\"dateModified\":\"2024-01-31T20:10:26+00:00\",\"description\":\"La mejor elecci\u00f3n en Electrodom\u00e9sticos, soluciones integrales para tu cocina. Grifos, duchas y accesorios de ba\u00f1o. Teka, donde se cocina la vida.\",\"inLanguage\":\"es\",\"potentialAction\":[{\"@type\":\"ReadAction\",\"target\":[\"https:\/\/www.teka.com\/es-co\/\"]}]},{\"@type\":\"WebSite\",\"@id\":\"https:\/\/www.teka.com\/es-co\/#website\",\"url\":\"https:\/\/www.teka.com\/es-co\/\",\"name\":\"Teka Colombia\",\"description\":\"\",\"publisher\":{\"@id\":\"https:\/\/www.teka.com\/es-co\/#organization\"},\"potentialAction\":[{\"@type\":\"SearchAction\",\"target\":{\"@type\":\"EntryPoint\",\"urlTemplate\":\"https:\/\/www.teka.com\/es-co\/?s={search_term_string}\"},\"query-input\":{\"@type\":\"PropertyValueSpecification\",\"valueRequired\":true,\"valueName\":\"search_term_string\"}}],\"inLanguage\":\"es\"},{\"@type\":\"Organization\",\"@id\":\"https:\/\/www.teka.com\/es-co\/#organization\",\"name\":\"Teka Colombia\",\"url\":\"https:\/\/www.teka.com\/es-co\/\",\"logo\":{\"@type\":\"ImageObject\",\"inLanguage\":\"es\",\"@id\":\"https:\/\/www.teka.com\/es-co\/#\/schema\/logo\/image\/\",\"url\":\"https:\/\/www.teka.com\/es-co\/wp-content\/uploads\/sites\/54\/2018\/10\/404-teka.png\",\"contentUrl\":\"https:\/\/www.teka.com\/es-co\/wp-content\/uploads\/sites\/54\/2018\/10\/404-teka.png\",\"width\":200,\"height\":200,\"caption\":\"Teka Colombia\"},\"image\":{\"@id\":\"https:\/\/www.teka.com\/es-co\/#\/schema\/logo\/image\/\"}}]}<\/script>\n<!-- \/ Yoast SEO plugin. -->","yoast_head_json":{"title":"Teka | Donde se cocina la vida","description":"La mejor elecci\u00f3n en Electrodom\u00e9sticos, soluciones integrales para tu cocina. Grifos, duchas y accesorios de ba\u00f1o. Teka, donde se cocina la vida.","robots":{"index":"index","follow":"follow","max-snippet":"max-snippet:-1","max-image-preview":"max-image-preview:large","max-video-preview":"max-video-preview:-1"},"canonical":"https:\/\/www.teka.com\/es-co\/","og_locale":"es_ES","og_type":"article","og_title":"Teka | Donde se cocina la vida","og_description":"La mejor elecci\u00f3n en Electrodom\u00e9sticos, soluciones integrales para tu cocina. Grifos, duchas y accesorios de ba\u00f1o. Teka, donde se cocina la vida.","og_url":"https:\/\/www.teka.com\/es-co\/","og_site_name":"Teka Colombia","article_modified_time":"2024-01-31T20:10:26+00:00","twitter_card":"summary_large_image","twitter_misc":{"Tiempo de lectura":"3 minutos"},"schema":{"@context":"https:\/\/schema.org","@graph":[{"@type":"WebPage","@id":"https:\/\/www.teka.com\/es-co\/","url":"https:\/\/www.teka.com\/es-co\/","name":"Teka | Donde se cocina la vida","isPartOf":{"@id":"https:\/\/www.teka.com\/es-co\/#website"},"datePublished":"2018-06-27T06:21:08+00:00","dateModified":"2024-01-31T20:10:26+00:00","description":"La mejor elecci\u00f3n en Electrodom\u00e9sticos, soluciones integrales para tu cocina. Grifos, duchas y accesorios de ba\u00f1o. Teka, donde se cocina la vida.","inLanguage":"es","potentialAction":[{"@type":"ReadAction","target":["https:\/\/www.teka.com\/es-co\/"]}]},{"@type":"WebSite","@id":"https:\/\/www.teka.com\/es-co\/#website","url":"https:\/\/www.teka.com\/es-co\/","name":"Teka Colombia","description":"","publisher":{"@id":"https:\/\/www.teka.com\/es-co\/#organization"},"potentialAction":[{"@type":"SearchAction","target":{"@type":"EntryPoint","urlTemplate":"https:\/\/www.teka.com\/es-co\/?s={search_term_string}"},"query-input":{"@type":"PropertyValueSpecification","valueRequired":true,"valueName":"search_term_string"}}],"inLanguage":"es"},{"@type":"Organization","@id":"https:\/\/www.teka.com\/es-co\/#organization","name":"Teka Colombia","url":"https:\/\/www.teka.com\/es-co\/","logo":{"@type":"ImageObject","inLanguage":"es","@id":"https:\/\/www.teka.com\/es-co\/#\/schema\/logo\/image\/","url":"https:\/\/www.teka.com\/es-co\/wp-content\/uploads\/sites\/54\/2018\/10\/404-teka.png","contentUrl":"https:\/\/www.teka.com\/es-co\/wp-content\/uploads\/sites\/54\/2018\/10\/404-teka.png","width":200,"height":200,"caption":"Teka Colombia"},"image":{"@id":"https:\/\/www.teka.com\/es-co\/#\/schema\/logo\/image\/"}}]}},"_links":{"self":[{"href":"https:\/\/www.teka.com\/es-co\/wp-json\/wp\/v2\/pages\/24","targetHints":{"allow":["GET"]}}],"collection":[{"href":"https:\/\/www.teka.com\/es-co\/wp-json\/wp\/v2\/pages"}],"about":[{"href":"https:\/\/www.teka.com\/es-co\/wp-json\/wp\/v2\/types\/page"}],"author":[{"embeddable":true,"href":"https:\/\/www.teka.com\/es-co\/wp-json\/wp\/v2\/users\/9"}],"replies":[{"embeddable":true,"href":"https:\/\/www.teka.com\/es-co\/wp-json\/wp\/v2\/comments?post=24"}],"version-history":[{"count":191,"href":"https:\/\/www.teka.com\/es-co\/wp-json\/wp\/v2\/pages\/24\/revisions"}],"predecessor-version":[{"id":71138,"href":"https:\/\/www.teka.com\/es-co\/wp-json\/wp\/v2\/pages\/24\/revisions\/71138"}],"wp:attachment":[{"href":"https:\/\/www.teka.com\/es-co\/wp-json\/wp\/v2\/media?parent=24"}],"curies":[{"name":"wp","href":"https:\/\/api.w.org\/{rel}","templated":true}]}}