{"id":70012,"date":"2026-05-06T00:03:02","date_gmt":"2026-05-06T00:03:02","guid":{"rendered":"https:\/\/teka.com\/en-int\/hlb-840-p_41566010"},"modified":"2026-05-04T06:04:21","modified_gmt":"2026-05-04T07:04:21","slug":"hlb-840-p_41566010","status":"publish","type":"product","link":"https:\/\/www.teka.com\/es-co\/producto\/hlb-840-p_41566010\/","title":{"rendered":"HLB 840 P"},"content":{"rendered":"<ul>\n<li>Limpieza DualClean, pirol\u00edtico e HydroClean PRO<\/li>\n<li>70 litros de capacidad<\/li>\n<li>Funci\u00f3n calentamiento r\u00e1pido<\/li>\n<li>Puerta SoftClose con 4 cristales<\/li>\n<li>Bloqueo de seguridad para ni\u00f1os<\/li>\n<\/ul>\n","protected":false},"featured_media":0,"parent":0,"template":"","product_cat":[57621],"product_cleaning_system":[2738,3162],"product_3rd_basket":[],"product_drawers":[],"product_type_of_installation":[57570],"product_edition":[],"product_serie":[],"product_features":[],"finishes":[],"product_bundles":[],"product_energy_efficiency":[58190],"product_video_training":[58253,58257,58263,58266,58277,58430],"class_list":["post-70012","product","type-product","status-publish","hentry","product_cat-hornos","usp-ovens-04","usp-ovens-05","usp-ovens-06","usp-ovens-10","usp-ovens-13","usp-renewableenergy-01","usp-ovens-24","color-cristal-negro-con-marco","product_type_of_appliance-multifuncion","product_ambient-ambient-07","product_icons-70l","product_icons-hydroclean","product_icons-plus-extension-telescopic-guide","product_icons-pyrolysis","product_icons-softclose","product_icons-surroundtemp","product_cleaning_system-pirolitico","product_cleaning_system-hydroclean","product_type_of_installation-integrable","product_energy_efficiency-a-plus-icon","product_video_training-trainingovens-01","product_video_training-trainingovens-02","product_video_training-trainingovens-05","product_video_training-trainingovens-06","product_video_training-trainingovens-12","product_video_training-trainingovens-22"],"acf":[],"yoast_head":"<!-- This site is optimized with the Yoast SEO plugin v27.5 - https:\/\/yoast.com\/product\/yoast-seo-wordpress\/ -->\n<title>Horno Pirol\u00edtico HLB 840 P Cristal Negro 60 cm | Teka Colombia<\/title>\n<meta name=\"description\" content=\"Toda la informaci\u00f3n sobre el Microondas mec\u00e1nico de integraci\u00f3n de 20L MB 620 BI en la web oficial de Teka Colombia.\" \/>\n<meta name=\"robots\" content=\"index, follow, max-snippet:-1, max-image-preview:large, max-video-preview:-1\" \/>\n<link rel=\"canonical\" href=\"https:\/\/www.teka.com\/es-co\/producto\/hlb-840-p_41566010\/\" \/>\n<meta property=\"og:locale\" content=\"es_ES\" \/>\n<meta property=\"og:type\" content=\"article\" \/>\n<meta property=\"og:title\" content=\"Horno Pirol\u00edtico HLB 840 P Cristal Negro 60 cm | Teka Colombia\" \/>\n<meta property=\"og:description\" content=\"Toda la informaci\u00f3n sobre el Microondas mec\u00e1nico de integraci\u00f3n de 20L MB 620 BI en la web oficial de Teka Colombia.\" \/>\n<meta property=\"og:url\" content=\"https:\/\/www.teka.com\/es-co\/producto\/hlb-840-p_41566010\/\" \/>\n<meta property=\"og:site_name\" content=\"Teka Colombia\" \/>\n<meta name=\"twitter:card\" content=\"summary_large_image\" \/>\n<script type=\"application\/ld+json\" class=\"yoast-schema-graph\">{\"@context\":\"https:\\\/\\\/schema.org\",\"@graph\":[{\"@type\":\"WebPage\",\"@id\":\"https:\\\/\\\/www.teka.com\\\/es-co\\\/producto\\\/hlb-840-p_41566010\\\/\",\"url\":\"https:\\\/\\\/www.teka.com\\\/es-co\\\/producto\\\/hlb-840-p_41566010\\\/\",\"name\":\"Horno Pirol\u00edtico HLB 840 P Cristal Negro 60 cm | Teka Colombia\",\"isPartOf\":{\"@id\":\"https:\\\/\\\/www.teka.com\\\/es-co\\\/#website\"},\"datePublished\":\"2026-05-06T00:03:02+00:00\",\"description\":\"Toda la informaci\u00f3n sobre el Microondas mec\u00e1nico de integraci\u00f3n de 20L MB 620 BI en la web oficial de Teka Colombia.\",\"inLanguage\":\"es\",\"potentialAction\":[{\"@type\":\"ReadAction\",\"target\":[\"https:\\\/\\\/www.teka.com\\\/es-co\\\/producto\\\/hlb-840-p_41566010\\\/\"]}]},{\"@type\":\"WebSite\",\"@id\":\"https:\\\/\\\/www.teka.com\\\/es-co\\\/#website\",\"url\":\"https:\\\/\\\/www.teka.com\\\/es-co\\\/\",\"name\":\"Teka Colombia\",\"description\":\"\",\"publisher\":{\"@id\":\"https:\\\/\\\/www.teka.com\\\/es-co\\\/#organization\"},\"potentialAction\":[{\"@type\":\"SearchAction\",\"target\":{\"@type\":\"EntryPoint\",\"urlTemplate\":\"https:\\\/\\\/www.teka.com\\\/es-co\\\/?s={search_term_string}\"},\"query-input\":{\"@type\":\"PropertyValueSpecification\",\"valueRequired\":true,\"valueName\":\"search_term_string\"}}],\"inLanguage\":\"es\"},{\"@type\":\"Organization\",\"@id\":\"https:\\\/\\\/www.teka.com\\\/es-co\\\/#organization\",\"name\":\"Teka Colombia\",\"url\":\"https:\\\/\\\/www.teka.com\\\/es-co\\\/\",\"logo\":{\"@type\":\"ImageObject\",\"inLanguage\":\"es\",\"@id\":\"https:\\\/\\\/www.teka.com\\\/es-co\\\/#\\\/schema\\\/logo\\\/image\\\/\",\"url\":\"https:\\\/\\\/www.teka.com\\\/es-co\\\/wp-content\\\/uploads\\\/sites\\\/54\\\/2018\\\/10\\\/404-teka.png\",\"contentUrl\":\"https:\\\/\\\/www.teka.com\\\/es-co\\\/wp-content\\\/uploads\\\/sites\\\/54\\\/2018\\\/10\\\/404-teka.png\",\"width\":200,\"height\":200,\"caption\":\"Teka Colombia\"},\"image\":{\"@id\":\"https:\\\/\\\/www.teka.com\\\/es-co\\\/#\\\/schema\\\/logo\\\/image\\\/\"}}]}<\/script>\n<!-- \/ Yoast SEO plugin. -->","yoast_head_json":{"title":"Horno Pirol\u00edtico HLB 840 P Cristal Negro 60 cm | Teka Colombia","description":"Toda la informaci\u00f3n sobre el Microondas mec\u00e1nico de integraci\u00f3n de 20L MB 620 BI en la web oficial de Teka Colombia.","robots":{"index":"index","follow":"follow","max-snippet":"max-snippet:-1","max-image-preview":"max-image-preview:large","max-video-preview":"max-video-preview:-1"},"canonical":"https:\/\/www.teka.com\/es-co\/producto\/hlb-840-p_41566010\/","og_locale":"es_ES","og_type":"article","og_title":"Horno Pirol\u00edtico HLB 840 P Cristal Negro 60 cm | Teka Colombia","og_description":"Toda la informaci\u00f3n sobre el Microondas mec\u00e1nico de integraci\u00f3n de 20L MB 620 BI en la web oficial de Teka Colombia.","og_url":"https:\/\/www.teka.com\/es-co\/producto\/hlb-840-p_41566010\/","og_site_name":"Teka Colombia","twitter_card":"summary_large_image","schema":{"@context":"https:\/\/schema.org","@graph":[{"@type":"WebPage","@id":"https:\/\/www.teka.com\/es-co\/producto\/hlb-840-p_41566010\/","url":"https:\/\/www.teka.com\/es-co\/producto\/hlb-840-p_41566010\/","name":"Horno Pirol\u00edtico HLB 840 P Cristal Negro 60 cm | Teka Colombia","isPartOf":{"@id":"https:\/\/www.teka.com\/es-co\/#website"},"datePublished":"2026-05-06T00:03:02+00:00","description":"Toda la informaci\u00f3n sobre el Microondas mec\u00e1nico de integraci\u00f3n de 20L MB 620 BI en la web oficial de Teka Colombia.","inLanguage":"es","potentialAction":[{"@type":"ReadAction","target":["https:\/\/www.teka.com\/es-co\/producto\/hlb-840-p_41566010\/"]}]},{"@type":"WebSite","@id":"https:\/\/www.teka.com\/es-co\/#website","url":"https:\/\/www.teka.com\/es-co\/","name":"Teka Colombia","description":"","publisher":{"@id":"https:\/\/www.teka.com\/es-co\/#organization"},"potentialAction":[{"@type":"SearchAction","target":{"@type":"EntryPoint","urlTemplate":"https:\/\/www.teka.com\/es-co\/?s={search_term_string}"},"query-input":{"@type":"PropertyValueSpecification","valueRequired":true,"valueName":"search_term_string"}}],"inLanguage":"es"},{"@type":"Organization","@id":"https:\/\/www.teka.com\/es-co\/#organization","name":"Teka Colombia","url":"https:\/\/www.teka.com\/es-co\/","logo":{"@type":"ImageObject","inLanguage":"es","@id":"https:\/\/www.teka.com\/es-co\/#\/schema\/logo\/image\/","url":"https:\/\/www.teka.com\/es-co\/wp-content\/uploads\/sites\/54\/2018\/10\/404-teka.png","contentUrl":"https:\/\/www.teka.com\/es-co\/wp-content\/uploads\/sites\/54\/2018\/10\/404-teka.png","width":200,"height":200,"caption":"Teka Colombia"},"image":{"@id":"https:\/\/www.teka.com\/es-co\/#\/schema\/logo\/image\/"}}]}},"_links":{"self":[{"href":"https:\/\/www.teka.com\/es-co\/wp-json\/wp\/v2\/product\/70012","targetHints":{"allow":["GET"]}}],"collection":[{"href":"https:\/\/www.teka.com\/es-co\/wp-json\/wp\/v2\/product"}],"about":[{"href":"https:\/\/www.teka.com\/es-co\/wp-json\/wp\/v2\/types\/product"}],"wp:attachment":[{"href":"https:\/\/www.teka.com\/es-co\/wp-json\/wp\/v2\/media?parent=70012"}],"wp:term":[{"taxonomy":"product_cat","embeddable":true,"href":"https:\/\/www.teka.com\/es-co\/wp-json\/wp\/v2\/product_cat?post=70012"},{"taxonomy":"product_cleaning_system","embeddable":true,"href":"https:\/\/www.teka.com\/es-co\/wp-json\/wp\/v2\/product_cleaning_system?post=70012"},{"taxonomy":"product_3rd_basket","embeddable":true,"href":"https:\/\/www.teka.com\/es-co\/wp-json\/wp\/v2\/product_3rd_basket?post=70012"},{"taxonomy":"product_drawers","embeddable":true,"href":"https:\/\/www.teka.com\/es-co\/wp-json\/wp\/v2\/product_drawers?post=70012"},{"taxonomy":"product_type_of_installation","embeddable":true,"href":"https:\/\/www.teka.com\/es-co\/wp-json\/wp\/v2\/product_type_of_installation?post=70012"},{"taxonomy":"product_edition","embeddable":true,"href":"https:\/\/www.teka.com\/es-co\/wp-json\/wp\/v2\/product_edition?post=70012"},{"taxonomy":"product_serie","embeddable":true,"href":"https:\/\/www.teka.com\/es-co\/wp-json\/wp\/v2\/product_serie?post=70012"},{"taxonomy":"product_features","embeddable":true,"href":"https:\/\/www.teka.com\/es-co\/wp-json\/wp\/v2\/product_features?post=70012"},{"taxonomy":"finishes","embeddable":true,"href":"https:\/\/www.teka.com\/es-co\/wp-json\/wp\/v2\/finishes?post=70012"},{"taxonomy":"product_bundles","embeddable":true,"href":"https:\/\/www.teka.com\/es-co\/wp-json\/wp\/v2\/product_bundles?post=70012"},{"taxonomy":"product_energy_efficiency","embeddable":true,"href":"https:\/\/www.teka.com\/es-co\/wp-json\/wp\/v2\/product_energy_efficiency?post=70012"},{"taxonomy":"product_video_training","embeddable":true,"href":"https:\/\/www.teka.com\/es-co\/wp-json\/wp\/v2\/product_video_training?post=70012"}],"curies":[{"name":"wp","href":"https:\/\/api.w.org\/{rel}","templated":true}]}}