{"id":70093,"date":"2026-04-23T06:32:49","date_gmt":"2026-04-23T06:32:49","guid":{"rendered":"https:\/\/teka.com\/en-int\/smart-ewh-80-ve-d_42080330"},"modified":"2026-03-14T04:45:20","modified_gmt":"2026-03-14T05:45:20","slug":"smart-ewh-80-ve-d_42080330","status":"publish","type":"product","link":"https:\/\/www.teka.com\/es-co\/producto\/smart-ewh-80-ve-d_42080330\/","title":{"rendered":"SMART EWH 80 VE-D"},"content":{"rendered":"<ul>\n<li>Instalaci\u00f3n vertical<\/li>\n<li>SMART CONTROL electr\u00f3nico<\/li>\n<li>Capacidad: 80 litros<\/li>\n<li>Tanque esmaltado en zafiro<\/li>\n<li>Indicador de temperatura LED<\/li>\n<\/ul>\n","protected":false},"featured_media":0,"parent":0,"template":"","product_cat":[57635],"product_cleaning_system":[],"product_3rd_basket":[],"product_drawers":[],"product_type_of_installation":[57589],"product_edition":[],"product_serie":[],"product_features":[],"finishes":[],"product_bundles":[],"product_energy_efficiency":[57673],"product_video_training":[],"class_list":["post-70093","product","type-product","status-publish","hentry","product_cat-termos-electricos","usp-waterheaters-01","usp-waterheaters-03","usp-waterheaters-04","usp-waterheaters-05","color-blanco","product_icons-dry-heating-protection","product_icons-humidity-control","product_icons-overheating-protection","product_type_of_installation-vertical","product_energy_efficiency-b-ue-icon-new"],"acf":[],"yoast_head":"<!-- This site is optimized with the Yoast SEO plugin v27.5 - https:\/\/yoast.com\/product\/yoast-seo-wordpress\/ -->\n<title>Termo El\u00e9ctrico 80 litros SMART EWH 80 VE-D | Teka Colombia<\/title>\n<meta name=\"description\" content=\"Toda la informaci\u00f3n sobre el Frigor\u00edfico bajo encimera Defrost de 85 cm de 1 Puerta con caj\u00f3n FreshBox en la web oficial de Teka Colombia\" \/>\n<meta name=\"robots\" content=\"index, follow, max-snippet:-1, max-image-preview:large, max-video-preview:-1\" \/>\n<link rel=\"canonical\" href=\"https:\/\/www.teka.com\/es-co\/producto\/smart-ewh-80-ve-d_42080330\/\" \/>\n<meta property=\"og:locale\" content=\"es_ES\" \/>\n<meta property=\"og:type\" content=\"article\" \/>\n<meta property=\"og:title\" content=\"Termo El\u00e9ctrico 80 litros SMART EWH 80 VE-D | Teka Colombia\" \/>\n<meta property=\"og:description\" content=\"Toda la informaci\u00f3n sobre el Frigor\u00edfico bajo encimera Defrost de 85 cm de 1 Puerta con caj\u00f3n FreshBox en la web oficial de Teka Colombia\" \/>\n<meta property=\"og:url\" content=\"https:\/\/www.teka.com\/es-co\/producto\/smart-ewh-80-ve-d_42080330\/\" \/>\n<meta property=\"og:site_name\" content=\"Teka Colombia\" \/>\n<meta name=\"twitter:card\" content=\"summary_large_image\" \/>\n<script type=\"application\/ld+json\" class=\"yoast-schema-graph\">{\"@context\":\"https:\\\/\\\/schema.org\",\"@graph\":[{\"@type\":\"WebPage\",\"@id\":\"https:\\\/\\\/www.teka.com\\\/es-co\\\/producto\\\/smart-ewh-80-ve-d_42080330\\\/\",\"url\":\"https:\\\/\\\/www.teka.com\\\/es-co\\\/producto\\\/smart-ewh-80-ve-d_42080330\\\/\",\"name\":\"Termo El\u00e9ctrico 80 litros SMART EWH 80 VE-D | Teka Colombia\",\"isPartOf\":{\"@id\":\"https:\\\/\\\/www.teka.com\\\/es-co\\\/#website\"},\"datePublished\":\"2026-04-23T06:32:49+00:00\",\"description\":\"Toda la informaci\u00f3n sobre el Frigor\u00edfico bajo encimera Defrost de 85 cm de 1 Puerta con caj\u00f3n FreshBox en la web oficial de Teka Colombia\",\"inLanguage\":\"es\",\"potentialAction\":[{\"@type\":\"ReadAction\",\"target\":[\"https:\\\/\\\/www.teka.com\\\/es-co\\\/producto\\\/smart-ewh-80-ve-d_42080330\\\/\"]}]},{\"@type\":\"WebSite\",\"@id\":\"https:\\\/\\\/www.teka.com\\\/es-co\\\/#website\",\"url\":\"https:\\\/\\\/www.teka.com\\\/es-co\\\/\",\"name\":\"Teka Colombia\",\"description\":\"\",\"publisher\":{\"@id\":\"https:\\\/\\\/www.teka.com\\\/es-co\\\/#organization\"},\"potentialAction\":[{\"@type\":\"SearchAction\",\"target\":{\"@type\":\"EntryPoint\",\"urlTemplate\":\"https:\\\/\\\/www.teka.com\\\/es-co\\\/?s={search_term_string}\"},\"query-input\":{\"@type\":\"PropertyValueSpecification\",\"valueRequired\":true,\"valueName\":\"search_term_string\"}}],\"inLanguage\":\"es\"},{\"@type\":\"Organization\",\"@id\":\"https:\\\/\\\/www.teka.com\\\/es-co\\\/#organization\",\"name\":\"Teka Colombia\",\"url\":\"https:\\\/\\\/www.teka.com\\\/es-co\\\/\",\"logo\":{\"@type\":\"ImageObject\",\"inLanguage\":\"es\",\"@id\":\"https:\\\/\\\/www.teka.com\\\/es-co\\\/#\\\/schema\\\/logo\\\/image\\\/\",\"url\":\"https:\\\/\\\/www.teka.com\\\/es-co\\\/wp-content\\\/uploads\\\/sites\\\/54\\\/2018\\\/10\\\/404-teka.png\",\"contentUrl\":\"https:\\\/\\\/www.teka.com\\\/es-co\\\/wp-content\\\/uploads\\\/sites\\\/54\\\/2018\\\/10\\\/404-teka.png\",\"width\":200,\"height\":200,\"caption\":\"Teka Colombia\"},\"image\":{\"@id\":\"https:\\\/\\\/www.teka.com\\\/es-co\\\/#\\\/schema\\\/logo\\\/image\\\/\"}}]}<\/script>\n<!-- \/ Yoast SEO plugin. -->","yoast_head_json":{"title":"Termo El\u00e9ctrico 80 litros SMART EWH 80 VE-D | Teka Colombia","description":"Toda la informaci\u00f3n sobre el Frigor\u00edfico bajo encimera Defrost de 85 cm de 1 Puerta con caj\u00f3n FreshBox en la web oficial de Teka Colombia","robots":{"index":"index","follow":"follow","max-snippet":"max-snippet:-1","max-image-preview":"max-image-preview:large","max-video-preview":"max-video-preview:-1"},"canonical":"https:\/\/www.teka.com\/es-co\/producto\/smart-ewh-80-ve-d_42080330\/","og_locale":"es_ES","og_type":"article","og_title":"Termo El\u00e9ctrico 80 litros SMART EWH 80 VE-D | Teka Colombia","og_description":"Toda la informaci\u00f3n sobre el Frigor\u00edfico bajo encimera Defrost de 85 cm de 1 Puerta con caj\u00f3n FreshBox en la web oficial de Teka Colombia","og_url":"https:\/\/www.teka.com\/es-co\/producto\/smart-ewh-80-ve-d_42080330\/","og_site_name":"Teka Colombia","twitter_card":"summary_large_image","schema":{"@context":"https:\/\/schema.org","@graph":[{"@type":"WebPage","@id":"https:\/\/www.teka.com\/es-co\/producto\/smart-ewh-80-ve-d_42080330\/","url":"https:\/\/www.teka.com\/es-co\/producto\/smart-ewh-80-ve-d_42080330\/","name":"Termo El\u00e9ctrico 80 litros SMART EWH 80 VE-D | Teka Colombia","isPartOf":{"@id":"https:\/\/www.teka.com\/es-co\/#website"},"datePublished":"2026-04-23T06:32:49+00:00","description":"Toda la informaci\u00f3n sobre el Frigor\u00edfico bajo encimera Defrost de 85 cm de 1 Puerta con caj\u00f3n FreshBox en la web oficial de Teka Colombia","inLanguage":"es","potentialAction":[{"@type":"ReadAction","target":["https:\/\/www.teka.com\/es-co\/producto\/smart-ewh-80-ve-d_42080330\/"]}]},{"@type":"WebSite","@id":"https:\/\/www.teka.com\/es-co\/#website","url":"https:\/\/www.teka.com\/es-co\/","name":"Teka Colombia","description":"","publisher":{"@id":"https:\/\/www.teka.com\/es-co\/#organization"},"potentialAction":[{"@type":"SearchAction","target":{"@type":"EntryPoint","urlTemplate":"https:\/\/www.teka.com\/es-co\/?s={search_term_string}"},"query-input":{"@type":"PropertyValueSpecification","valueRequired":true,"valueName":"search_term_string"}}],"inLanguage":"es"},{"@type":"Organization","@id":"https:\/\/www.teka.com\/es-co\/#organization","name":"Teka Colombia","url":"https:\/\/www.teka.com\/es-co\/","logo":{"@type":"ImageObject","inLanguage":"es","@id":"https:\/\/www.teka.com\/es-co\/#\/schema\/logo\/image\/","url":"https:\/\/www.teka.com\/es-co\/wp-content\/uploads\/sites\/54\/2018\/10\/404-teka.png","contentUrl":"https:\/\/www.teka.com\/es-co\/wp-content\/uploads\/sites\/54\/2018\/10\/404-teka.png","width":200,"height":200,"caption":"Teka Colombia"},"image":{"@id":"https:\/\/www.teka.com\/es-co\/#\/schema\/logo\/image\/"}}]}},"_links":{"self":[{"href":"https:\/\/www.teka.com\/es-co\/wp-json\/wp\/v2\/product\/70093","targetHints":{"allow":["GET"]}}],"collection":[{"href":"https:\/\/www.teka.com\/es-co\/wp-json\/wp\/v2\/product"}],"about":[{"href":"https:\/\/www.teka.com\/es-co\/wp-json\/wp\/v2\/types\/product"}],"wp:attachment":[{"href":"https:\/\/www.teka.com\/es-co\/wp-json\/wp\/v2\/media?parent=70093"}],"wp:term":[{"taxonomy":"product_cat","embeddable":true,"href":"https:\/\/www.teka.com\/es-co\/wp-json\/wp\/v2\/product_cat?post=70093"},{"taxonomy":"product_cleaning_system","embeddable":true,"href":"https:\/\/www.teka.com\/es-co\/wp-json\/wp\/v2\/product_cleaning_system?post=70093"},{"taxonomy":"product_3rd_basket","embeddable":true,"href":"https:\/\/www.teka.com\/es-co\/wp-json\/wp\/v2\/product_3rd_basket?post=70093"},{"taxonomy":"product_drawers","embeddable":true,"href":"https:\/\/www.teka.com\/es-co\/wp-json\/wp\/v2\/product_drawers?post=70093"},{"taxonomy":"product_type_of_installation","embeddable":true,"href":"https:\/\/www.teka.com\/es-co\/wp-json\/wp\/v2\/product_type_of_installation?post=70093"},{"taxonomy":"product_edition","embeddable":true,"href":"https:\/\/www.teka.com\/es-co\/wp-json\/wp\/v2\/product_edition?post=70093"},{"taxonomy":"product_serie","embeddable":true,"href":"https:\/\/www.teka.com\/es-co\/wp-json\/wp\/v2\/product_serie?post=70093"},{"taxonomy":"product_features","embeddable":true,"href":"https:\/\/www.teka.com\/es-co\/wp-json\/wp\/v2\/product_features?post=70093"},{"taxonomy":"finishes","embeddable":true,"href":"https:\/\/www.teka.com\/es-co\/wp-json\/wp\/v2\/finishes?post=70093"},{"taxonomy":"product_bundles","embeddable":true,"href":"https:\/\/www.teka.com\/es-co\/wp-json\/wp\/v2\/product_bundles?post=70093"},{"taxonomy":"product_energy_efficiency","embeddable":true,"href":"https:\/\/www.teka.com\/es-co\/wp-json\/wp\/v2\/product_energy_efficiency?post=70093"},{"taxonomy":"product_video_training","embeddable":true,"href":"https:\/\/www.teka.com\/es-co\/wp-json\/wp\/v2\/product_video_training?post=70093"}],"curies":[{"name":"wp","href":"https:\/\/api.w.org\/{rel}","templated":true}]}}