{"id":70277,"date":"2026-04-08T23:40:08","date_gmt":"2026-04-08T23:40:08","guid":{"rendered":"https:\/\/teka.com\/en-int\/steakmaster_111000026"},"modified":"2026-04-08T08:23:28","modified_gmt":"2026-04-08T09:23:28","slug":"steakmaster_111000026","status":"publish","type":"product","link":"https:\/\/www.teka.com\/es-co\/producto\/steakmaster_111000026\/","title":{"rendered":"SteakMaster"},"content":{"rendered":"<ul>\n<li>Tecnolog\u00eda exclusiva SteakGrill (700\u00ba) para preparar carne como en una barbacoa<\/li>\n<li>Cocina chulet\u00f3n, solomillo, entrecot o hamburguesas a la parrilla en solo unos minutos<\/li>\n<li>Parrilla de hierro fundido especial para preparar carnes a la brasa<\/li>\n<li>20 Programas autom\u00e1ticos especiales para carne<\/li>\n<li>Sistema de Limpieza DualClean con Pir\u00f3lisis + Hydroclean\u00ae PRO<\/li>\n<li>Accesorios incluidos: cuchillo profesional Arcos\u00ae\ufe0f de 210 mm y guante especial para parrilla<\/li>\n<li>Distribuci\u00f3n exclusiva en centros autorizados<\/li>\n<\/ul>\n","protected":false},"featured_media":0,"parent":0,"template":"","product_cat":[57621],"product_cleaning_system":[2738,3162],"product_3rd_basket":[],"product_drawers":[],"product_type_of_installation":[57570],"product_edition":[],"product_serie":[],"product_features":[],"finishes":[],"product_bundles":[],"product_energy_efficiency":[58186],"product_video_training":[58253,58257,58263,58266,58272,58273,58274,58275,58277,58430],"class_list":["post-70277","product","type-product","status-publish","hentry","product_cat-hornos","usp-steakmaster-08","usp-steakmaster-01","usp-steakmaster-02","usp-steakmaster-03","usp-steakmaster-05","usp-steakmaster-06","usp-steakmaster-04","usp-compacts-08","usp-renewableenergy-01","color-cristal-negro-con-marco","product_type_of_appliance-multifuncion","product_ambient-ambient-10","product_icons-hydroclean","product_icons-plus-extension-telescopic-guide","product_icons-pyrolysis","product_icons-softclose","product_icons-surroundtemp","product_cleaning_system-pirolitico","product_cleaning_system-hydroclean","product_type_of_installation-integrable","product_energy_efficiency-a-icon","product_video_training-trainingovens-01","product_video_training-trainingovens-02","product_video_training-trainingovens-05","product_video_training-trainingovens-06","product_video_training-trainingovens-07","product_video_training-trainingovens-08","product_video_training-trainingovens-09","product_video_training-trainingovens-10","product_video_training-trainingovens-12","product_video_training-trainingovens-22"],"acf":[],"yoast_head":"<!-- This site is optimized with the Yoast SEO plugin v27.2 - https:\/\/yoast.com\/product\/yoast-seo-wordpress\/ -->\n<title>Horno Pirol\u00edtico SteakMaster Cristal Negro 60 cm | Teka Colombia<\/title>\n<meta name=\"description\" content=\"Toda la informaci\u00f3n sobre el Horno SteakMaster Multifunci\u00f3n Cristal Negro 60 cm en la web oficial de Teka Colombia.\" \/>\n<meta name=\"robots\" content=\"index, follow, max-snippet:-1, max-image-preview:large, max-video-preview:-1\" \/>\n<link rel=\"canonical\" href=\"https:\/\/www.teka.com\/es-co\/producto\/steakmaster_111000026\/\" \/>\n<meta property=\"og:locale\" content=\"es_ES\" \/>\n<meta property=\"og:type\" content=\"article\" \/>\n<meta property=\"og:title\" content=\"Horno Pirol\u00edtico SteakMaster Cristal Negro 60 cm | Teka Colombia\" \/>\n<meta property=\"og:description\" content=\"Toda la informaci\u00f3n sobre el Horno SteakMaster Multifunci\u00f3n Cristal Negro 60 cm en la web oficial de Teka Colombia.\" \/>\n<meta property=\"og:url\" content=\"https:\/\/www.teka.com\/es-co\/producto\/steakmaster_111000026\/\" \/>\n<meta property=\"og:site_name\" content=\"Teka Colombia\" \/>\n<meta name=\"twitter:card\" content=\"summary_large_image\" \/>\n<script type=\"application\/ld+json\" class=\"yoast-schema-graph\">{\"@context\":\"https:\/\/schema.org\",\"@graph\":[{\"@type\":\"WebPage\",\"@id\":\"https:\/\/www.teka.com\/es-co\/producto\/steakmaster_111000026\/\",\"url\":\"https:\/\/www.teka.com\/es-co\/producto\/steakmaster_111000026\/\",\"name\":\"Horno Pirol\u00edtico SteakMaster Cristal Negro 60 cm | Teka Colombia\",\"isPartOf\":{\"@id\":\"https:\/\/www.teka.com\/es-co\/#website\"},\"datePublished\":\"2026-04-08T23:40:08+00:00\",\"description\":\"Toda la informaci\u00f3n sobre el Horno SteakMaster Multifunci\u00f3n Cristal Negro 60 cm en la web oficial de Teka Colombia.\",\"inLanguage\":\"es\",\"potentialAction\":[{\"@type\":\"ReadAction\",\"target\":[\"https:\/\/www.teka.com\/es-co\/producto\/steakmaster_111000026\/\"]}]},{\"@type\":\"WebSite\",\"@id\":\"https:\/\/www.teka.com\/es-co\/#website\",\"url\":\"https:\/\/www.teka.com\/es-co\/\",\"name\":\"Teka Colombia\",\"description\":\"\",\"publisher\":{\"@id\":\"https:\/\/www.teka.com\/es-co\/#organization\"},\"potentialAction\":[{\"@type\":\"SearchAction\",\"target\":{\"@type\":\"EntryPoint\",\"urlTemplate\":\"https:\/\/www.teka.com\/es-co\/?s={search_term_string}\"},\"query-input\":{\"@type\":\"PropertyValueSpecification\",\"valueRequired\":true,\"valueName\":\"search_term_string\"}}],\"inLanguage\":\"es\"},{\"@type\":\"Organization\",\"@id\":\"https:\/\/www.teka.com\/es-co\/#organization\",\"name\":\"Teka Colombia\",\"url\":\"https:\/\/www.teka.com\/es-co\/\",\"logo\":{\"@type\":\"ImageObject\",\"inLanguage\":\"es\",\"@id\":\"https:\/\/www.teka.com\/es-co\/#\/schema\/logo\/image\/\",\"url\":\"https:\/\/www.teka.com\/es-co\/wp-content\/uploads\/sites\/54\/2018\/10\/404-teka.png\",\"contentUrl\":\"https:\/\/www.teka.com\/es-co\/wp-content\/uploads\/sites\/54\/2018\/10\/404-teka.png\",\"width\":200,\"height\":200,\"caption\":\"Teka Colombia\"},\"image\":{\"@id\":\"https:\/\/www.teka.com\/es-co\/#\/schema\/logo\/image\/\"}}]}<\/script>\n<!-- \/ Yoast SEO plugin. -->","yoast_head_json":{"title":"Horno Pirol\u00edtico SteakMaster Cristal Negro 60 cm | Teka Colombia","description":"Toda la informaci\u00f3n sobre el Horno SteakMaster Multifunci\u00f3n Cristal Negro 60 cm en la web oficial de Teka Colombia.","robots":{"index":"index","follow":"follow","max-snippet":"max-snippet:-1","max-image-preview":"max-image-preview:large","max-video-preview":"max-video-preview:-1"},"canonical":"https:\/\/www.teka.com\/es-co\/producto\/steakmaster_111000026\/","og_locale":"es_ES","og_type":"article","og_title":"Horno Pirol\u00edtico SteakMaster Cristal Negro 60 cm | Teka Colombia","og_description":"Toda la informaci\u00f3n sobre el Horno SteakMaster Multifunci\u00f3n Cristal Negro 60 cm en la web oficial de Teka Colombia.","og_url":"https:\/\/www.teka.com\/es-co\/producto\/steakmaster_111000026\/","og_site_name":"Teka Colombia","twitter_card":"summary_large_image","schema":{"@context":"https:\/\/schema.org","@graph":[{"@type":"WebPage","@id":"https:\/\/www.teka.com\/es-co\/producto\/steakmaster_111000026\/","url":"https:\/\/www.teka.com\/es-co\/producto\/steakmaster_111000026\/","name":"Horno Pirol\u00edtico SteakMaster Cristal Negro 60 cm | Teka Colombia","isPartOf":{"@id":"https:\/\/www.teka.com\/es-co\/#website"},"datePublished":"2026-04-08T23:40:08+00:00","description":"Toda la informaci\u00f3n sobre el Horno SteakMaster Multifunci\u00f3n Cristal Negro 60 cm en la web oficial de Teka Colombia.","inLanguage":"es","potentialAction":[{"@type":"ReadAction","target":["https:\/\/www.teka.com\/es-co\/producto\/steakmaster_111000026\/"]}]},{"@type":"WebSite","@id":"https:\/\/www.teka.com\/es-co\/#website","url":"https:\/\/www.teka.com\/es-co\/","name":"Teka Colombia","description":"","publisher":{"@id":"https:\/\/www.teka.com\/es-co\/#organization"},"potentialAction":[{"@type":"SearchAction","target":{"@type":"EntryPoint","urlTemplate":"https:\/\/www.teka.com\/es-co\/?s={search_term_string}"},"query-input":{"@type":"PropertyValueSpecification","valueRequired":true,"valueName":"search_term_string"}}],"inLanguage":"es"},{"@type":"Organization","@id":"https:\/\/www.teka.com\/es-co\/#organization","name":"Teka Colombia","url":"https:\/\/www.teka.com\/es-co\/","logo":{"@type":"ImageObject","inLanguage":"es","@id":"https:\/\/www.teka.com\/es-co\/#\/schema\/logo\/image\/","url":"https:\/\/www.teka.com\/es-co\/wp-content\/uploads\/sites\/54\/2018\/10\/404-teka.png","contentUrl":"https:\/\/www.teka.com\/es-co\/wp-content\/uploads\/sites\/54\/2018\/10\/404-teka.png","width":200,"height":200,"caption":"Teka Colombia"},"image":{"@id":"https:\/\/www.teka.com\/es-co\/#\/schema\/logo\/image\/"}}]}},"_links":{"self":[{"href":"https:\/\/www.teka.com\/es-co\/wp-json\/wp\/v2\/product\/70277","targetHints":{"allow":["GET"]}}],"collection":[{"href":"https:\/\/www.teka.com\/es-co\/wp-json\/wp\/v2\/product"}],"about":[{"href":"https:\/\/www.teka.com\/es-co\/wp-json\/wp\/v2\/types\/product"}],"wp:attachment":[{"href":"https:\/\/www.teka.com\/es-co\/wp-json\/wp\/v2\/media?parent=70277"}],"wp:term":[{"taxonomy":"product_cat","embeddable":true,"href":"https:\/\/www.teka.com\/es-co\/wp-json\/wp\/v2\/product_cat?post=70277"},{"taxonomy":"product_cleaning_system","embeddable":true,"href":"https:\/\/www.teka.com\/es-co\/wp-json\/wp\/v2\/product_cleaning_system?post=70277"},{"taxonomy":"product_3rd_basket","embeddable":true,"href":"https:\/\/www.teka.com\/es-co\/wp-json\/wp\/v2\/product_3rd_basket?post=70277"},{"taxonomy":"product_drawers","embeddable":true,"href":"https:\/\/www.teka.com\/es-co\/wp-json\/wp\/v2\/product_drawers?post=70277"},{"taxonomy":"product_type_of_installation","embeddable":true,"href":"https:\/\/www.teka.com\/es-co\/wp-json\/wp\/v2\/product_type_of_installation?post=70277"},{"taxonomy":"product_edition","embeddable":true,"href":"https:\/\/www.teka.com\/es-co\/wp-json\/wp\/v2\/product_edition?post=70277"},{"taxonomy":"product_serie","embeddable":true,"href":"https:\/\/www.teka.com\/es-co\/wp-json\/wp\/v2\/product_serie?post=70277"},{"taxonomy":"product_features","embeddable":true,"href":"https:\/\/www.teka.com\/es-co\/wp-json\/wp\/v2\/product_features?post=70277"},{"taxonomy":"finishes","embeddable":true,"href":"https:\/\/www.teka.com\/es-co\/wp-json\/wp\/v2\/finishes?post=70277"},{"taxonomy":"product_bundles","embeddable":true,"href":"https:\/\/www.teka.com\/es-co\/wp-json\/wp\/v2\/product_bundles?post=70277"},{"taxonomy":"product_energy_efficiency","embeddable":true,"href":"https:\/\/www.teka.com\/es-co\/wp-json\/wp\/v2\/product_energy_efficiency?post=70277"},{"taxonomy":"product_video_training","embeddable":true,"href":"https:\/\/www.teka.com\/es-co\/wp-json\/wp\/v2\/product_video_training?post=70277"}],"curies":[{"name":"wp","href":"https:\/\/api.w.org\/{rel}","templated":true}]}}