{"id":70307,"date":"2026-05-01T23:39:26","date_gmt":"2026-05-01T23:39:26","guid":{"rendered":"https:\/\/teka.com\/es-es\/tgi2-120-d_113500001"},"modified":"2026-05-01T08:21:05","modified_gmt":"2026-05-01T09:21:05","slug":"tgi2-120-d_113500001","status":"publish","type":"product","link":"https:\/\/www.teka.com\/es-co\/producto\/tgi2-120-d_113500001\/","title":{"rendered":"TGI2 120 D"},"content":{"rendered":"<ul>\n<li>Sistema de integraci\u00f3n Door to Door con bisagras independientes del mueble. Puerta fija<\/li>\n<li>Control electr\u00f3nico con display<\/li>\n<li>Congelaci\u00f3n r\u00e1pida<\/li>\n<li>Sistema antibacterias en la goma de cierre<\/li>\n<li>Termostato regulable<\/li>\n<\/ul>\n","protected":false},"featured_media":0,"parent":0,"template":"","product_cat":[58244],"product_cleaning_system":[],"product_3rd_basket":[],"product_drawers":[],"product_type_of_installation":[57570],"product_edition":[],"product_serie":[],"product_features":[],"finishes":[],"product_bundles":[],"product_energy_efficiency":[],"product_video_training":[],"class_list":["post-70307","product","type-product","status-publish","hentry","product_cat-refrigeracion","product_type_of_appliance-congeladores","product_icons-easy-90","product_icons-motor-inverter","product_type_of_installation-integrable"],"acf":[],"yoast_head":"<!-- This site is optimized with the Yoast SEO plugin v27.5 - https:\/\/yoast.com\/product\/yoast-seo-wordpress\/ -->\n<title>Congelador 1 puerta integrable TGI2 120 D | Teka Colombia<\/title>\n<meta name=\"robots\" content=\"index, follow, max-snippet:-1, max-image-preview:large, max-video-preview:-1\" \/>\n<link rel=\"canonical\" href=\"https:\/\/www.teka.com\/es-co\/producto\/tgi2-120-d_113500001\/\" \/>\n<meta property=\"og:locale\" content=\"es_ES\" \/>\n<meta property=\"og:type\" content=\"article\" \/>\n<meta property=\"og:title\" content=\"Congelador 1 puerta integrable TGI2 120 D | Teka Colombia\" \/>\n<meta property=\"og:description\" content=\"Sistema de integraci\u00f3n Door to Door con bisagras independientes del mueble. Puerta fija Control electr\u00f3nico con display Congelaci\u00f3n r\u00e1pida Sistema antibacterias en la goma de cierre Termostato regulable\" \/>\n<meta property=\"og:url\" content=\"https:\/\/www.teka.com\/es-co\/producto\/tgi2-120-d_113500001\/\" \/>\n<meta property=\"og:site_name\" content=\"Teka Colombia\" \/>\n<meta name=\"twitter:card\" content=\"summary_large_image\" \/>\n<script type=\"application\/ld+json\" class=\"yoast-schema-graph\">{\"@context\":\"https:\\\/\\\/schema.org\",\"@graph\":[{\"@type\":\"WebPage\",\"@id\":\"https:\\\/\\\/www.teka.com\\\/es-co\\\/producto\\\/tgi2-120-d_113500001\\\/\",\"url\":\"https:\\\/\\\/www.teka.com\\\/es-co\\\/producto\\\/tgi2-120-d_113500001\\\/\",\"name\":\"Congelador 1 puerta integrable TGI2 120 D | Teka Colombia\",\"isPartOf\":{\"@id\":\"https:\\\/\\\/www.teka.com\\\/es-co\\\/#website\"},\"datePublished\":\"2026-05-01T23:39:26+00:00\",\"inLanguage\":\"es\",\"potentialAction\":[{\"@type\":\"ReadAction\",\"target\":[\"https:\\\/\\\/www.teka.com\\\/es-co\\\/producto\\\/tgi2-120-d_113500001\\\/\"]}]},{\"@type\":\"WebSite\",\"@id\":\"https:\\\/\\\/www.teka.com\\\/es-co\\\/#website\",\"url\":\"https:\\\/\\\/www.teka.com\\\/es-co\\\/\",\"name\":\"Teka Colombia\",\"description\":\"\",\"publisher\":{\"@id\":\"https:\\\/\\\/www.teka.com\\\/es-co\\\/#organization\"},\"potentialAction\":[{\"@type\":\"SearchAction\",\"target\":{\"@type\":\"EntryPoint\",\"urlTemplate\":\"https:\\\/\\\/www.teka.com\\\/es-co\\\/?s={search_term_string}\"},\"query-input\":{\"@type\":\"PropertyValueSpecification\",\"valueRequired\":true,\"valueName\":\"search_term_string\"}}],\"inLanguage\":\"es\"},{\"@type\":\"Organization\",\"@id\":\"https:\\\/\\\/www.teka.com\\\/es-co\\\/#organization\",\"name\":\"Teka Colombia\",\"url\":\"https:\\\/\\\/www.teka.com\\\/es-co\\\/\",\"logo\":{\"@type\":\"ImageObject\",\"inLanguage\":\"es\",\"@id\":\"https:\\\/\\\/www.teka.com\\\/es-co\\\/#\\\/schema\\\/logo\\\/image\\\/\",\"url\":\"https:\\\/\\\/www.teka.com\\\/es-co\\\/wp-content\\\/uploads\\\/sites\\\/54\\\/2018\\\/10\\\/404-teka.png\",\"contentUrl\":\"https:\\\/\\\/www.teka.com\\\/es-co\\\/wp-content\\\/uploads\\\/sites\\\/54\\\/2018\\\/10\\\/404-teka.png\",\"width\":200,\"height\":200,\"caption\":\"Teka Colombia\"},\"image\":{\"@id\":\"https:\\\/\\\/www.teka.com\\\/es-co\\\/#\\\/schema\\\/logo\\\/image\\\/\"}}]}<\/script>\n<!-- \/ Yoast SEO plugin. -->","yoast_head_json":{"title":"Congelador 1 puerta integrable TGI2 120 D | Teka Colombia","robots":{"index":"index","follow":"follow","max-snippet":"max-snippet:-1","max-image-preview":"max-image-preview:large","max-video-preview":"max-video-preview:-1"},"canonical":"https:\/\/www.teka.com\/es-co\/producto\/tgi2-120-d_113500001\/","og_locale":"es_ES","og_type":"article","og_title":"Congelador 1 puerta integrable TGI2 120 D | Teka Colombia","og_description":"Sistema de integraci\u00f3n Door to Door con bisagras independientes del mueble. Puerta fija Control electr\u00f3nico con display Congelaci\u00f3n r\u00e1pida Sistema antibacterias en la goma de cierre Termostato regulable","og_url":"https:\/\/www.teka.com\/es-co\/producto\/tgi2-120-d_113500001\/","og_site_name":"Teka Colombia","twitter_card":"summary_large_image","schema":{"@context":"https:\/\/schema.org","@graph":[{"@type":"WebPage","@id":"https:\/\/www.teka.com\/es-co\/producto\/tgi2-120-d_113500001\/","url":"https:\/\/www.teka.com\/es-co\/producto\/tgi2-120-d_113500001\/","name":"Congelador 1 puerta integrable TGI2 120 D | Teka Colombia","isPartOf":{"@id":"https:\/\/www.teka.com\/es-co\/#website"},"datePublished":"2026-05-01T23:39:26+00:00","inLanguage":"es","potentialAction":[{"@type":"ReadAction","target":["https:\/\/www.teka.com\/es-co\/producto\/tgi2-120-d_113500001\/"]}]},{"@type":"WebSite","@id":"https:\/\/www.teka.com\/es-co\/#website","url":"https:\/\/www.teka.com\/es-co\/","name":"Teka Colombia","description":"","publisher":{"@id":"https:\/\/www.teka.com\/es-co\/#organization"},"potentialAction":[{"@type":"SearchAction","target":{"@type":"EntryPoint","urlTemplate":"https:\/\/www.teka.com\/es-co\/?s={search_term_string}"},"query-input":{"@type":"PropertyValueSpecification","valueRequired":true,"valueName":"search_term_string"}}],"inLanguage":"es"},{"@type":"Organization","@id":"https:\/\/www.teka.com\/es-co\/#organization","name":"Teka Colombia","url":"https:\/\/www.teka.com\/es-co\/","logo":{"@type":"ImageObject","inLanguage":"es","@id":"https:\/\/www.teka.com\/es-co\/#\/schema\/logo\/image\/","url":"https:\/\/www.teka.com\/es-co\/wp-content\/uploads\/sites\/54\/2018\/10\/404-teka.png","contentUrl":"https:\/\/www.teka.com\/es-co\/wp-content\/uploads\/sites\/54\/2018\/10\/404-teka.png","width":200,"height":200,"caption":"Teka Colombia"},"image":{"@id":"https:\/\/www.teka.com\/es-co\/#\/schema\/logo\/image\/"}}]}},"_links":{"self":[{"href":"https:\/\/www.teka.com\/es-co\/wp-json\/wp\/v2\/product\/70307","targetHints":{"allow":["GET"]}}],"collection":[{"href":"https:\/\/www.teka.com\/es-co\/wp-json\/wp\/v2\/product"}],"about":[{"href":"https:\/\/www.teka.com\/es-co\/wp-json\/wp\/v2\/types\/product"}],"wp:attachment":[{"href":"https:\/\/www.teka.com\/es-co\/wp-json\/wp\/v2\/media?parent=70307"}],"wp:term":[{"taxonomy":"product_cat","embeddable":true,"href":"https:\/\/www.teka.com\/es-co\/wp-json\/wp\/v2\/product_cat?post=70307"},{"taxonomy":"product_cleaning_system","embeddable":true,"href":"https:\/\/www.teka.com\/es-co\/wp-json\/wp\/v2\/product_cleaning_system?post=70307"},{"taxonomy":"product_3rd_basket","embeddable":true,"href":"https:\/\/www.teka.com\/es-co\/wp-json\/wp\/v2\/product_3rd_basket?post=70307"},{"taxonomy":"product_drawers","embeddable":true,"href":"https:\/\/www.teka.com\/es-co\/wp-json\/wp\/v2\/product_drawers?post=70307"},{"taxonomy":"product_type_of_installation","embeddable":true,"href":"https:\/\/www.teka.com\/es-co\/wp-json\/wp\/v2\/product_type_of_installation?post=70307"},{"taxonomy":"product_edition","embeddable":true,"href":"https:\/\/www.teka.com\/es-co\/wp-json\/wp\/v2\/product_edition?post=70307"},{"taxonomy":"product_serie","embeddable":true,"href":"https:\/\/www.teka.com\/es-co\/wp-json\/wp\/v2\/product_serie?post=70307"},{"taxonomy":"product_features","embeddable":true,"href":"https:\/\/www.teka.com\/es-co\/wp-json\/wp\/v2\/product_features?post=70307"},{"taxonomy":"finishes","embeddable":true,"href":"https:\/\/www.teka.com\/es-co\/wp-json\/wp\/v2\/finishes?post=70307"},{"taxonomy":"product_bundles","embeddable":true,"href":"https:\/\/www.teka.com\/es-co\/wp-json\/wp\/v2\/product_bundles?post=70307"},{"taxonomy":"product_energy_efficiency","embeddable":true,"href":"https:\/\/www.teka.com\/es-co\/wp-json\/wp\/v2\/product_energy_efficiency?post=70307"},{"taxonomy":"product_video_training","embeddable":true,"href":"https:\/\/www.teka.com\/es-co\/wp-json\/wp\/v2\/product_video_training?post=70307"}],"curies":[{"name":"wp","href":"https:\/\/api.w.org\/{rel}","templated":true}]}}