{"id":23564,"date":"2018-09-24T15:55:57","date_gmt":"2018-09-24T13:55:57","guid":{"rendered":"http:\/\/teka.com\/?page_id=23564"},"modified":"2020-07-28T09:03:48","modified_gmt":"2020-07-28T07:03:48","slug":"condiciones-garantia","status":"publish","type":"page","link":"https:\/\/www.teka.com\/es-cr\/soporte\/condiciones-garantia\/","title":{"rendered":"P\u00f3liza de garant\u00eda"},"content":{"rendered":"<p>[et_pb_section fb_built=\u00bb1&#8243; module_id=\u00bblegal-container\u00bb _builder_version=\u00bb3.22&#8243;][et_pb_row _builder_version=\u00bb3.25&#8243;][et_pb_column type=\u00bb4_4&#8243; _builder_version=\u00bb3.25&#8243; custom_padding=\u00bb|||\u00bb custom_padding__hover=\u00bb|||\u00bb][et_pb_text _builder_version=\u00bb4.4.6&#8243; hover_enabled=\u00bb0&#8243;]<\/p>\n<h1>P\u00f3liza de <strong>garant\u00eda<\/strong><\/h1>\n<p>[\/et_pb_text][et_pb_text _builder_version=\u00bb4.4.6&#8243; hover_enabled=\u00bb0&#8243;]<\/p>\n<p>Teka Mexicana S.A. de C.V establece un periodo de garant\u00eda\u00a0contra cualquier defecto de fabricaci\u00f3n en todos sus componentes y<br \/>mano de obra a partir de la fecha original de compra. Este var\u00eda en funci\u00f3n del producto que se trate:<\/p>\n<p><span style=\"text-decoration: underline;\">Electrodom\u00e9sticos<\/span>:\u00a01 a\u00f1o<span style=\"text-decoration: underline;\"><br \/><\/span><span style=\"text-decoration: underline;\">Accesorios de ba\u00f1o<\/span>: 1 a\u00f1o<br \/><span style=\"text-decoration: underline;\">Fregadero acero<\/span>: De por vida<br \/><span style=\"text-decoration: underline;\">Fregadero Tegranite:<\/span>\u00a010 a\u00f1os<br \/><span style=\"text-decoration: underline;\">Grifer\u00eda:<\/span> 5 a\u00f1os<\/p>\n<p>Promociones especiales: Consulta t\u00e9rminos y condiciones de cada promoci\u00f3n Teka.<\/p>\n<p><a href=\"https:\/\/www.teka.com\/es-mx\/wp-content\/uploads\/sites\/11\/2020\/07\/Mecanica-1-a\u00f1o-adicional-de-garantia-Teka-Mexico-Linea-Blanca-2020-vigencia-al-31122020.pdf\">Mec\u00e1nica 1 a\u00f1o adicional de garant\u00eda Teka M\u00e9xico L\u00ednea Blanca 2020 vigencia al 31122020.<\/a><\/p>\n<p><strong>CONDICIONES:<\/strong><br \/>1. Para hacer valida esta garant\u00eda es necesario presentar el producto y ticket\/factura, junto con esta p\u00f3liza debidamente sellada por el establecimiento donde realiz\u00f3 la compra a:<br \/>PMC digital, S.A. de C.V<br \/>Olivos #82 Colonia Jardines de Atizap\u00e1n, Atizap\u00e1n de Zaragoza, C.P. 52978<br \/>Estado de M\u00e9xico, M\u00e9xico<br \/>D.F. y \u00e1rea metropolitana: 55 5133 3210<br \/>Lunes a Viernes en un horario de 9:00 a 18:00 hrs.<br \/>2. Teka Mexicana S.A de C.V. se compromete a reparar o a la reposici\u00f3n integra del producto, as\u00ed como las piezas que resultaren defectuosas del mismo sin cargo alguno para el consumidor. Los gastos de transportaci\u00f3n que se deriven del cumplimiento de la garant\u00eda correr\u00e1n por parte de Teka Mexicana S.A. de C.V.<br \/>3. El cliente puede adquirir componentes, consumibles, refacciones, partes y accesorios en la direcci\u00f3n descrita en la cl\u00e1usula 1.<br \/><strong>LA PRESENTE GARANT\u00cdA PIERDE SU VALIDEZ EN LOS SIGUIENTES CASOS:<\/strong><br \/>A) Cuando el producto ha sido usado bajo condiciones de trabajo distintas a las normales.<br \/>B) Cuando el producto no ha sido operado de acuerdo al instructivo de uso en idioma espa\u00f1ol, incluido con el producto.<br \/>C)Cuando el producto ha sido reparado o alterado por personas no autorizadas por Teka Mexicana S.A. de C.V.<br \/>D)Cuando el producto haya sido deteriorado despu\u00e9s de haberse entregado en buenas condiciones por Teka Mexicana S.A. de C.V.<br \/><strong>INFORMACI\u00d3N DE INTER\u00c9S<\/strong><br \/>El consumidor puede hacer efectiva la garant\u00eda ante la propia casa comercial donde adquiri\u00f3 el producto. En caso de no contar con la p\u00f3liza debidamente llenada por el distribuidor es necesario presentar la factura o ticket de compra o cualquier registro legal que respalde la compra y fecha de adquisici\u00f3n. Las caracter\u00edsticas o especificaciones del producto descritas o ilustradas est\u00e1n sujetas a cambio sin previo aviso.<\/p>\n<p>[\/et_pb_text][\/et_pb_column][\/et_pb_row][\/et_pb_section]<\/p>\n","protected":false},"excerpt":{"rendered":"<p>P\u00f3liza de garant\u00eda Teka Mexicana S.A. de C.V establece un periodo de garant\u00eda\u00a0contra cualquier defecto de fabricaci\u00f3n en todos sus componentes ymano de obra a partir de la fecha original de compra. Este var\u00eda en funci\u00f3n del producto que se trate: Electrodom\u00e9sticos:\u00a01 a\u00f1oAccesorios de ba\u00f1o: 1 a\u00f1oFregadero acero: De por vidaFregadero Tegranite:\u00a010 a\u00f1osGrifer\u00eda: 5 a\u00f1os [&hellip;]<\/p>\n","protected":false},"author":9,"featured_media":0,"parent":5193,"menu_order":0,"comment_status":"closed","ping_status":"closed","template":"","meta":{"_acf_changed":false,"_et_pb_use_builder":"on","_et_pb_old_content":"","_et_gb_content_width":"","footnotes":""},"class_list":["post-23564","page","type-page","status-publish","hentry"],"acf":[],"yoast_head":"<!-- This site is optimized with the Yoast SEO plugin v27.2 - https:\/\/yoast.com\/product\/yoast-seo-wordpress\/ -->\n<title>Teka Costa Rica | Consulta las condiciones de garantia<\/title>\n<meta name=\"robots\" content=\"index, follow, max-snippet:-1, max-image-preview:large, max-video-preview:-1\" \/>\n<link rel=\"canonical\" href=\"https:\/\/www.teka.com\/es-cr\/soporte\/condiciones-garantia\/\" \/>\n<meta property=\"og:locale\" content=\"es_ES\" \/>\n<meta property=\"og:type\" content=\"article\" \/>\n<meta property=\"og:title\" content=\"Teka Costa Rica | Consulta las condiciones de garantia\" \/>\n<meta property=\"og:description\" content=\"P\u00f3liza de garant\u00eda Teka Mexicana S.A. de C.V establece un periodo de garant\u00eda\u00a0contra cualquier defecto de fabricaci\u00f3n en todos sus componentes ymano de obra a partir de la fecha original de compra. Este var\u00eda en funci\u00f3n del producto que se trate: Electrodom\u00e9sticos:\u00a01 a\u00f1oAccesorios de ba\u00f1o: 1 a\u00f1oFregadero acero: De por vidaFregadero Tegranite:\u00a010 a\u00f1osGrifer\u00eda: 5 a\u00f1os [&hellip;]\" \/>\n<meta property=\"og:url\" content=\"https:\/\/www.teka.com\/es-cr\/soporte\/condiciones-garantia\/\" \/>\n<meta property=\"og:site_name\" content=\"Teka Costa Rica\" \/>\n<meta property=\"article:modified_time\" content=\"2020-07-28T07:03:48+00:00\" \/>\n<meta name=\"twitter:card\" content=\"summary_large_image\" \/>\n<meta name=\"twitter:label1\" content=\"Tiempo de lectura\" \/>\n\t<meta name=\"twitter:data1\" content=\"2 minutos\" \/>\n<script type=\"application\/ld+json\" class=\"yoast-schema-graph\">{\"@context\":\"https:\/\/schema.org\",\"@graph\":[{\"@type\":\"WebPage\",\"@id\":\"https:\/\/www.teka.com\/es-cr\/soporte\/condiciones-garantia\/\",\"url\":\"https:\/\/www.teka.com\/es-cr\/soporte\/condiciones-garantia\/\",\"name\":\"Teka Costa Rica | Consulta las condiciones de garantia\",\"isPartOf\":{\"@id\":\"https:\/\/www.teka.com\/es-cr\/#website\"},\"datePublished\":\"2018-09-24T13:55:57+00:00\",\"dateModified\":\"2020-07-28T07:03:48+00:00\",\"breadcrumb\":{\"@id\":\"https:\/\/www.teka.com\/es-cr\/soporte\/condiciones-garantia\/#breadcrumb\"},\"inLanguage\":\"es\",\"potentialAction\":[{\"@type\":\"ReadAction\",\"target\":[\"https:\/\/www.teka.com\/es-cr\/soporte\/condiciones-garantia\/\"]}]},{\"@type\":\"BreadcrumbList\",\"@id\":\"https:\/\/www.teka.com\/es-cr\/soporte\/condiciones-garantia\/#breadcrumb\",\"itemListElement\":[{\"@type\":\"ListItem\",\"position\":1,\"name\":\"Soporte\",\"item\":\"https:\/\/www.teka.com\/es-cr\/soporte\/\"},{\"@type\":\"ListItem\",\"position\":2,\"name\":\"P\u00f3liza de garant\u00eda\"}]},{\"@type\":\"WebSite\",\"@id\":\"https:\/\/www.teka.com\/es-cr\/#website\",\"url\":\"https:\/\/www.teka.com\/es-cr\/\",\"name\":\"Teka Costa Rica\",\"description\":\"\",\"publisher\":{\"@id\":\"https:\/\/www.teka.com\/es-cr\/#organization\"},\"potentialAction\":[{\"@type\":\"SearchAction\",\"target\":{\"@type\":\"EntryPoint\",\"urlTemplate\":\"https:\/\/www.teka.com\/es-cr\/?s={search_term_string}\"},\"query-input\":{\"@type\":\"PropertyValueSpecification\",\"valueRequired\":true,\"valueName\":\"search_term_string\"}}],\"inLanguage\":\"es\"},{\"@type\":\"Organization\",\"@id\":\"https:\/\/www.teka.com\/es-cr\/#organization\",\"name\":\"Teka Costa Rica\",\"url\":\"https:\/\/www.teka.com\/es-cr\/\",\"logo\":{\"@type\":\"ImageObject\",\"inLanguage\":\"es\",\"@id\":\"https:\/\/www.teka.com\/es-cr\/#\/schema\/logo\/image\/\",\"url\":\"https:\/\/www.teka.com\/es-cr\/wp-content\/uploads\/sites\/88\/2018\/10\/404-teka.png\",\"contentUrl\":\"https:\/\/www.teka.com\/es-cr\/wp-content\/uploads\/sites\/88\/2018\/10\/404-teka.png\",\"width\":200,\"height\":200,\"caption\":\"Teka Costa Rica\"},\"image\":{\"@id\":\"https:\/\/www.teka.com\/es-cr\/#\/schema\/logo\/image\/\"}}]}<\/script>\n<!-- \/ Yoast SEO plugin. -->","yoast_head_json":{"title":"Teka Costa Rica | Consulta las condiciones de garantia","robots":{"index":"index","follow":"follow","max-snippet":"max-snippet:-1","max-image-preview":"max-image-preview:large","max-video-preview":"max-video-preview:-1"},"canonical":"https:\/\/www.teka.com\/es-cr\/soporte\/condiciones-garantia\/","og_locale":"es_ES","og_type":"article","og_title":"Teka Costa Rica | Consulta las condiciones de garantia","og_description":"P\u00f3liza de garant\u00eda Teka Mexicana S.A. de C.V establece un periodo de garant\u00eda\u00a0contra cualquier defecto de fabricaci\u00f3n en todos sus componentes ymano de obra a partir de la fecha original de compra. Este var\u00eda en funci\u00f3n del producto que se trate: Electrodom\u00e9sticos:\u00a01 a\u00f1oAccesorios de ba\u00f1o: 1 a\u00f1oFregadero acero: De por vidaFregadero Tegranite:\u00a010 a\u00f1osGrifer\u00eda: 5 a\u00f1os [&hellip;]","og_url":"https:\/\/www.teka.com\/es-cr\/soporte\/condiciones-garantia\/","og_site_name":"Teka Costa Rica","article_modified_time":"2020-07-28T07:03:48+00:00","twitter_card":"summary_large_image","twitter_misc":{"Tiempo de lectura":"2 minutos"},"schema":{"@context":"https:\/\/schema.org","@graph":[{"@type":"WebPage","@id":"https:\/\/www.teka.com\/es-cr\/soporte\/condiciones-garantia\/","url":"https:\/\/www.teka.com\/es-cr\/soporte\/condiciones-garantia\/","name":"Teka Costa Rica | Consulta las condiciones de garantia","isPartOf":{"@id":"https:\/\/www.teka.com\/es-cr\/#website"},"datePublished":"2018-09-24T13:55:57+00:00","dateModified":"2020-07-28T07:03:48+00:00","breadcrumb":{"@id":"https:\/\/www.teka.com\/es-cr\/soporte\/condiciones-garantia\/#breadcrumb"},"inLanguage":"es","potentialAction":[{"@type":"ReadAction","target":["https:\/\/www.teka.com\/es-cr\/soporte\/condiciones-garantia\/"]}]},{"@type":"BreadcrumbList","@id":"https:\/\/www.teka.com\/es-cr\/soporte\/condiciones-garantia\/#breadcrumb","itemListElement":[{"@type":"ListItem","position":1,"name":"Soporte","item":"https:\/\/www.teka.com\/es-cr\/soporte\/"},{"@type":"ListItem","position":2,"name":"P\u00f3liza de garant\u00eda"}]},{"@type":"WebSite","@id":"https:\/\/www.teka.com\/es-cr\/#website","url":"https:\/\/www.teka.com\/es-cr\/","name":"Teka Costa Rica","description":"","publisher":{"@id":"https:\/\/www.teka.com\/es-cr\/#organization"},"potentialAction":[{"@type":"SearchAction","target":{"@type":"EntryPoint","urlTemplate":"https:\/\/www.teka.com\/es-cr\/?s={search_term_string}"},"query-input":{"@type":"PropertyValueSpecification","valueRequired":true,"valueName":"search_term_string"}}],"inLanguage":"es"},{"@type":"Organization","@id":"https:\/\/www.teka.com\/es-cr\/#organization","name":"Teka Costa Rica","url":"https:\/\/www.teka.com\/es-cr\/","logo":{"@type":"ImageObject","inLanguage":"es","@id":"https:\/\/www.teka.com\/es-cr\/#\/schema\/logo\/image\/","url":"https:\/\/www.teka.com\/es-cr\/wp-content\/uploads\/sites\/88\/2018\/10\/404-teka.png","contentUrl":"https:\/\/www.teka.com\/es-cr\/wp-content\/uploads\/sites\/88\/2018\/10\/404-teka.png","width":200,"height":200,"caption":"Teka Costa Rica"},"image":{"@id":"https:\/\/www.teka.com\/es-cr\/#\/schema\/logo\/image\/"}}]}},"_links":{"self":[{"href":"https:\/\/www.teka.com\/es-cr\/wp-json\/wp\/v2\/pages\/23564","targetHints":{"allow":["GET"]}}],"collection":[{"href":"https:\/\/www.teka.com\/es-cr\/wp-json\/wp\/v2\/pages"}],"about":[{"href":"https:\/\/www.teka.com\/es-cr\/wp-json\/wp\/v2\/types\/page"}],"author":[{"embeddable":true,"href":"https:\/\/www.teka.com\/es-cr\/wp-json\/wp\/v2\/users\/9"}],"replies":[{"embeddable":true,"href":"https:\/\/www.teka.com\/es-cr\/wp-json\/wp\/v2\/comments?post=23564"}],"version-history":[{"count":12,"href":"https:\/\/www.teka.com\/es-cr\/wp-json\/wp\/v2\/pages\/23564\/revisions"}],"predecessor-version":[{"id":67901,"href":"https:\/\/www.teka.com\/es-cr\/wp-json\/wp\/v2\/pages\/23564\/revisions\/67901"}],"up":[{"embeddable":true,"href":"https:\/\/www.teka.com\/es-cr\/wp-json\/wp\/v2\/pages\/5193"}],"wp:attachment":[{"href":"https:\/\/www.teka.com\/es-cr\/wp-json\/wp\/v2\/media?parent=23564"}],"curies":[{"name":"wp","href":"https:\/\/api.w.org\/{rel}","templated":true}]}}