{"id":67133,"date":"2026-04-07T19:33:05","date_gmt":"2026-04-07T19:33:05","guid":{"rendered":"https:\/\/www.teka.com\/es-cr\/producto\/hlf-824-g_41596005\/"},"modified":"2026-03-14T05:13:12","modified_gmt":"2026-03-14T06:13:12","slug":"hlf-824-g_41596005","status":"publish","type":"product","link":"https:\/\/www.teka.com\/es-cr\/producto\/hlf-824-g_41596005\/","title":{"rendered":"HLF 824 G"},"content":{"rendered":"<ul>\n<li>Ideal para quienes buscan cocinar alimentos de forma eficiente sin perder tiempo.<\/li>\n<li>Cristal negro y marco en acero inoxidable con anti huella que mantiene el horno limpio, elegante y f\u00e1cil de cuidar.<\/li>\n<li>5 funciones de cocinado que ofrecen versatilidad y control para preparar distintos tipos de recetas, adaptando el modo de calor a cada necesidad.<\/li>\n<li>Iluminaci\u00f3n incandescente que ofrece luz c\u00e1lida y directa para una correcta visualizaci\u00f3n del interior del horno.<\/li>\n<li>Puerta de triple cristal que mejora el aislamiento t\u00e9rmico y la seguridad, manteniendo el exterior m\u00e1s fr\u00edo.<\/li>\n<li>Ventilaci\u00f3n tangencial forzada que protege los muebles y mejora la disipaci\u00f3n del calor durante el uso.<\/li>\n<li>Seguridad por termopar integrada en el quemador: v\u00e1lvula de seguridad que bloquea el paso del gas por seguridad en caso de ausencia (derrame o aire).<\/li>\n<li>Termostato para control de temperatura que permite regular y mantener la temperatura de forma precisa, asegurando una cocci\u00f3n uniforme y resultados confiables en todo tipo de preparaciones.<\/li>\n<li>Encendido electr\u00f3nico integrado en la perilla facilita un encendido r\u00e1pido, c\u00f3modo y seguro con solo girar la perilla, sin necesidad de encendedores externos.<\/li>\n<li>1 quemador de gas de 4,000 W (13,648 BTU).<\/li>\n<li>Tipos de gas: LP (butano\/propano) o natural<\/li>\n<li>Esmalte interior Crystal Clean\u00ae que ofrece una superficie antiadherente, mayor durabilidad y limpieza m\u00e1s sencilla.<\/li>\n<li>Gu\u00edas cromadas con tope antivuelco con cinco alturas de cocinado que ofrecen mayor estabilidad y seguridad al extraer las bandejas, adem\u00e1s de flexibilidad para cocinar distintos platillos simult\u00e1neamente.<\/li>\n<li>Bandeja profunda con esmalte Crystal Clean\u00ae ideal para preparaciones de mayor volumen, su acabado antiadherente facilita la limpieza y mejora la durabilidad del accesorio.<\/li>\n<\/ul>\n","protected":false},"featured_media":0,"parent":0,"template":"","product_cat":[59600],"product_cleaning_system":[],"product_3rd_basket":[],"product_drawers":[],"product_type_of_installation":[59875],"product_edition":[],"product_serie":[],"product_features":[],"finishes":[],"product_bundles":[],"product_energy_efficiency":[60474],"product_video_training":[60540,60550,60564],"class_list":["post-67133","product","type-product","status-publish","hentry","product_cat-hornos","usp-renewableenergy-01","color-cristal-negro-con-marco","product_type_of_appliance-multifuncion","product_icons-69l","product_type_of_installation-integrable","product_energy_efficiency-b-icon","product_video_training-trainingovens-01","product_video_training-trainingovens-05","product_video_training-trainingovens-12"],"acf":[],"yoast_head":"<!-- This site is optimized with the Yoast SEO plugin v27.2 - https:\/\/yoast.com\/product\/yoast-seo-wordpress\/ -->\n<title>Teka Horno El\u00e9ctrico a Gas Multifunci\u00f3n con Convecci\u00f3n con capacidad de 76 L<\/title>\n<meta name=\"description\" content=\"Descubre el horno el\u00e9ctrico a gas multifunci\u00f3n con convecci\u00f3n con 5 funciones de cocinado, puerta de triple cristal, control de temperatura y seguridad termopar.\" \/>\n<meta name=\"robots\" content=\"index, follow, max-snippet:-1, max-image-preview:large, max-video-preview:-1\" \/>\n<link rel=\"canonical\" href=\"https:\/\/www.teka.com\/es-cr\/producto\/hlf-824-g_41596005\/\" \/>\n<meta property=\"og:locale\" content=\"es_ES\" \/>\n<meta property=\"og:type\" content=\"article\" \/>\n<meta property=\"og:title\" content=\"Teka Horno El\u00e9ctrico a Gas Multifunci\u00f3n con Convecci\u00f3n con capacidad de 76 L\" \/>\n<meta property=\"og:description\" content=\"Descubre el horno el\u00e9ctrico a gas multifunci\u00f3n con convecci\u00f3n con 5 funciones de cocinado, puerta de triple cristal, control de temperatura y seguridad termopar.\" \/>\n<meta property=\"og:url\" content=\"https:\/\/www.teka.com\/es-cr\/producto\/hlf-824-g_41596005\/\" \/>\n<meta property=\"og:site_name\" content=\"Teka Costa Rica\" \/>\n<meta name=\"twitter:card\" content=\"summary_large_image\" \/>\n<meta name=\"twitter:label1\" content=\"Tiempo de lectura\" \/>\n\t<meta name=\"twitter:data1\" content=\"1 minuto\" \/>\n<script type=\"application\/ld+json\" class=\"yoast-schema-graph\">{\"@context\":\"https:\/\/schema.org\",\"@graph\":[{\"@type\":\"WebPage\",\"@id\":\"https:\/\/www.teka.com\/es-cr\/producto\/hlf-824-g_41596005\/\",\"url\":\"https:\/\/www.teka.com\/es-cr\/producto\/hlf-824-g_41596005\/\",\"name\":\"Teka Horno El\u00e9ctrico a Gas Multifunci\u00f3n con Convecci\u00f3n con capacidad de 76 L\",\"isPartOf\":{\"@id\":\"https:\/\/www.teka.com\/es-cr\/#website\"},\"datePublished\":\"2026-04-07T19:33:05+00:00\",\"description\":\"Descubre el horno el\u00e9ctrico a gas multifunci\u00f3n con convecci\u00f3n con 5 funciones de cocinado, puerta de triple cristal, control de temperatura y seguridad termopar.\",\"inLanguage\":\"es\",\"potentialAction\":[{\"@type\":\"ReadAction\",\"target\":[\"https:\/\/www.teka.com\/es-cr\/producto\/hlf-824-g_41596005\/\"]}]},{\"@type\":\"WebSite\",\"@id\":\"https:\/\/www.teka.com\/es-cr\/#website\",\"url\":\"https:\/\/www.teka.com\/es-cr\/\",\"name\":\"Teka Costa Rica\",\"description\":\"\",\"publisher\":{\"@id\":\"https:\/\/www.teka.com\/es-cr\/#organization\"},\"potentialAction\":[{\"@type\":\"SearchAction\",\"target\":{\"@type\":\"EntryPoint\",\"urlTemplate\":\"https:\/\/www.teka.com\/es-cr\/?s={search_term_string}\"},\"query-input\":{\"@type\":\"PropertyValueSpecification\",\"valueRequired\":true,\"valueName\":\"search_term_string\"}}],\"inLanguage\":\"es\"},{\"@type\":\"Organization\",\"@id\":\"https:\/\/www.teka.com\/es-cr\/#organization\",\"name\":\"Teka Costa Rica\",\"url\":\"https:\/\/www.teka.com\/es-cr\/\",\"logo\":{\"@type\":\"ImageObject\",\"inLanguage\":\"es\",\"@id\":\"https:\/\/www.teka.com\/es-cr\/#\/schema\/logo\/image\/\",\"url\":\"https:\/\/www.teka.com\/es-cr\/wp-content\/uploads\/sites\/88\/2018\/10\/404-teka.png\",\"contentUrl\":\"https:\/\/www.teka.com\/es-cr\/wp-content\/uploads\/sites\/88\/2018\/10\/404-teka.png\",\"width\":200,\"height\":200,\"caption\":\"Teka Costa Rica\"},\"image\":{\"@id\":\"https:\/\/www.teka.com\/es-cr\/#\/schema\/logo\/image\/\"}}]}<\/script>\n<!-- \/ Yoast SEO plugin. -->","yoast_head_json":{"title":"Teka Horno El\u00e9ctrico a Gas Multifunci\u00f3n con Convecci\u00f3n con capacidad de 76 L","description":"Descubre el horno el\u00e9ctrico a gas multifunci\u00f3n con convecci\u00f3n con 5 funciones de cocinado, puerta de triple cristal, control de temperatura y seguridad termopar.","robots":{"index":"index","follow":"follow","max-snippet":"max-snippet:-1","max-image-preview":"max-image-preview:large","max-video-preview":"max-video-preview:-1"},"canonical":"https:\/\/www.teka.com\/es-cr\/producto\/hlf-824-g_41596005\/","og_locale":"es_ES","og_type":"article","og_title":"Teka Horno El\u00e9ctrico a Gas Multifunci\u00f3n con Convecci\u00f3n con capacidad de 76 L","og_description":"Descubre el horno el\u00e9ctrico a gas multifunci\u00f3n con convecci\u00f3n con 5 funciones de cocinado, puerta de triple cristal, control de temperatura y seguridad termopar.","og_url":"https:\/\/www.teka.com\/es-cr\/producto\/hlf-824-g_41596005\/","og_site_name":"Teka Costa Rica","twitter_card":"summary_large_image","twitter_misc":{"Tiempo de lectura":"1 minuto"},"schema":{"@context":"https:\/\/schema.org","@graph":[{"@type":"WebPage","@id":"https:\/\/www.teka.com\/es-cr\/producto\/hlf-824-g_41596005\/","url":"https:\/\/www.teka.com\/es-cr\/producto\/hlf-824-g_41596005\/","name":"Teka Horno El\u00e9ctrico a Gas Multifunci\u00f3n con Convecci\u00f3n con capacidad de 76 L","isPartOf":{"@id":"https:\/\/www.teka.com\/es-cr\/#website"},"datePublished":"2026-04-07T19:33:05+00:00","description":"Descubre el horno el\u00e9ctrico a gas multifunci\u00f3n con convecci\u00f3n con 5 funciones de cocinado, puerta de triple cristal, control de temperatura y seguridad termopar.","inLanguage":"es","potentialAction":[{"@type":"ReadAction","target":["https:\/\/www.teka.com\/es-cr\/producto\/hlf-824-g_41596005\/"]}]},{"@type":"WebSite","@id":"https:\/\/www.teka.com\/es-cr\/#website","url":"https:\/\/www.teka.com\/es-cr\/","name":"Teka Costa Rica","description":"","publisher":{"@id":"https:\/\/www.teka.com\/es-cr\/#organization"},"potentialAction":[{"@type":"SearchAction","target":{"@type":"EntryPoint","urlTemplate":"https:\/\/www.teka.com\/es-cr\/?s={search_term_string}"},"query-input":{"@type":"PropertyValueSpecification","valueRequired":true,"valueName":"search_term_string"}}],"inLanguage":"es"},{"@type":"Organization","@id":"https:\/\/www.teka.com\/es-cr\/#organization","name":"Teka Costa Rica","url":"https:\/\/www.teka.com\/es-cr\/","logo":{"@type":"ImageObject","inLanguage":"es","@id":"https:\/\/www.teka.com\/es-cr\/#\/schema\/logo\/image\/","url":"https:\/\/www.teka.com\/es-cr\/wp-content\/uploads\/sites\/88\/2018\/10\/404-teka.png","contentUrl":"https:\/\/www.teka.com\/es-cr\/wp-content\/uploads\/sites\/88\/2018\/10\/404-teka.png","width":200,"height":200,"caption":"Teka Costa Rica"},"image":{"@id":"https:\/\/www.teka.com\/es-cr\/#\/schema\/logo\/image\/"}}]}},"_links":{"self":[{"href":"https:\/\/www.teka.com\/es-cr\/wp-json\/wp\/v2\/product\/67133","targetHints":{"allow":["GET"]}}],"collection":[{"href":"https:\/\/www.teka.com\/es-cr\/wp-json\/wp\/v2\/product"}],"about":[{"href":"https:\/\/www.teka.com\/es-cr\/wp-json\/wp\/v2\/types\/product"}],"wp:attachment":[{"href":"https:\/\/www.teka.com\/es-cr\/wp-json\/wp\/v2\/media?parent=67133"}],"wp:term":[{"taxonomy":"product_cat","embeddable":true,"href":"https:\/\/www.teka.com\/es-cr\/wp-json\/wp\/v2\/product_cat?post=67133"},{"taxonomy":"product_cleaning_system","embeddable":true,"href":"https:\/\/www.teka.com\/es-cr\/wp-json\/wp\/v2\/product_cleaning_system?post=67133"},{"taxonomy":"product_3rd_basket","embeddable":true,"href":"https:\/\/www.teka.com\/es-cr\/wp-json\/wp\/v2\/product_3rd_basket?post=67133"},{"taxonomy":"product_drawers","embeddable":true,"href":"https:\/\/www.teka.com\/es-cr\/wp-json\/wp\/v2\/product_drawers?post=67133"},{"taxonomy":"product_type_of_installation","embeddable":true,"href":"https:\/\/www.teka.com\/es-cr\/wp-json\/wp\/v2\/product_type_of_installation?post=67133"},{"taxonomy":"product_edition","embeddable":true,"href":"https:\/\/www.teka.com\/es-cr\/wp-json\/wp\/v2\/product_edition?post=67133"},{"taxonomy":"product_serie","embeddable":true,"href":"https:\/\/www.teka.com\/es-cr\/wp-json\/wp\/v2\/product_serie?post=67133"},{"taxonomy":"product_features","embeddable":true,"href":"https:\/\/www.teka.com\/es-cr\/wp-json\/wp\/v2\/product_features?post=67133"},{"taxonomy":"finishes","embeddable":true,"href":"https:\/\/www.teka.com\/es-cr\/wp-json\/wp\/v2\/finishes?post=67133"},{"taxonomy":"product_bundles","embeddable":true,"href":"https:\/\/www.teka.com\/es-cr\/wp-json\/wp\/v2\/product_bundles?post=67133"},{"taxonomy":"product_energy_efficiency","embeddable":true,"href":"https:\/\/www.teka.com\/es-cr\/wp-json\/wp\/v2\/product_energy_efficiency?post=67133"},{"taxonomy":"product_video_training","embeddable":true,"href":"https:\/\/www.teka.com\/es-cr\/wp-json\/wp\/v2\/product_video_training?post=67133"}],"curies":[{"name":"wp","href":"https:\/\/api.w.org\/{rel}","templated":true}]}}