{"id":67144,"date":"2026-04-23T15:33:23","date_gmt":"2026-04-23T15:33:23","guid":{"rendered":"https:\/\/www.teka.com\/es-cr\/producto\/efx-30-1-2p_40214507\/"},"modified":"2026-03-14T05:13:37","modified_gmt":"2026-03-14T06:13:37","slug":"efx-30-1-2p_40214507","status":"publish","type":"product","link":"https:\/\/www.teka.com\/es-cr\/producto\/efx-30-1-2p_40214507\/","title":{"rendered":"EFX 30.1 2P"},"content":{"rendered":"<ul>\n<li>Ideal para hogares modernos y quienes buscan precisi\u00f3n, seguridad y alto rendimiento a la hora de cocinar sus alimentos.<\/li>\n<li>Perillas ergon\u00f3micas frontales WISH que brindan control preciso, comodidad de uso y dise\u00f1o intuitivo para cocinar con seguridad y eficiencia.<\/li>\n<li>Perillas de seguridad dise\u00f1adas para prevenir encendidos accidentales, ofreciendo mayor protecci\u00f3n y tranquilidad en el uso diario.<\/li>\n<li>Placas blindadas que protegen los quemadores, mejoran la durabilidad del equipo y garantizan un desempe\u00f1o confiable.<\/li>\n<li>Piloto de funcionamiento indica visualmente el encendido del equipo, brindando mayor control, seguridad y confianza durante su uso.<\/li>\n<li>2 zonas de cocci\u00f3n.<\/li>\n<\/ul>\n","protected":false},"featured_media":0,"parent":0,"template":"","product_cat":[59595],"product_cleaning_system":[],"product_3rd_basket":[],"product_drawers":[],"product_type_of_installation":[],"product_edition":[],"product_serie":[],"product_features":[],"finishes":[],"product_bundles":[],"product_energy_efficiency":[],"product_video_training":[],"class_list":["post-67144","product","type-product","status-publish","hentry","product_cat-parrillas","usp-gas-03","usp-gas-05","usp-cookinglovers-01","color-inox","product_icons-auto-ignition"],"acf":[],"yoast_head":"<!-- This site is optimized with the Yoast SEO plugin v27.2 - https:\/\/yoast.com\/product\/yoast-seo-wordpress\/ -->\n<title>Teka Parrilla El\u00e9ctrica de 45x305x510 mm<\/title>\n<meta name=\"description\" content=\"Descubre la Parrilla El\u00e9ctrica de acero inoxidable con perillas ergon\u00f3micas, placas blindadas, 2 zonas de cocci\u00f3n y piloto de funcionamiento.\" \/>\n<meta name=\"robots\" content=\"index, follow, max-snippet:-1, max-image-preview:large, max-video-preview:-1\" \/>\n<link rel=\"canonical\" href=\"https:\/\/www.teka.com\/es-cr\/producto\/efx-30-1-2p_40214507\/\" \/>\n<meta property=\"og:locale\" content=\"es_ES\" \/>\n<meta property=\"og:type\" content=\"article\" \/>\n<meta property=\"og:title\" content=\"Teka Parrilla El\u00e9ctrica de 45x305x510 mm\" \/>\n<meta property=\"og:description\" content=\"Descubre la Parrilla El\u00e9ctrica de acero inoxidable con perillas ergon\u00f3micas, placas blindadas, 2 zonas de cocci\u00f3n y piloto de funcionamiento.\" \/>\n<meta property=\"og:url\" content=\"https:\/\/www.teka.com\/es-cr\/producto\/efx-30-1-2p_40214507\/\" \/>\n<meta property=\"og:site_name\" content=\"Teka Costa Rica\" \/>\n<meta name=\"twitter:card\" content=\"summary_large_image\" \/>\n<meta name=\"twitter:label1\" content=\"Tiempo de lectura\" \/>\n\t<meta name=\"twitter:data1\" content=\"1 minuto\" \/>\n<script type=\"application\/ld+json\" class=\"yoast-schema-graph\">{\"@context\":\"https:\/\/schema.org\",\"@graph\":[{\"@type\":\"WebPage\",\"@id\":\"https:\/\/www.teka.com\/es-cr\/producto\/efx-30-1-2p_40214507\/\",\"url\":\"https:\/\/www.teka.com\/es-cr\/producto\/efx-30-1-2p_40214507\/\",\"name\":\"Teka Parrilla El\u00e9ctrica de 45x305x510 mm\",\"isPartOf\":{\"@id\":\"https:\/\/www.teka.com\/es-cr\/#website\"},\"datePublished\":\"2026-04-23T15:33:23+00:00\",\"description\":\"Descubre la Parrilla El\u00e9ctrica de acero inoxidable con perillas ergon\u00f3micas, placas blindadas, 2 zonas de cocci\u00f3n y piloto de funcionamiento.\",\"inLanguage\":\"es\",\"potentialAction\":[{\"@type\":\"ReadAction\",\"target\":[\"https:\/\/www.teka.com\/es-cr\/producto\/efx-30-1-2p_40214507\/\"]}]},{\"@type\":\"WebSite\",\"@id\":\"https:\/\/www.teka.com\/es-cr\/#website\",\"url\":\"https:\/\/www.teka.com\/es-cr\/\",\"name\":\"Teka Costa Rica\",\"description\":\"\",\"publisher\":{\"@id\":\"https:\/\/www.teka.com\/es-cr\/#organization\"},\"potentialAction\":[{\"@type\":\"SearchAction\",\"target\":{\"@type\":\"EntryPoint\",\"urlTemplate\":\"https:\/\/www.teka.com\/es-cr\/?s={search_term_string}\"},\"query-input\":{\"@type\":\"PropertyValueSpecification\",\"valueRequired\":true,\"valueName\":\"search_term_string\"}}],\"inLanguage\":\"es\"},{\"@type\":\"Organization\",\"@id\":\"https:\/\/www.teka.com\/es-cr\/#organization\",\"name\":\"Teka Costa Rica\",\"url\":\"https:\/\/www.teka.com\/es-cr\/\",\"logo\":{\"@type\":\"ImageObject\",\"inLanguage\":\"es\",\"@id\":\"https:\/\/www.teka.com\/es-cr\/#\/schema\/logo\/image\/\",\"url\":\"https:\/\/www.teka.com\/es-cr\/wp-content\/uploads\/sites\/88\/2018\/10\/404-teka.png\",\"contentUrl\":\"https:\/\/www.teka.com\/es-cr\/wp-content\/uploads\/sites\/88\/2018\/10\/404-teka.png\",\"width\":200,\"height\":200,\"caption\":\"Teka Costa Rica\"},\"image\":{\"@id\":\"https:\/\/www.teka.com\/es-cr\/#\/schema\/logo\/image\/\"}}]}<\/script>\n<!-- \/ Yoast SEO plugin. -->","yoast_head_json":{"title":"Teka Parrilla El\u00e9ctrica de 45x305x510 mm","description":"Descubre la Parrilla El\u00e9ctrica de acero inoxidable con perillas ergon\u00f3micas, placas blindadas, 2 zonas de cocci\u00f3n y piloto de funcionamiento.","robots":{"index":"index","follow":"follow","max-snippet":"max-snippet:-1","max-image-preview":"max-image-preview:large","max-video-preview":"max-video-preview:-1"},"canonical":"https:\/\/www.teka.com\/es-cr\/producto\/efx-30-1-2p_40214507\/","og_locale":"es_ES","og_type":"article","og_title":"Teka Parrilla El\u00e9ctrica de 45x305x510 mm","og_description":"Descubre la Parrilla El\u00e9ctrica de acero inoxidable con perillas ergon\u00f3micas, placas blindadas, 2 zonas de cocci\u00f3n y piloto de funcionamiento.","og_url":"https:\/\/www.teka.com\/es-cr\/producto\/efx-30-1-2p_40214507\/","og_site_name":"Teka Costa Rica","twitter_card":"summary_large_image","twitter_misc":{"Tiempo de lectura":"1 minuto"},"schema":{"@context":"https:\/\/schema.org","@graph":[{"@type":"WebPage","@id":"https:\/\/www.teka.com\/es-cr\/producto\/efx-30-1-2p_40214507\/","url":"https:\/\/www.teka.com\/es-cr\/producto\/efx-30-1-2p_40214507\/","name":"Teka Parrilla El\u00e9ctrica de 45x305x510 mm","isPartOf":{"@id":"https:\/\/www.teka.com\/es-cr\/#website"},"datePublished":"2026-04-23T15:33:23+00:00","description":"Descubre la Parrilla El\u00e9ctrica de acero inoxidable con perillas ergon\u00f3micas, placas blindadas, 2 zonas de cocci\u00f3n y piloto de funcionamiento.","inLanguage":"es","potentialAction":[{"@type":"ReadAction","target":["https:\/\/www.teka.com\/es-cr\/producto\/efx-30-1-2p_40214507\/"]}]},{"@type":"WebSite","@id":"https:\/\/www.teka.com\/es-cr\/#website","url":"https:\/\/www.teka.com\/es-cr\/","name":"Teka Costa Rica","description":"","publisher":{"@id":"https:\/\/www.teka.com\/es-cr\/#organization"},"potentialAction":[{"@type":"SearchAction","target":{"@type":"EntryPoint","urlTemplate":"https:\/\/www.teka.com\/es-cr\/?s={search_term_string}"},"query-input":{"@type":"PropertyValueSpecification","valueRequired":true,"valueName":"search_term_string"}}],"inLanguage":"es"},{"@type":"Organization","@id":"https:\/\/www.teka.com\/es-cr\/#organization","name":"Teka Costa Rica","url":"https:\/\/www.teka.com\/es-cr\/","logo":{"@type":"ImageObject","inLanguage":"es","@id":"https:\/\/www.teka.com\/es-cr\/#\/schema\/logo\/image\/","url":"https:\/\/www.teka.com\/es-cr\/wp-content\/uploads\/sites\/88\/2018\/10\/404-teka.png","contentUrl":"https:\/\/www.teka.com\/es-cr\/wp-content\/uploads\/sites\/88\/2018\/10\/404-teka.png","width":200,"height":200,"caption":"Teka Costa Rica"},"image":{"@id":"https:\/\/www.teka.com\/es-cr\/#\/schema\/logo\/image\/"}}]}},"_links":{"self":[{"href":"https:\/\/www.teka.com\/es-cr\/wp-json\/wp\/v2\/product\/67144","targetHints":{"allow":["GET"]}}],"collection":[{"href":"https:\/\/www.teka.com\/es-cr\/wp-json\/wp\/v2\/product"}],"about":[{"href":"https:\/\/www.teka.com\/es-cr\/wp-json\/wp\/v2\/types\/product"}],"wp:attachment":[{"href":"https:\/\/www.teka.com\/es-cr\/wp-json\/wp\/v2\/media?parent=67144"}],"wp:term":[{"taxonomy":"product_cat","embeddable":true,"href":"https:\/\/www.teka.com\/es-cr\/wp-json\/wp\/v2\/product_cat?post=67144"},{"taxonomy":"product_cleaning_system","embeddable":true,"href":"https:\/\/www.teka.com\/es-cr\/wp-json\/wp\/v2\/product_cleaning_system?post=67144"},{"taxonomy":"product_3rd_basket","embeddable":true,"href":"https:\/\/www.teka.com\/es-cr\/wp-json\/wp\/v2\/product_3rd_basket?post=67144"},{"taxonomy":"product_drawers","embeddable":true,"href":"https:\/\/www.teka.com\/es-cr\/wp-json\/wp\/v2\/product_drawers?post=67144"},{"taxonomy":"product_type_of_installation","embeddable":true,"href":"https:\/\/www.teka.com\/es-cr\/wp-json\/wp\/v2\/product_type_of_installation?post=67144"},{"taxonomy":"product_edition","embeddable":true,"href":"https:\/\/www.teka.com\/es-cr\/wp-json\/wp\/v2\/product_edition?post=67144"},{"taxonomy":"product_serie","embeddable":true,"href":"https:\/\/www.teka.com\/es-cr\/wp-json\/wp\/v2\/product_serie?post=67144"},{"taxonomy":"product_features","embeddable":true,"href":"https:\/\/www.teka.com\/es-cr\/wp-json\/wp\/v2\/product_features?post=67144"},{"taxonomy":"finishes","embeddable":true,"href":"https:\/\/www.teka.com\/es-cr\/wp-json\/wp\/v2\/finishes?post=67144"},{"taxonomy":"product_bundles","embeddable":true,"href":"https:\/\/www.teka.com\/es-cr\/wp-json\/wp\/v2\/product_bundles?post=67144"},{"taxonomy":"product_energy_efficiency","embeddable":true,"href":"https:\/\/www.teka.com\/es-cr\/wp-json\/wp\/v2\/product_energy_efficiency?post=67144"},{"taxonomy":"product_video_training","embeddable":true,"href":"https:\/\/www.teka.com\/es-cr\/wp-json\/wp\/v2\/product_video_training?post=67144"}],"curies":[{"name":"wp","href":"https:\/\/api.w.org\/{rel}","templated":true}]}}