{"id":69045,"date":"2026-04-07T20:21:56","date_gmt":"2026-04-07T20:21:56","guid":{"rendered":"https:\/\/teka.com\/es-mx\/jzc-96342-bbb-bk_112570128"},"modified":"2026-03-14T06:59:13","modified_gmt":"2026-03-14T07:59:13","slug":"jzc-96342-bbb-bk_112570128","status":"publish","type":"product","link":"https:\/\/www.teka.com\/es-cr\/producto\/jzc-96342-bbb-bk_112570128\/","title":{"rendered":"JZC 96342 BBB BK"},"content":{"rendered":"<ul>\n<li>Ideal para hogares modernos y quienes buscan precisi\u00f3n, seguridad y alto rendimiento a la hora de cocinar sus alimentos.<\/li>\n<li>Cristal vitrocer\u00e1mico biselado frontal Schott Ceran combina gas e inducci\u00f3n, ofreciendo un control preciso de la flama gracias a su tecnolog\u00eda ExactFlame.<\/li>\n<li>Touch Control Multislider sistema de control de temperatura que permite a los usuarios seleccionar la potencia y la zona de cocci\u00f3n de manera precisa y segura.<\/li>\n<li>Funci\u00f3n Power Plus permite alcanzar la m\u00e1xima potencia en un tiempo muy reducido.<\/li>\n<li>Funciones especiales de cocinado Simmering, melting y keep warm.<\/li>\n<li>Detector de recipientes, parrillas y tapas de los quemadores de hierro fundido.<\/li>\n<li>Seguridad por termopar integrada en cada quemador: v\u00e1lvula de seguridad que bloquea el paso del gas por seguridad en caso de ausencia (derrame o aire).<\/li>\n<li>Encendido electr\u00f3nico integrado en cada perilla para que sea f\u00e1cil y r\u00e1pido.<\/li>\n<li>Exactflame (control preciso de la flama).<\/li>\n<\/ul>\n","protected":false},"featured_media":0,"parent":0,"template":"","product_cat":[59595],"product_cleaning_system":[],"product_3rd_basket":[],"product_drawers":[],"product_type_of_installation":[],"product_edition":[59912],"product_serie":[60641],"product_features":[59887,59894,59895],"finishes":[],"product_bundles":[],"product_energy_efficiency":[],"product_video_training":[60546,60548,60549,60557],"class_list":["post-69045","product","type-product","status-publish","hentry","product_cat-parrillas","usp-gas-01","usp-gas-03","usp-gas-05","usp-induction-17","usp-cookinglovers-01","usp-award-06","color-cristal-negro","product_type_of_appliance-hybrid","product_ambient-urban-colors-01","product_ambient-urban-colors-02","product_ambient-urban-colors-03","product_icons-auto-ignition","product_icons-autolock","product_icons-exactflame","product_icons-multislider","product_icons-power","product_icons-power-plus","product_icons-easy-installation","product_edition-night-river-black","product_serie-the-hybrid-hobs","product_features-keep-warm","product_features-simmering","product_features-melting","product_video_training-traininghobs-05","product_video_training-traininghobs-06","product_video_training-traininghobs-07","product_video_training-traininghobs-11"],"acf":[],"yoast_head":"<!-- This site is optimized with the Yoast SEO plugin v27.2 - https:\/\/yoast.com\/product\/yoast-seo-wordpress\/ -->\n<title>Teka Parrilla Vitrocer\u00e1mica de Gas e Inducci\u00f3n<\/title>\n<meta name=\"description\" content=\"Descubre la Teka Parrilla Vitrocer\u00e1mica de Gas e Inducci\u00f3n con Touch Control Multislider, seguridad termopar, funci\u00f3n especial de cocinado y funci\u00f3n Power Plus.\" \/>\n<meta name=\"robots\" content=\"index, follow, max-snippet:-1, max-image-preview:large, max-video-preview:-1\" \/>\n<link rel=\"canonical\" href=\"https:\/\/www.teka.com\/es-cr\/producto\/jzc-96342-bbb-bk_112570128\/\" \/>\n<meta property=\"og:locale\" content=\"es_ES\" \/>\n<meta property=\"og:type\" content=\"article\" \/>\n<meta property=\"og:title\" content=\"Teka Parrilla Vitrocer\u00e1mica de Gas e Inducci\u00f3n\" \/>\n<meta property=\"og:description\" content=\"Descubre la Teka Parrilla Vitrocer\u00e1mica de Gas e Inducci\u00f3n con Touch Control Multislider, seguridad termopar, funci\u00f3n especial de cocinado y funci\u00f3n Power Plus.\" \/>\n<meta property=\"og:url\" content=\"https:\/\/www.teka.com\/es-cr\/producto\/jzc-96342-bbb-bk_112570128\/\" \/>\n<meta property=\"og:site_name\" content=\"Teka Costa Rica\" \/>\n<meta name=\"twitter:card\" content=\"summary_large_image\" \/>\n<meta name=\"twitter:label1\" content=\"Tiempo de lectura\" \/>\n\t<meta name=\"twitter:data1\" content=\"1 minuto\" \/>\n<script type=\"application\/ld+json\" class=\"yoast-schema-graph\">{\"@context\":\"https:\/\/schema.org\",\"@graph\":[{\"@type\":\"WebPage\",\"@id\":\"https:\/\/www.teka.com\/es-cr\/producto\/jzc-96342-bbb-bk_112570128\/\",\"url\":\"https:\/\/www.teka.com\/es-cr\/producto\/jzc-96342-bbb-bk_112570128\/\",\"name\":\"Teka Parrilla Vitrocer\u00e1mica de Gas e Inducci\u00f3n\",\"isPartOf\":{\"@id\":\"https:\/\/www.teka.com\/es-cr\/#website\"},\"datePublished\":\"2026-04-07T20:21:56+00:00\",\"description\":\"Descubre la Teka Parrilla Vitrocer\u00e1mica de Gas e Inducci\u00f3n con Touch Control Multislider, seguridad termopar, funci\u00f3n especial de cocinado y funci\u00f3n Power Plus.\",\"inLanguage\":\"es\",\"potentialAction\":[{\"@type\":\"ReadAction\",\"target\":[\"https:\/\/www.teka.com\/es-cr\/producto\/jzc-96342-bbb-bk_112570128\/\"]}]},{\"@type\":\"WebSite\",\"@id\":\"https:\/\/www.teka.com\/es-cr\/#website\",\"url\":\"https:\/\/www.teka.com\/es-cr\/\",\"name\":\"Teka Costa Rica\",\"description\":\"\",\"publisher\":{\"@id\":\"https:\/\/www.teka.com\/es-cr\/#organization\"},\"potentialAction\":[{\"@type\":\"SearchAction\",\"target\":{\"@type\":\"EntryPoint\",\"urlTemplate\":\"https:\/\/www.teka.com\/es-cr\/?s={search_term_string}\"},\"query-input\":{\"@type\":\"PropertyValueSpecification\",\"valueRequired\":true,\"valueName\":\"search_term_string\"}}],\"inLanguage\":\"es\"},{\"@type\":\"Organization\",\"@id\":\"https:\/\/www.teka.com\/es-cr\/#organization\",\"name\":\"Teka Costa Rica\",\"url\":\"https:\/\/www.teka.com\/es-cr\/\",\"logo\":{\"@type\":\"ImageObject\",\"inLanguage\":\"es\",\"@id\":\"https:\/\/www.teka.com\/es-cr\/#\/schema\/logo\/image\/\",\"url\":\"https:\/\/www.teka.com\/es-cr\/wp-content\/uploads\/sites\/88\/2018\/10\/404-teka.png\",\"contentUrl\":\"https:\/\/www.teka.com\/es-cr\/wp-content\/uploads\/sites\/88\/2018\/10\/404-teka.png\",\"width\":200,\"height\":200,\"caption\":\"Teka Costa Rica\"},\"image\":{\"@id\":\"https:\/\/www.teka.com\/es-cr\/#\/schema\/logo\/image\/\"}}]}<\/script>\n<!-- \/ Yoast SEO plugin. -->","yoast_head_json":{"title":"Teka Parrilla Vitrocer\u00e1mica de Gas e Inducci\u00f3n","description":"Descubre la Teka Parrilla Vitrocer\u00e1mica de Gas e Inducci\u00f3n con Touch Control Multislider, seguridad termopar, funci\u00f3n especial de cocinado y funci\u00f3n Power Plus.","robots":{"index":"index","follow":"follow","max-snippet":"max-snippet:-1","max-image-preview":"max-image-preview:large","max-video-preview":"max-video-preview:-1"},"canonical":"https:\/\/www.teka.com\/es-cr\/producto\/jzc-96342-bbb-bk_112570128\/","og_locale":"es_ES","og_type":"article","og_title":"Teka Parrilla Vitrocer\u00e1mica de Gas e Inducci\u00f3n","og_description":"Descubre la Teka Parrilla Vitrocer\u00e1mica de Gas e Inducci\u00f3n con Touch Control Multislider, seguridad termopar, funci\u00f3n especial de cocinado y funci\u00f3n Power Plus.","og_url":"https:\/\/www.teka.com\/es-cr\/producto\/jzc-96342-bbb-bk_112570128\/","og_site_name":"Teka Costa Rica","twitter_card":"summary_large_image","twitter_misc":{"Tiempo de lectura":"1 minuto"},"schema":{"@context":"https:\/\/schema.org","@graph":[{"@type":"WebPage","@id":"https:\/\/www.teka.com\/es-cr\/producto\/jzc-96342-bbb-bk_112570128\/","url":"https:\/\/www.teka.com\/es-cr\/producto\/jzc-96342-bbb-bk_112570128\/","name":"Teka Parrilla Vitrocer\u00e1mica de Gas e Inducci\u00f3n","isPartOf":{"@id":"https:\/\/www.teka.com\/es-cr\/#website"},"datePublished":"2026-04-07T20:21:56+00:00","description":"Descubre la Teka Parrilla Vitrocer\u00e1mica de Gas e Inducci\u00f3n con Touch Control Multislider, seguridad termopar, funci\u00f3n especial de cocinado y funci\u00f3n Power Plus.","inLanguage":"es","potentialAction":[{"@type":"ReadAction","target":["https:\/\/www.teka.com\/es-cr\/producto\/jzc-96342-bbb-bk_112570128\/"]}]},{"@type":"WebSite","@id":"https:\/\/www.teka.com\/es-cr\/#website","url":"https:\/\/www.teka.com\/es-cr\/","name":"Teka Costa Rica","description":"","publisher":{"@id":"https:\/\/www.teka.com\/es-cr\/#organization"},"potentialAction":[{"@type":"SearchAction","target":{"@type":"EntryPoint","urlTemplate":"https:\/\/www.teka.com\/es-cr\/?s={search_term_string}"},"query-input":{"@type":"PropertyValueSpecification","valueRequired":true,"valueName":"search_term_string"}}],"inLanguage":"es"},{"@type":"Organization","@id":"https:\/\/www.teka.com\/es-cr\/#organization","name":"Teka Costa Rica","url":"https:\/\/www.teka.com\/es-cr\/","logo":{"@type":"ImageObject","inLanguage":"es","@id":"https:\/\/www.teka.com\/es-cr\/#\/schema\/logo\/image\/","url":"https:\/\/www.teka.com\/es-cr\/wp-content\/uploads\/sites\/88\/2018\/10\/404-teka.png","contentUrl":"https:\/\/www.teka.com\/es-cr\/wp-content\/uploads\/sites\/88\/2018\/10\/404-teka.png","width":200,"height":200,"caption":"Teka Costa Rica"},"image":{"@id":"https:\/\/www.teka.com\/es-cr\/#\/schema\/logo\/image\/"}}]}},"_links":{"self":[{"href":"https:\/\/www.teka.com\/es-cr\/wp-json\/wp\/v2\/product\/69045","targetHints":{"allow":["GET"]}}],"collection":[{"href":"https:\/\/www.teka.com\/es-cr\/wp-json\/wp\/v2\/product"}],"about":[{"href":"https:\/\/www.teka.com\/es-cr\/wp-json\/wp\/v2\/types\/product"}],"wp:attachment":[{"href":"https:\/\/www.teka.com\/es-cr\/wp-json\/wp\/v2\/media?parent=69045"}],"wp:term":[{"taxonomy":"product_cat","embeddable":true,"href":"https:\/\/www.teka.com\/es-cr\/wp-json\/wp\/v2\/product_cat?post=69045"},{"taxonomy":"product_cleaning_system","embeddable":true,"href":"https:\/\/www.teka.com\/es-cr\/wp-json\/wp\/v2\/product_cleaning_system?post=69045"},{"taxonomy":"product_3rd_basket","embeddable":true,"href":"https:\/\/www.teka.com\/es-cr\/wp-json\/wp\/v2\/product_3rd_basket?post=69045"},{"taxonomy":"product_drawers","embeddable":true,"href":"https:\/\/www.teka.com\/es-cr\/wp-json\/wp\/v2\/product_drawers?post=69045"},{"taxonomy":"product_type_of_installation","embeddable":true,"href":"https:\/\/www.teka.com\/es-cr\/wp-json\/wp\/v2\/product_type_of_installation?post=69045"},{"taxonomy":"product_edition","embeddable":true,"href":"https:\/\/www.teka.com\/es-cr\/wp-json\/wp\/v2\/product_edition?post=69045"},{"taxonomy":"product_serie","embeddable":true,"href":"https:\/\/www.teka.com\/es-cr\/wp-json\/wp\/v2\/product_serie?post=69045"},{"taxonomy":"product_features","embeddable":true,"href":"https:\/\/www.teka.com\/es-cr\/wp-json\/wp\/v2\/product_features?post=69045"},{"taxonomy":"finishes","embeddable":true,"href":"https:\/\/www.teka.com\/es-cr\/wp-json\/wp\/v2\/finishes?post=69045"},{"taxonomy":"product_bundles","embeddable":true,"href":"https:\/\/www.teka.com\/es-cr\/wp-json\/wp\/v2\/product_bundles?post=69045"},{"taxonomy":"product_energy_efficiency","embeddable":true,"href":"https:\/\/www.teka.com\/es-cr\/wp-json\/wp\/v2\/product_energy_efficiency?post=69045"},{"taxonomy":"product_video_training","embeddable":true,"href":"https:\/\/www.teka.com\/es-cr\/wp-json\/wp\/v2\/product_video_training?post=69045"}],"curies":[{"name":"wp","href":"https:\/\/api.w.org\/{rel}","templated":true}]}}