{"id":69197,"date":"2026-04-26T15:20:20","date_gmt":"2026-04-26T15:20:20","guid":{"rendered":"https:\/\/teka.com\/es-mx\/hlf-840-bk-ss_111060000"},"modified":"2026-03-14T08:28:33","modified_gmt":"2026-03-14T09:28:33","slug":"hlf-840-bk-ss_111060000","status":"publish","type":"product","link":"https:\/\/www.teka.com\/es-cr\/producto\/hlf-840-bk-ss_111060000\/","title":{"rendered":"HLF 840 BK-SS"},"content":{"rendered":"<ul>\n<li>Ideal para quienes buscan funcionalidad, potencia y cocci\u00f3n precisa en un solo equipo.<\/li>\n<li>Cristal negro y marco en acero inoxidable con antihuella que mantiene el horno limpio, elegante y f\u00e1cil de cuidar.<\/li>\n<li>Clase energ\u00e9tica: A (bajo consumo de energ\u00eda) ofreciendo eficiencia sin comprometer el rendimiento.<\/li>\n<li>9 funciones de cocinado + Sistema de limpieza Hydroclean\u00ae Pro que brindan versatilidad total para preparar desde recetas tradicionales hasta platillos especializados.<\/li>\n<li>Display con touch control que ofrece manejo intuitivo, lectura clara y control preciso de las funciones.<\/li>\n<li>Iluminaci\u00f3n incandescente que ofrece luz c\u00e1lida y directa para una correcta visualizaci\u00f3n del interior del horno.<\/li>\n<li>Puerta de triple cristal que mejora el aislamiento t\u00e9rmico y la seguridad, manteniendo el exterior m\u00e1s fr\u00edo.<\/li>\n<li>Ventilaci\u00f3n tangencial que protege los muebles y mejora la disipaci\u00f3n del calor durante el uso.<\/li>\n<li>Bloqueo de seguridad para ni\u00f1os que evita el uso accidental, brindando mayor seguridad en hogares con ni\u00f1os.<\/li>\n<li>Esmalte interior Crystal Clean\u00ae que ofrece una superficie antiadherente, mayor durabilidad y limpieza m\u00e1s sencilla.<\/li>\n<li>Gu\u00edas cromadas con cinco alturas de cocinado y parrilla cromada para cocinar diferentes platillos.<\/li>\n<li>Bandeja profunda con esmalte Crystal Clean\u00ae que ofrece una superficie antiadherente, mayor durabilidad y limpieza m\u00e1s sencilla.<\/li>\n<\/ul>\n","protected":false},"featured_media":0,"parent":0,"template":"","product_cat":[59600],"product_cleaning_system":[3162],"product_3rd_basket":[],"product_drawers":[],"product_type_of_installation":[],"product_edition":[],"product_serie":[],"product_features":[],"finishes":[],"product_bundles":[],"product_energy_efficiency":[60473],"product_video_training":[60540,60550,60564],"class_list":["post-69197","product","type-product","status-publish","hentry","product_cat-hornos","color-cristal-negro-con-marco","product_type_of_appliance-multifuncion","product_icons-77l","product_icons-hydroclean","product_icons-plus-extension-telescopic-guide","product_icons-surroundtemp","product_cleaning_system-hydroclean","product_energy_efficiency-a-icon","product_video_training-trainingovens-01","product_video_training-trainingovens-05","product_video_training-trainingovens-12"],"acf":[],"yoast_head":"<!-- This site is optimized with the Yoast SEO plugin v27.2 - https:\/\/yoast.com\/product\/yoast-seo-wordpress\/ -->\n<title>Horno El\u00e9ctrico Multifunci\u00f3n SurroundTemp con capacidad de 77 L<\/title>\n<meta name=\"description\" content=\"Descubre el Horno el\u00e9ctrico multifunci\u00f3n SurroundTemp con 9 funciones de cocinado + Sistema de limpieza Hydroclean\u00ae Pro y puerta de triple cristal.\" \/>\n<meta name=\"robots\" content=\"index, follow, max-snippet:-1, max-image-preview:large, max-video-preview:-1\" \/>\n<link rel=\"canonical\" href=\"https:\/\/www.teka.com\/es-cr\/producto\/hlf-840-bk-ss_111060000\/\" \/>\n<meta property=\"og:locale\" content=\"es_ES\" \/>\n<meta property=\"og:type\" content=\"article\" \/>\n<meta property=\"og:title\" content=\"Horno El\u00e9ctrico Multifunci\u00f3n SurroundTemp con capacidad de 77 L\" \/>\n<meta property=\"og:description\" content=\"Descubre el Horno el\u00e9ctrico multifunci\u00f3n SurroundTemp con 9 funciones de cocinado + Sistema de limpieza Hydroclean\u00ae Pro y puerta de triple cristal.\" \/>\n<meta property=\"og:url\" content=\"https:\/\/www.teka.com\/es-cr\/producto\/hlf-840-bk-ss_111060000\/\" \/>\n<meta property=\"og:site_name\" content=\"Teka Costa Rica\" \/>\n<meta name=\"twitter:card\" content=\"summary_large_image\" \/>\n<meta name=\"twitter:label1\" content=\"Tiempo de lectura\" \/>\n\t<meta name=\"twitter:data1\" content=\"1 minuto\" \/>\n<script type=\"application\/ld+json\" class=\"yoast-schema-graph\">{\"@context\":\"https:\/\/schema.org\",\"@graph\":[{\"@type\":\"WebPage\",\"@id\":\"https:\/\/www.teka.com\/es-cr\/producto\/hlf-840-bk-ss_111060000\/\",\"url\":\"https:\/\/www.teka.com\/es-cr\/producto\/hlf-840-bk-ss_111060000\/\",\"name\":\"Horno El\u00e9ctrico Multifunci\u00f3n SurroundTemp con capacidad de 77 L\",\"isPartOf\":{\"@id\":\"https:\/\/www.teka.com\/es-cr\/#website\"},\"datePublished\":\"2026-04-26T15:20:20+00:00\",\"description\":\"Descubre el Horno el\u00e9ctrico multifunci\u00f3n SurroundTemp con 9 funciones de cocinado + Sistema de limpieza Hydroclean\u00ae Pro y puerta de triple cristal.\",\"inLanguage\":\"es\",\"potentialAction\":[{\"@type\":\"ReadAction\",\"target\":[\"https:\/\/www.teka.com\/es-cr\/producto\/hlf-840-bk-ss_111060000\/\"]}]},{\"@type\":\"WebSite\",\"@id\":\"https:\/\/www.teka.com\/es-cr\/#website\",\"url\":\"https:\/\/www.teka.com\/es-cr\/\",\"name\":\"Teka Costa Rica\",\"description\":\"\",\"publisher\":{\"@id\":\"https:\/\/www.teka.com\/es-cr\/#organization\"},\"potentialAction\":[{\"@type\":\"SearchAction\",\"target\":{\"@type\":\"EntryPoint\",\"urlTemplate\":\"https:\/\/www.teka.com\/es-cr\/?s={search_term_string}\"},\"query-input\":{\"@type\":\"PropertyValueSpecification\",\"valueRequired\":true,\"valueName\":\"search_term_string\"}}],\"inLanguage\":\"es\"},{\"@type\":\"Organization\",\"@id\":\"https:\/\/www.teka.com\/es-cr\/#organization\",\"name\":\"Teka Costa Rica\",\"url\":\"https:\/\/www.teka.com\/es-cr\/\",\"logo\":{\"@type\":\"ImageObject\",\"inLanguage\":\"es\",\"@id\":\"https:\/\/www.teka.com\/es-cr\/#\/schema\/logo\/image\/\",\"url\":\"https:\/\/www.teka.com\/es-cr\/wp-content\/uploads\/sites\/88\/2018\/10\/404-teka.png\",\"contentUrl\":\"https:\/\/www.teka.com\/es-cr\/wp-content\/uploads\/sites\/88\/2018\/10\/404-teka.png\",\"width\":200,\"height\":200,\"caption\":\"Teka Costa Rica\"},\"image\":{\"@id\":\"https:\/\/www.teka.com\/es-cr\/#\/schema\/logo\/image\/\"}}]}<\/script>\n<!-- \/ Yoast SEO plugin. -->","yoast_head_json":{"title":"Horno El\u00e9ctrico Multifunci\u00f3n SurroundTemp con capacidad de 77 L","description":"Descubre el Horno el\u00e9ctrico multifunci\u00f3n SurroundTemp con 9 funciones de cocinado + Sistema de limpieza Hydroclean\u00ae Pro y puerta de triple cristal.","robots":{"index":"index","follow":"follow","max-snippet":"max-snippet:-1","max-image-preview":"max-image-preview:large","max-video-preview":"max-video-preview:-1"},"canonical":"https:\/\/www.teka.com\/es-cr\/producto\/hlf-840-bk-ss_111060000\/","og_locale":"es_ES","og_type":"article","og_title":"Horno El\u00e9ctrico Multifunci\u00f3n SurroundTemp con capacidad de 77 L","og_description":"Descubre el Horno el\u00e9ctrico multifunci\u00f3n SurroundTemp con 9 funciones de cocinado + Sistema de limpieza Hydroclean\u00ae Pro y puerta de triple cristal.","og_url":"https:\/\/www.teka.com\/es-cr\/producto\/hlf-840-bk-ss_111060000\/","og_site_name":"Teka Costa Rica","twitter_card":"summary_large_image","twitter_misc":{"Tiempo de lectura":"1 minuto"},"schema":{"@context":"https:\/\/schema.org","@graph":[{"@type":"WebPage","@id":"https:\/\/www.teka.com\/es-cr\/producto\/hlf-840-bk-ss_111060000\/","url":"https:\/\/www.teka.com\/es-cr\/producto\/hlf-840-bk-ss_111060000\/","name":"Horno El\u00e9ctrico Multifunci\u00f3n SurroundTemp con capacidad de 77 L","isPartOf":{"@id":"https:\/\/www.teka.com\/es-cr\/#website"},"datePublished":"2026-04-26T15:20:20+00:00","description":"Descubre el Horno el\u00e9ctrico multifunci\u00f3n SurroundTemp con 9 funciones de cocinado + Sistema de limpieza Hydroclean\u00ae Pro y puerta de triple cristal.","inLanguage":"es","potentialAction":[{"@type":"ReadAction","target":["https:\/\/www.teka.com\/es-cr\/producto\/hlf-840-bk-ss_111060000\/"]}]},{"@type":"WebSite","@id":"https:\/\/www.teka.com\/es-cr\/#website","url":"https:\/\/www.teka.com\/es-cr\/","name":"Teka Costa Rica","description":"","publisher":{"@id":"https:\/\/www.teka.com\/es-cr\/#organization"},"potentialAction":[{"@type":"SearchAction","target":{"@type":"EntryPoint","urlTemplate":"https:\/\/www.teka.com\/es-cr\/?s={search_term_string}"},"query-input":{"@type":"PropertyValueSpecification","valueRequired":true,"valueName":"search_term_string"}}],"inLanguage":"es"},{"@type":"Organization","@id":"https:\/\/www.teka.com\/es-cr\/#organization","name":"Teka Costa Rica","url":"https:\/\/www.teka.com\/es-cr\/","logo":{"@type":"ImageObject","inLanguage":"es","@id":"https:\/\/www.teka.com\/es-cr\/#\/schema\/logo\/image\/","url":"https:\/\/www.teka.com\/es-cr\/wp-content\/uploads\/sites\/88\/2018\/10\/404-teka.png","contentUrl":"https:\/\/www.teka.com\/es-cr\/wp-content\/uploads\/sites\/88\/2018\/10\/404-teka.png","width":200,"height":200,"caption":"Teka Costa Rica"},"image":{"@id":"https:\/\/www.teka.com\/es-cr\/#\/schema\/logo\/image\/"}}]}},"_links":{"self":[{"href":"https:\/\/www.teka.com\/es-cr\/wp-json\/wp\/v2\/product\/69197","targetHints":{"allow":["GET"]}}],"collection":[{"href":"https:\/\/www.teka.com\/es-cr\/wp-json\/wp\/v2\/product"}],"about":[{"href":"https:\/\/www.teka.com\/es-cr\/wp-json\/wp\/v2\/types\/product"}],"wp:attachment":[{"href":"https:\/\/www.teka.com\/es-cr\/wp-json\/wp\/v2\/media?parent=69197"}],"wp:term":[{"taxonomy":"product_cat","embeddable":true,"href":"https:\/\/www.teka.com\/es-cr\/wp-json\/wp\/v2\/product_cat?post=69197"},{"taxonomy":"product_cleaning_system","embeddable":true,"href":"https:\/\/www.teka.com\/es-cr\/wp-json\/wp\/v2\/product_cleaning_system?post=69197"},{"taxonomy":"product_3rd_basket","embeddable":true,"href":"https:\/\/www.teka.com\/es-cr\/wp-json\/wp\/v2\/product_3rd_basket?post=69197"},{"taxonomy":"product_drawers","embeddable":true,"href":"https:\/\/www.teka.com\/es-cr\/wp-json\/wp\/v2\/product_drawers?post=69197"},{"taxonomy":"product_type_of_installation","embeddable":true,"href":"https:\/\/www.teka.com\/es-cr\/wp-json\/wp\/v2\/product_type_of_installation?post=69197"},{"taxonomy":"product_edition","embeddable":true,"href":"https:\/\/www.teka.com\/es-cr\/wp-json\/wp\/v2\/product_edition?post=69197"},{"taxonomy":"product_serie","embeddable":true,"href":"https:\/\/www.teka.com\/es-cr\/wp-json\/wp\/v2\/product_serie?post=69197"},{"taxonomy":"product_features","embeddable":true,"href":"https:\/\/www.teka.com\/es-cr\/wp-json\/wp\/v2\/product_features?post=69197"},{"taxonomy":"finishes","embeddable":true,"href":"https:\/\/www.teka.com\/es-cr\/wp-json\/wp\/v2\/finishes?post=69197"},{"taxonomy":"product_bundles","embeddable":true,"href":"https:\/\/www.teka.com\/es-cr\/wp-json\/wp\/v2\/product_bundles?post=69197"},{"taxonomy":"product_energy_efficiency","embeddable":true,"href":"https:\/\/www.teka.com\/es-cr\/wp-json\/wp\/v2\/product_energy_efficiency?post=69197"},{"taxonomy":"product_video_training","embeddable":true,"href":"https:\/\/www.teka.com\/es-cr\/wp-json\/wp\/v2\/product_video_training?post=69197"}],"curies":[{"name":"wp","href":"https:\/\/api.w.org\/{rel}","templated":true}]}}