{"id":69241,"date":"2026-04-07T20:55:40","date_gmt":"2026-04-07T20:55:40","guid":{"rendered":"https:\/\/teka.com\/es-es\/teka-home-izf-99770-mst_112500044"},"modified":"2026-03-14T08:20:34","modified_gmt":"2026-03-14T09:20:34","slug":"teka-home-izf-99770-mst_112500044","status":"publish","type":"product","link":"https:\/\/www.teka.com\/es-cr\/producto\/teka-home-izf-99770-mst_112500044\/","title":{"rendered":"Teka Home IZF 99770 MST"},"content":{"rendered":"<ul>\n<li>Ideal para hogares modernos y quienes buscan precisi\u00f3n, seguridad y alto rendimiento linkeado a Teka Home (WiFi).<\/li>\n<li>Cristal vitrocer\u00e1mico biselado frontal Schott Ceran combina gas e inducci\u00f3n, ofreciendo un control preciso de la flama gracias a su tecnolog\u00eda ExactFlame.<\/li>\n<li>Touch Control Multislider con sensores ac\u00fasticos sistema de control de temperatura que permite a los usuarios seleccionar la potencia y la zona de cocci\u00f3n de manera precisa y segura.<\/li>\n<li>Bloqueo de seguridad individual para cada quemador y programaci\u00f3n del tiempo de cocci\u00f3n.<\/li>\n<li>Conectividad Teka Home: electrodom\u00e9sticos inteligentes con conexi\u00f3n Wi-Fi<\/li>\n<li>6 zonas de cocci\u00f3n y 9 niveles de potencia.<\/li>\n<li>Funci\u00f3n Power Plus permite alcanzar la m\u00e1xima potencia en un tiempo muy reducido.<\/li>\n<li>Funci\u00f3n STOP &amp; GO permite detener temporalmente la cocci\u00f3n y reactivarla despu\u00e9s. Esto es \u00fatil para cocinar en diferentes momentos de la jornada o para preparar comidas que requieren un tiempo de cocci\u00f3n prolongado.<\/li>\n<li>Funciones especiales de cocinado iCooking: Pochar, Confitar, Arroz, Parrilla, Fritura, Plancha, Mantener Caliente, Hervir, Fuego Lento y Derretir.<\/li>\n<li>Indicador de calor residual y detector de recipientes.<\/li>\n<\/ul>\n","protected":false},"featured_media":0,"parent":0,"template":"","product_cat":[59595],"product_cleaning_system":[],"product_3rd_basket":[],"product_drawers":[],"product_type_of_installation":[],"product_edition":[],"product_serie":[],"product_features":[59887,59893,59894,59895,59896,59902,59903,59904,59905,59910,59911,60651],"finishes":[],"product_bundles":[],"product_energy_efficiency":[],"product_video_training":[60526,60527,60529,60535,60541,60543,60546,60548,60549,60551,60552,60554,60557,60558,60721],"class_list":["post-69241","product","type-product","status-publish","hentry","product_cat-parrillas","usp-tekahome-04","usp-tekahome-01","usp-tekahome-02","usp-induction-11","usp-induction-13","usp-induction-21","usp-productoftheyear-03","usp-cookinglovers-03","color-negro","product_type_of_appliance-induccion","product_ambient-tekahome-01","product_ambient-ambient-05","product_ambient-neo-series-03","product_icons-autolock","product_icons-flex","product_icons-multislider","product_icons-power","product_icons-power-plus","product_icons-easy-installation","product_features-keep-warm","product_features-quick-boiling","product_features-simmering","product_features-melting","product_features-flex","product_features-grilling","product_features-pan-frying","product_features-deep-fry","product_features-confit","product_features-poach","product_features-rice-cook","product_features-slidecooking","product_video_training-training-tekahome-01","product_video_training-training-tekahome-02","product_video_training-training-tekahome-04","product_video_training-traininghobs-01","product_video_training-traininghobs-02","product_video_training-traininghobs-04","product_video_training-traininghobs-05","product_video_training-traininghobs-06","product_video_training-traininghobs-07","product_video_training-traininghobs-08","product_video_training-traininghobs-09","product_video_training-traininghobs-10","product_video_training-traininghobs-11","product_video_training-traininghobs-12","product_video_training-traininghobs-14"],"acf":[],"yoast_head":"<!-- This site is optimized with the Yoast SEO plugin v27.2 - https:\/\/yoast.com\/product\/yoast-seo-wordpress\/ -->\n<title>Teka Parrilla Vitrocer\u00e1mica de Inducci\u00f3n con conexi\u00f3n Teka Home (WiFi)<\/title>\n<meta name=\"description\" content=\"Descubre la Parrilla Vitrocer\u00e1mica de Inducci\u00f3n con conexi\u00f3n Teka Home (WiFi) con 6 zonas de cocci\u00f3n, Touch Control Multislider, funci\u00f3n especial de cocinado.\" \/>\n<meta name=\"robots\" content=\"index, follow, max-snippet:-1, max-image-preview:large, max-video-preview:-1\" \/>\n<link rel=\"canonical\" href=\"https:\/\/www.teka.com\/es-cr\/producto\/teka-home-izf-99770-mst_112500044\/\" \/>\n<meta property=\"og:locale\" content=\"es_ES\" \/>\n<meta property=\"og:type\" content=\"article\" \/>\n<meta property=\"og:title\" content=\"Teka Parrilla Vitrocer\u00e1mica de Inducci\u00f3n con conexi\u00f3n Teka Home (WiFi)\" \/>\n<meta property=\"og:description\" content=\"Descubre la Parrilla Vitrocer\u00e1mica de Inducci\u00f3n con conexi\u00f3n Teka Home (WiFi) con 6 zonas de cocci\u00f3n, Touch Control Multislider, funci\u00f3n especial de cocinado.\" \/>\n<meta property=\"og:url\" content=\"https:\/\/www.teka.com\/es-cr\/producto\/teka-home-izf-99770-mst_112500044\/\" \/>\n<meta property=\"og:site_name\" content=\"Teka Costa Rica\" \/>\n<meta name=\"twitter:card\" content=\"summary_large_image\" \/>\n<meta name=\"twitter:label1\" content=\"Tiempo de lectura\" \/>\n\t<meta name=\"twitter:data1\" content=\"1 minuto\" \/>\n<script type=\"application\/ld+json\" class=\"yoast-schema-graph\">{\"@context\":\"https:\/\/schema.org\",\"@graph\":[{\"@type\":\"WebPage\",\"@id\":\"https:\/\/www.teka.com\/es-cr\/producto\/teka-home-izf-99770-mst_112500044\/\",\"url\":\"https:\/\/www.teka.com\/es-cr\/producto\/teka-home-izf-99770-mst_112500044\/\",\"name\":\"Teka Parrilla Vitrocer\u00e1mica de Inducci\u00f3n con conexi\u00f3n Teka Home (WiFi)\",\"isPartOf\":{\"@id\":\"https:\/\/www.teka.com\/es-cr\/#website\"},\"datePublished\":\"2026-04-07T20:55:40+00:00\",\"description\":\"Descubre la Parrilla Vitrocer\u00e1mica de Inducci\u00f3n con conexi\u00f3n Teka Home (WiFi) con 6 zonas de cocci\u00f3n, Touch Control Multislider, funci\u00f3n especial de cocinado.\",\"inLanguage\":\"es\",\"potentialAction\":[{\"@type\":\"ReadAction\",\"target\":[\"https:\/\/www.teka.com\/es-cr\/producto\/teka-home-izf-99770-mst_112500044\/\"]}]},{\"@type\":\"WebSite\",\"@id\":\"https:\/\/www.teka.com\/es-cr\/#website\",\"url\":\"https:\/\/www.teka.com\/es-cr\/\",\"name\":\"Teka Costa Rica\",\"description\":\"\",\"publisher\":{\"@id\":\"https:\/\/www.teka.com\/es-cr\/#organization\"},\"potentialAction\":[{\"@type\":\"SearchAction\",\"target\":{\"@type\":\"EntryPoint\",\"urlTemplate\":\"https:\/\/www.teka.com\/es-cr\/?s={search_term_string}\"},\"query-input\":{\"@type\":\"PropertyValueSpecification\",\"valueRequired\":true,\"valueName\":\"search_term_string\"}}],\"inLanguage\":\"es\"},{\"@type\":\"Organization\",\"@id\":\"https:\/\/www.teka.com\/es-cr\/#organization\",\"name\":\"Teka Costa Rica\",\"url\":\"https:\/\/www.teka.com\/es-cr\/\",\"logo\":{\"@type\":\"ImageObject\",\"inLanguage\":\"es\",\"@id\":\"https:\/\/www.teka.com\/es-cr\/#\/schema\/logo\/image\/\",\"url\":\"https:\/\/www.teka.com\/es-cr\/wp-content\/uploads\/sites\/88\/2018\/10\/404-teka.png\",\"contentUrl\":\"https:\/\/www.teka.com\/es-cr\/wp-content\/uploads\/sites\/88\/2018\/10\/404-teka.png\",\"width\":200,\"height\":200,\"caption\":\"Teka Costa Rica\"},\"image\":{\"@id\":\"https:\/\/www.teka.com\/es-cr\/#\/schema\/logo\/image\/\"}}]}<\/script>\n<!-- \/ Yoast SEO plugin. -->","yoast_head_json":{"title":"Teka Parrilla Vitrocer\u00e1mica de Inducci\u00f3n con conexi\u00f3n Teka Home (WiFi)","description":"Descubre la Parrilla Vitrocer\u00e1mica de Inducci\u00f3n con conexi\u00f3n Teka Home (WiFi) con 6 zonas de cocci\u00f3n, Touch Control Multislider, funci\u00f3n especial de cocinado.","robots":{"index":"index","follow":"follow","max-snippet":"max-snippet:-1","max-image-preview":"max-image-preview:large","max-video-preview":"max-video-preview:-1"},"canonical":"https:\/\/www.teka.com\/es-cr\/producto\/teka-home-izf-99770-mst_112500044\/","og_locale":"es_ES","og_type":"article","og_title":"Teka Parrilla Vitrocer\u00e1mica de Inducci\u00f3n con conexi\u00f3n Teka Home (WiFi)","og_description":"Descubre la Parrilla Vitrocer\u00e1mica de Inducci\u00f3n con conexi\u00f3n Teka Home (WiFi) con 6 zonas de cocci\u00f3n, Touch Control Multislider, funci\u00f3n especial de cocinado.","og_url":"https:\/\/www.teka.com\/es-cr\/producto\/teka-home-izf-99770-mst_112500044\/","og_site_name":"Teka Costa Rica","twitter_card":"summary_large_image","twitter_misc":{"Tiempo de lectura":"1 minuto"},"schema":{"@context":"https:\/\/schema.org","@graph":[{"@type":"WebPage","@id":"https:\/\/www.teka.com\/es-cr\/producto\/teka-home-izf-99770-mst_112500044\/","url":"https:\/\/www.teka.com\/es-cr\/producto\/teka-home-izf-99770-mst_112500044\/","name":"Teka Parrilla Vitrocer\u00e1mica de Inducci\u00f3n con conexi\u00f3n Teka Home (WiFi)","isPartOf":{"@id":"https:\/\/www.teka.com\/es-cr\/#website"},"datePublished":"2026-04-07T20:55:40+00:00","description":"Descubre la Parrilla Vitrocer\u00e1mica de Inducci\u00f3n con conexi\u00f3n Teka Home (WiFi) con 6 zonas de cocci\u00f3n, Touch Control Multislider, funci\u00f3n especial de cocinado.","inLanguage":"es","potentialAction":[{"@type":"ReadAction","target":["https:\/\/www.teka.com\/es-cr\/producto\/teka-home-izf-99770-mst_112500044\/"]}]},{"@type":"WebSite","@id":"https:\/\/www.teka.com\/es-cr\/#website","url":"https:\/\/www.teka.com\/es-cr\/","name":"Teka Costa Rica","description":"","publisher":{"@id":"https:\/\/www.teka.com\/es-cr\/#organization"},"potentialAction":[{"@type":"SearchAction","target":{"@type":"EntryPoint","urlTemplate":"https:\/\/www.teka.com\/es-cr\/?s={search_term_string}"},"query-input":{"@type":"PropertyValueSpecification","valueRequired":true,"valueName":"search_term_string"}}],"inLanguage":"es"},{"@type":"Organization","@id":"https:\/\/www.teka.com\/es-cr\/#organization","name":"Teka Costa Rica","url":"https:\/\/www.teka.com\/es-cr\/","logo":{"@type":"ImageObject","inLanguage":"es","@id":"https:\/\/www.teka.com\/es-cr\/#\/schema\/logo\/image\/","url":"https:\/\/www.teka.com\/es-cr\/wp-content\/uploads\/sites\/88\/2018\/10\/404-teka.png","contentUrl":"https:\/\/www.teka.com\/es-cr\/wp-content\/uploads\/sites\/88\/2018\/10\/404-teka.png","width":200,"height":200,"caption":"Teka Costa Rica"},"image":{"@id":"https:\/\/www.teka.com\/es-cr\/#\/schema\/logo\/image\/"}}]}},"_links":{"self":[{"href":"https:\/\/www.teka.com\/es-cr\/wp-json\/wp\/v2\/product\/69241","targetHints":{"allow":["GET"]}}],"collection":[{"href":"https:\/\/www.teka.com\/es-cr\/wp-json\/wp\/v2\/product"}],"about":[{"href":"https:\/\/www.teka.com\/es-cr\/wp-json\/wp\/v2\/types\/product"}],"wp:attachment":[{"href":"https:\/\/www.teka.com\/es-cr\/wp-json\/wp\/v2\/media?parent=69241"}],"wp:term":[{"taxonomy":"product_cat","embeddable":true,"href":"https:\/\/www.teka.com\/es-cr\/wp-json\/wp\/v2\/product_cat?post=69241"},{"taxonomy":"product_cleaning_system","embeddable":true,"href":"https:\/\/www.teka.com\/es-cr\/wp-json\/wp\/v2\/product_cleaning_system?post=69241"},{"taxonomy":"product_3rd_basket","embeddable":true,"href":"https:\/\/www.teka.com\/es-cr\/wp-json\/wp\/v2\/product_3rd_basket?post=69241"},{"taxonomy":"product_drawers","embeddable":true,"href":"https:\/\/www.teka.com\/es-cr\/wp-json\/wp\/v2\/product_drawers?post=69241"},{"taxonomy":"product_type_of_installation","embeddable":true,"href":"https:\/\/www.teka.com\/es-cr\/wp-json\/wp\/v2\/product_type_of_installation?post=69241"},{"taxonomy":"product_edition","embeddable":true,"href":"https:\/\/www.teka.com\/es-cr\/wp-json\/wp\/v2\/product_edition?post=69241"},{"taxonomy":"product_serie","embeddable":true,"href":"https:\/\/www.teka.com\/es-cr\/wp-json\/wp\/v2\/product_serie?post=69241"},{"taxonomy":"product_features","embeddable":true,"href":"https:\/\/www.teka.com\/es-cr\/wp-json\/wp\/v2\/product_features?post=69241"},{"taxonomy":"finishes","embeddable":true,"href":"https:\/\/www.teka.com\/es-cr\/wp-json\/wp\/v2\/finishes?post=69241"},{"taxonomy":"product_bundles","embeddable":true,"href":"https:\/\/www.teka.com\/es-cr\/wp-json\/wp\/v2\/product_bundles?post=69241"},{"taxonomy":"product_energy_efficiency","embeddable":true,"href":"https:\/\/www.teka.com\/es-cr\/wp-json\/wp\/v2\/product_energy_efficiency?post=69241"},{"taxonomy":"product_video_training","embeddable":true,"href":"https:\/\/www.teka.com\/es-cr\/wp-json\/wp\/v2\/product_video_training?post=69241"}],"curies":[{"name":"wp","href":"https:\/\/api.w.org\/{rel}","templated":true}]}}