{"id":69243,"date":"2026-04-07T20:58:31","date_gmt":"2026-04-07T20:58:31","guid":{"rendered":"https:\/\/teka.com\/es-mx\/steamgourmet-hlb-8550-sc_111200004"},"modified":"2026-03-14T08:24:06","modified_gmt":"2026-03-14T09:24:06","slug":"steamgourmet-hlb-8550-sc_111200004","status":"publish","type":"product","link":"https:\/\/www.teka.com\/es-cr\/producto\/steamgourmet-hlb-8550-sc_111200004\/","title":{"rendered":"SteamGourmet HLB 8550 SC"},"content":{"rendered":"<ul>\n<li>Ideal para quienes buscan cocinar alimentos a vapor de forma eficiente sin perder nutrientes gracias a Steam Gourmet.<\/li>\n<li>Cristal negro con antihuella que mantiene el horno limpio, elegante y f\u00e1cil de cuidar.<\/li>\n<li>Clase energ\u00e9tica: A+ que garantiza mayor eficiencia y ahorro de energ\u00eda sin sacrificar rendimiento.<\/li>\n<li>12 funciones de cocinado + Sistema de limpieza Hydroclean\u00ae PRO para una limpieza profunda y personalizada.<\/li>\n<li>Funci\u00f3n de regeneraci\u00f3n que permite recalentar los alimentos de forma uniforme, devolvi\u00e9ndoles su textura, sabor y humedad originales, como si estuvieran reci\u00e9n preparados.<\/li>\n<li>Cocci\u00f3n vapor 35-100\u00baC con dep\u00f3sito de 1 litro de agua.<\/li>\n<li>Display con touch control que ofrece manejo intuitivo, lectura clara y control preciso de las funciones.<\/li>\n<li>Iluminaci\u00f3n hal\u00f3gena interior que permite visualizar la cocci\u00f3n sin abrir la puerta.<\/li>\n<li>Puerta de triple cristal que mejora el aislamiento t\u00e9rmico y la seguridad, manteniendo el exterior m\u00e1s fr\u00edo.<\/li>\n<li>Desconexi\u00f3n autom\u00e1tica al abrir la puerta ya que detiene autom\u00e1ticamente el funcionamiento al abrir la puerta del horno.<\/li>\n<li>Ventilaci\u00f3n tangencial que protege los muebles y mejora la disipaci\u00f3n del calor durante el uso.<\/li>\n<li>Bloqueo de seguridad para ni\u00f1os que evita accidentes, brindando mayor seguridad en hogares con ni\u00f1os.<\/li>\n<li>Esmalte interior Crystal Clean\u00ae que ofrece una superficie antiadherente, mayor durabilidad y limpieza m\u00e1s sencilla.<\/li>\n<\/ul>\n","protected":false},"featured_media":0,"parent":0,"template":"","product_cat":[59600],"product_cleaning_system":[3162],"product_3rd_basket":[],"product_drawers":[],"product_type_of_installation":[59875],"product_edition":[],"product_serie":[],"product_features":[],"finishes":[],"product_bundles":[],"product_energy_efficiency":[60477],"product_video_training":[60540,60544,60550,60564,60723],"class_list":["post-69243","product","type-product","status-publish","hentry","product_cat-hornos","usp-ovens-06","usp-ovens-10","usp-ovens-13","usp-compacts-08","usp-renewableenergy-01","usp-steamgourmet-01","usp-steamgourmet-02","usp-steamgourmet-03","usp-steamgourmet-00","usp-steamgourmet-04","color-cristal-negro","product_type_of_appliance-multifuncion","product_type_of_appliance-vapor","product_icons-70l","product_icons-hydroclean","product_icons-plus-extension-telescopic-guide","product_icons-softclose","product_icons-surroundtemp","product_cleaning_system-hydroclean","product_type_of_installation-integrable","product_energy_efficiency-a-plus-icon","product_video_training-trainingovens-01","product_video_training-trainingovens-02","product_video_training-trainingovens-05","product_video_training-trainingovens-12","product_video_training-trainingovens-22"],"acf":[],"yoast_head":"<!-- This site is optimized with the Yoast SEO plugin v27.2 - https:\/\/yoast.com\/product\/yoast-seo-wordpress\/ -->\n<title>Teka SteamGourmet I Horno El\u00e9ctrico Especializado para cocinar con vapor | 70 L | 2,500W<\/title>\n<meta name=\"description\" content=\"Descubre el SteamGourmet Horno El\u00e9ctrico especializado para cocinar a vapor | 70 L con sistema de limpieza HydroClean\u00ae y puerta cool touch con 3 cristales.\" \/>\n<meta name=\"robots\" content=\"index, follow, max-snippet:-1, max-image-preview:large, max-video-preview:-1\" \/>\n<link rel=\"canonical\" href=\"https:\/\/www.teka.com\/es-cr\/producto\/steamgourmet-hlb-8550-sc_111200004\/\" \/>\n<meta property=\"og:locale\" content=\"es_ES\" \/>\n<meta property=\"og:type\" content=\"article\" \/>\n<meta property=\"og:title\" content=\"Teka SteamGourmet I Horno El\u00e9ctrico Especializado para cocinar con vapor | 70 L | 2,500W\" \/>\n<meta property=\"og:description\" content=\"Descubre el SteamGourmet Horno El\u00e9ctrico especializado para cocinar a vapor | 70 L con sistema de limpieza HydroClean\u00ae y puerta cool touch con 3 cristales.\" \/>\n<meta property=\"og:url\" content=\"https:\/\/www.teka.com\/es-cr\/producto\/steamgourmet-hlb-8550-sc_111200004\/\" \/>\n<meta property=\"og:site_name\" content=\"Teka Costa Rica\" \/>\n<meta name=\"twitter:card\" content=\"summary_large_image\" \/>\n<meta name=\"twitter:label1\" content=\"Tiempo de lectura\" \/>\n\t<meta name=\"twitter:data1\" content=\"1 minuto\" \/>\n<script type=\"application\/ld+json\" class=\"yoast-schema-graph\">{\"@context\":\"https:\/\/schema.org\",\"@graph\":[{\"@type\":\"WebPage\",\"@id\":\"https:\/\/www.teka.com\/es-cr\/producto\/steamgourmet-hlb-8550-sc_111200004\/\",\"url\":\"https:\/\/www.teka.com\/es-cr\/producto\/steamgourmet-hlb-8550-sc_111200004\/\",\"name\":\"Teka SteamGourmet I Horno El\u00e9ctrico Especializado para cocinar con vapor | 70 L | 2,500W\",\"isPartOf\":{\"@id\":\"https:\/\/www.teka.com\/es-cr\/#website\"},\"datePublished\":\"2026-04-07T20:58:31+00:00\",\"description\":\"Descubre el SteamGourmet Horno El\u00e9ctrico especializado para cocinar a vapor | 70 L con sistema de limpieza HydroClean\u00ae y puerta cool touch con 3 cristales.\",\"inLanguage\":\"es\",\"potentialAction\":[{\"@type\":\"ReadAction\",\"target\":[\"https:\/\/www.teka.com\/es-cr\/producto\/steamgourmet-hlb-8550-sc_111200004\/\"]}]},{\"@type\":\"WebSite\",\"@id\":\"https:\/\/www.teka.com\/es-cr\/#website\",\"url\":\"https:\/\/www.teka.com\/es-cr\/\",\"name\":\"Teka Costa Rica\",\"description\":\"\",\"publisher\":{\"@id\":\"https:\/\/www.teka.com\/es-cr\/#organization\"},\"potentialAction\":[{\"@type\":\"SearchAction\",\"target\":{\"@type\":\"EntryPoint\",\"urlTemplate\":\"https:\/\/www.teka.com\/es-cr\/?s={search_term_string}\"},\"query-input\":{\"@type\":\"PropertyValueSpecification\",\"valueRequired\":true,\"valueName\":\"search_term_string\"}}],\"inLanguage\":\"es\"},{\"@type\":\"Organization\",\"@id\":\"https:\/\/www.teka.com\/es-cr\/#organization\",\"name\":\"Teka Costa Rica\",\"url\":\"https:\/\/www.teka.com\/es-cr\/\",\"logo\":{\"@type\":\"ImageObject\",\"inLanguage\":\"es\",\"@id\":\"https:\/\/www.teka.com\/es-cr\/#\/schema\/logo\/image\/\",\"url\":\"https:\/\/www.teka.com\/es-cr\/wp-content\/uploads\/sites\/88\/2018\/10\/404-teka.png\",\"contentUrl\":\"https:\/\/www.teka.com\/es-cr\/wp-content\/uploads\/sites\/88\/2018\/10\/404-teka.png\",\"width\":200,\"height\":200,\"caption\":\"Teka Costa Rica\"},\"image\":{\"@id\":\"https:\/\/www.teka.com\/es-cr\/#\/schema\/logo\/image\/\"}}]}<\/script>\n<!-- \/ Yoast SEO plugin. -->","yoast_head_json":{"title":"Teka SteamGourmet I Horno El\u00e9ctrico Especializado para cocinar con vapor | 70 L | 2,500W","description":"Descubre el SteamGourmet Horno El\u00e9ctrico especializado para cocinar a vapor | 70 L con sistema de limpieza HydroClean\u00ae y puerta cool touch con 3 cristales.","robots":{"index":"index","follow":"follow","max-snippet":"max-snippet:-1","max-image-preview":"max-image-preview:large","max-video-preview":"max-video-preview:-1"},"canonical":"https:\/\/www.teka.com\/es-cr\/producto\/steamgourmet-hlb-8550-sc_111200004\/","og_locale":"es_ES","og_type":"article","og_title":"Teka SteamGourmet I Horno El\u00e9ctrico Especializado para cocinar con vapor | 70 L | 2,500W","og_description":"Descubre el SteamGourmet Horno El\u00e9ctrico especializado para cocinar a vapor | 70 L con sistema de limpieza HydroClean\u00ae y puerta cool touch con 3 cristales.","og_url":"https:\/\/www.teka.com\/es-cr\/producto\/steamgourmet-hlb-8550-sc_111200004\/","og_site_name":"Teka Costa Rica","twitter_card":"summary_large_image","twitter_misc":{"Tiempo de lectura":"1 minuto"},"schema":{"@context":"https:\/\/schema.org","@graph":[{"@type":"WebPage","@id":"https:\/\/www.teka.com\/es-cr\/producto\/steamgourmet-hlb-8550-sc_111200004\/","url":"https:\/\/www.teka.com\/es-cr\/producto\/steamgourmet-hlb-8550-sc_111200004\/","name":"Teka SteamGourmet I Horno El\u00e9ctrico Especializado para cocinar con vapor | 70 L | 2,500W","isPartOf":{"@id":"https:\/\/www.teka.com\/es-cr\/#website"},"datePublished":"2026-04-07T20:58:31+00:00","description":"Descubre el SteamGourmet Horno El\u00e9ctrico especializado para cocinar a vapor | 70 L con sistema de limpieza HydroClean\u00ae y puerta cool touch con 3 cristales.","inLanguage":"es","potentialAction":[{"@type":"ReadAction","target":["https:\/\/www.teka.com\/es-cr\/producto\/steamgourmet-hlb-8550-sc_111200004\/"]}]},{"@type":"WebSite","@id":"https:\/\/www.teka.com\/es-cr\/#website","url":"https:\/\/www.teka.com\/es-cr\/","name":"Teka Costa Rica","description":"","publisher":{"@id":"https:\/\/www.teka.com\/es-cr\/#organization"},"potentialAction":[{"@type":"SearchAction","target":{"@type":"EntryPoint","urlTemplate":"https:\/\/www.teka.com\/es-cr\/?s={search_term_string}"},"query-input":{"@type":"PropertyValueSpecification","valueRequired":true,"valueName":"search_term_string"}}],"inLanguage":"es"},{"@type":"Organization","@id":"https:\/\/www.teka.com\/es-cr\/#organization","name":"Teka Costa Rica","url":"https:\/\/www.teka.com\/es-cr\/","logo":{"@type":"ImageObject","inLanguage":"es","@id":"https:\/\/www.teka.com\/es-cr\/#\/schema\/logo\/image\/","url":"https:\/\/www.teka.com\/es-cr\/wp-content\/uploads\/sites\/88\/2018\/10\/404-teka.png","contentUrl":"https:\/\/www.teka.com\/es-cr\/wp-content\/uploads\/sites\/88\/2018\/10\/404-teka.png","width":200,"height":200,"caption":"Teka Costa Rica"},"image":{"@id":"https:\/\/www.teka.com\/es-cr\/#\/schema\/logo\/image\/"}}]}},"_links":{"self":[{"href":"https:\/\/www.teka.com\/es-cr\/wp-json\/wp\/v2\/product\/69243","targetHints":{"allow":["GET"]}}],"collection":[{"href":"https:\/\/www.teka.com\/es-cr\/wp-json\/wp\/v2\/product"}],"about":[{"href":"https:\/\/www.teka.com\/es-cr\/wp-json\/wp\/v2\/types\/product"}],"wp:attachment":[{"href":"https:\/\/www.teka.com\/es-cr\/wp-json\/wp\/v2\/media?parent=69243"}],"wp:term":[{"taxonomy":"product_cat","embeddable":true,"href":"https:\/\/www.teka.com\/es-cr\/wp-json\/wp\/v2\/product_cat?post=69243"},{"taxonomy":"product_cleaning_system","embeddable":true,"href":"https:\/\/www.teka.com\/es-cr\/wp-json\/wp\/v2\/product_cleaning_system?post=69243"},{"taxonomy":"product_3rd_basket","embeddable":true,"href":"https:\/\/www.teka.com\/es-cr\/wp-json\/wp\/v2\/product_3rd_basket?post=69243"},{"taxonomy":"product_drawers","embeddable":true,"href":"https:\/\/www.teka.com\/es-cr\/wp-json\/wp\/v2\/product_drawers?post=69243"},{"taxonomy":"product_type_of_installation","embeddable":true,"href":"https:\/\/www.teka.com\/es-cr\/wp-json\/wp\/v2\/product_type_of_installation?post=69243"},{"taxonomy":"product_edition","embeddable":true,"href":"https:\/\/www.teka.com\/es-cr\/wp-json\/wp\/v2\/product_edition?post=69243"},{"taxonomy":"product_serie","embeddable":true,"href":"https:\/\/www.teka.com\/es-cr\/wp-json\/wp\/v2\/product_serie?post=69243"},{"taxonomy":"product_features","embeddable":true,"href":"https:\/\/www.teka.com\/es-cr\/wp-json\/wp\/v2\/product_features?post=69243"},{"taxonomy":"finishes","embeddable":true,"href":"https:\/\/www.teka.com\/es-cr\/wp-json\/wp\/v2\/finishes?post=69243"},{"taxonomy":"product_bundles","embeddable":true,"href":"https:\/\/www.teka.com\/es-cr\/wp-json\/wp\/v2\/product_bundles?post=69243"},{"taxonomy":"product_energy_efficiency","embeddable":true,"href":"https:\/\/www.teka.com\/es-cr\/wp-json\/wp\/v2\/product_energy_efficiency?post=69243"},{"taxonomy":"product_video_training","embeddable":true,"href":"https:\/\/www.teka.com\/es-cr\/wp-json\/wp\/v2\/product_video_training?post=69243"}],"curies":[{"name":"wp","href":"https:\/\/api.w.org\/{rel}","templated":true}]}}