{"id":21983,"date":"2018-09-11T07:37:22","date_gmt":"2018-09-11T05:37:22","guid":{"rendered":"http:\/\/teka.com\/?page_id=21983"},"modified":"2019-06-12T14:02:55","modified_gmt":"2019-06-12T12:02:55","slug":"noticias","status":"publish","type":"page","link":"https:\/\/www.teka.com\/es-do\/noticias\/","title":{"rendered":"Noticias"},"content":{"rendered":"<p>[et_pb_section bb_built=\u00bb1&#8243; module_id=\u00bbnoticias-top\u00bb _builder_version=\u00bb3.14&#8243; background_image=\u00bbhttps:\/\/www.teka.com\/wp-content\/uploads\/sites\/3\/2018\/09\/inspiracion.jpg\u00bb next_background_color=\u00bb#ffffff\u00bb global_module=\u00bb23608&#8243;][et_pb_row global_parent=\u00bb23608&#8243; _builder_version=\u00bb3.0.47&#8243; background_size=\u00bbinitial\u00bb background_position=\u00bbtop_left\u00bb background_repeat=\u00bbrepeat\u00bb][et_pb_column type=\u00bb1_2&#8243;][et_pb_text admin_label=\u00bbTitle &#038; Subtitle\u00bb global_parent=\u00bb23608&#8243; _builder_version=\u00bb3.14&#8243; background_layout=\u00bbdark\u00bb]<\/p>\n<h1>Noticias<\/h1>\n<p>Aqu\u00ed podr\u00e1s seguir todas las noticias de Teka: notas de prensa, novedades de producto, campa\u00f1as de publicidad y mucho m\u00e1s.<\/p>\n<p>[\/et_pb_text][et_pb_code admin_label=\u00bbSearch bar code %91Not editable%93&#8243; global_parent=\u00bb23608&#8243; disabled_on=\u00bbon|on|on\u00bb disabled=\u00bbon\u00bb]<select id=\"select-noticias\" name=\"select\"><\/select>[\/et_pb_code][\/et_pb_column][et_pb_column type=\u00bb1_2&#8243;][\/et_pb_column][\/et_pb_row][et_pb_row global_parent=\u00bb23608&#8243; _builder_version=\u00bb3.0.47&#8243; background_size=\u00bbinitial\u00bb background_position=\u00bbtop_left\u00bb background_repeat=\u00bbrepeat\u00bb][et_pb_column type=\u00bb4_4&#8243;][et_pb_sidebar global_parent=\u00bb23608&#8243; area=\u00bbet_pb_widget_area_3&#8243; module_id=\u00bbinspiration-menu\u00bb _builder_version=\u00bb3.17.6&#8243;]<\/p>\n<\/p>\n<p>[\/et_pb_sidebar][\/et_pb_column][\/et_pb_row][\/et_pb_section][et_pb_section bb_built=\u00bb1&#8243; _builder_version=\u00bb3.0.47&#8243; prev_background_color=\u00bb#000000&#8243;][et_pb_row _builder_version=\u00bb3.0.48&#8243; background_size=\u00bbinitial\u00bb background_position=\u00bbtop_left\u00bb background_repeat=\u00bbrepeat\u00bb][et_pb_column type=\u00bb4_4&#8243;][et_pb_inspiration admin_label=\u00bbNews archive holder\u00bb posts_number=\u00bb8&#8243; include_categories=\u00bb613&#8243; _builder_version=\u00bb3.14&#8243; header_font_size_tablet=\u00bb51&#8243; header_line_height_tablet=\u00bb2&#8243; body_font_size_tablet=\u00bb51&#8243; body_line_height_tablet=\u00bb2&#8243; meta_font_size_tablet=\u00bb51&#8243; meta_line_height_tablet=\u00bb2&#8243; pagination_font_size_tablet=\u00bb51&#8243; pagination_line_height_tablet=\u00bb2&#8243;]<\/p>\n<p>[\/et_pb_inspiration][\/et_pb_column][\/et_pb_row][\/et_pb_section]<\/p>\n","protected":false},"excerpt":{"rendered":"<p>Noticias Aqu\u00ed podr\u00e1s seguir todas las noticias de Teka: notas de prensa, novedades de producto, campa\u00f1as de publicidad y mucho m\u00e1s. [et_pb_inspiration admin_label=\u00bbNews archive holder\u00bb posts_number=\u00bb8&#8243; include_categories=\u00bb613&#8243; _builder_version=\u00bb3.14&#8243; header_font_size_tablet=\u00bb51&#8243; header_line_height_tablet=\u00bb2&#8243; body_font_size_tablet=\u00bb51&#8243; body_line_height_tablet=\u00bb2&#8243; meta_font_size_tablet=\u00bb51&#8243; meta_line_height_tablet=\u00bb2&#8243; pagination_font_size_tablet=\u00bb51&#8243; pagination_line_height_tablet=\u00bb2&#8243;] [\/et_pb_inspiration]<\/p>\n","protected":false},"author":9,"featured_media":0,"parent":0,"menu_order":0,"comment_status":"closed","ping_status":"closed","template":"","meta":{"_acf_changed":false,"_et_pb_use_builder":"on","_et_pb_old_content":"","_et_gb_content_width":"","footnotes":""},"class_list":["post-21983","page","type-page","status-publish","hentry"],"acf":[],"yoast_head":"<!-- This site is optimized with the Yoast SEO plugin v27.2 - https:\/\/yoast.com\/product\/yoast-seo-wordpress\/ -->\n<title>Noticias | Teka Rep\u00fablica Dominicana<\/title>\n<meta name=\"robots\" content=\"index, follow, max-snippet:-1, max-image-preview:large, max-video-preview:-1\" \/>\n<link rel=\"canonical\" href=\"https:\/\/www.teka.com\/es-do\/noticias\/\" \/>\n<meta property=\"og:locale\" content=\"es_ES\" \/>\n<meta property=\"og:type\" content=\"article\" \/>\n<meta property=\"og:title\" content=\"Noticias | Teka Rep\u00fablica Dominicana\" \/>\n<meta property=\"og:description\" content=\"Noticias Aqu\u00ed podr\u00e1s seguir todas las noticias de Teka: notas de prensa, novedades de producto, campa\u00f1as de publicidad y mucho m\u00e1s. [et_pb_inspiration admin_label=&quot;News archive holder&quot; posts_number=&quot;8&quot; include_categories=&quot;613&quot; _builder_version=&quot;3.14&quot; header_font_size_tablet=&quot;51&quot; header_line_height_tablet=&quot;2&quot; body_font_size_tablet=&quot;51&quot; body_line_height_tablet=&quot;2&quot; meta_font_size_tablet=&quot;51&quot; meta_line_height_tablet=&quot;2&quot; pagination_font_size_tablet=&quot;51&quot; pagination_line_height_tablet=&quot;2&quot;] [\/et_pb_inspiration]\" \/>\n<meta property=\"og:url\" content=\"https:\/\/www.teka.com\/es-do\/noticias\/\" \/>\n<meta property=\"og:site_name\" content=\"Teka Rep\u00fablica Dominicana\" \/>\n<meta property=\"article:modified_time\" content=\"2019-06-12T12:02:55+00:00\" \/>\n<meta name=\"twitter:card\" content=\"summary_large_image\" \/>\n<meta name=\"twitter:label1\" content=\"Tiempo de lectura\" \/>\n\t<meta name=\"twitter:data1\" content=\"1 minuto\" \/>\n<script type=\"application\/ld+json\" class=\"yoast-schema-graph\">{\"@context\":\"https:\/\/schema.org\",\"@graph\":[{\"@type\":\"WebPage\",\"@id\":\"https:\/\/www.teka.com\/es-do\/noticias\/\",\"url\":\"https:\/\/www.teka.com\/es-do\/noticias\/\",\"name\":\"Noticias | Teka Rep\u00fablica Dominicana\",\"isPartOf\":{\"@id\":\"https:\/\/www.teka.com\/es-do\/#website\"},\"datePublished\":\"2018-09-11T05:37:22+00:00\",\"dateModified\":\"2019-06-12T12:02:55+00:00\",\"inLanguage\":\"es\",\"potentialAction\":[{\"@type\":\"ReadAction\",\"target\":[\"https:\/\/www.teka.com\/es-do\/noticias\/\"]}]},{\"@type\":\"WebSite\",\"@id\":\"https:\/\/www.teka.com\/es-do\/#website\",\"url\":\"https:\/\/www.teka.com\/es-do\/\",\"name\":\"Teka Rep\u00fablica Dominicana\",\"description\":\"\",\"publisher\":{\"@id\":\"https:\/\/www.teka.com\/es-do\/#organization\"},\"potentialAction\":[{\"@type\":\"SearchAction\",\"target\":{\"@type\":\"EntryPoint\",\"urlTemplate\":\"https:\/\/www.teka.com\/es-do\/?s={search_term_string}\"},\"query-input\":{\"@type\":\"PropertyValueSpecification\",\"valueRequired\":true,\"valueName\":\"search_term_string\"}}],\"inLanguage\":\"es\"},{\"@type\":\"Organization\",\"@id\":\"https:\/\/www.teka.com\/es-do\/#organization\",\"name\":\"Teka Rep\u00fablica Dominicana\",\"url\":\"https:\/\/www.teka.com\/es-do\/\",\"logo\":{\"@type\":\"ImageObject\",\"inLanguage\":\"es\",\"@id\":\"https:\/\/www.teka.com\/es-do\/#\/schema\/logo\/image\/\",\"url\":\"https:\/\/www.teka.com\/es-do\/wp-content\/uploads\/sites\/95\/2018\/10\/404-teka.png\",\"contentUrl\":\"https:\/\/www.teka.com\/es-do\/wp-content\/uploads\/sites\/95\/2018\/10\/404-teka.png\",\"width\":200,\"height\":200,\"caption\":\"Teka Rep\u00fablica Dominicana\"},\"image\":{\"@id\":\"https:\/\/www.teka.com\/es-do\/#\/schema\/logo\/image\/\"}}]}<\/script>\n<!-- \/ Yoast SEO plugin. -->","yoast_head_json":{"title":"Noticias | Teka Rep\u00fablica Dominicana","robots":{"index":"index","follow":"follow","max-snippet":"max-snippet:-1","max-image-preview":"max-image-preview:large","max-video-preview":"max-video-preview:-1"},"canonical":"https:\/\/www.teka.com\/es-do\/noticias\/","og_locale":"es_ES","og_type":"article","og_title":"Noticias | Teka Rep\u00fablica Dominicana","og_description":"Noticias Aqu\u00ed podr\u00e1s seguir todas las noticias de Teka: notas de prensa, novedades de producto, campa\u00f1as de publicidad y mucho m\u00e1s. [et_pb_inspiration admin_label=\"News archive holder\" posts_number=\"8\" include_categories=\"613\" _builder_version=\"3.14\" header_font_size_tablet=\"51\" header_line_height_tablet=\"2\" body_font_size_tablet=\"51\" body_line_height_tablet=\"2\" meta_font_size_tablet=\"51\" meta_line_height_tablet=\"2\" pagination_font_size_tablet=\"51\" pagination_line_height_tablet=\"2\"] [\/et_pb_inspiration]","og_url":"https:\/\/www.teka.com\/es-do\/noticias\/","og_site_name":"Teka Rep\u00fablica Dominicana","article_modified_time":"2019-06-12T12:02:55+00:00","twitter_card":"summary_large_image","twitter_misc":{"Tiempo de lectura":"1 minuto"},"schema":{"@context":"https:\/\/schema.org","@graph":[{"@type":"WebPage","@id":"https:\/\/www.teka.com\/es-do\/noticias\/","url":"https:\/\/www.teka.com\/es-do\/noticias\/","name":"Noticias | Teka Rep\u00fablica Dominicana","isPartOf":{"@id":"https:\/\/www.teka.com\/es-do\/#website"},"datePublished":"2018-09-11T05:37:22+00:00","dateModified":"2019-06-12T12:02:55+00:00","inLanguage":"es","potentialAction":[{"@type":"ReadAction","target":["https:\/\/www.teka.com\/es-do\/noticias\/"]}]},{"@type":"WebSite","@id":"https:\/\/www.teka.com\/es-do\/#website","url":"https:\/\/www.teka.com\/es-do\/","name":"Teka Rep\u00fablica Dominicana","description":"","publisher":{"@id":"https:\/\/www.teka.com\/es-do\/#organization"},"potentialAction":[{"@type":"SearchAction","target":{"@type":"EntryPoint","urlTemplate":"https:\/\/www.teka.com\/es-do\/?s={search_term_string}"},"query-input":{"@type":"PropertyValueSpecification","valueRequired":true,"valueName":"search_term_string"}}],"inLanguage":"es"},{"@type":"Organization","@id":"https:\/\/www.teka.com\/es-do\/#organization","name":"Teka Rep\u00fablica Dominicana","url":"https:\/\/www.teka.com\/es-do\/","logo":{"@type":"ImageObject","inLanguage":"es","@id":"https:\/\/www.teka.com\/es-do\/#\/schema\/logo\/image\/","url":"https:\/\/www.teka.com\/es-do\/wp-content\/uploads\/sites\/95\/2018\/10\/404-teka.png","contentUrl":"https:\/\/www.teka.com\/es-do\/wp-content\/uploads\/sites\/95\/2018\/10\/404-teka.png","width":200,"height":200,"caption":"Teka Rep\u00fablica Dominicana"},"image":{"@id":"https:\/\/www.teka.com\/es-do\/#\/schema\/logo\/image\/"}}]}},"_links":{"self":[{"href":"https:\/\/www.teka.com\/es-do\/wp-json\/wp\/v2\/pages\/21983","targetHints":{"allow":["GET"]}}],"collection":[{"href":"https:\/\/www.teka.com\/es-do\/wp-json\/wp\/v2\/pages"}],"about":[{"href":"https:\/\/www.teka.com\/es-do\/wp-json\/wp\/v2\/types\/page"}],"author":[{"embeddable":true,"href":"https:\/\/www.teka.com\/es-do\/wp-json\/wp\/v2\/users\/9"}],"replies":[{"embeddable":true,"href":"https:\/\/www.teka.com\/es-do\/wp-json\/wp\/v2\/comments?post=21983"}],"version-history":[{"count":20,"href":"https:\/\/www.teka.com\/es-do\/wp-json\/wp\/v2\/pages\/21983\/revisions"}],"predecessor-version":[{"id":66084,"href":"https:\/\/www.teka.com\/es-do\/wp-json\/wp\/v2\/pages\/21983\/revisions\/66084"}],"wp:attachment":[{"href":"https:\/\/www.teka.com\/es-do\/wp-json\/wp\/v2\/media?parent=21983"}],"curies":[{"name":"wp","href":"https:\/\/api.w.org\/{rel}","templated":true}]}}