{"id":68226,"date":"2026-04-08T23:34:55","date_gmt":"2026-04-08T23:34:55","guid":{"rendered":"https:\/\/www.teka.com\/es-do\/producto\/bahia-1c-plus_12127001\/"},"modified":"2026-04-08T08:11:12","modified_gmt":"2026-04-08T09:11:12","slug":"bahia-1c-plus_12127001","status":"publish","type":"product","link":"https:\/\/www.teka.com\/es-do\/producto\/bahia-1c-plus_12127001\/","title":{"rendered":"BAH\u00cdA 1C PLUS"},"content":{"rendered":"<ul>\n<li>Fregadero de una cubeta<\/li>\n<li>Acero inoxidable 18\/10<\/li>\n<li>Desag\u00fce autom\u00e1tico con v\u00e1lvula canasta 3 \u00bd\u201d<\/li>\n<li>Chapa de gran espesor<\/li>\n<li>Accesorios incluidos: tabla de trabajo de madera, cesta acero inoxidable y dispensador de jab\u00f3n<\/li>\n<\/ul>\n","protected":false},"featured_media":0,"parent":0,"template":"","product_cat":[58612],"product_cleaning_system":[],"product_3rd_basket":[],"product_drawers":[],"product_type_of_installation":[58547],"product_edition":[],"product_serie":[],"product_features":[],"finishes":[],"product_bundles":[],"product_energy_efficiency":[],"product_video_training":[],"class_list":["post-68226","product","type-product","status-publish","hentry","product_cat-fregaderos","usp-sinks-02","usp-sinks-installation-06","color-inox","product_type_of_appliance-acero-inoxidable","product_icons-lifetime-warranty","product_icons-hygiene","product_type_of_installation-empotre"],"acf":[],"yoast_head":"<!-- This site is optimized with the Yoast SEO plugin v27.2 - https:\/\/yoast.com\/product\/yoast-seo-wordpress\/ -->\n<title>Fregadero encastrado 1 cubeta acero inoxidable Bahia 1C Plus | Teka Mexico<\/title>\n<meta name=\"robots\" content=\"index, follow, max-snippet:-1, max-image-preview:large, max-video-preview:-1\" \/>\n<link rel=\"canonical\" href=\"https:\/\/www.teka.com\/es-do\/producto\/bahia-1c-plus_12127001\/\" \/>\n<meta property=\"og:locale\" content=\"es_ES\" \/>\n<meta property=\"og:type\" content=\"article\" \/>\n<meta property=\"og:title\" content=\"Fregadero encastrado 1 cubeta acero inoxidable Bahia 1C Plus | Teka Mexico\" \/>\n<meta property=\"og:description\" content=\"Fregadero de una cubeta Acero inoxidable 18\/10 Desag\u00fce autom\u00e1tico con v\u00e1lvula canasta 3 \u00bd\u201d Chapa de gran espesor Accesorios incluidos: tabla de trabajo de madera, cesta acero inoxidable y dispensador de jab\u00f3n\" \/>\n<meta property=\"og:url\" content=\"https:\/\/www.teka.com\/es-do\/producto\/bahia-1c-plus_12127001\/\" \/>\n<meta property=\"og:site_name\" content=\"Teka Rep\u00fablica Dominicana\" \/>\n<meta name=\"twitter:card\" content=\"summary_large_image\" \/>\n<script type=\"application\/ld+json\" class=\"yoast-schema-graph\">{\"@context\":\"https:\/\/schema.org\",\"@graph\":[{\"@type\":\"WebPage\",\"@id\":\"https:\/\/www.teka.com\/es-do\/producto\/bahia-1c-plus_12127001\/\",\"url\":\"https:\/\/www.teka.com\/es-do\/producto\/bahia-1c-plus_12127001\/\",\"name\":\"Fregadero encastrado 1 cubeta acero inoxidable Bahia 1C Plus | Teka Mexico\",\"isPartOf\":{\"@id\":\"https:\/\/www.teka.com\/es-do\/#website\"},\"datePublished\":\"2026-04-08T23:34:55+00:00\",\"inLanguage\":\"es\",\"potentialAction\":[{\"@type\":\"ReadAction\",\"target\":[\"https:\/\/www.teka.com\/es-do\/producto\/bahia-1c-plus_12127001\/\"]}]},{\"@type\":\"WebSite\",\"@id\":\"https:\/\/www.teka.com\/es-do\/#website\",\"url\":\"https:\/\/www.teka.com\/es-do\/\",\"name\":\"Teka Rep\u00fablica Dominicana\",\"description\":\"\",\"publisher\":{\"@id\":\"https:\/\/www.teka.com\/es-do\/#organization\"},\"potentialAction\":[{\"@type\":\"SearchAction\",\"target\":{\"@type\":\"EntryPoint\",\"urlTemplate\":\"https:\/\/www.teka.com\/es-do\/?s={search_term_string}\"},\"query-input\":{\"@type\":\"PropertyValueSpecification\",\"valueRequired\":true,\"valueName\":\"search_term_string\"}}],\"inLanguage\":\"es\"},{\"@type\":\"Organization\",\"@id\":\"https:\/\/www.teka.com\/es-do\/#organization\",\"name\":\"Teka Rep\u00fablica Dominicana\",\"url\":\"https:\/\/www.teka.com\/es-do\/\",\"logo\":{\"@type\":\"ImageObject\",\"inLanguage\":\"es\",\"@id\":\"https:\/\/www.teka.com\/es-do\/#\/schema\/logo\/image\/\",\"url\":\"https:\/\/www.teka.com\/es-do\/wp-content\/uploads\/sites\/95\/2018\/10\/404-teka.png\",\"contentUrl\":\"https:\/\/www.teka.com\/es-do\/wp-content\/uploads\/sites\/95\/2018\/10\/404-teka.png\",\"width\":200,\"height\":200,\"caption\":\"Teka Rep\u00fablica Dominicana\"},\"image\":{\"@id\":\"https:\/\/www.teka.com\/es-do\/#\/schema\/logo\/image\/\"}}]}<\/script>\n<!-- \/ Yoast SEO plugin. -->","yoast_head_json":{"title":"Fregadero encastrado 1 cubeta acero inoxidable Bahia 1C Plus | Teka Mexico","robots":{"index":"index","follow":"follow","max-snippet":"max-snippet:-1","max-image-preview":"max-image-preview:large","max-video-preview":"max-video-preview:-1"},"canonical":"https:\/\/www.teka.com\/es-do\/producto\/bahia-1c-plus_12127001\/","og_locale":"es_ES","og_type":"article","og_title":"Fregadero encastrado 1 cubeta acero inoxidable Bahia 1C Plus | Teka Mexico","og_description":"Fregadero de una cubeta Acero inoxidable 18\/10 Desag\u00fce autom\u00e1tico con v\u00e1lvula canasta 3 \u00bd\u201d Chapa de gran espesor Accesorios incluidos: tabla de trabajo de madera, cesta acero inoxidable y dispensador de jab\u00f3n","og_url":"https:\/\/www.teka.com\/es-do\/producto\/bahia-1c-plus_12127001\/","og_site_name":"Teka Rep\u00fablica Dominicana","twitter_card":"summary_large_image","schema":{"@context":"https:\/\/schema.org","@graph":[{"@type":"WebPage","@id":"https:\/\/www.teka.com\/es-do\/producto\/bahia-1c-plus_12127001\/","url":"https:\/\/www.teka.com\/es-do\/producto\/bahia-1c-plus_12127001\/","name":"Fregadero encastrado 1 cubeta acero inoxidable Bahia 1C Plus | Teka Mexico","isPartOf":{"@id":"https:\/\/www.teka.com\/es-do\/#website"},"datePublished":"2026-04-08T23:34:55+00:00","inLanguage":"es","potentialAction":[{"@type":"ReadAction","target":["https:\/\/www.teka.com\/es-do\/producto\/bahia-1c-plus_12127001\/"]}]},{"@type":"WebSite","@id":"https:\/\/www.teka.com\/es-do\/#website","url":"https:\/\/www.teka.com\/es-do\/","name":"Teka Rep\u00fablica Dominicana","description":"","publisher":{"@id":"https:\/\/www.teka.com\/es-do\/#organization"},"potentialAction":[{"@type":"SearchAction","target":{"@type":"EntryPoint","urlTemplate":"https:\/\/www.teka.com\/es-do\/?s={search_term_string}"},"query-input":{"@type":"PropertyValueSpecification","valueRequired":true,"valueName":"search_term_string"}}],"inLanguage":"es"},{"@type":"Organization","@id":"https:\/\/www.teka.com\/es-do\/#organization","name":"Teka Rep\u00fablica Dominicana","url":"https:\/\/www.teka.com\/es-do\/","logo":{"@type":"ImageObject","inLanguage":"es","@id":"https:\/\/www.teka.com\/es-do\/#\/schema\/logo\/image\/","url":"https:\/\/www.teka.com\/es-do\/wp-content\/uploads\/sites\/95\/2018\/10\/404-teka.png","contentUrl":"https:\/\/www.teka.com\/es-do\/wp-content\/uploads\/sites\/95\/2018\/10\/404-teka.png","width":200,"height":200,"caption":"Teka Rep\u00fablica Dominicana"},"image":{"@id":"https:\/\/www.teka.com\/es-do\/#\/schema\/logo\/image\/"}}]}},"_links":{"self":[{"href":"https:\/\/www.teka.com\/es-do\/wp-json\/wp\/v2\/product\/68226","targetHints":{"allow":["GET"]}}],"collection":[{"href":"https:\/\/www.teka.com\/es-do\/wp-json\/wp\/v2\/product"}],"about":[{"href":"https:\/\/www.teka.com\/es-do\/wp-json\/wp\/v2\/types\/product"}],"wp:attachment":[{"href":"https:\/\/www.teka.com\/es-do\/wp-json\/wp\/v2\/media?parent=68226"}],"wp:term":[{"taxonomy":"product_cat","embeddable":true,"href":"https:\/\/www.teka.com\/es-do\/wp-json\/wp\/v2\/product_cat?post=68226"},{"taxonomy":"product_cleaning_system","embeddable":true,"href":"https:\/\/www.teka.com\/es-do\/wp-json\/wp\/v2\/product_cleaning_system?post=68226"},{"taxonomy":"product_3rd_basket","embeddable":true,"href":"https:\/\/www.teka.com\/es-do\/wp-json\/wp\/v2\/product_3rd_basket?post=68226"},{"taxonomy":"product_drawers","embeddable":true,"href":"https:\/\/www.teka.com\/es-do\/wp-json\/wp\/v2\/product_drawers?post=68226"},{"taxonomy":"product_type_of_installation","embeddable":true,"href":"https:\/\/www.teka.com\/es-do\/wp-json\/wp\/v2\/product_type_of_installation?post=68226"},{"taxonomy":"product_edition","embeddable":true,"href":"https:\/\/www.teka.com\/es-do\/wp-json\/wp\/v2\/product_edition?post=68226"},{"taxonomy":"product_serie","embeddable":true,"href":"https:\/\/www.teka.com\/es-do\/wp-json\/wp\/v2\/product_serie?post=68226"},{"taxonomy":"product_features","embeddable":true,"href":"https:\/\/www.teka.com\/es-do\/wp-json\/wp\/v2\/product_features?post=68226"},{"taxonomy":"finishes","embeddable":true,"href":"https:\/\/www.teka.com\/es-do\/wp-json\/wp\/v2\/finishes?post=68226"},{"taxonomy":"product_bundles","embeddable":true,"href":"https:\/\/www.teka.com\/es-do\/wp-json\/wp\/v2\/product_bundles?post=68226"},{"taxonomy":"product_energy_efficiency","embeddable":true,"href":"https:\/\/www.teka.com\/es-do\/wp-json\/wp\/v2\/product_energy_efficiency?post=68226"},{"taxonomy":"product_video_training","embeddable":true,"href":"https:\/\/www.teka.com\/es-do\/wp-json\/wp\/v2\/product_video_training?post=68226"}],"curies":[{"name":"wp","href":"https:\/\/api.w.org\/{rel}","templated":true}]}}