{"id":68796,"date":"2026-04-25T09:36:51","date_gmt":"2026-04-25T09:36:51","guid":{"rendered":"https:\/\/teka.com\/es-mx\/dfs-76850_114260015"},"modified":"2026-03-14T07:28:50","modified_gmt":"2026-03-14T08:28:50","slug":"dfs-76850_114260015","status":"publish","type":"product","link":"https:\/\/www.teka.com\/es-do\/producto\/dfs-76850_114260015\/","title":{"rendered":"DFS 76850"},"content":{"rendered":"<ul>\n<li>Ideal para quienes buscan ahorrar tiempo, agua y energ\u00eda, manteniendo una limpieza eficiente y constante incluso con cargas grandes de vajilla.<\/li>\n<li>Panel de mandos en acero inoxidable antihuella (control resistente y moderno que mantiene una apariencia limpia y profesional).<\/li>\n<li>Tecnolog\u00eda IONCLEAN que utiliza iones para eliminar bacterias y residuos, dejando la vajilla m\u00e1s limpia, higi\u00e9nica y con mejor brillo, incluso en ciclos de bajo consumo.<\/li>\n<li>8 programas de lavado y 5 temperaturas de lavado (40\u00ba\u201365\u00ba) que se ajusta seg\u00fan el nivel de limpieza y tipo de utensilios.<\/li>\n<li>Funci\u00f3n AlternativeWash, Extra Dry, Express y Power Wash de acuerdo a la necesidad de lavado que requieras.<\/li>\n<li>Funci\u00f3n de apertura de puerta autom\u00e1tico al termino de cada lavado.<\/li>\n<li>Sistema de seguridad AQUASTOP \/ AQUASAFE que previene fugas de agua y protege tu hogar ante posibles derrames.<\/li>\n<li>Sensor de agua sucia AQUALOGIC que detecta el nivel de suciedad y ajusta el lavado autom\u00e1ticamente.<\/li>\n<li>Filtro antibacterial que reduce bacterias y garantiza una higiene superior en cada lavado.<\/li>\n<li>Bloqueo autom\u00e1tico de seguridad para ni\u00f1os que aumenta la seguridad en el hogar.<\/li>\n<li>Clasificaci\u00f3n energ\u00e9tica: A+++ m\u00e1xima eficiencia energ\u00e9tica con menor consumo el\u00e9ctrico.<\/li>\n<\/ul>\n","protected":false},"featured_media":0,"parent":0,"template":"","product_cat":[58601],"product_cleaning_system":[],"product_3rd_basket":[58687],"product_drawers":[],"product_type_of_installation":[58551],"product_edition":[],"product_serie":[],"product_features":[],"finishes":[],"product_bundles":[],"product_energy_efficiency":[],"product_video_training":[],"class_list":["post-68796","product","type-product","status-publish","hentry","product_cat-lavavajillas","usp-dishwashers-09","usp-dishwashers-11","usp-dishwashers-15","usp-dishwashers-16","usp-dishwashers-20","usp-dishwashers-21","usp-productoftheyear-02","usp-award-06","color-inox","product_type_of_appliance-libre-instalacion","product_icons-eco-function","product_icons-third-cutlery-tray","product_icons-extra-dry-function","product_icons-ionclean","product_icons-premium-dry","product_icons-smart-sensor","product_3rd_basket-tercera-bandeja","product_type_of_installation-libre-instalacion"],"acf":[],"yoast_head":"<!-- This site is optimized with the Yoast SEO plugin v27.2 - https:\/\/yoast.com\/product\/yoast-seo-wordpress\/ -->\n<title>Teka Lavavajillas de Libre instalaci\u00f3n de Acero Inoxidable para 14 Servicios<\/title>\n<meta name=\"description\" content=\"Descubre la Lavavajillas de Libre instalaci\u00f3n de Acero Inoxidable para 14 Servicios con 8 programas de lavado, sensor de suciedad y bloqueo para ni\u00f1os.\" \/>\n<meta name=\"robots\" content=\"index, follow, max-snippet:-1, max-image-preview:large, max-video-preview:-1\" \/>\n<link rel=\"canonical\" href=\"https:\/\/www.teka.com\/es-do\/producto\/dfs-76850_114260015\/\" \/>\n<meta property=\"og:locale\" content=\"es_ES\" \/>\n<meta property=\"og:type\" content=\"article\" \/>\n<meta property=\"og:title\" content=\"Teka Lavavajillas de Libre instalaci\u00f3n de Acero Inoxidable para 14 Servicios\" \/>\n<meta property=\"og:description\" content=\"Descubre la Lavavajillas de Libre instalaci\u00f3n de Acero Inoxidable para 14 Servicios con 8 programas de lavado, sensor de suciedad y bloqueo para ni\u00f1os.\" \/>\n<meta property=\"og:url\" content=\"https:\/\/www.teka.com\/es-do\/producto\/dfs-76850_114260015\/\" \/>\n<meta property=\"og:site_name\" content=\"Teka Rep\u00fablica Dominicana\" \/>\n<meta name=\"twitter:card\" content=\"summary_large_image\" \/>\n<meta name=\"twitter:label1\" content=\"Tiempo de lectura\" \/>\n\t<meta name=\"twitter:data1\" content=\"1 minuto\" \/>\n<script type=\"application\/ld+json\" class=\"yoast-schema-graph\">{\"@context\":\"https:\/\/schema.org\",\"@graph\":[{\"@type\":\"WebPage\",\"@id\":\"https:\/\/www.teka.com\/es-do\/producto\/dfs-76850_114260015\/\",\"url\":\"https:\/\/www.teka.com\/es-do\/producto\/dfs-76850_114260015\/\",\"name\":\"Teka Lavavajillas de Libre instalaci\u00f3n de Acero Inoxidable para 14 Servicios\",\"isPartOf\":{\"@id\":\"https:\/\/www.teka.com\/es-do\/#website\"},\"datePublished\":\"2026-04-25T09:36:51+00:00\",\"description\":\"Descubre la Lavavajillas de Libre instalaci\u00f3n de Acero Inoxidable para 14 Servicios con 8 programas de lavado, sensor de suciedad y bloqueo para ni\u00f1os.\",\"inLanguage\":\"es\",\"potentialAction\":[{\"@type\":\"ReadAction\",\"target\":[\"https:\/\/www.teka.com\/es-do\/producto\/dfs-76850_114260015\/\"]}]},{\"@type\":\"WebSite\",\"@id\":\"https:\/\/www.teka.com\/es-do\/#website\",\"url\":\"https:\/\/www.teka.com\/es-do\/\",\"name\":\"Teka Rep\u00fablica Dominicana\",\"description\":\"\",\"publisher\":{\"@id\":\"https:\/\/www.teka.com\/es-do\/#organization\"},\"potentialAction\":[{\"@type\":\"SearchAction\",\"target\":{\"@type\":\"EntryPoint\",\"urlTemplate\":\"https:\/\/www.teka.com\/es-do\/?s={search_term_string}\"},\"query-input\":{\"@type\":\"PropertyValueSpecification\",\"valueRequired\":true,\"valueName\":\"search_term_string\"}}],\"inLanguage\":\"es\"},{\"@type\":\"Organization\",\"@id\":\"https:\/\/www.teka.com\/es-do\/#organization\",\"name\":\"Teka Rep\u00fablica Dominicana\",\"url\":\"https:\/\/www.teka.com\/es-do\/\",\"logo\":{\"@type\":\"ImageObject\",\"inLanguage\":\"es\",\"@id\":\"https:\/\/www.teka.com\/es-do\/#\/schema\/logo\/image\/\",\"url\":\"https:\/\/www.teka.com\/es-do\/wp-content\/uploads\/sites\/95\/2018\/10\/404-teka.png\",\"contentUrl\":\"https:\/\/www.teka.com\/es-do\/wp-content\/uploads\/sites\/95\/2018\/10\/404-teka.png\",\"width\":200,\"height\":200,\"caption\":\"Teka Rep\u00fablica Dominicana\"},\"image\":{\"@id\":\"https:\/\/www.teka.com\/es-do\/#\/schema\/logo\/image\/\"}}]}<\/script>\n<!-- \/ Yoast SEO plugin. -->","yoast_head_json":{"title":"Teka Lavavajillas de Libre instalaci\u00f3n de Acero Inoxidable para 14 Servicios","description":"Descubre la Lavavajillas de Libre instalaci\u00f3n de Acero Inoxidable para 14 Servicios con 8 programas de lavado, sensor de suciedad y bloqueo para ni\u00f1os.","robots":{"index":"index","follow":"follow","max-snippet":"max-snippet:-1","max-image-preview":"max-image-preview:large","max-video-preview":"max-video-preview:-1"},"canonical":"https:\/\/www.teka.com\/es-do\/producto\/dfs-76850_114260015\/","og_locale":"es_ES","og_type":"article","og_title":"Teka Lavavajillas de Libre instalaci\u00f3n de Acero Inoxidable para 14 Servicios","og_description":"Descubre la Lavavajillas de Libre instalaci\u00f3n de Acero Inoxidable para 14 Servicios con 8 programas de lavado, sensor de suciedad y bloqueo para ni\u00f1os.","og_url":"https:\/\/www.teka.com\/es-do\/producto\/dfs-76850_114260015\/","og_site_name":"Teka Rep\u00fablica Dominicana","twitter_card":"summary_large_image","twitter_misc":{"Tiempo de lectura":"1 minuto"},"schema":{"@context":"https:\/\/schema.org","@graph":[{"@type":"WebPage","@id":"https:\/\/www.teka.com\/es-do\/producto\/dfs-76850_114260015\/","url":"https:\/\/www.teka.com\/es-do\/producto\/dfs-76850_114260015\/","name":"Teka Lavavajillas de Libre instalaci\u00f3n de Acero Inoxidable para 14 Servicios","isPartOf":{"@id":"https:\/\/www.teka.com\/es-do\/#website"},"datePublished":"2026-04-25T09:36:51+00:00","description":"Descubre la Lavavajillas de Libre instalaci\u00f3n de Acero Inoxidable para 14 Servicios con 8 programas de lavado, sensor de suciedad y bloqueo para ni\u00f1os.","inLanguage":"es","potentialAction":[{"@type":"ReadAction","target":["https:\/\/www.teka.com\/es-do\/producto\/dfs-76850_114260015\/"]}]},{"@type":"WebSite","@id":"https:\/\/www.teka.com\/es-do\/#website","url":"https:\/\/www.teka.com\/es-do\/","name":"Teka Rep\u00fablica Dominicana","description":"","publisher":{"@id":"https:\/\/www.teka.com\/es-do\/#organization"},"potentialAction":[{"@type":"SearchAction","target":{"@type":"EntryPoint","urlTemplate":"https:\/\/www.teka.com\/es-do\/?s={search_term_string}"},"query-input":{"@type":"PropertyValueSpecification","valueRequired":true,"valueName":"search_term_string"}}],"inLanguage":"es"},{"@type":"Organization","@id":"https:\/\/www.teka.com\/es-do\/#organization","name":"Teka Rep\u00fablica Dominicana","url":"https:\/\/www.teka.com\/es-do\/","logo":{"@type":"ImageObject","inLanguage":"es","@id":"https:\/\/www.teka.com\/es-do\/#\/schema\/logo\/image\/","url":"https:\/\/www.teka.com\/es-do\/wp-content\/uploads\/sites\/95\/2018\/10\/404-teka.png","contentUrl":"https:\/\/www.teka.com\/es-do\/wp-content\/uploads\/sites\/95\/2018\/10\/404-teka.png","width":200,"height":200,"caption":"Teka Rep\u00fablica Dominicana"},"image":{"@id":"https:\/\/www.teka.com\/es-do\/#\/schema\/logo\/image\/"}}]}},"_links":{"self":[{"href":"https:\/\/www.teka.com\/es-do\/wp-json\/wp\/v2\/product\/68796","targetHints":{"allow":["GET"]}}],"collection":[{"href":"https:\/\/www.teka.com\/es-do\/wp-json\/wp\/v2\/product"}],"about":[{"href":"https:\/\/www.teka.com\/es-do\/wp-json\/wp\/v2\/types\/product"}],"wp:attachment":[{"href":"https:\/\/www.teka.com\/es-do\/wp-json\/wp\/v2\/media?parent=68796"}],"wp:term":[{"taxonomy":"product_cat","embeddable":true,"href":"https:\/\/www.teka.com\/es-do\/wp-json\/wp\/v2\/product_cat?post=68796"},{"taxonomy":"product_cleaning_system","embeddable":true,"href":"https:\/\/www.teka.com\/es-do\/wp-json\/wp\/v2\/product_cleaning_system?post=68796"},{"taxonomy":"product_3rd_basket","embeddable":true,"href":"https:\/\/www.teka.com\/es-do\/wp-json\/wp\/v2\/product_3rd_basket?post=68796"},{"taxonomy":"product_drawers","embeddable":true,"href":"https:\/\/www.teka.com\/es-do\/wp-json\/wp\/v2\/product_drawers?post=68796"},{"taxonomy":"product_type_of_installation","embeddable":true,"href":"https:\/\/www.teka.com\/es-do\/wp-json\/wp\/v2\/product_type_of_installation?post=68796"},{"taxonomy":"product_edition","embeddable":true,"href":"https:\/\/www.teka.com\/es-do\/wp-json\/wp\/v2\/product_edition?post=68796"},{"taxonomy":"product_serie","embeddable":true,"href":"https:\/\/www.teka.com\/es-do\/wp-json\/wp\/v2\/product_serie?post=68796"},{"taxonomy":"product_features","embeddable":true,"href":"https:\/\/www.teka.com\/es-do\/wp-json\/wp\/v2\/product_features?post=68796"},{"taxonomy":"finishes","embeddable":true,"href":"https:\/\/www.teka.com\/es-do\/wp-json\/wp\/v2\/finishes?post=68796"},{"taxonomy":"product_bundles","embeddable":true,"href":"https:\/\/www.teka.com\/es-do\/wp-json\/wp\/v2\/product_bundles?post=68796"},{"taxonomy":"product_energy_efficiency","embeddable":true,"href":"https:\/\/www.teka.com\/es-do\/wp-json\/wp\/v2\/product_energy_efficiency?post=68796"},{"taxonomy":"product_video_training","embeddable":true,"href":"https:\/\/www.teka.com\/es-do\/wp-json\/wp\/v2\/product_video_training?post=68796"}],"curies":[{"name":"wp","href":"https:\/\/api.w.org\/{rel}","templated":true}]}}