{"id":68859,"date":"2026-04-26T03:19:16","date_gmt":"2026-04-26T03:19:16","guid":{"rendered":"https:\/\/teka.com\/es-mx\/hlc-84-infinity-g1_111160018"},"modified":"2026-03-14T07:56:06","modified_gmt":"2026-03-14T08:56:06","slug":"hlc-84-infinity-g1_111160018","status":"publish","type":"product","link":"https:\/\/www.teka.com\/es-do\/producto\/hlc-84-infinity-g1_111160018\/","title":{"rendered":"HLC 84 Infinity G1"},"content":{"rendered":"<ul>\n<li>Dise\u00f1ado en Italia por Italdesign Giugiaro. Ideal para quienes buscan funcionalidad, potencia y cocci\u00f3n precisa en un solo equipo, gracias a su combinaci\u00f3n de microondas, grill y aire caliente (convecci\u00f3n).<\/li>\n<li>3 funciones de microondas (microondas, microondas + grill y microondas + convecci\u00f3n).<\/li>\n<li>8 funciones de horno que permiten hornear, gratinar, asar y cocinar en varias alturas con temperatura uniforme.<\/li>\n<li>Sistema de limpieza HydroClean\u00ae (utiliza vapor para eliminar grasa y suciedad de forma f\u00e1cil).<\/li>\n<li>Puerta con 3 cristales para m\u00e1xima seguridad por el blindaje contra fuga de microondas y calor.<\/li>\n<\/ul>\n","protected":false},"featured_media":0,"parent":0,"template":"","product_cat":[58608],"product_cleaning_system":[3162],"product_3rd_basket":[],"product_drawers":[],"product_type_of_installation":[],"product_edition":[],"product_serie":[],"product_features":[],"finishes":[],"product_bundles":[],"product_energy_efficiency":[],"product_video_training":[59332,59336,59342,59356,59515],"class_list":["post-68859","product","type-product","status-publish","hentry","product_cat-hornos","usp-ovens-05","usp-infinityg1-01","usp-infinityg1-02","usp-infinityg1-03","usp-infinityg1-07","usp-infinityg1-08","usp-cookinglovers-13","usp-renewableenergy-01","color-negro-mate","product_type_of_appliance-compactos","product_type_of_appliance-multifuncion","product_type_of_appliance-con-microondas","product_ambient-infinityg1","product_icons-40l","product_icons-hydroclean","product_icons-surroundtemp","product_cleaning_system-hydroclean","product_video_training-trainingovens-01","product_video_training-trainingovens-02","product_video_training-trainingovens-05","product_video_training-trainingovens-12","product_video_training-trainingovens-22"],"acf":[],"yoast_head":"<!-- This site is optimized with the Yoast SEO plugin v27.5 - https:\/\/yoast.com\/product\/yoast-seo-wordpress\/ -->\n<title>Infinity G1 Teka | Microondas + Horno El\u00e9ctrico 45 cm | 40 L | 3400W<\/title>\n<meta name=\"description\" content=\"Descubre el Infinity G1 de Teka: microondas con 8 funciones de horno el\u00e9ctrico de 45 cm con 40 L y sistema HydroClean\u00ae. Potencia, seguridad, rapidez y limpieza f\u00e1cil.\" \/>\n<meta name=\"robots\" content=\"index, follow, max-snippet:-1, max-image-preview:large, max-video-preview:-1\" \/>\n<link rel=\"canonical\" href=\"https:\/\/www.teka.com\/es-do\/producto\/hlc-84-infinity-g1_111160018\/\" \/>\n<meta property=\"og:locale\" content=\"es_ES\" \/>\n<meta property=\"og:type\" content=\"article\" \/>\n<meta property=\"og:title\" content=\"Infinity G1 Teka | Microondas + Horno El\u00e9ctrico 45 cm | 40 L | 3400W\" \/>\n<meta property=\"og:description\" content=\"Descubre el Infinity G1 de Teka: microondas con 8 funciones de horno el\u00e9ctrico de 45 cm con 40 L y sistema HydroClean\u00ae. Potencia, seguridad, rapidez y limpieza f\u00e1cil.\" \/>\n<meta property=\"og:url\" content=\"https:\/\/www.teka.com\/es-do\/producto\/hlc-84-infinity-g1_111160018\/\" \/>\n<meta property=\"og:site_name\" content=\"Teka Rep\u00fablica Dominicana\" \/>\n<meta name=\"twitter:card\" content=\"summary_large_image\" \/>\n<script type=\"application\/ld+json\" class=\"yoast-schema-graph\">{\"@context\":\"https:\\\/\\\/schema.org\",\"@graph\":[{\"@type\":\"WebPage\",\"@id\":\"https:\\\/\\\/www.teka.com\\\/es-do\\\/producto\\\/hlc-84-infinity-g1_111160018\\\/\",\"url\":\"https:\\\/\\\/www.teka.com\\\/es-do\\\/producto\\\/hlc-84-infinity-g1_111160018\\\/\",\"name\":\"Infinity G1 Teka | Microondas + Horno El\u00e9ctrico 45 cm | 40 L | 3400W\",\"isPartOf\":{\"@id\":\"https:\\\/\\\/www.teka.com\\\/es-do\\\/#website\"},\"datePublished\":\"2026-04-26T03:19:16+00:00\",\"description\":\"Descubre el Infinity G1 de Teka: microondas con 8 funciones de horno el\u00e9ctrico de 45 cm con 40 L y sistema HydroClean\u00ae. Potencia, seguridad, rapidez y limpieza f\u00e1cil.\",\"inLanguage\":\"es\",\"potentialAction\":[{\"@type\":\"ReadAction\",\"target\":[\"https:\\\/\\\/www.teka.com\\\/es-do\\\/producto\\\/hlc-84-infinity-g1_111160018\\\/\"]}]},{\"@type\":\"WebSite\",\"@id\":\"https:\\\/\\\/www.teka.com\\\/es-do\\\/#website\",\"url\":\"https:\\\/\\\/www.teka.com\\\/es-do\\\/\",\"name\":\"Teka Rep\u00fablica Dominicana\",\"description\":\"\",\"publisher\":{\"@id\":\"https:\\\/\\\/www.teka.com\\\/es-do\\\/#organization\"},\"potentialAction\":[{\"@type\":\"SearchAction\",\"target\":{\"@type\":\"EntryPoint\",\"urlTemplate\":\"https:\\\/\\\/www.teka.com\\\/es-do\\\/?s={search_term_string}\"},\"query-input\":{\"@type\":\"PropertyValueSpecification\",\"valueRequired\":true,\"valueName\":\"search_term_string\"}}],\"inLanguage\":\"es\"},{\"@type\":\"Organization\",\"@id\":\"https:\\\/\\\/www.teka.com\\\/es-do\\\/#organization\",\"name\":\"Teka Rep\u00fablica Dominicana\",\"url\":\"https:\\\/\\\/www.teka.com\\\/es-do\\\/\",\"logo\":{\"@type\":\"ImageObject\",\"inLanguage\":\"es\",\"@id\":\"https:\\\/\\\/www.teka.com\\\/es-do\\\/#\\\/schema\\\/logo\\\/image\\\/\",\"url\":\"https:\\\/\\\/www.teka.com\\\/es-do\\\/wp-content\\\/uploads\\\/sites\\\/95\\\/2018\\\/10\\\/404-teka.png\",\"contentUrl\":\"https:\\\/\\\/www.teka.com\\\/es-do\\\/wp-content\\\/uploads\\\/sites\\\/95\\\/2018\\\/10\\\/404-teka.png\",\"width\":200,\"height\":200,\"caption\":\"Teka Rep\u00fablica Dominicana\"},\"image\":{\"@id\":\"https:\\\/\\\/www.teka.com\\\/es-do\\\/#\\\/schema\\\/logo\\\/image\\\/\"}}]}<\/script>\n<!-- \/ Yoast SEO plugin. -->","yoast_head_json":{"title":"Infinity G1 Teka | Microondas + Horno El\u00e9ctrico 45 cm | 40 L | 3400W","description":"Descubre el Infinity G1 de Teka: microondas con 8 funciones de horno el\u00e9ctrico de 45 cm con 40 L y sistema HydroClean\u00ae. Potencia, seguridad, rapidez y limpieza f\u00e1cil.","robots":{"index":"index","follow":"follow","max-snippet":"max-snippet:-1","max-image-preview":"max-image-preview:large","max-video-preview":"max-video-preview:-1"},"canonical":"https:\/\/www.teka.com\/es-do\/producto\/hlc-84-infinity-g1_111160018\/","og_locale":"es_ES","og_type":"article","og_title":"Infinity G1 Teka | Microondas + Horno El\u00e9ctrico 45 cm | 40 L | 3400W","og_description":"Descubre el Infinity G1 de Teka: microondas con 8 funciones de horno el\u00e9ctrico de 45 cm con 40 L y sistema HydroClean\u00ae. Potencia, seguridad, rapidez y limpieza f\u00e1cil.","og_url":"https:\/\/www.teka.com\/es-do\/producto\/hlc-84-infinity-g1_111160018\/","og_site_name":"Teka Rep\u00fablica Dominicana","twitter_card":"summary_large_image","schema":{"@context":"https:\/\/schema.org","@graph":[{"@type":"WebPage","@id":"https:\/\/www.teka.com\/es-do\/producto\/hlc-84-infinity-g1_111160018\/","url":"https:\/\/www.teka.com\/es-do\/producto\/hlc-84-infinity-g1_111160018\/","name":"Infinity G1 Teka | Microondas + Horno El\u00e9ctrico 45 cm | 40 L | 3400W","isPartOf":{"@id":"https:\/\/www.teka.com\/es-do\/#website"},"datePublished":"2026-04-26T03:19:16+00:00","description":"Descubre el Infinity G1 de Teka: microondas con 8 funciones de horno el\u00e9ctrico de 45 cm con 40 L y sistema HydroClean\u00ae. Potencia, seguridad, rapidez y limpieza f\u00e1cil.","inLanguage":"es","potentialAction":[{"@type":"ReadAction","target":["https:\/\/www.teka.com\/es-do\/producto\/hlc-84-infinity-g1_111160018\/"]}]},{"@type":"WebSite","@id":"https:\/\/www.teka.com\/es-do\/#website","url":"https:\/\/www.teka.com\/es-do\/","name":"Teka Rep\u00fablica Dominicana","description":"","publisher":{"@id":"https:\/\/www.teka.com\/es-do\/#organization"},"potentialAction":[{"@type":"SearchAction","target":{"@type":"EntryPoint","urlTemplate":"https:\/\/www.teka.com\/es-do\/?s={search_term_string}"},"query-input":{"@type":"PropertyValueSpecification","valueRequired":true,"valueName":"search_term_string"}}],"inLanguage":"es"},{"@type":"Organization","@id":"https:\/\/www.teka.com\/es-do\/#organization","name":"Teka Rep\u00fablica Dominicana","url":"https:\/\/www.teka.com\/es-do\/","logo":{"@type":"ImageObject","inLanguage":"es","@id":"https:\/\/www.teka.com\/es-do\/#\/schema\/logo\/image\/","url":"https:\/\/www.teka.com\/es-do\/wp-content\/uploads\/sites\/95\/2018\/10\/404-teka.png","contentUrl":"https:\/\/www.teka.com\/es-do\/wp-content\/uploads\/sites\/95\/2018\/10\/404-teka.png","width":200,"height":200,"caption":"Teka Rep\u00fablica Dominicana"},"image":{"@id":"https:\/\/www.teka.com\/es-do\/#\/schema\/logo\/image\/"}}]}},"_links":{"self":[{"href":"https:\/\/www.teka.com\/es-do\/wp-json\/wp\/v2\/product\/68859","targetHints":{"allow":["GET"]}}],"collection":[{"href":"https:\/\/www.teka.com\/es-do\/wp-json\/wp\/v2\/product"}],"about":[{"href":"https:\/\/www.teka.com\/es-do\/wp-json\/wp\/v2\/types\/product"}],"wp:attachment":[{"href":"https:\/\/www.teka.com\/es-do\/wp-json\/wp\/v2\/media?parent=68859"}],"wp:term":[{"taxonomy":"product_cat","embeddable":true,"href":"https:\/\/www.teka.com\/es-do\/wp-json\/wp\/v2\/product_cat?post=68859"},{"taxonomy":"product_cleaning_system","embeddable":true,"href":"https:\/\/www.teka.com\/es-do\/wp-json\/wp\/v2\/product_cleaning_system?post=68859"},{"taxonomy":"product_3rd_basket","embeddable":true,"href":"https:\/\/www.teka.com\/es-do\/wp-json\/wp\/v2\/product_3rd_basket?post=68859"},{"taxonomy":"product_drawers","embeddable":true,"href":"https:\/\/www.teka.com\/es-do\/wp-json\/wp\/v2\/product_drawers?post=68859"},{"taxonomy":"product_type_of_installation","embeddable":true,"href":"https:\/\/www.teka.com\/es-do\/wp-json\/wp\/v2\/product_type_of_installation?post=68859"},{"taxonomy":"product_edition","embeddable":true,"href":"https:\/\/www.teka.com\/es-do\/wp-json\/wp\/v2\/product_edition?post=68859"},{"taxonomy":"product_serie","embeddable":true,"href":"https:\/\/www.teka.com\/es-do\/wp-json\/wp\/v2\/product_serie?post=68859"},{"taxonomy":"product_features","embeddable":true,"href":"https:\/\/www.teka.com\/es-do\/wp-json\/wp\/v2\/product_features?post=68859"},{"taxonomy":"finishes","embeddable":true,"href":"https:\/\/www.teka.com\/es-do\/wp-json\/wp\/v2\/finishes?post=68859"},{"taxonomy":"product_bundles","embeddable":true,"href":"https:\/\/www.teka.com\/es-do\/wp-json\/wp\/v2\/product_bundles?post=68859"},{"taxonomy":"product_energy_efficiency","embeddable":true,"href":"https:\/\/www.teka.com\/es-do\/wp-json\/wp\/v2\/product_energy_efficiency?post=68859"},{"taxonomy":"product_video_training","embeddable":true,"href":"https:\/\/www.teka.com\/es-do\/wp-json\/wp\/v2\/product_video_training?post=68859"}],"curies":[{"name":"wp","href":"https:\/\/api.w.org\/{rel}","templated":true}]}}