{"id":68874,"date":"2026-04-26T11:52:15","date_gmt":"2026-04-26T11:52:15","guid":{"rendered":"https:\/\/teka.com\/es-mx\/hsb-635-ss_111010034"},"modified":"2026-03-14T08:25:23","modified_gmt":"2026-03-14T09:25:23","slug":"hsb-635-ss_111010034","status":"publish","type":"product","link":"https:\/\/www.teka.com\/es-do\/producto\/hsb-635-ss_111010034\/","title":{"rendered":"HSB 635 SS"},"content":{"rendered":"<ul>\n<li>Ideal para quienes buscan funcionalidad, potencia y cocci\u00f3n precisa en un solo equipo.<\/li>\n<li>8 funciones de cocinado para que tus alimentos queden cocinados de forma uniforme.<\/li>\n<li>Clase energ\u00e9tica: A+ (Ahorro de hasta un 20% de consumo energ\u00e9tico).<\/li>\n<li>Sistema de limpieza Hydroclean\u00ae Pro (utiliza vapor para eliminar grasa y suciedad de forma f\u00e1cil).<\/li>\n<li>Esmalte interior Crystal Clean\u00ae (material que evita que los alimentos se adhieran a la superficie y se limpie f\u00e1cilmente).<\/li>\n<li>Bloqueo de seguridad para ni\u00f1os que previene accidentes.<\/li>\n<li>Puerta con 2 cristales para m\u00e1xima seguridad por el blindaje contra fuga de calor.<\/li>\n<\/ul>\n","protected":false},"featured_media":0,"parent":0,"template":"","product_cat":[58608],"product_cleaning_system":[3162],"product_3rd_basket":[],"product_drawers":[],"product_type_of_installation":[],"product_edition":[],"product_serie":[],"product_features":[],"finishes":[],"product_bundles":[],"product_energy_efficiency":[59269],"product_video_training":[59332,59336,59342,59356,59515],"class_list":["post-68874","product","type-product","status-publish","hentry","product_cat-hornos","usp-ovens-12","usp-ovens-13","usp-ovens-14","usp-ovens-15","usp-renewableenergy-01","usp-ovens-18","usp-ovens-24","color-inox","product_type_of_appliance-multifuncion","product_icons-70l","product_icons-hydroclean","product_cleaning_system-hydroclean","product_energy_efficiency-a-plus-icon","product_video_training-trainingovens-01","product_video_training-trainingovens-02","product_video_training-trainingovens-05","product_video_training-trainingovens-12","product_video_training-trainingovens-22"],"acf":[],"yoast_head":"<!-- This site is optimized with the Yoast SEO plugin v27.5 - https:\/\/yoast.com\/product\/yoast-seo-wordpress\/ -->\n<title>Horno El\u00e9ctrico Multifunci\u00f3n de 60 cm | 70 L | 3,553 W<\/title>\n<meta name=\"description\" content=\"Descubre el Horno El\u00e9ctrico Multifunci\u00f3n de 60 cm | 70 L con 8 funciones de cocinado y esmalte interior Crystal Clean\u00ae.\" \/>\n<meta name=\"robots\" content=\"index, follow, max-snippet:-1, max-image-preview:large, max-video-preview:-1\" \/>\n<link rel=\"canonical\" href=\"https:\/\/www.teka.com\/es-do\/producto\/hsb-635-ss_111010034\/\" \/>\n<meta property=\"og:locale\" content=\"es_ES\" \/>\n<meta property=\"og:type\" content=\"article\" \/>\n<meta property=\"og:title\" content=\"Horno El\u00e9ctrico Multifunci\u00f3n de 60 cm | 70 L | 3,553 W\" \/>\n<meta property=\"og:description\" content=\"Descubre el Horno El\u00e9ctrico Multifunci\u00f3n de 60 cm | 70 L con 8 funciones de cocinado y esmalte interior Crystal Clean\u00ae.\" \/>\n<meta property=\"og:url\" content=\"https:\/\/www.teka.com\/es-do\/producto\/hsb-635-ss_111010034\/\" \/>\n<meta property=\"og:site_name\" content=\"Teka Rep\u00fablica Dominicana\" \/>\n<meta name=\"twitter:card\" content=\"summary_large_image\" \/>\n<script type=\"application\/ld+json\" class=\"yoast-schema-graph\">{\"@context\":\"https:\\\/\\\/schema.org\",\"@graph\":[{\"@type\":\"WebPage\",\"@id\":\"https:\\\/\\\/www.teka.com\\\/es-do\\\/producto\\\/hsb-635-ss_111010034\\\/\",\"url\":\"https:\\\/\\\/www.teka.com\\\/es-do\\\/producto\\\/hsb-635-ss_111010034\\\/\",\"name\":\"Horno El\u00e9ctrico Multifunci\u00f3n de 60 cm | 70 L | 3,553 W\",\"isPartOf\":{\"@id\":\"https:\\\/\\\/www.teka.com\\\/es-do\\\/#website\"},\"datePublished\":\"2026-04-26T11:52:15+00:00\",\"description\":\"Descubre el Horno El\u00e9ctrico Multifunci\u00f3n de 60 cm | 70 L con 8 funciones de cocinado y esmalte interior Crystal Clean\u00ae.\",\"inLanguage\":\"es\",\"potentialAction\":[{\"@type\":\"ReadAction\",\"target\":[\"https:\\\/\\\/www.teka.com\\\/es-do\\\/producto\\\/hsb-635-ss_111010034\\\/\"]}]},{\"@type\":\"WebSite\",\"@id\":\"https:\\\/\\\/www.teka.com\\\/es-do\\\/#website\",\"url\":\"https:\\\/\\\/www.teka.com\\\/es-do\\\/\",\"name\":\"Teka Rep\u00fablica Dominicana\",\"description\":\"\",\"publisher\":{\"@id\":\"https:\\\/\\\/www.teka.com\\\/es-do\\\/#organization\"},\"potentialAction\":[{\"@type\":\"SearchAction\",\"target\":{\"@type\":\"EntryPoint\",\"urlTemplate\":\"https:\\\/\\\/www.teka.com\\\/es-do\\\/?s={search_term_string}\"},\"query-input\":{\"@type\":\"PropertyValueSpecification\",\"valueRequired\":true,\"valueName\":\"search_term_string\"}}],\"inLanguage\":\"es\"},{\"@type\":\"Organization\",\"@id\":\"https:\\\/\\\/www.teka.com\\\/es-do\\\/#organization\",\"name\":\"Teka Rep\u00fablica Dominicana\",\"url\":\"https:\\\/\\\/www.teka.com\\\/es-do\\\/\",\"logo\":{\"@type\":\"ImageObject\",\"inLanguage\":\"es\",\"@id\":\"https:\\\/\\\/www.teka.com\\\/es-do\\\/#\\\/schema\\\/logo\\\/image\\\/\",\"url\":\"https:\\\/\\\/www.teka.com\\\/es-do\\\/wp-content\\\/uploads\\\/sites\\\/95\\\/2018\\\/10\\\/404-teka.png\",\"contentUrl\":\"https:\\\/\\\/www.teka.com\\\/es-do\\\/wp-content\\\/uploads\\\/sites\\\/95\\\/2018\\\/10\\\/404-teka.png\",\"width\":200,\"height\":200,\"caption\":\"Teka Rep\u00fablica Dominicana\"},\"image\":{\"@id\":\"https:\\\/\\\/www.teka.com\\\/es-do\\\/#\\\/schema\\\/logo\\\/image\\\/\"}}]}<\/script>\n<!-- \/ Yoast SEO plugin. -->","yoast_head_json":{"title":"Horno El\u00e9ctrico Multifunci\u00f3n de 60 cm | 70 L | 3,553 W","description":"Descubre el Horno El\u00e9ctrico Multifunci\u00f3n de 60 cm | 70 L con 8 funciones de cocinado y esmalte interior Crystal Clean\u00ae.","robots":{"index":"index","follow":"follow","max-snippet":"max-snippet:-1","max-image-preview":"max-image-preview:large","max-video-preview":"max-video-preview:-1"},"canonical":"https:\/\/www.teka.com\/es-do\/producto\/hsb-635-ss_111010034\/","og_locale":"es_ES","og_type":"article","og_title":"Horno El\u00e9ctrico Multifunci\u00f3n de 60 cm | 70 L | 3,553 W","og_description":"Descubre el Horno El\u00e9ctrico Multifunci\u00f3n de 60 cm | 70 L con 8 funciones de cocinado y esmalte interior Crystal Clean\u00ae.","og_url":"https:\/\/www.teka.com\/es-do\/producto\/hsb-635-ss_111010034\/","og_site_name":"Teka Rep\u00fablica Dominicana","twitter_card":"summary_large_image","schema":{"@context":"https:\/\/schema.org","@graph":[{"@type":"WebPage","@id":"https:\/\/www.teka.com\/es-do\/producto\/hsb-635-ss_111010034\/","url":"https:\/\/www.teka.com\/es-do\/producto\/hsb-635-ss_111010034\/","name":"Horno El\u00e9ctrico Multifunci\u00f3n de 60 cm | 70 L | 3,553 W","isPartOf":{"@id":"https:\/\/www.teka.com\/es-do\/#website"},"datePublished":"2026-04-26T11:52:15+00:00","description":"Descubre el Horno El\u00e9ctrico Multifunci\u00f3n de 60 cm | 70 L con 8 funciones de cocinado y esmalte interior Crystal Clean\u00ae.","inLanguage":"es","potentialAction":[{"@type":"ReadAction","target":["https:\/\/www.teka.com\/es-do\/producto\/hsb-635-ss_111010034\/"]}]},{"@type":"WebSite","@id":"https:\/\/www.teka.com\/es-do\/#website","url":"https:\/\/www.teka.com\/es-do\/","name":"Teka Rep\u00fablica Dominicana","description":"","publisher":{"@id":"https:\/\/www.teka.com\/es-do\/#organization"},"potentialAction":[{"@type":"SearchAction","target":{"@type":"EntryPoint","urlTemplate":"https:\/\/www.teka.com\/es-do\/?s={search_term_string}"},"query-input":{"@type":"PropertyValueSpecification","valueRequired":true,"valueName":"search_term_string"}}],"inLanguage":"es"},{"@type":"Organization","@id":"https:\/\/www.teka.com\/es-do\/#organization","name":"Teka Rep\u00fablica Dominicana","url":"https:\/\/www.teka.com\/es-do\/","logo":{"@type":"ImageObject","inLanguage":"es","@id":"https:\/\/www.teka.com\/es-do\/#\/schema\/logo\/image\/","url":"https:\/\/www.teka.com\/es-do\/wp-content\/uploads\/sites\/95\/2018\/10\/404-teka.png","contentUrl":"https:\/\/www.teka.com\/es-do\/wp-content\/uploads\/sites\/95\/2018\/10\/404-teka.png","width":200,"height":200,"caption":"Teka Rep\u00fablica Dominicana"},"image":{"@id":"https:\/\/www.teka.com\/es-do\/#\/schema\/logo\/image\/"}}]}},"_links":{"self":[{"href":"https:\/\/www.teka.com\/es-do\/wp-json\/wp\/v2\/product\/68874","targetHints":{"allow":["GET"]}}],"collection":[{"href":"https:\/\/www.teka.com\/es-do\/wp-json\/wp\/v2\/product"}],"about":[{"href":"https:\/\/www.teka.com\/es-do\/wp-json\/wp\/v2\/types\/product"}],"wp:attachment":[{"href":"https:\/\/www.teka.com\/es-do\/wp-json\/wp\/v2\/media?parent=68874"}],"wp:term":[{"taxonomy":"product_cat","embeddable":true,"href":"https:\/\/www.teka.com\/es-do\/wp-json\/wp\/v2\/product_cat?post=68874"},{"taxonomy":"product_cleaning_system","embeddable":true,"href":"https:\/\/www.teka.com\/es-do\/wp-json\/wp\/v2\/product_cleaning_system?post=68874"},{"taxonomy":"product_3rd_basket","embeddable":true,"href":"https:\/\/www.teka.com\/es-do\/wp-json\/wp\/v2\/product_3rd_basket?post=68874"},{"taxonomy":"product_drawers","embeddable":true,"href":"https:\/\/www.teka.com\/es-do\/wp-json\/wp\/v2\/product_drawers?post=68874"},{"taxonomy":"product_type_of_installation","embeddable":true,"href":"https:\/\/www.teka.com\/es-do\/wp-json\/wp\/v2\/product_type_of_installation?post=68874"},{"taxonomy":"product_edition","embeddable":true,"href":"https:\/\/www.teka.com\/es-do\/wp-json\/wp\/v2\/product_edition?post=68874"},{"taxonomy":"product_serie","embeddable":true,"href":"https:\/\/www.teka.com\/es-do\/wp-json\/wp\/v2\/product_serie?post=68874"},{"taxonomy":"product_features","embeddable":true,"href":"https:\/\/www.teka.com\/es-do\/wp-json\/wp\/v2\/product_features?post=68874"},{"taxonomy":"finishes","embeddable":true,"href":"https:\/\/www.teka.com\/es-do\/wp-json\/wp\/v2\/finishes?post=68874"},{"taxonomy":"product_bundles","embeddable":true,"href":"https:\/\/www.teka.com\/es-do\/wp-json\/wp\/v2\/product_bundles?post=68874"},{"taxonomy":"product_energy_efficiency","embeddable":true,"href":"https:\/\/www.teka.com\/es-do\/wp-json\/wp\/v2\/product_energy_efficiency?post=68874"},{"taxonomy":"product_video_training","embeddable":true,"href":"https:\/\/www.teka.com\/es-do\/wp-json\/wp\/v2\/product_video_training?post=68874"}],"curies":[{"name":"wp","href":"https:\/\/api.w.org\/{rel}","templated":true}]}}