{"id":68905,"date":"2026-04-05T02:28:34","date_gmt":"2026-04-05T02:28:34","guid":{"rendered":"https:\/\/teka.com\/es-mx\/teka-home-hlb-8700-p_111000068"},"modified":"2026-03-14T08:28:32","modified_gmt":"2026-03-14T09:28:32","slug":"teka-home-hlb-8700-p_111000068","status":"publish","type":"product","link":"https:\/\/www.teka.com\/es-do\/producto\/teka-home-hlb-8700-p_111000068\/","title":{"rendered":"Teka Home HLB 8700 P"},"content":{"rendered":"<ul>\n<li>Ideal para los quienes buscan cocinar saludablemente con un equipo inteligente con conexi\u00f3n Wifi.<\/li>\n<li>Cristal negro con antihuella que mantiene el horno limpio, elegante y f\u00e1cil de cuidar.<\/li>\n<li>Clase energ\u00e9tica: A+ que garantiza mayor eficiencia y ahorro de energ\u00eda sin sacrificar rendimiento.<\/li>\n<li>12 funciones de cocinado + Sistema de limpieza Dual Clean Autolimpieza Pirol\u00edtica + HydroClean\u00ae PRO (5 niveles) para una limpieza profunda y personalizada.<\/li>\n<li>Conectividad Teka Home: electrodom\u00e9sticos inteligentes con conexi\u00f3n Wi-Fi que permite controlar el horno desde el smartphone, acceder a funciones inteligentes y optimizar el uso.<\/li>\n<li>Rango de temperatura: 30 &#8211; 270 \u00b0C que permite desde cocciones lentas hasta asados de alta precisi\u00f3n.<\/li>\n<li>Display touch control con interfaz intuitiva para ajustes precisos y visualizaci\u00f3n clara.<\/li>\n<li>Iluminaci\u00f3n hal\u00f3geno interior que permite visualizar la cocci\u00f3n sin abrir la puerta.<\/li>\n<li>Puerta de cuatro cristales que mejora el aislamiento t\u00e9rmico y la seguridad, manteniendo el exterior m\u00e1s fr\u00edo.<\/li>\n<li>Ventilaci\u00f3n tangencial que protege los muebles y mantiene una temperatura exterior segura.<\/li>\n<li>Bloqueo de seguridad para ni\u00f1os que evita accidentes, brindando mayor seguridad en hogares con ni\u00f1os.<\/li>\n<li>Desconexi\u00f3n autom\u00e1tica al abrir la puerta ya que detiene autom\u00e1ticamente el funcionamiento al abrir la puerta del horno.<\/li>\n<li>Esmalte interior Crystal Clean \u00ae que ofrece una superficie antiadherente, mayor durabilidad y limpieza m\u00e1s sencilla.<\/li>\n<li>Incluye: Bandeja FryMaster Box<\/li>\n<\/ul>\n","protected":false},"featured_media":0,"parent":0,"template":"","product_cat":[58608],"product_cleaning_system":[2738,3162],"product_3rd_basket":[],"product_drawers":[],"product_type_of_installation":[],"product_edition":[],"product_serie":[],"product_features":[],"finishes":[],"product_bundles":[],"product_energy_efficiency":[59269],"product_video_training":[59332,59336,59342,59345,59356,59515],"class_list":["post-68905","product","type-product","status-publish","hentry","product_cat-hornos","usp-tekahome-03","usp-tekahome-01","usp-tekahome-02","usp-ovens-05","usp-ovens-09","usp-airfry-03","usp-cookinglovers-03","color-negro","product_type_of_appliance-multifuncion","product_icons-70l","product_icons-hydroclean","product_icons-plus-extension-telescopic-guide","product_icons-pyrolysis","product_icons-softclose","product_cleaning_system-pirolitico","product_cleaning_system-hydroclean","product_energy_efficiency-a-plus-icon","product_video_training-trainingovens-01","product_video_training-trainingovens-02","product_video_training-trainingovens-05","product_video_training-trainingovens-06","product_video_training-trainingovens-12","product_video_training-trainingovens-22"],"acf":[],"yoast_head":"<!-- This site is optimized with the Yoast SEO plugin v27.2 - https:\/\/yoast.com\/product\/yoast-seo-wordpress\/ -->\n<title>Teka Home Horno El\u00e9ctrico AIRFRY Inteligente con Wifi 60 cm | 70 L | 2,450W<\/title>\n<meta name=\"description\" content=\"Descubre el Teka Home Horno El\u00e9ctrico AIRFRY inteligente con Wifi de 60 cm | 70 L con autolimpieza pirol\u00edtica, HydroClean\u00ae PRO + Sistema de limpieza Dual Clean.\" \/>\n<meta name=\"robots\" content=\"index, follow, max-snippet:-1, max-image-preview:large, max-video-preview:-1\" \/>\n<link rel=\"canonical\" href=\"https:\/\/www.teka.com\/es-do\/producto\/teka-home-hlb-8700-p_111000068\/\" \/>\n<meta property=\"og:locale\" content=\"es_ES\" \/>\n<meta property=\"og:type\" content=\"article\" \/>\n<meta property=\"og:title\" content=\"Teka Home Horno El\u00e9ctrico AIRFRY Inteligente con Wifi 60 cm | 70 L | 2,450W\" \/>\n<meta property=\"og:description\" content=\"Descubre el Teka Home Horno El\u00e9ctrico AIRFRY inteligente con Wifi de 60 cm | 70 L con autolimpieza pirol\u00edtica, HydroClean\u00ae PRO + Sistema de limpieza Dual Clean.\" \/>\n<meta property=\"og:url\" content=\"https:\/\/www.teka.com\/es-do\/producto\/teka-home-hlb-8700-p_111000068\/\" \/>\n<meta property=\"og:site_name\" content=\"Teka Rep\u00fablica Dominicana\" \/>\n<meta name=\"twitter:card\" content=\"summary_large_image\" \/>\n<meta name=\"twitter:label1\" content=\"Tiempo de lectura\" \/>\n\t<meta name=\"twitter:data1\" content=\"1 minuto\" \/>\n<script type=\"application\/ld+json\" class=\"yoast-schema-graph\">{\"@context\":\"https:\/\/schema.org\",\"@graph\":[{\"@type\":\"WebPage\",\"@id\":\"https:\/\/www.teka.com\/es-do\/producto\/teka-home-hlb-8700-p_111000068\/\",\"url\":\"https:\/\/www.teka.com\/es-do\/producto\/teka-home-hlb-8700-p_111000068\/\",\"name\":\"Teka Home Horno El\u00e9ctrico AIRFRY Inteligente con Wifi 60 cm | 70 L | 2,450W\",\"isPartOf\":{\"@id\":\"https:\/\/www.teka.com\/es-do\/#website\"},\"datePublished\":\"2026-04-05T02:28:34+00:00\",\"description\":\"Descubre el Teka Home Horno El\u00e9ctrico AIRFRY inteligente con Wifi de 60 cm | 70 L con autolimpieza pirol\u00edtica, HydroClean\u00ae PRO + Sistema de limpieza Dual Clean.\",\"inLanguage\":\"es\",\"potentialAction\":[{\"@type\":\"ReadAction\",\"target\":[\"https:\/\/www.teka.com\/es-do\/producto\/teka-home-hlb-8700-p_111000068\/\"]}]},{\"@type\":\"WebSite\",\"@id\":\"https:\/\/www.teka.com\/es-do\/#website\",\"url\":\"https:\/\/www.teka.com\/es-do\/\",\"name\":\"Teka Rep\u00fablica Dominicana\",\"description\":\"\",\"publisher\":{\"@id\":\"https:\/\/www.teka.com\/es-do\/#organization\"},\"potentialAction\":[{\"@type\":\"SearchAction\",\"target\":{\"@type\":\"EntryPoint\",\"urlTemplate\":\"https:\/\/www.teka.com\/es-do\/?s={search_term_string}\"},\"query-input\":{\"@type\":\"PropertyValueSpecification\",\"valueRequired\":true,\"valueName\":\"search_term_string\"}}],\"inLanguage\":\"es\"},{\"@type\":\"Organization\",\"@id\":\"https:\/\/www.teka.com\/es-do\/#organization\",\"name\":\"Teka Rep\u00fablica Dominicana\",\"url\":\"https:\/\/www.teka.com\/es-do\/\",\"logo\":{\"@type\":\"ImageObject\",\"inLanguage\":\"es\",\"@id\":\"https:\/\/www.teka.com\/es-do\/#\/schema\/logo\/image\/\",\"url\":\"https:\/\/www.teka.com\/es-do\/wp-content\/uploads\/sites\/95\/2018\/10\/404-teka.png\",\"contentUrl\":\"https:\/\/www.teka.com\/es-do\/wp-content\/uploads\/sites\/95\/2018\/10\/404-teka.png\",\"width\":200,\"height\":200,\"caption\":\"Teka Rep\u00fablica Dominicana\"},\"image\":{\"@id\":\"https:\/\/www.teka.com\/es-do\/#\/schema\/logo\/image\/\"}}]}<\/script>\n<!-- \/ Yoast SEO plugin. -->","yoast_head_json":{"title":"Teka Home Horno El\u00e9ctrico AIRFRY Inteligente con Wifi 60 cm | 70 L | 2,450W","description":"Descubre el Teka Home Horno El\u00e9ctrico AIRFRY inteligente con Wifi de 60 cm | 70 L con autolimpieza pirol\u00edtica, HydroClean\u00ae PRO + Sistema de limpieza Dual Clean.","robots":{"index":"index","follow":"follow","max-snippet":"max-snippet:-1","max-image-preview":"max-image-preview:large","max-video-preview":"max-video-preview:-1"},"canonical":"https:\/\/www.teka.com\/es-do\/producto\/teka-home-hlb-8700-p_111000068\/","og_locale":"es_ES","og_type":"article","og_title":"Teka Home Horno El\u00e9ctrico AIRFRY Inteligente con Wifi 60 cm | 70 L | 2,450W","og_description":"Descubre el Teka Home Horno El\u00e9ctrico AIRFRY inteligente con Wifi de 60 cm | 70 L con autolimpieza pirol\u00edtica, HydroClean\u00ae PRO + Sistema de limpieza Dual Clean.","og_url":"https:\/\/www.teka.com\/es-do\/producto\/teka-home-hlb-8700-p_111000068\/","og_site_name":"Teka Rep\u00fablica Dominicana","twitter_card":"summary_large_image","twitter_misc":{"Tiempo de lectura":"1 minuto"},"schema":{"@context":"https:\/\/schema.org","@graph":[{"@type":"WebPage","@id":"https:\/\/www.teka.com\/es-do\/producto\/teka-home-hlb-8700-p_111000068\/","url":"https:\/\/www.teka.com\/es-do\/producto\/teka-home-hlb-8700-p_111000068\/","name":"Teka Home Horno El\u00e9ctrico AIRFRY Inteligente con Wifi 60 cm | 70 L | 2,450W","isPartOf":{"@id":"https:\/\/www.teka.com\/es-do\/#website"},"datePublished":"2026-04-05T02:28:34+00:00","description":"Descubre el Teka Home Horno El\u00e9ctrico AIRFRY inteligente con Wifi de 60 cm | 70 L con autolimpieza pirol\u00edtica, HydroClean\u00ae PRO + Sistema de limpieza Dual Clean.","inLanguage":"es","potentialAction":[{"@type":"ReadAction","target":["https:\/\/www.teka.com\/es-do\/producto\/teka-home-hlb-8700-p_111000068\/"]}]},{"@type":"WebSite","@id":"https:\/\/www.teka.com\/es-do\/#website","url":"https:\/\/www.teka.com\/es-do\/","name":"Teka Rep\u00fablica Dominicana","description":"","publisher":{"@id":"https:\/\/www.teka.com\/es-do\/#organization"},"potentialAction":[{"@type":"SearchAction","target":{"@type":"EntryPoint","urlTemplate":"https:\/\/www.teka.com\/es-do\/?s={search_term_string}"},"query-input":{"@type":"PropertyValueSpecification","valueRequired":true,"valueName":"search_term_string"}}],"inLanguage":"es"},{"@type":"Organization","@id":"https:\/\/www.teka.com\/es-do\/#organization","name":"Teka Rep\u00fablica Dominicana","url":"https:\/\/www.teka.com\/es-do\/","logo":{"@type":"ImageObject","inLanguage":"es","@id":"https:\/\/www.teka.com\/es-do\/#\/schema\/logo\/image\/","url":"https:\/\/www.teka.com\/es-do\/wp-content\/uploads\/sites\/95\/2018\/10\/404-teka.png","contentUrl":"https:\/\/www.teka.com\/es-do\/wp-content\/uploads\/sites\/95\/2018\/10\/404-teka.png","width":200,"height":200,"caption":"Teka Rep\u00fablica Dominicana"},"image":{"@id":"https:\/\/www.teka.com\/es-do\/#\/schema\/logo\/image\/"}}]}},"_links":{"self":[{"href":"https:\/\/www.teka.com\/es-do\/wp-json\/wp\/v2\/product\/68905","targetHints":{"allow":["GET"]}}],"collection":[{"href":"https:\/\/www.teka.com\/es-do\/wp-json\/wp\/v2\/product"}],"about":[{"href":"https:\/\/www.teka.com\/es-do\/wp-json\/wp\/v2\/types\/product"}],"wp:attachment":[{"href":"https:\/\/www.teka.com\/es-do\/wp-json\/wp\/v2\/media?parent=68905"}],"wp:term":[{"taxonomy":"product_cat","embeddable":true,"href":"https:\/\/www.teka.com\/es-do\/wp-json\/wp\/v2\/product_cat?post=68905"},{"taxonomy":"product_cleaning_system","embeddable":true,"href":"https:\/\/www.teka.com\/es-do\/wp-json\/wp\/v2\/product_cleaning_system?post=68905"},{"taxonomy":"product_3rd_basket","embeddable":true,"href":"https:\/\/www.teka.com\/es-do\/wp-json\/wp\/v2\/product_3rd_basket?post=68905"},{"taxonomy":"product_drawers","embeddable":true,"href":"https:\/\/www.teka.com\/es-do\/wp-json\/wp\/v2\/product_drawers?post=68905"},{"taxonomy":"product_type_of_installation","embeddable":true,"href":"https:\/\/www.teka.com\/es-do\/wp-json\/wp\/v2\/product_type_of_installation?post=68905"},{"taxonomy":"product_edition","embeddable":true,"href":"https:\/\/www.teka.com\/es-do\/wp-json\/wp\/v2\/product_edition?post=68905"},{"taxonomy":"product_serie","embeddable":true,"href":"https:\/\/www.teka.com\/es-do\/wp-json\/wp\/v2\/product_serie?post=68905"},{"taxonomy":"product_features","embeddable":true,"href":"https:\/\/www.teka.com\/es-do\/wp-json\/wp\/v2\/product_features?post=68905"},{"taxonomy":"finishes","embeddable":true,"href":"https:\/\/www.teka.com\/es-do\/wp-json\/wp\/v2\/finishes?post=68905"},{"taxonomy":"product_bundles","embeddable":true,"href":"https:\/\/www.teka.com\/es-do\/wp-json\/wp\/v2\/product_bundles?post=68905"},{"taxonomy":"product_energy_efficiency","embeddable":true,"href":"https:\/\/www.teka.com\/es-do\/wp-json\/wp\/v2\/product_energy_efficiency?post=68905"},{"taxonomy":"product_video_training","embeddable":true,"href":"https:\/\/www.teka.com\/es-do\/wp-json\/wp\/v2\/product_video_training?post=68905"}],"curies":[{"name":"wp","href":"https:\/\/api.w.org\/{rel}","templated":true}]}}