{"id":69136,"date":"2026-04-07T21:07:15","date_gmt":"2026-04-07T21:07:15","guid":{"rendered":"https:\/\/teka.com\/en-int\/ibf-95-infinity-g1_112500061"},"modified":"2026-03-17T11:32:23","modified_gmt":"2026-03-17T12:32:23","slug":"ibf-95-infinity-g1_112500061","status":"publish","type":"product","link":"https:\/\/www.teka.com\/es-do\/producto\/ibf-95-infinity-g1_112500061\/","title":{"rendered":"IBF 95 Infinity G1"},"content":{"rendered":"<ul>\n<li>Dise\u00f1ado en Italia por Italdesign Giugiaro. Ideal para hogares modernos y quienes buscan precisi\u00f3n, seguridad y alto rendimiento.<\/li>\n<li>Superficie de cristal vitrocer\u00e1mico biselado con control t\u00e1ctil Multislider, con sensores ac\u00fasticos y modo silencio para una experiencia elegante y sin distracciones.<\/li>\n<li>5 zonas de inducci\u00f3n con tecnolog\u00eda Flex y 7 combinaciones de cocci\u00f3n adaptables autom\u00e1ticamente al tama\u00f1o del recipiente para cocinar varios platillos con m\u00e1xima eficiencia.<\/li>\n<li>Potencia inteligente con 9 niveles y funci\u00f3n Power Plus que acelera el calentamiento y garantiza resultados profesionales incluso en preparaciones exigentes.<\/li>\n<li>Control total del tiempo y la seguridad, programaci\u00f3n hasta 99 minutos con alarma ac\u00fastica, bloqueo individual por zona y detector de recipientes para una cocina m\u00e1s segura.<\/li>\n<li>Funciones especializadas de cocci\u00f3n y f\u00e1cil instalaci\u00f3n Fast-Click (hervir, fre\u00edr o mantener caliente hasta pausas instant\u00e1neas con STOP &amp; GO).<\/li>\n<\/ul>\n","protected":false},"featured_media":0,"parent":0,"template":"","product_cat":[58602],"product_cleaning_system":[],"product_3rd_basket":[],"product_drawers":[],"product_type_of_installation":[],"product_edition":[],"product_serie":[],"product_features":[58686,58692,58693,58694,58695,58696,58697,58698,58699,58701,59443],"finishes":[],"product_bundles":[],"product_energy_efficiency":[],"product_video_training":[59327,59333,59335,59338,59340,59341,59343,59344,59346,59349,59350,59513],"class_list":["post-69136","product","type-product","status-publish","hentry","product_cat-parrillas","usp-infinityg1-01","usp-infinityg1-02","usp-infinityg1-03","usp-infinityg1-14","usp-infinityg1-15","usp-cookinglovers-13","color-negro-mate","product_type_of_appliance-induccion","product_icons-autolock","product_icons-flex","product_icons-multislider","product_icons-power","product_icons-power-plus","product_icons-super-zone","product_icons-easy-installation","product_features-keep-warm","product_features-grilling","product_features-pan-frying","product_features-quick-boiling","product_features-deep-fry","product_features-simmering","product_features-melting","product_features-confit","product_features-poach","product_features-flex","product_features-slidecooking","product_video_training-traininghobs-01","product_video_training-traininghobs-02","product_video_training-traininghobs-04","product_video_training-traininghobs-05","product_video_training-traininghobs-06","product_video_training-traininghobs-07","product_video_training-traininghobs-08","product_video_training-traininghobs-09","product_video_training-traininghobs-10","product_video_training-traininghobs-11","product_video_training-traininghobs-12","product_video_training-traininghobs-14"],"acf":[],"yoast_head":"<!-- This site is optimized with the Yoast SEO plugin v27.2 - https:\/\/yoast.com\/product\/yoast-seo-wordpress\/ -->\n<title>Teka Parrilla Vitrocer\u00e1mica de Inducci\u00f3n I 10,800 W<\/title>\n<meta name=\"description\" content=\"Descubre la Parrilla Vitrocer\u00e1mica de Inducci\u00f3n, con zonas flex, control t\u00e1ctil Multislider, Power Plus y m\u00e1xima seguridad para cocinar con precisi\u00f3n.\" \/>\n<meta name=\"robots\" content=\"index, follow, max-snippet:-1, max-image-preview:large, max-video-preview:-1\" \/>\n<link rel=\"canonical\" href=\"https:\/\/www.teka.com\/es-do\/producto\/ibf-95-infinity-g1_112500061\/\" \/>\n<meta property=\"og:locale\" content=\"es_ES\" \/>\n<meta property=\"og:type\" content=\"article\" \/>\n<meta property=\"og:title\" content=\"Teka Parrilla Vitrocer\u00e1mica de Inducci\u00f3n I 10,800 W\" \/>\n<meta property=\"og:description\" content=\"Descubre la Parrilla Vitrocer\u00e1mica de Inducci\u00f3n, con zonas flex, control t\u00e1ctil Multislider, Power Plus y m\u00e1xima seguridad para cocinar con precisi\u00f3n.\" \/>\n<meta property=\"og:url\" content=\"https:\/\/www.teka.com\/es-do\/producto\/ibf-95-infinity-g1_112500061\/\" \/>\n<meta property=\"og:site_name\" content=\"Teka Rep\u00fablica Dominicana\" \/>\n<meta name=\"twitter:card\" content=\"summary_large_image\" \/>\n<meta name=\"twitter:label1\" content=\"Tiempo de lectura\" \/>\n\t<meta name=\"twitter:data1\" content=\"1 minuto\" \/>\n<script type=\"application\/ld+json\" class=\"yoast-schema-graph\">{\"@context\":\"https:\/\/schema.org\",\"@graph\":[{\"@type\":\"WebPage\",\"@id\":\"https:\/\/www.teka.com\/es-do\/producto\/ibf-95-infinity-g1_112500061\/\",\"url\":\"https:\/\/www.teka.com\/es-do\/producto\/ibf-95-infinity-g1_112500061\/\",\"name\":\"Teka Parrilla Vitrocer\u00e1mica de Inducci\u00f3n I 10,800 W\",\"isPartOf\":{\"@id\":\"https:\/\/www.teka.com\/es-do\/#website\"},\"datePublished\":\"2026-04-07T21:07:15+00:00\",\"description\":\"Descubre la Parrilla Vitrocer\u00e1mica de Inducci\u00f3n, con zonas flex, control t\u00e1ctil Multislider, Power Plus y m\u00e1xima seguridad para cocinar con precisi\u00f3n.\",\"inLanguage\":\"es\",\"potentialAction\":[{\"@type\":\"ReadAction\",\"target\":[\"https:\/\/www.teka.com\/es-do\/producto\/ibf-95-infinity-g1_112500061\/\"]}]},{\"@type\":\"WebSite\",\"@id\":\"https:\/\/www.teka.com\/es-do\/#website\",\"url\":\"https:\/\/www.teka.com\/es-do\/\",\"name\":\"Teka Rep\u00fablica Dominicana\",\"description\":\"\",\"publisher\":{\"@id\":\"https:\/\/www.teka.com\/es-do\/#organization\"},\"potentialAction\":[{\"@type\":\"SearchAction\",\"target\":{\"@type\":\"EntryPoint\",\"urlTemplate\":\"https:\/\/www.teka.com\/es-do\/?s={search_term_string}\"},\"query-input\":{\"@type\":\"PropertyValueSpecification\",\"valueRequired\":true,\"valueName\":\"search_term_string\"}}],\"inLanguage\":\"es\"},{\"@type\":\"Organization\",\"@id\":\"https:\/\/www.teka.com\/es-do\/#organization\",\"name\":\"Teka Rep\u00fablica Dominicana\",\"url\":\"https:\/\/www.teka.com\/es-do\/\",\"logo\":{\"@type\":\"ImageObject\",\"inLanguage\":\"es\",\"@id\":\"https:\/\/www.teka.com\/es-do\/#\/schema\/logo\/image\/\",\"url\":\"https:\/\/www.teka.com\/es-do\/wp-content\/uploads\/sites\/95\/2018\/10\/404-teka.png\",\"contentUrl\":\"https:\/\/www.teka.com\/es-do\/wp-content\/uploads\/sites\/95\/2018\/10\/404-teka.png\",\"width\":200,\"height\":200,\"caption\":\"Teka Rep\u00fablica Dominicana\"},\"image\":{\"@id\":\"https:\/\/www.teka.com\/es-do\/#\/schema\/logo\/image\/\"}}]}<\/script>\n<!-- \/ Yoast SEO plugin. -->","yoast_head_json":{"title":"Teka Parrilla Vitrocer\u00e1mica de Inducci\u00f3n I 10,800 W","description":"Descubre la Parrilla Vitrocer\u00e1mica de Inducci\u00f3n, con zonas flex, control t\u00e1ctil Multislider, Power Plus y m\u00e1xima seguridad para cocinar con precisi\u00f3n.","robots":{"index":"index","follow":"follow","max-snippet":"max-snippet:-1","max-image-preview":"max-image-preview:large","max-video-preview":"max-video-preview:-1"},"canonical":"https:\/\/www.teka.com\/es-do\/producto\/ibf-95-infinity-g1_112500061\/","og_locale":"es_ES","og_type":"article","og_title":"Teka Parrilla Vitrocer\u00e1mica de Inducci\u00f3n I 10,800 W","og_description":"Descubre la Parrilla Vitrocer\u00e1mica de Inducci\u00f3n, con zonas flex, control t\u00e1ctil Multislider, Power Plus y m\u00e1xima seguridad para cocinar con precisi\u00f3n.","og_url":"https:\/\/www.teka.com\/es-do\/producto\/ibf-95-infinity-g1_112500061\/","og_site_name":"Teka Rep\u00fablica Dominicana","twitter_card":"summary_large_image","twitter_misc":{"Tiempo de lectura":"1 minuto"},"schema":{"@context":"https:\/\/schema.org","@graph":[{"@type":"WebPage","@id":"https:\/\/www.teka.com\/es-do\/producto\/ibf-95-infinity-g1_112500061\/","url":"https:\/\/www.teka.com\/es-do\/producto\/ibf-95-infinity-g1_112500061\/","name":"Teka Parrilla Vitrocer\u00e1mica de Inducci\u00f3n I 10,800 W","isPartOf":{"@id":"https:\/\/www.teka.com\/es-do\/#website"},"datePublished":"2026-04-07T21:07:15+00:00","description":"Descubre la Parrilla Vitrocer\u00e1mica de Inducci\u00f3n, con zonas flex, control t\u00e1ctil Multislider, Power Plus y m\u00e1xima seguridad para cocinar con precisi\u00f3n.","inLanguage":"es","potentialAction":[{"@type":"ReadAction","target":["https:\/\/www.teka.com\/es-do\/producto\/ibf-95-infinity-g1_112500061\/"]}]},{"@type":"WebSite","@id":"https:\/\/www.teka.com\/es-do\/#website","url":"https:\/\/www.teka.com\/es-do\/","name":"Teka Rep\u00fablica Dominicana","description":"","publisher":{"@id":"https:\/\/www.teka.com\/es-do\/#organization"},"potentialAction":[{"@type":"SearchAction","target":{"@type":"EntryPoint","urlTemplate":"https:\/\/www.teka.com\/es-do\/?s={search_term_string}"},"query-input":{"@type":"PropertyValueSpecification","valueRequired":true,"valueName":"search_term_string"}}],"inLanguage":"es"},{"@type":"Organization","@id":"https:\/\/www.teka.com\/es-do\/#organization","name":"Teka Rep\u00fablica Dominicana","url":"https:\/\/www.teka.com\/es-do\/","logo":{"@type":"ImageObject","inLanguage":"es","@id":"https:\/\/www.teka.com\/es-do\/#\/schema\/logo\/image\/","url":"https:\/\/www.teka.com\/es-do\/wp-content\/uploads\/sites\/95\/2018\/10\/404-teka.png","contentUrl":"https:\/\/www.teka.com\/es-do\/wp-content\/uploads\/sites\/95\/2018\/10\/404-teka.png","width":200,"height":200,"caption":"Teka Rep\u00fablica Dominicana"},"image":{"@id":"https:\/\/www.teka.com\/es-do\/#\/schema\/logo\/image\/"}}]}},"_links":{"self":[{"href":"https:\/\/www.teka.com\/es-do\/wp-json\/wp\/v2\/product\/69136","targetHints":{"allow":["GET"]}}],"collection":[{"href":"https:\/\/www.teka.com\/es-do\/wp-json\/wp\/v2\/product"}],"about":[{"href":"https:\/\/www.teka.com\/es-do\/wp-json\/wp\/v2\/types\/product"}],"wp:attachment":[{"href":"https:\/\/www.teka.com\/es-do\/wp-json\/wp\/v2\/media?parent=69136"}],"wp:term":[{"taxonomy":"product_cat","embeddable":true,"href":"https:\/\/www.teka.com\/es-do\/wp-json\/wp\/v2\/product_cat?post=69136"},{"taxonomy":"product_cleaning_system","embeddable":true,"href":"https:\/\/www.teka.com\/es-do\/wp-json\/wp\/v2\/product_cleaning_system?post=69136"},{"taxonomy":"product_3rd_basket","embeddable":true,"href":"https:\/\/www.teka.com\/es-do\/wp-json\/wp\/v2\/product_3rd_basket?post=69136"},{"taxonomy":"product_drawers","embeddable":true,"href":"https:\/\/www.teka.com\/es-do\/wp-json\/wp\/v2\/product_drawers?post=69136"},{"taxonomy":"product_type_of_installation","embeddable":true,"href":"https:\/\/www.teka.com\/es-do\/wp-json\/wp\/v2\/product_type_of_installation?post=69136"},{"taxonomy":"product_edition","embeddable":true,"href":"https:\/\/www.teka.com\/es-do\/wp-json\/wp\/v2\/product_edition?post=69136"},{"taxonomy":"product_serie","embeddable":true,"href":"https:\/\/www.teka.com\/es-do\/wp-json\/wp\/v2\/product_serie?post=69136"},{"taxonomy":"product_features","embeddable":true,"href":"https:\/\/www.teka.com\/es-do\/wp-json\/wp\/v2\/product_features?post=69136"},{"taxonomy":"finishes","embeddable":true,"href":"https:\/\/www.teka.com\/es-do\/wp-json\/wp\/v2\/finishes?post=69136"},{"taxonomy":"product_bundles","embeddable":true,"href":"https:\/\/www.teka.com\/es-do\/wp-json\/wp\/v2\/product_bundles?post=69136"},{"taxonomy":"product_energy_efficiency","embeddable":true,"href":"https:\/\/www.teka.com\/es-do\/wp-json\/wp\/v2\/product_energy_efficiency?post=69136"},{"taxonomy":"product_video_training","embeddable":true,"href":"https:\/\/www.teka.com\/es-do\/wp-json\/wp\/v2\/product_video_training?post=69136"}],"curies":[{"name":"wp","href":"https:\/\/api.w.org\/{rel}","templated":true}]}}