{"id":69161,"date":"2026-04-07T21:10:32","date_gmt":"2026-04-07T21:10:32","guid":{"rendered":"https:\/\/teka.com\/es-mx\/hlf-8400-bk_111060004"},"modified":"2026-03-14T08:45:56","modified_gmt":"2026-03-14T09:45:56","slug":"hlf-8400-bk_111060004","status":"publish","type":"product","link":"https:\/\/www.teka.com\/es-do\/producto\/hlf-8400-bk_111060004\/","title":{"rendered":"HLF 8400 BK"},"content":{"rendered":"<ul>\n<li>Ideal para quienes buscan funcionalidad, potencia y cocci\u00f3n precisa en un solo equipo, gracias a su combinaci\u00f3n de Multifunci\u00f3n SurroundTemp.<\/li>\n<li>Cristal negro con antihuella que mantiene el horno limpio, elegante y f\u00e1cil de cuidar.<\/li>\n<li>SurroundTemp con sistema de cocci\u00f3n con ventilaci\u00f3n envolvente que distribuye el calor de manera homog\u00e9nea en todo el horno, garantizando resultados uniformes, mejor dorado y mayor eficiencia energ\u00e9tica en cada preparaci\u00f3n.<\/li>\n<li>Clase energ\u00e9tica: A (bajo consumo de energ\u00eda) ofreciendo eficiencia sin comprometer el rendimiento.<\/li>\n<li>9 funciones de cocinado + Sistema de limpieza Hydroclean\u00ae Pro que brindan versatilidad total para preparar desde recetas tradicionales hasta platillos especializados.<\/li>\n<li>Display con touch control que ofrece manejo intuitivo, lectura clara y control preciso de las funciones.<\/li>\n<li>Puerta de triple cristal que mejora el aislamiento t\u00e9rmico y la seguridad, manteniendo el exterior m\u00e1s fr\u00edo.<\/li>\n<li>Ventilaci\u00f3n tangencial forzada que protege los muebles y mejora la disipaci\u00f3n del calor durante el uso.<\/li>\n<li>Bloqueo de seguridad para ni\u00f1os sistema de bloqueo que evita el uso accidental, brindando mayor seguridad en hogares con ni\u00f1os.<\/li>\n<li>Esmalte interior Crystal Clean\u00ae que ofrece una superficie antiadherente, mayor durabilidad y limpieza m\u00e1s sencilla.<\/li>\n<li>Bandeja profunda con esmalte Crystal Clean\u00ae que ofrece una superficie antiadherente, mayor durabilidad y limpieza m\u00e1s sencilla.<\/li>\n<\/ul>\n","protected":false},"featured_media":0,"parent":0,"template":"","product_cat":[58608],"product_cleaning_system":[3162],"product_3rd_basket":[],"product_drawers":[],"product_type_of_installation":[58550],"product_edition":[],"product_serie":[],"product_features":[],"finishes":[],"product_bundles":[],"product_energy_efficiency":[59265],"product_video_training":[59332,59336,59342,59356],"class_list":["post-69161","product","type-product","status-publish","hentry","product_cat-hornos","color-negro","product_type_of_appliance-multifuncion","product_icons-77l","product_icons-hydroclean","product_icons-surroundtemp","product_cleaning_system-hydroclean","product_type_of_installation-integrable","product_energy_efficiency-a-icon","product_video_training-trainingovens-01","product_video_training-trainingovens-02","product_video_training-trainingovens-05","product_video_training-trainingovens-12"],"acf":[],"yoast_head":"<!-- This site is optimized with the Yoast SEO plugin v27.2 - https:\/\/yoast.com\/product\/yoast-seo-wordpress\/ -->\n<title>Horno El\u00e9ctrico Multifunci\u00f3n SurroundTemp de 80 cm | 88 L | 3,552 W<\/title>\n<meta name=\"description\" content=\"Descubre el Horno El\u00e9ctrico Multifunci\u00f3n SurroundTemp de 80 cm | 88 L con 9 funciones de cocinado con SteamBox (vapor), sistema de limpieza Teka Hydroclean\u00ae Pro (vapor) y esmalte interior Crystal Clean\u00ae (no se adhieren alimentos).\" \/>\n<meta name=\"robots\" content=\"index, follow, max-snippet:-1, max-image-preview:large, max-video-preview:-1\" \/>\n<link rel=\"canonical\" href=\"https:\/\/www.teka.com\/es-do\/producto\/hlf-8400-bk_111060004\/\" \/>\n<meta property=\"og:locale\" content=\"es_ES\" \/>\n<meta property=\"og:type\" content=\"article\" \/>\n<meta property=\"og:title\" content=\"Horno El\u00e9ctrico Multifunci\u00f3n SurroundTemp de 80 cm | 88 L | 3,552 W\" \/>\n<meta property=\"og:description\" content=\"Descubre el Horno El\u00e9ctrico Multifunci\u00f3n SurroundTemp de 80 cm | 88 L con 9 funciones de cocinado con SteamBox (vapor), sistema de limpieza Teka Hydroclean\u00ae Pro (vapor) y esmalte interior Crystal Clean\u00ae (no se adhieren alimentos).\" \/>\n<meta property=\"og:url\" content=\"https:\/\/www.teka.com\/es-do\/producto\/hlf-8400-bk_111060004\/\" \/>\n<meta property=\"og:site_name\" content=\"Teka Rep\u00fablica Dominicana\" \/>\n<meta name=\"twitter:card\" content=\"summary_large_image\" \/>\n<meta name=\"twitter:label1\" content=\"Tiempo de lectura\" \/>\n\t<meta name=\"twitter:data1\" content=\"1 minuto\" \/>\n<script type=\"application\/ld+json\" class=\"yoast-schema-graph\">{\"@context\":\"https:\/\/schema.org\",\"@graph\":[{\"@type\":\"WebPage\",\"@id\":\"https:\/\/www.teka.com\/es-do\/producto\/hlf-8400-bk_111060004\/\",\"url\":\"https:\/\/www.teka.com\/es-do\/producto\/hlf-8400-bk_111060004\/\",\"name\":\"Horno El\u00e9ctrico Multifunci\u00f3n SurroundTemp de 80 cm | 88 L | 3,552 W\",\"isPartOf\":{\"@id\":\"https:\/\/www.teka.com\/es-do\/#website\"},\"datePublished\":\"2026-04-07T21:10:32+00:00\",\"description\":\"Descubre el Horno El\u00e9ctrico Multifunci\u00f3n SurroundTemp de 80 cm | 88 L con 9 funciones de cocinado con SteamBox (vapor), sistema de limpieza Teka Hydroclean\u00ae Pro (vapor) y esmalte interior Crystal Clean\u00ae (no se adhieren alimentos).\",\"inLanguage\":\"es\",\"potentialAction\":[{\"@type\":\"ReadAction\",\"target\":[\"https:\/\/www.teka.com\/es-do\/producto\/hlf-8400-bk_111060004\/\"]}]},{\"@type\":\"WebSite\",\"@id\":\"https:\/\/www.teka.com\/es-do\/#website\",\"url\":\"https:\/\/www.teka.com\/es-do\/\",\"name\":\"Teka Rep\u00fablica Dominicana\",\"description\":\"\",\"publisher\":{\"@id\":\"https:\/\/www.teka.com\/es-do\/#organization\"},\"potentialAction\":[{\"@type\":\"SearchAction\",\"target\":{\"@type\":\"EntryPoint\",\"urlTemplate\":\"https:\/\/www.teka.com\/es-do\/?s={search_term_string}\"},\"query-input\":{\"@type\":\"PropertyValueSpecification\",\"valueRequired\":true,\"valueName\":\"search_term_string\"}}],\"inLanguage\":\"es\"},{\"@type\":\"Organization\",\"@id\":\"https:\/\/www.teka.com\/es-do\/#organization\",\"name\":\"Teka Rep\u00fablica Dominicana\",\"url\":\"https:\/\/www.teka.com\/es-do\/\",\"logo\":{\"@type\":\"ImageObject\",\"inLanguage\":\"es\",\"@id\":\"https:\/\/www.teka.com\/es-do\/#\/schema\/logo\/image\/\",\"url\":\"https:\/\/www.teka.com\/es-do\/wp-content\/uploads\/sites\/95\/2018\/10\/404-teka.png\",\"contentUrl\":\"https:\/\/www.teka.com\/es-do\/wp-content\/uploads\/sites\/95\/2018\/10\/404-teka.png\",\"width\":200,\"height\":200,\"caption\":\"Teka Rep\u00fablica Dominicana\"},\"image\":{\"@id\":\"https:\/\/www.teka.com\/es-do\/#\/schema\/logo\/image\/\"}}]}<\/script>\n<!-- \/ Yoast SEO plugin. -->","yoast_head_json":{"title":"Horno El\u00e9ctrico Multifunci\u00f3n SurroundTemp de 80 cm | 88 L | 3,552 W","description":"Descubre el Horno El\u00e9ctrico Multifunci\u00f3n SurroundTemp de 80 cm | 88 L con 9 funciones de cocinado con SteamBox (vapor), sistema de limpieza Teka Hydroclean\u00ae Pro (vapor) y esmalte interior Crystal Clean\u00ae (no se adhieren alimentos).","robots":{"index":"index","follow":"follow","max-snippet":"max-snippet:-1","max-image-preview":"max-image-preview:large","max-video-preview":"max-video-preview:-1"},"canonical":"https:\/\/www.teka.com\/es-do\/producto\/hlf-8400-bk_111060004\/","og_locale":"es_ES","og_type":"article","og_title":"Horno El\u00e9ctrico Multifunci\u00f3n SurroundTemp de 80 cm | 88 L | 3,552 W","og_description":"Descubre el Horno El\u00e9ctrico Multifunci\u00f3n SurroundTemp de 80 cm | 88 L con 9 funciones de cocinado con SteamBox (vapor), sistema de limpieza Teka Hydroclean\u00ae Pro (vapor) y esmalte interior Crystal Clean\u00ae (no se adhieren alimentos).","og_url":"https:\/\/www.teka.com\/es-do\/producto\/hlf-8400-bk_111060004\/","og_site_name":"Teka Rep\u00fablica Dominicana","twitter_card":"summary_large_image","twitter_misc":{"Tiempo de lectura":"1 minuto"},"schema":{"@context":"https:\/\/schema.org","@graph":[{"@type":"WebPage","@id":"https:\/\/www.teka.com\/es-do\/producto\/hlf-8400-bk_111060004\/","url":"https:\/\/www.teka.com\/es-do\/producto\/hlf-8400-bk_111060004\/","name":"Horno El\u00e9ctrico Multifunci\u00f3n SurroundTemp de 80 cm | 88 L | 3,552 W","isPartOf":{"@id":"https:\/\/www.teka.com\/es-do\/#website"},"datePublished":"2026-04-07T21:10:32+00:00","description":"Descubre el Horno El\u00e9ctrico Multifunci\u00f3n SurroundTemp de 80 cm | 88 L con 9 funciones de cocinado con SteamBox (vapor), sistema de limpieza Teka Hydroclean\u00ae Pro (vapor) y esmalte interior Crystal Clean\u00ae (no se adhieren alimentos).","inLanguage":"es","potentialAction":[{"@type":"ReadAction","target":["https:\/\/www.teka.com\/es-do\/producto\/hlf-8400-bk_111060004\/"]}]},{"@type":"WebSite","@id":"https:\/\/www.teka.com\/es-do\/#website","url":"https:\/\/www.teka.com\/es-do\/","name":"Teka Rep\u00fablica Dominicana","description":"","publisher":{"@id":"https:\/\/www.teka.com\/es-do\/#organization"},"potentialAction":[{"@type":"SearchAction","target":{"@type":"EntryPoint","urlTemplate":"https:\/\/www.teka.com\/es-do\/?s={search_term_string}"},"query-input":{"@type":"PropertyValueSpecification","valueRequired":true,"valueName":"search_term_string"}}],"inLanguage":"es"},{"@type":"Organization","@id":"https:\/\/www.teka.com\/es-do\/#organization","name":"Teka Rep\u00fablica Dominicana","url":"https:\/\/www.teka.com\/es-do\/","logo":{"@type":"ImageObject","inLanguage":"es","@id":"https:\/\/www.teka.com\/es-do\/#\/schema\/logo\/image\/","url":"https:\/\/www.teka.com\/es-do\/wp-content\/uploads\/sites\/95\/2018\/10\/404-teka.png","contentUrl":"https:\/\/www.teka.com\/es-do\/wp-content\/uploads\/sites\/95\/2018\/10\/404-teka.png","width":200,"height":200,"caption":"Teka Rep\u00fablica Dominicana"},"image":{"@id":"https:\/\/www.teka.com\/es-do\/#\/schema\/logo\/image\/"}}]}},"_links":{"self":[{"href":"https:\/\/www.teka.com\/es-do\/wp-json\/wp\/v2\/product\/69161","targetHints":{"allow":["GET"]}}],"collection":[{"href":"https:\/\/www.teka.com\/es-do\/wp-json\/wp\/v2\/product"}],"about":[{"href":"https:\/\/www.teka.com\/es-do\/wp-json\/wp\/v2\/types\/product"}],"wp:attachment":[{"href":"https:\/\/www.teka.com\/es-do\/wp-json\/wp\/v2\/media?parent=69161"}],"wp:term":[{"taxonomy":"product_cat","embeddable":true,"href":"https:\/\/www.teka.com\/es-do\/wp-json\/wp\/v2\/product_cat?post=69161"},{"taxonomy":"product_cleaning_system","embeddable":true,"href":"https:\/\/www.teka.com\/es-do\/wp-json\/wp\/v2\/product_cleaning_system?post=69161"},{"taxonomy":"product_3rd_basket","embeddable":true,"href":"https:\/\/www.teka.com\/es-do\/wp-json\/wp\/v2\/product_3rd_basket?post=69161"},{"taxonomy":"product_drawers","embeddable":true,"href":"https:\/\/www.teka.com\/es-do\/wp-json\/wp\/v2\/product_drawers?post=69161"},{"taxonomy":"product_type_of_installation","embeddable":true,"href":"https:\/\/www.teka.com\/es-do\/wp-json\/wp\/v2\/product_type_of_installation?post=69161"},{"taxonomy":"product_edition","embeddable":true,"href":"https:\/\/www.teka.com\/es-do\/wp-json\/wp\/v2\/product_edition?post=69161"},{"taxonomy":"product_serie","embeddable":true,"href":"https:\/\/www.teka.com\/es-do\/wp-json\/wp\/v2\/product_serie?post=69161"},{"taxonomy":"product_features","embeddable":true,"href":"https:\/\/www.teka.com\/es-do\/wp-json\/wp\/v2\/product_features?post=69161"},{"taxonomy":"finishes","embeddable":true,"href":"https:\/\/www.teka.com\/es-do\/wp-json\/wp\/v2\/finishes?post=69161"},{"taxonomy":"product_bundles","embeddable":true,"href":"https:\/\/www.teka.com\/es-do\/wp-json\/wp\/v2\/product_bundles?post=69161"},{"taxonomy":"product_energy_efficiency","embeddable":true,"href":"https:\/\/www.teka.com\/es-do\/wp-json\/wp\/v2\/product_energy_efficiency?post=69161"},{"taxonomy":"product_video_training","embeddable":true,"href":"https:\/\/www.teka.com\/es-do\/wp-json\/wp\/v2\/product_video_training?post=69161"}],"curies":[{"name":"wp","href":"https:\/\/api.w.org\/{rel}","templated":true}]}}