{"id":69340,"date":"2026-04-07T21:12:29","date_gmt":"2026-04-07T21:12:29","guid":{"rendered":"https:\/\/teka.com\/es-mx\/van-gogh-dvt-98660-tcl-vg_112930076"},"modified":"2026-03-14T08:47:32","modified_gmt":"2026-03-14T09:47:32","slug":"van-gogh-dvt-98660-tcl-vg_112930076","status":"publish","type":"product","link":"https:\/\/www.teka.com\/es-do\/producto\/van-gogh-dvt-98660-tcl-vg_112930076\/","title":{"rendered":"Van Gogh DVT 98660 TCL VG"},"content":{"rendered":"<ul>\n<li>Edici\u00f3n Especial Van Gogh: arte que transforma tu cocina y hogar a trav\u00e9s del dise\u00f1o exclusivo que combina elegancia, funcionalidad y distinci\u00f3n.<\/li>\n<li>Cristal negro edici\u00f3n especial Van Gogh que combina elegancia y funcionalidad.<\/li>\n<li>Panel Touch Control que permite un manejo intuitivo y preciso de todas las funciones.<\/li>\n<li>Tres velocidades + intensiva para adaptarse a diferentes tipos de cocci\u00f3n.<\/li>\n<li>Programaci\u00f3n del tiempo de aspiraci\u00f3n que permite configurar el apagado autom\u00e1tico para mayor comodidad y eficiencia.<\/li>\n<li>Iluminaci\u00f3n LED (2 x 2 W) que ofrece luz eficiente, uniforme y de bajo consumo.<\/li>\n<li>Filtro met\u00e1lico, resistente y f\u00e1cil de limpiar, aptos para lavavajillas.<\/li>\n<li>Indicador luminoso de saturaci\u00f3n de filtros que avisa cu\u00e1ndo limpiar o sustituir los filtros.<\/li>\n<li>Sistema de aspiraci\u00f3n dual \u201cContour\u201d que mejora la captaci\u00f3n de humos y vapores.<\/li>\n<li>Motor blindado de doble turbina que proporciona alto rendimiento, durabilidad y eficiencia.<\/li>\n<li>Capacidad de extracci\u00f3n m\u00e1xima: 643 m\u00b3\/h<\/li>\n<li>Nivel sonoro: min. 61 Db \u2013 m\u00e1x. 74 dB<\/li>\n<li>Filtro de carb\u00f3n activo para recirculaci\u00f3n del aire que elimina olores en instalaciones sin salida exterior.<\/li>\n<\/ul>\n","protected":false},"featured_media":0,"parent":0,"template":"","product_cat":[58603],"product_cleaning_system":[],"product_3rd_basket":[],"product_drawers":[],"product_type_of_installation":[],"product_edition":[],"product_serie":[],"product_features":[],"finishes":[],"product_bundles":[],"product_energy_efficiency":[59269],"product_video_training":[],"class_list":["post-69340","product","type-product","status-publish","hentry","product_cat-campanas","usp-tekahome-08","usp-infinityg1-12","usp-vg-01-vg-museum-edition","color-cristal-gris-oscuro-y-negro","product_type_of_appliance-decorativas","product_ambient-van-gogh-03","product_icons-led","product_icons-perimeter-extraction","product_icons-stop-delay-timer","product_icons-freshair","product_energy_efficiency-a-plus-icon"],"acf":[],"yoast_head":"<!-- This site is optimized with the Yoast SEO plugin v27.2 - https:\/\/yoast.com\/product\/yoast-seo-wordpress\/ -->\n<title>Teka Van Gogh Campana de Cocina para Instalaci\u00f3n en Pared<\/title>\n<meta name=\"description\" content=\"Descubre Van Gogh Campana de Cocina para Instalaci\u00f3n en pared con panel touch, 3 velocidades, filtro met\u00e1lico, motor doble turbina y filtro de carb\u00f3n activo.\" \/>\n<meta name=\"robots\" content=\"index, follow, max-snippet:-1, max-image-preview:large, max-video-preview:-1\" \/>\n<link rel=\"canonical\" href=\"https:\/\/www.teka.com\/es-do\/producto\/van-gogh-dvt-98660-tcl-vg_112930076\/\" \/>\n<meta property=\"og:locale\" content=\"es_ES\" \/>\n<meta property=\"og:type\" content=\"article\" \/>\n<meta property=\"og:title\" content=\"Teka Van Gogh Campana de Cocina para Instalaci\u00f3n en Pared\" \/>\n<meta property=\"og:description\" content=\"Descubre Van Gogh Campana de Cocina para Instalaci\u00f3n en pared con panel touch, 3 velocidades, filtro met\u00e1lico, motor doble turbina y filtro de carb\u00f3n activo.\" \/>\n<meta property=\"og:url\" content=\"https:\/\/www.teka.com\/es-do\/producto\/van-gogh-dvt-98660-tcl-vg_112930076\/\" \/>\n<meta property=\"og:site_name\" content=\"Teka Rep\u00fablica Dominicana\" \/>\n<meta name=\"twitter:card\" content=\"summary_large_image\" \/>\n<meta name=\"twitter:label1\" content=\"Tiempo de lectura\" \/>\n\t<meta name=\"twitter:data1\" content=\"1 minuto\" \/>\n<script type=\"application\/ld+json\" class=\"yoast-schema-graph\">{\"@context\":\"https:\/\/schema.org\",\"@graph\":[{\"@type\":\"WebPage\",\"@id\":\"https:\/\/www.teka.com\/es-do\/producto\/van-gogh-dvt-98660-tcl-vg_112930076\/\",\"url\":\"https:\/\/www.teka.com\/es-do\/producto\/van-gogh-dvt-98660-tcl-vg_112930076\/\",\"name\":\"Teka Van Gogh Campana de Cocina para Instalaci\u00f3n en Pared\",\"isPartOf\":{\"@id\":\"https:\/\/www.teka.com\/es-do\/#website\"},\"datePublished\":\"2026-04-07T21:12:29+00:00\",\"description\":\"Descubre Van Gogh Campana de Cocina para Instalaci\u00f3n en pared con panel touch, 3 velocidades, filtro met\u00e1lico, motor doble turbina y filtro de carb\u00f3n activo.\",\"inLanguage\":\"es\",\"potentialAction\":[{\"@type\":\"ReadAction\",\"target\":[\"https:\/\/www.teka.com\/es-do\/producto\/van-gogh-dvt-98660-tcl-vg_112930076\/\"]}]},{\"@type\":\"WebSite\",\"@id\":\"https:\/\/www.teka.com\/es-do\/#website\",\"url\":\"https:\/\/www.teka.com\/es-do\/\",\"name\":\"Teka Rep\u00fablica Dominicana\",\"description\":\"\",\"publisher\":{\"@id\":\"https:\/\/www.teka.com\/es-do\/#organization\"},\"potentialAction\":[{\"@type\":\"SearchAction\",\"target\":{\"@type\":\"EntryPoint\",\"urlTemplate\":\"https:\/\/www.teka.com\/es-do\/?s={search_term_string}\"},\"query-input\":{\"@type\":\"PropertyValueSpecification\",\"valueRequired\":true,\"valueName\":\"search_term_string\"}}],\"inLanguage\":\"es\"},{\"@type\":\"Organization\",\"@id\":\"https:\/\/www.teka.com\/es-do\/#organization\",\"name\":\"Teka Rep\u00fablica Dominicana\",\"url\":\"https:\/\/www.teka.com\/es-do\/\",\"logo\":{\"@type\":\"ImageObject\",\"inLanguage\":\"es\",\"@id\":\"https:\/\/www.teka.com\/es-do\/#\/schema\/logo\/image\/\",\"url\":\"https:\/\/www.teka.com\/es-do\/wp-content\/uploads\/sites\/95\/2018\/10\/404-teka.png\",\"contentUrl\":\"https:\/\/www.teka.com\/es-do\/wp-content\/uploads\/sites\/95\/2018\/10\/404-teka.png\",\"width\":200,\"height\":200,\"caption\":\"Teka Rep\u00fablica Dominicana\"},\"image\":{\"@id\":\"https:\/\/www.teka.com\/es-do\/#\/schema\/logo\/image\/\"}}]}<\/script>\n<!-- \/ Yoast SEO plugin. -->","yoast_head_json":{"title":"Teka Van Gogh Campana de Cocina para Instalaci\u00f3n en Pared","description":"Descubre Van Gogh Campana de Cocina para Instalaci\u00f3n en pared con panel touch, 3 velocidades, filtro met\u00e1lico, motor doble turbina y filtro de carb\u00f3n activo.","robots":{"index":"index","follow":"follow","max-snippet":"max-snippet:-1","max-image-preview":"max-image-preview:large","max-video-preview":"max-video-preview:-1"},"canonical":"https:\/\/www.teka.com\/es-do\/producto\/van-gogh-dvt-98660-tcl-vg_112930076\/","og_locale":"es_ES","og_type":"article","og_title":"Teka Van Gogh Campana de Cocina para Instalaci\u00f3n en Pared","og_description":"Descubre Van Gogh Campana de Cocina para Instalaci\u00f3n en pared con panel touch, 3 velocidades, filtro met\u00e1lico, motor doble turbina y filtro de carb\u00f3n activo.","og_url":"https:\/\/www.teka.com\/es-do\/producto\/van-gogh-dvt-98660-tcl-vg_112930076\/","og_site_name":"Teka Rep\u00fablica Dominicana","twitter_card":"summary_large_image","twitter_misc":{"Tiempo de lectura":"1 minuto"},"schema":{"@context":"https:\/\/schema.org","@graph":[{"@type":"WebPage","@id":"https:\/\/www.teka.com\/es-do\/producto\/van-gogh-dvt-98660-tcl-vg_112930076\/","url":"https:\/\/www.teka.com\/es-do\/producto\/van-gogh-dvt-98660-tcl-vg_112930076\/","name":"Teka Van Gogh Campana de Cocina para Instalaci\u00f3n en Pared","isPartOf":{"@id":"https:\/\/www.teka.com\/es-do\/#website"},"datePublished":"2026-04-07T21:12:29+00:00","description":"Descubre Van Gogh Campana de Cocina para Instalaci\u00f3n en pared con panel touch, 3 velocidades, filtro met\u00e1lico, motor doble turbina y filtro de carb\u00f3n activo.","inLanguage":"es","potentialAction":[{"@type":"ReadAction","target":["https:\/\/www.teka.com\/es-do\/producto\/van-gogh-dvt-98660-tcl-vg_112930076\/"]}]},{"@type":"WebSite","@id":"https:\/\/www.teka.com\/es-do\/#website","url":"https:\/\/www.teka.com\/es-do\/","name":"Teka Rep\u00fablica Dominicana","description":"","publisher":{"@id":"https:\/\/www.teka.com\/es-do\/#organization"},"potentialAction":[{"@type":"SearchAction","target":{"@type":"EntryPoint","urlTemplate":"https:\/\/www.teka.com\/es-do\/?s={search_term_string}"},"query-input":{"@type":"PropertyValueSpecification","valueRequired":true,"valueName":"search_term_string"}}],"inLanguage":"es"},{"@type":"Organization","@id":"https:\/\/www.teka.com\/es-do\/#organization","name":"Teka Rep\u00fablica Dominicana","url":"https:\/\/www.teka.com\/es-do\/","logo":{"@type":"ImageObject","inLanguage":"es","@id":"https:\/\/www.teka.com\/es-do\/#\/schema\/logo\/image\/","url":"https:\/\/www.teka.com\/es-do\/wp-content\/uploads\/sites\/95\/2018\/10\/404-teka.png","contentUrl":"https:\/\/www.teka.com\/es-do\/wp-content\/uploads\/sites\/95\/2018\/10\/404-teka.png","width":200,"height":200,"caption":"Teka Rep\u00fablica Dominicana"},"image":{"@id":"https:\/\/www.teka.com\/es-do\/#\/schema\/logo\/image\/"}}]}},"_links":{"self":[{"href":"https:\/\/www.teka.com\/es-do\/wp-json\/wp\/v2\/product\/69340","targetHints":{"allow":["GET"]}}],"collection":[{"href":"https:\/\/www.teka.com\/es-do\/wp-json\/wp\/v2\/product"}],"about":[{"href":"https:\/\/www.teka.com\/es-do\/wp-json\/wp\/v2\/types\/product"}],"wp:attachment":[{"href":"https:\/\/www.teka.com\/es-do\/wp-json\/wp\/v2\/media?parent=69340"}],"wp:term":[{"taxonomy":"product_cat","embeddable":true,"href":"https:\/\/www.teka.com\/es-do\/wp-json\/wp\/v2\/product_cat?post=69340"},{"taxonomy":"product_cleaning_system","embeddable":true,"href":"https:\/\/www.teka.com\/es-do\/wp-json\/wp\/v2\/product_cleaning_system?post=69340"},{"taxonomy":"product_3rd_basket","embeddable":true,"href":"https:\/\/www.teka.com\/es-do\/wp-json\/wp\/v2\/product_3rd_basket?post=69340"},{"taxonomy":"product_drawers","embeddable":true,"href":"https:\/\/www.teka.com\/es-do\/wp-json\/wp\/v2\/product_drawers?post=69340"},{"taxonomy":"product_type_of_installation","embeddable":true,"href":"https:\/\/www.teka.com\/es-do\/wp-json\/wp\/v2\/product_type_of_installation?post=69340"},{"taxonomy":"product_edition","embeddable":true,"href":"https:\/\/www.teka.com\/es-do\/wp-json\/wp\/v2\/product_edition?post=69340"},{"taxonomy":"product_serie","embeddable":true,"href":"https:\/\/www.teka.com\/es-do\/wp-json\/wp\/v2\/product_serie?post=69340"},{"taxonomy":"product_features","embeddable":true,"href":"https:\/\/www.teka.com\/es-do\/wp-json\/wp\/v2\/product_features?post=69340"},{"taxonomy":"finishes","embeddable":true,"href":"https:\/\/www.teka.com\/es-do\/wp-json\/wp\/v2\/finishes?post=69340"},{"taxonomy":"product_bundles","embeddable":true,"href":"https:\/\/www.teka.com\/es-do\/wp-json\/wp\/v2\/product_bundles?post=69340"},{"taxonomy":"product_energy_efficiency","embeddable":true,"href":"https:\/\/www.teka.com\/es-do\/wp-json\/wp\/v2\/product_energy_efficiency?post=69340"},{"taxonomy":"product_video_training","embeddable":true,"href":"https:\/\/www.teka.com\/es-do\/wp-json\/wp\/v2\/product_video_training?post=69340"}],"curies":[{"name":"wp","href":"https:\/\/api.w.org\/{rel}","templated":true}]}}