{"id":69348,"date":"2026-04-23T05:11:14","date_gmt":"2026-04-23T05:11:14","guid":{"rendered":"https:\/\/teka.com\/es-mx\/ml-8220-bis-l-fbk_112030019"},"modified":"2026-04-06T07:58:24","modified_gmt":"2026-04-06T08:58:24","slug":"ml-8220-bis-l-fbk_112030019","status":"publish","type":"product","link":"https:\/\/www.teka.com\/es-do\/producto\/ml-8220-bis-l-fbk_112030019\/","title":{"rendered":"ML 8220 BIS L FBK"},"content":{"rendered":"<ul>\n<li>Full Black abraza el negro absoluto con un dise\u00f1o atemporal y sofisticado que redefine la cocina contempor\u00e1nea, combinando elegancia, tecnolog\u00eda y car\u00e1cter.<\/li>\n<li>Acero inoxidable con acabado FullBlack antihuella que mantiene el horno limpio, elegante y f\u00e1cil de cuidar.<\/li>\n<li>3 funciones de cocinado y 5 niveles de potencia que permite adaptarse a distintas preparaciones, permitiendo ajustar tanto el tipo de cocci\u00f3n como la intensidad seg\u00fan cada receta.<\/li>\n<li>Display LED con touch control que ofrece control preciso, lectura clara y manejo intuitivo.<\/li>\n<li>Timer digital y potencia de microondas: 850 W con grill: 1,200 W ideal para calentar, cocinar y gratinar con resultados r\u00e1pidos y uniformes.<\/li>\n<li>Grill abatible para facilitar la limpieza y el mantenimiento del equipo.<\/li>\n<li>Base cer\u00e1mica rectangular para calentamiento homog\u00e9neo que distribuye el calor de manera uniforme e interior en acero inoxidable resistente, higi\u00e9nico y f\u00e1cil de limpiar.<\/li>\n<li>Puerta de doble cristal que mejora el aislamiento t\u00e9rmico y la seguridad, manteniendo el exterior m\u00e1s fr\u00edo.<\/li>\n<li>Apertura electr\u00f3nica de puerta hacia la izquierda que permite un acceso c\u00f3modo y facilita el uso en la cocina.<\/li>\n<li>Descongelaci\u00f3n autom\u00e1tica por tiempo y peso logrando una descongelaci\u00f3n uniforme, r\u00e1pida y segura sin afectar la textura ni el sabor.<\/li>\n<li>Funci\u00f3n de inicio r\u00e1pido para que el equipo trabaje de forma inmediata y funci\u00f3n de + 1 minuto para a\u00f1adir tiempo extra con un solo toque.<\/li>\n<li>2 men\u00fas pre-programados para cocinar diferentes recetas como un profesional.<\/li>\n<li>Bloqueo de seguridad para ni\u00f1os que evita el uso accidental, brindando mayor seguridad en hogares con ni\u00f1os.<\/li>\n<\/ul>\n","protected":false},"featured_media":0,"parent":0,"template":"","product_cat":[58607],"product_cleaning_system":[],"product_3rd_basket":[],"product_drawers":[],"product_type_of_installation":[],"product_edition":[],"product_serie":[],"product_features":[],"finishes":[],"product_bundles":[],"product_energy_efficiency":[],"product_video_training":[59328,59329],"class_list":["post-69348","product","type-product","status-publish","hentry","product_cat-microondas","usp-microwaves-01","usp-microwaves-02","usp-microwaves-04","usp-microwaves-06","usp-microwaves-07","usp-microwaves-08","usp-fbk-01","usp-fbk-02","color-fbk","product_ambient-fbk-01","product_icons-22l","product_icons-defrost-by-time","product_icons-defrost-by-weight","product_icons-direct-access-menu","product_icons-electronic-door-opening","product_video_training-traininghoods-07","product_video_training-traininghoods-08"],"acf":[],"yoast_head":"<!-- This site is optimized with the Yoast SEO plugin v27.2 - https:\/\/yoast.com\/product\/yoast-seo-wordpress\/ -->\n<title>Teka Horno Microondas con Grill<\/title>\n<meta name=\"description\" content=\"Teka Horno Microondas con Grill Full Black, 3 funciones de cocinado, 2 men\u00fas preprogramados, bloqueo para ni\u00f1os y descongelaci\u00f3n por tiempo y peso.\" \/>\n<meta name=\"robots\" content=\"index, follow, max-snippet:-1, max-image-preview:large, max-video-preview:-1\" \/>\n<link rel=\"canonical\" href=\"https:\/\/www.teka.com\/es-do\/producto\/ml-8220-bis-l-fbk_112030019\/\" \/>\n<meta property=\"og:locale\" content=\"es_ES\" \/>\n<meta property=\"og:type\" content=\"article\" \/>\n<meta property=\"og:title\" content=\"Teka Horno Microondas con Grill\" \/>\n<meta property=\"og:description\" content=\"Teka Horno Microondas con Grill Full Black, 3 funciones de cocinado, 2 men\u00fas preprogramados, bloqueo para ni\u00f1os y descongelaci\u00f3n por tiempo y peso.\" \/>\n<meta property=\"og:url\" content=\"https:\/\/www.teka.com\/es-do\/producto\/ml-8220-bis-l-fbk_112030019\/\" \/>\n<meta property=\"og:site_name\" content=\"Teka Rep\u00fablica Dominicana\" \/>\n<meta name=\"twitter:card\" content=\"summary_large_image\" \/>\n<meta name=\"twitter:label1\" content=\"Tiempo de lectura\" \/>\n\t<meta name=\"twitter:data1\" content=\"1 minuto\" \/>\n<script type=\"application\/ld+json\" class=\"yoast-schema-graph\">{\"@context\":\"https:\/\/schema.org\",\"@graph\":[{\"@type\":\"WebPage\",\"@id\":\"https:\/\/www.teka.com\/es-do\/producto\/ml-8220-bis-l-fbk_112030019\/\",\"url\":\"https:\/\/www.teka.com\/es-do\/producto\/ml-8220-bis-l-fbk_112030019\/\",\"name\":\"Teka Horno Microondas con Grill\",\"isPartOf\":{\"@id\":\"https:\/\/www.teka.com\/es-do\/#website\"},\"datePublished\":\"2026-04-23T05:11:14+00:00\",\"description\":\"Teka Horno Microondas con Grill Full Black, 3 funciones de cocinado, 2 men\u00fas preprogramados, bloqueo para ni\u00f1os y descongelaci\u00f3n por tiempo y peso.\",\"inLanguage\":\"es\",\"potentialAction\":[{\"@type\":\"ReadAction\",\"target\":[\"https:\/\/www.teka.com\/es-do\/producto\/ml-8220-bis-l-fbk_112030019\/\"]}]},{\"@type\":\"WebSite\",\"@id\":\"https:\/\/www.teka.com\/es-do\/#website\",\"url\":\"https:\/\/www.teka.com\/es-do\/\",\"name\":\"Teka Rep\u00fablica Dominicana\",\"description\":\"\",\"publisher\":{\"@id\":\"https:\/\/www.teka.com\/es-do\/#organization\"},\"potentialAction\":[{\"@type\":\"SearchAction\",\"target\":{\"@type\":\"EntryPoint\",\"urlTemplate\":\"https:\/\/www.teka.com\/es-do\/?s={search_term_string}\"},\"query-input\":{\"@type\":\"PropertyValueSpecification\",\"valueRequired\":true,\"valueName\":\"search_term_string\"}}],\"inLanguage\":\"es\"},{\"@type\":\"Organization\",\"@id\":\"https:\/\/www.teka.com\/es-do\/#organization\",\"name\":\"Teka Rep\u00fablica Dominicana\",\"url\":\"https:\/\/www.teka.com\/es-do\/\",\"logo\":{\"@type\":\"ImageObject\",\"inLanguage\":\"es\",\"@id\":\"https:\/\/www.teka.com\/es-do\/#\/schema\/logo\/image\/\",\"url\":\"https:\/\/www.teka.com\/es-do\/wp-content\/uploads\/sites\/95\/2018\/10\/404-teka.png\",\"contentUrl\":\"https:\/\/www.teka.com\/es-do\/wp-content\/uploads\/sites\/95\/2018\/10\/404-teka.png\",\"width\":200,\"height\":200,\"caption\":\"Teka Rep\u00fablica Dominicana\"},\"image\":{\"@id\":\"https:\/\/www.teka.com\/es-do\/#\/schema\/logo\/image\/\"}}]}<\/script>\n<!-- \/ Yoast SEO plugin. -->","yoast_head_json":{"title":"Teka Horno Microondas con Grill","description":"Teka Horno Microondas con Grill Full Black, 3 funciones de cocinado, 2 men\u00fas preprogramados, bloqueo para ni\u00f1os y descongelaci\u00f3n por tiempo y peso.","robots":{"index":"index","follow":"follow","max-snippet":"max-snippet:-1","max-image-preview":"max-image-preview:large","max-video-preview":"max-video-preview:-1"},"canonical":"https:\/\/www.teka.com\/es-do\/producto\/ml-8220-bis-l-fbk_112030019\/","og_locale":"es_ES","og_type":"article","og_title":"Teka Horno Microondas con Grill","og_description":"Teka Horno Microondas con Grill Full Black, 3 funciones de cocinado, 2 men\u00fas preprogramados, bloqueo para ni\u00f1os y descongelaci\u00f3n por tiempo y peso.","og_url":"https:\/\/www.teka.com\/es-do\/producto\/ml-8220-bis-l-fbk_112030019\/","og_site_name":"Teka Rep\u00fablica Dominicana","twitter_card":"summary_large_image","twitter_misc":{"Tiempo de lectura":"1 minuto"},"schema":{"@context":"https:\/\/schema.org","@graph":[{"@type":"WebPage","@id":"https:\/\/www.teka.com\/es-do\/producto\/ml-8220-bis-l-fbk_112030019\/","url":"https:\/\/www.teka.com\/es-do\/producto\/ml-8220-bis-l-fbk_112030019\/","name":"Teka Horno Microondas con Grill","isPartOf":{"@id":"https:\/\/www.teka.com\/es-do\/#website"},"datePublished":"2026-04-23T05:11:14+00:00","description":"Teka Horno Microondas con Grill Full Black, 3 funciones de cocinado, 2 men\u00fas preprogramados, bloqueo para ni\u00f1os y descongelaci\u00f3n por tiempo y peso.","inLanguage":"es","potentialAction":[{"@type":"ReadAction","target":["https:\/\/www.teka.com\/es-do\/producto\/ml-8220-bis-l-fbk_112030019\/"]}]},{"@type":"WebSite","@id":"https:\/\/www.teka.com\/es-do\/#website","url":"https:\/\/www.teka.com\/es-do\/","name":"Teka Rep\u00fablica Dominicana","description":"","publisher":{"@id":"https:\/\/www.teka.com\/es-do\/#organization"},"potentialAction":[{"@type":"SearchAction","target":{"@type":"EntryPoint","urlTemplate":"https:\/\/www.teka.com\/es-do\/?s={search_term_string}"},"query-input":{"@type":"PropertyValueSpecification","valueRequired":true,"valueName":"search_term_string"}}],"inLanguage":"es"},{"@type":"Organization","@id":"https:\/\/www.teka.com\/es-do\/#organization","name":"Teka Rep\u00fablica Dominicana","url":"https:\/\/www.teka.com\/es-do\/","logo":{"@type":"ImageObject","inLanguage":"es","@id":"https:\/\/www.teka.com\/es-do\/#\/schema\/logo\/image\/","url":"https:\/\/www.teka.com\/es-do\/wp-content\/uploads\/sites\/95\/2018\/10\/404-teka.png","contentUrl":"https:\/\/www.teka.com\/es-do\/wp-content\/uploads\/sites\/95\/2018\/10\/404-teka.png","width":200,"height":200,"caption":"Teka Rep\u00fablica Dominicana"},"image":{"@id":"https:\/\/www.teka.com\/es-do\/#\/schema\/logo\/image\/"}}]}},"_links":{"self":[{"href":"https:\/\/www.teka.com\/es-do\/wp-json\/wp\/v2\/product\/69348","targetHints":{"allow":["GET"]}}],"collection":[{"href":"https:\/\/www.teka.com\/es-do\/wp-json\/wp\/v2\/product"}],"about":[{"href":"https:\/\/www.teka.com\/es-do\/wp-json\/wp\/v2\/types\/product"}],"wp:attachment":[{"href":"https:\/\/www.teka.com\/es-do\/wp-json\/wp\/v2\/media?parent=69348"}],"wp:term":[{"taxonomy":"product_cat","embeddable":true,"href":"https:\/\/www.teka.com\/es-do\/wp-json\/wp\/v2\/product_cat?post=69348"},{"taxonomy":"product_cleaning_system","embeddable":true,"href":"https:\/\/www.teka.com\/es-do\/wp-json\/wp\/v2\/product_cleaning_system?post=69348"},{"taxonomy":"product_3rd_basket","embeddable":true,"href":"https:\/\/www.teka.com\/es-do\/wp-json\/wp\/v2\/product_3rd_basket?post=69348"},{"taxonomy":"product_drawers","embeddable":true,"href":"https:\/\/www.teka.com\/es-do\/wp-json\/wp\/v2\/product_drawers?post=69348"},{"taxonomy":"product_type_of_installation","embeddable":true,"href":"https:\/\/www.teka.com\/es-do\/wp-json\/wp\/v2\/product_type_of_installation?post=69348"},{"taxonomy":"product_edition","embeddable":true,"href":"https:\/\/www.teka.com\/es-do\/wp-json\/wp\/v2\/product_edition?post=69348"},{"taxonomy":"product_serie","embeddable":true,"href":"https:\/\/www.teka.com\/es-do\/wp-json\/wp\/v2\/product_serie?post=69348"},{"taxonomy":"product_features","embeddable":true,"href":"https:\/\/www.teka.com\/es-do\/wp-json\/wp\/v2\/product_features?post=69348"},{"taxonomy":"finishes","embeddable":true,"href":"https:\/\/www.teka.com\/es-do\/wp-json\/wp\/v2\/finishes?post=69348"},{"taxonomy":"product_bundles","embeddable":true,"href":"https:\/\/www.teka.com\/es-do\/wp-json\/wp\/v2\/product_bundles?post=69348"},{"taxonomy":"product_energy_efficiency","embeddable":true,"href":"https:\/\/www.teka.com\/es-do\/wp-json\/wp\/v2\/product_energy_efficiency?post=69348"},{"taxonomy":"product_video_training","embeddable":true,"href":"https:\/\/www.teka.com\/es-do\/wp-json\/wp\/v2\/product_video_training?post=69348"}],"curies":[{"name":"wp","href":"https:\/\/api.w.org\/{rel}","templated":true}]}}