{"id":127952,"date":"2025-04-28T16:36:38","date_gmt":"2025-04-28T21:36:38","guid":{"rendered":"https:\/\/www.teka.com\/es-ec\/?page_id=127952"},"modified":"2025-04-28T16:38:55","modified_gmt":"2025-04-28T21:38:55","slug":"por-que-cambiar-a-un-horno-moderno-te-hace-la-vida-mas-facil","status":"publish","type":"page","link":"https:\/\/www.teka.com\/es-ec\/por-que-cambiar-a-un-horno-moderno-te-hace-la-vida-mas-facil\/","title":{"rendered":"Por qu\u00e9 cambiar a un horno moderno te hace la vida m\u00e1s f\u00e1cil"},"content":{"rendered":"<h1><span lang=\"ES\">Por qu\u00e9 cambiar a un horno moderno te hace la vida m\u00e1s f\u00e1cill<\/span><\/h1>\n<p><span lang=\"ES\" style=\"font-family: Montserrat;\">El horno es uno de los elementos <strong><span style=\"font-family: Montserrat;\">b\u00e1sicos<\/span><\/strong> en muchas cocinas. Sea porque lo usas casi a diario para comer de forma m\u00e1s <strong><span style=\"font-family: Montserrat;\">saludable<\/span><\/strong> o por simple\u00a0 amor a la cocina, es uno de los electrodom\u00e9sticos m\u00e1s presentes en los hogares. Aunque un buen horno puede durar a\u00f1os, la verdad es que cuando empiezan a fallar, cocinar con ellos puede ser una ruleta rusa gastron\u00f3mica, con sus quemados por aqu\u00ed y su tardar el doble en calentarse por all\u00e1. Si est\u00e1s pensando en cambiar de horno o en comprar el primero, bien est\u00e1 que sepas las <strong><span style=\"font-family: Montserrat;\">ventajas<\/span><\/strong> que te ofrece un horno moderno.<\/span><\/p>\n<p><strong><span lang=\"ES\" style=\"font-size: 12.0pt; font-family: Montserrat;\">\u00bfPor qu\u00e9 cambiar de horno?<\/span><\/strong><\/p>\n<p><span lang=\"ES\" style=\"font-family: Montserrat;\">Si tu horno empieza a hacer cosas raras, o bien ha sucumbido a la rebeli\u00f3n de las m\u00e1quinas y estamos todos perdidos, o bien ha cumplido con su vida \u00fatil y es hora de buscar uno <strong><span style=\"font-family: Montserrat;\">nuevo.<\/span><\/strong> Puede tambi\u00e9n que te enfrentes a amueblar tu primera cocina y eso es muy emocionante. Tambi\u00e9n es posible que antes tuvieras unas necesidades que un horno peque\u00f1o pod\u00eda suplir pero ya no o que quieras hacerte con un modelo para una segunda vivienda. En cualquier caso, hay algo que recomendamos: si se trata de una posible <strong><span style=\"font-family: Montserrat;\">aver\u00eda,<\/span><\/strong> consulta a un servicio t\u00e9cnico para valorar la posibilidad de arreglarlo. Si el horno es bueno, merece la pena intentarlo. Eso s\u00ed, no trates de repararlo t\u00fa porque puede ser peligroso.<\/span><\/p>\n<h2><strong>Ventajas de cambiar a un horno moderno<\/strong><\/h2>\n<p>Las mejoras en los electrodom\u00e9sticos modernos son continuas y abrumadoras comparadas con los modelos de hace apenas cinco a\u00f1os. Pero la base sigue siendo la misma: <strong>dise\u00f1o, tecnolog\u00eda y durabilidad<\/strong> son pilares en torno a los que elaborar los nuevos modelos de hornos. Sumado a la b\u00fasqueda de soluciones <strong>pr\u00e1cticas<\/strong> e <strong>intuitivas,<\/strong> tenemos una buena cantidad de ventajas para comprar un<a href=\"https:\/\/www.teka.com\/es-ec\/productos\/cocina\/hornos\/\"> horno nuevo<\/a>:<\/p>\n<h2><strong>Tecnolog\u00eda sencilla pero precisa<\/strong><\/h2>\n<p>Uno de los factores que hace m\u00e1s deseable un horno moderno es la tecnolog\u00eda. La carrera en <strong>innovaci\u00f3n<\/strong> por mejorar la experiencia a la hora de usar el horno corre a la par que la de hacer su uso m\u00e1s sencillo y cubrir las necesidades diarias.<\/p>\n<h2><strong>Seguridad y amor durante muchos a\u00f1os<\/strong><\/h2>\n<p>A pesar de que nos encanta decir que las cosas de antes duran m\u00e1s que las de ahora, si bajamos a tierra el argumento, nos encontramos con que esto no se sostiene. Los acabados han mejorado notablemente y la tecnolog\u00eda permite que los hornos duren mucho tiempo y sean m\u00e1s <strong>seguros<\/strong> (que levante la mano el que no se haya quemado alguna vez con la puerta del horno). La seguridad, especialmente de cara a hogares con ni\u00f1os y\/o mascotas es un factor clave para elegir el modelo. En el caso de los hornos Teka otra cosa no sabemos, pero tienen merecida fama de durar m\u00e1s que un alicatado de los a\u00f1os 70. \u00bfC\u00f3mo conseguimos esto? Primero, con cari\u00f1o, y adem\u00e1s:<\/p>\n<ul>\n<li><strong>Esmalte interior duradero<\/strong>. Un buen acabado interno significa que el uso del calor en la cavidad del horno es m\u00e1s eficiente y uniforme. Adem\u00e1s de mantenerse impecable durante m\u00e1s tiempo, a prueba de cocinados diarios.<\/li>\n<li><strong>Aislamiento y sistema de termo-sellado<\/strong>. Las juntas de los hornos han mejorado notablemente su calidad y ajuste.<\/li>\n<li>Los materiales externos como el <strong>acero inoxidable<\/strong> garantizan un horno duradero y de <strong>f\u00e1cil mantenimiento.<\/strong><\/li>\n<\/ul>\n<p>Un horno moderno est\u00e1 pensado para <strong>prevenir<\/strong> y evitar al m\u00e1ximo los accidentes en casa. Los sistemas de cierre y <strong>gu\u00edas<\/strong> van enfocados a facilitar su uso para una experiencia al cocinar c\u00f3moda, segura y por muchos a\u00f1os.<\/p>\n<h3><strong>Dise\u00f1o inteligente pensando en ti<\/strong><\/h3>\n<p>La experiencia de tratar de <strong>averiguar<\/strong> lo que pone (o pon\u00eda) en los mandos de un horno que tiene unos a\u00f1itos est\u00e1 m\u00e1s cerca del arte de la adivinaci\u00f3n que de la cocina. B\u00e1sicamente, todos sabemos que est\u00e1 el bot\u00f3n de la temperatura, el de calor arriba, abajo o los dos y poco m\u00e1s. Eso s\u00ed, lo de intentar ser precisos o de si tu horno calentaba hasta los 220 \u00b0C o los 250 \u00b0C ya lo dejamos para otra ocasi\u00f3n.<\/p>\n<p>Cambiar a un horno moderno significa un dise\u00f1o <strong>funcional.<\/strong> Di \u201chola\u201d a mandos <strong>ergon\u00f3micos fijos<\/strong> o\u00a0<strong>extra\u00edbles<\/strong> y a <strong>pantallas<\/strong> que te dan la informaci\u00f3n de manera <strong>amplia<\/strong> y <strong>legible.<\/strong><\/p>\n<h3><strong>Est\u00e9tica y estilo para todas las cocinas<\/strong><\/h3>\n<p>En ocasiones, cambiar de horno no significa cambiar la cocina entera, as\u00ed que ya que estamos, mejor encontrar uno que se adapte lo m\u00e1ximo posible a la est\u00e9tica global de tu cocina. Naturalmente, buscar <strong>colores<\/strong> y <strong>acabados<\/strong> similares es fundamental pero tambi\u00e9n que quepan, y no todos los hornos que nos gustan est\u00e1n disponibles en diferentes <strong>tama\u00f1os.<\/strong><\/p>\n<p>Los hornos Teka NEO est\u00e1n disponibles en <strong>blanco, negro y acero inoxidable<\/strong>, adem\u00e1s de tener versi\u00f3n compacta o modelos de 45cm. As\u00ed que dif\u00edcil es que no encuentres uno que te cuadre para tu cocina.<\/p>\n<p>En el caso de esta gama de hornos, detalles extras como tiradores <strong>ergon\u00f3micos<\/strong> y <strong>elegantes<\/strong> o el patr\u00f3n de cuadrados en la puerta, adem\u00e1s del sello de dise\u00f1o habitual de la marca, son un extra para cualquier espacio.<\/p>\n<h3><strong>Ahorro de tiempo y energ\u00eda<\/strong><\/h3>\n<p>El mero hecho de cambiar a un horno moderno marca un antes y un despu\u00e9s en eficiencia energ\u00e9tica y ahorro de forma obvia \u00bfpor qu\u00e9?<\/p>\n<ul>\n<li>El <strong>aislamiento t\u00e9rmico<\/strong> ha mejorado notablemente, y no solo porque sea nuevo. La tecnolog\u00eda ThermoSeal de la que habl\u00e1bamos, adem\u00e1s, garantiza que el calor se queda donde tiene que estar: dentro. De esta forma, evitamos el despilfarro <a href=\"https:\/\/www.teka.com\/es-es\/inspiracion\/consejos-y-mantenimiento\/ahorro-y-eficiencia\/consejos-para-consumir-menos-con-el-horno-y-ahorrar-energia\/\">energ\u00e9tico.<\/a><\/li>\n<li>Las <strong>funciones predeterminadas<\/strong> de cocinado <strong>optimizan tiempo<\/strong> y, por lo tanto, <strong>energ\u00eda.<\/strong> El horno trabaja para ti de manera que puedas usarlo incluso en esos d\u00edas de \u201cno me da la vida\u201d.<\/li>\n<li>Eficiencia energ\u00e9tica <strong>certificada<\/strong> seg\u00fan nueva normativa europea.<\/li>\n<li><strong>Mejor distribuci\u00f3n del calor.<\/strong><\/li>\n<\/ul>\n<p>Un buen horno moderno no lo ser\u00eda tanto si no facilita tambi\u00e9n el proceso de limpieza. Cuando vayas a hacer la <a href=\"https:\/\/www.teka.com\/es-ec\/que-horno-comprar\/\"><strong>comparativa<\/strong> de hornos<\/a>, aseg\u00farate de las facilidades con las que cuenta en este terreno para hacerte la vida m\u00e1s f\u00e1cil. Busca hornos pirol\u00edticos o con sistemas avanzados de limpieza. Pero tambi\u00e9n otros detalles que hagan m\u00e1s <strong>sencillo<\/strong> este trabajo. Por ejemplo, un buen esmalte en los acabados internos del horno que evite que se adhiera la suciedad; o un exterior de acero inoxidable <strong>antihuellas,<\/strong> que mantenga el <strong>brillo<\/strong> del horno como si fuera el primer d\u00eda.<\/p>\n<h3><strong>Cambiar de horno, cambiar de vida<\/strong><\/h3>\n<p>Si tienes que hacer reforma total de <a href=\"https:\/\/shop.teka.com\/\">electrodom\u00e9sticos,<\/a> cambiar de horno es una prioridad. Y si simplemente tu querido horno ya no rinde como antes, hemos hecho un repaso a todo lo que te puede aportar un modelo moderno, para que acabes de decidirte. Est\u00e1s adquiriendo un electrodom\u00e9stico, s\u00ed, pero sobre todo un <strong>aliado<\/strong> en la cocina que te facilite la vida y te permita volver a <strong>disfrutar<\/strong> de la cocina.<\/p>\n<p>Para encontrar el horno que encaje contigo, elabora una peque\u00f1a <strong>lista de deseos<\/strong> con aquello que te gustar\u00eda tener en tu nuevo horno, personal\u00edzalo todo lo que puedas y p\u00e1rate a pensar tambi\u00e9n en las <strong>funciones<\/strong> que se ajusten a tu realidad en la cocina. De poco te sirve comprar un horno que hace una carne estupenda si eres <a href=\"https:\/\/cookinglovers.teka.com\/es\/colecciones\/ideas-con-gracia-para-una-barbacoa-vegana-pro\/\">vegana<\/a> o vegano; pero lo mismo s\u00ed que hay opciones que se adapten a preservar los nutrientes de la verdura con amor, cari\u00f1o y conservando todo el <a href=\"https:\/\/www.teka.com\/es-es\/inspiracion\/como-elegir-un-horno-para-cocinar-al-vapor\/\">sabor.<\/a> Ah\u00ed est\u00e1 tu horno. Todo lo que te haga la vida m\u00e1s f\u00e1cil, bienvenido sea.<\/p>\n<p>&nbsp;<\/p>\n","protected":false},"excerpt":{"rendered":"<p>Por qu\u00e9 cambiar a un horno moderno te hace la vida m\u00e1s f\u00e1cill El horno es uno de los elementos b\u00e1sicos en muchas cocinas. Sea porque lo usas casi a diario para comer de forma m\u00e1s saludable o por simple\u00a0 amor a la cocina, es uno de los electrodom\u00e9sticos m\u00e1s presentes en los hogares. Aunque [&hellip;]<\/p>\n","protected":false},"author":170,"featured_media":126465,"parent":0,"menu_order":0,"comment_status":"closed","ping_status":"closed","template":"","meta":{"_acf_changed":false,"_et_pb_use_builder":"","_et_pb_old_content":"","_et_gb_content_width":"","footnotes":""},"class_list":["post-127952","page","type-page","status-publish","has-post-thumbnail","hentry"],"acf":[],"yoast_head":"<!-- This site is optimized with the Yoast SEO plugin v27.2 - https:\/\/yoast.com\/product\/yoast-seo-wordpress\/ -->\n<title>Por qu\u00e9 cambiar a un horno moderno te hace la vida m\u00e1s f\u00e1cil | Teka Ecuador<\/title>\n<meta name=\"robots\" content=\"index, follow, max-snippet:-1, max-image-preview:large, max-video-preview:-1\" \/>\n<link rel=\"canonical\" href=\"https:\/\/www.teka.com\/es-ec\/por-que-cambiar-a-un-horno-moderno-te-hace-la-vida-mas-facil\/\" \/>\n<meta property=\"og:locale\" content=\"es_ES\" \/>\n<meta property=\"og:type\" content=\"article\" \/>\n<meta property=\"og:title\" content=\"Por qu\u00e9 cambiar a un horno moderno te hace la vida m\u00e1s f\u00e1cil | Teka Ecuador\" \/>\n<meta property=\"og:description\" content=\"Por qu\u00e9 cambiar a un horno moderno te hace la vida m\u00e1s f\u00e1cill El horno es uno de los elementos b\u00e1sicos en muchas cocinas. Sea porque lo usas casi a diario para comer de forma m\u00e1s saludable o por simple\u00a0 amor a la cocina, es uno de los electrodom\u00e9sticos m\u00e1s presentes en los hogares. Aunque [&hellip;]\" \/>\n<meta property=\"og:url\" content=\"https:\/\/www.teka.com\/es-ec\/por-que-cambiar-a-un-horno-moderno-te-hace-la-vida-mas-facil\/\" \/>\n<meta property=\"og:site_name\" content=\"Teka Ecuador\" \/>\n<meta property=\"article:publisher\" content=\"https:\/\/www.facebook.com\/TekaEcuador\" \/>\n<meta property=\"article:modified_time\" content=\"2025-04-28T21:38:55+00:00\" \/>\n<meta property=\"og:image\" content=\"https:\/\/www.teka.com\/es-ec\/wp-content\/uploads\/sites\/20\/2024\/12\/HLB-840-BK-SS-Ambient-1-1024x576.png\" \/>\n\t<meta property=\"og:image:width\" content=\"1024\" \/>\n\t<meta property=\"og:image:height\" content=\"576\" \/>\n\t<meta property=\"og:image:type\" content=\"image\/png\" \/>\n<meta name=\"twitter:card\" content=\"summary_large_image\" \/>\n<meta name=\"twitter:site\" content=\"@TekaEcuador\" \/>\n<meta name=\"twitter:label1\" content=\"Tiempo de lectura\" \/>\n\t<meta name=\"twitter:data1\" content=\"6 minutos\" \/>\n<script type=\"application\/ld+json\" class=\"yoast-schema-graph\">{\"@context\":\"https:\/\/schema.org\",\"@graph\":[{\"@type\":\"WebPage\",\"@id\":\"https:\/\/www.teka.com\/es-ec\/por-que-cambiar-a-un-horno-moderno-te-hace-la-vida-mas-facil\/\",\"url\":\"https:\/\/www.teka.com\/es-ec\/por-que-cambiar-a-un-horno-moderno-te-hace-la-vida-mas-facil\/\",\"name\":\"Por qu\u00e9 cambiar a un horno moderno te hace la vida m\u00e1s f\u00e1cil | Teka Ecuador\",\"isPartOf\":{\"@id\":\"https:\/\/www.teka.com\/es-ec\/#website\"},\"primaryImageOfPage\":{\"@id\":\"https:\/\/www.teka.com\/es-ec\/por-que-cambiar-a-un-horno-moderno-te-hace-la-vida-mas-facil\/#primaryimage\"},\"image\":{\"@id\":\"https:\/\/www.teka.com\/es-ec\/por-que-cambiar-a-un-horno-moderno-te-hace-la-vida-mas-facil\/#primaryimage\"},\"thumbnailUrl\":\"https:\/\/www.teka.com\/es-ec\/wp-content\/uploads\/sites\/20\/2024\/12\/HLB-840-BK-SS-Ambient-1.png\",\"datePublished\":\"2025-04-28T21:36:38+00:00\",\"dateModified\":\"2025-04-28T21:38:55+00:00\",\"inLanguage\":\"es\",\"potentialAction\":[{\"@type\":\"ReadAction\",\"target\":[\"https:\/\/www.teka.com\/es-ec\/por-que-cambiar-a-un-horno-moderno-te-hace-la-vida-mas-facil\/\"]}]},{\"@type\":\"ImageObject\",\"inLanguage\":\"es\",\"@id\":\"https:\/\/www.teka.com\/es-ec\/por-que-cambiar-a-un-horno-moderno-te-hace-la-vida-mas-facil\/#primaryimage\",\"url\":\"https:\/\/www.teka.com\/es-ec\/wp-content\/uploads\/sites\/20\/2024\/12\/HLB-840-BK-SS-Ambient-1.png\",\"contentUrl\":\"https:\/\/www.teka.com\/es-ec\/wp-content\/uploads\/sites\/20\/2024\/12\/HLB-840-BK-SS-Ambient-1.png\",\"width\":3840,\"height\":2160},{\"@type\":\"WebSite\",\"@id\":\"https:\/\/www.teka.com\/es-ec\/#website\",\"url\":\"https:\/\/www.teka.com\/es-ec\/\",\"name\":\"Teka Ecuador\",\"description\":\"\",\"publisher\":{\"@id\":\"https:\/\/www.teka.com\/es-ec\/#organization\"},\"potentialAction\":[{\"@type\":\"SearchAction\",\"target\":{\"@type\":\"EntryPoint\",\"urlTemplate\":\"https:\/\/www.teka.com\/es-ec\/?s={search_term_string}\"},\"query-input\":{\"@type\":\"PropertyValueSpecification\",\"valueRequired\":true,\"valueName\":\"search_term_string\"}}],\"inLanguage\":\"es\"},{\"@type\":\"Organization\",\"@id\":\"https:\/\/www.teka.com\/es-ec\/#organization\",\"name\":\"Teka Ecuador\",\"url\":\"https:\/\/www.teka.com\/es-ec\/\",\"logo\":{\"@type\":\"ImageObject\",\"inLanguage\":\"es\",\"@id\":\"https:\/\/www.teka.com\/es-ec\/#\/schema\/logo\/image\/\",\"url\":\"https:\/\/www.teka.com\/es-ec\/wp-content\/uploads\/sites\/20\/2019\/03\/Lg_TEKA_Red_Box_RGB-1.svg\",\"contentUrl\":\"https:\/\/www.teka.com\/es-ec\/wp-content\/uploads\/sites\/20\/2019\/03\/Lg_TEKA_Red_Box_RGB-1.svg\",\"width\":1,\"height\":1,\"caption\":\"Teka Ecuador\"},\"image\":{\"@id\":\"https:\/\/www.teka.com\/es-ec\/#\/schema\/logo\/image\/\"},\"sameAs\":[\"https:\/\/www.facebook.com\/TekaEcuador\",\"https:\/\/x.com\/TekaEcuador\",\"https:\/\/www.instagram.com\/tekaecuador\/\",\"https:\/\/www.linkedin.com\/company\/79951050\/\",\"https:\/\/www.youtube.com\/channel\/UCxMGBvrLxnh2N7SmSygTooA\"]}]}<\/script>\n<!-- \/ Yoast SEO plugin. -->","yoast_head_json":{"title":"Por qu\u00e9 cambiar a un horno moderno te hace la vida m\u00e1s f\u00e1cil | Teka Ecuador","robots":{"index":"index","follow":"follow","max-snippet":"max-snippet:-1","max-image-preview":"max-image-preview:large","max-video-preview":"max-video-preview:-1"},"canonical":"https:\/\/www.teka.com\/es-ec\/por-que-cambiar-a-un-horno-moderno-te-hace-la-vida-mas-facil\/","og_locale":"es_ES","og_type":"article","og_title":"Por qu\u00e9 cambiar a un horno moderno te hace la vida m\u00e1s f\u00e1cil | Teka Ecuador","og_description":"Por qu\u00e9 cambiar a un horno moderno te hace la vida m\u00e1s f\u00e1cill El horno es uno de los elementos b\u00e1sicos en muchas cocinas. Sea porque lo usas casi a diario para comer de forma m\u00e1s saludable o por simple\u00a0 amor a la cocina, es uno de los electrodom\u00e9sticos m\u00e1s presentes en los hogares. Aunque [&hellip;]","og_url":"https:\/\/www.teka.com\/es-ec\/por-que-cambiar-a-un-horno-moderno-te-hace-la-vida-mas-facil\/","og_site_name":"Teka Ecuador","article_publisher":"https:\/\/www.facebook.com\/TekaEcuador","article_modified_time":"2025-04-28T21:38:55+00:00","og_image":[{"width":1024,"height":576,"url":"https:\/\/www.teka.com\/es-ec\/wp-content\/uploads\/sites\/20\/2024\/12\/HLB-840-BK-SS-Ambient-1-1024x576.png","type":"image\/png"}],"twitter_card":"summary_large_image","twitter_site":"@TekaEcuador","twitter_misc":{"Tiempo de lectura":"6 minutos"},"schema":{"@context":"https:\/\/schema.org","@graph":[{"@type":"WebPage","@id":"https:\/\/www.teka.com\/es-ec\/por-que-cambiar-a-un-horno-moderno-te-hace-la-vida-mas-facil\/","url":"https:\/\/www.teka.com\/es-ec\/por-que-cambiar-a-un-horno-moderno-te-hace-la-vida-mas-facil\/","name":"Por qu\u00e9 cambiar a un horno moderno te hace la vida m\u00e1s f\u00e1cil | Teka Ecuador","isPartOf":{"@id":"https:\/\/www.teka.com\/es-ec\/#website"},"primaryImageOfPage":{"@id":"https:\/\/www.teka.com\/es-ec\/por-que-cambiar-a-un-horno-moderno-te-hace-la-vida-mas-facil\/#primaryimage"},"image":{"@id":"https:\/\/www.teka.com\/es-ec\/por-que-cambiar-a-un-horno-moderno-te-hace-la-vida-mas-facil\/#primaryimage"},"thumbnailUrl":"https:\/\/www.teka.com\/es-ec\/wp-content\/uploads\/sites\/20\/2024\/12\/HLB-840-BK-SS-Ambient-1.png","datePublished":"2025-04-28T21:36:38+00:00","dateModified":"2025-04-28T21:38:55+00:00","inLanguage":"es","potentialAction":[{"@type":"ReadAction","target":["https:\/\/www.teka.com\/es-ec\/por-que-cambiar-a-un-horno-moderno-te-hace-la-vida-mas-facil\/"]}]},{"@type":"ImageObject","inLanguage":"es","@id":"https:\/\/www.teka.com\/es-ec\/por-que-cambiar-a-un-horno-moderno-te-hace-la-vida-mas-facil\/#primaryimage","url":"https:\/\/www.teka.com\/es-ec\/wp-content\/uploads\/sites\/20\/2024\/12\/HLB-840-BK-SS-Ambient-1.png","contentUrl":"https:\/\/www.teka.com\/es-ec\/wp-content\/uploads\/sites\/20\/2024\/12\/HLB-840-BK-SS-Ambient-1.png","width":3840,"height":2160},{"@type":"WebSite","@id":"https:\/\/www.teka.com\/es-ec\/#website","url":"https:\/\/www.teka.com\/es-ec\/","name":"Teka Ecuador","description":"","publisher":{"@id":"https:\/\/www.teka.com\/es-ec\/#organization"},"potentialAction":[{"@type":"SearchAction","target":{"@type":"EntryPoint","urlTemplate":"https:\/\/www.teka.com\/es-ec\/?s={search_term_string}"},"query-input":{"@type":"PropertyValueSpecification","valueRequired":true,"valueName":"search_term_string"}}],"inLanguage":"es"},{"@type":"Organization","@id":"https:\/\/www.teka.com\/es-ec\/#organization","name":"Teka Ecuador","url":"https:\/\/www.teka.com\/es-ec\/","logo":{"@type":"ImageObject","inLanguage":"es","@id":"https:\/\/www.teka.com\/es-ec\/#\/schema\/logo\/image\/","url":"https:\/\/www.teka.com\/es-ec\/wp-content\/uploads\/sites\/20\/2019\/03\/Lg_TEKA_Red_Box_RGB-1.svg","contentUrl":"https:\/\/www.teka.com\/es-ec\/wp-content\/uploads\/sites\/20\/2019\/03\/Lg_TEKA_Red_Box_RGB-1.svg","width":1,"height":1,"caption":"Teka Ecuador"},"image":{"@id":"https:\/\/www.teka.com\/es-ec\/#\/schema\/logo\/image\/"},"sameAs":["https:\/\/www.facebook.com\/TekaEcuador","https:\/\/x.com\/TekaEcuador","https:\/\/www.instagram.com\/tekaecuador\/","https:\/\/www.linkedin.com\/company\/79951050\/","https:\/\/www.youtube.com\/channel\/UCxMGBvrLxnh2N7SmSygTooA"]}]}},"_links":{"self":[{"href":"https:\/\/www.teka.com\/es-ec\/wp-json\/wp\/v2\/pages\/127952","targetHints":{"allow":["GET"]}}],"collection":[{"href":"https:\/\/www.teka.com\/es-ec\/wp-json\/wp\/v2\/pages"}],"about":[{"href":"https:\/\/www.teka.com\/es-ec\/wp-json\/wp\/v2\/types\/page"}],"author":[{"embeddable":true,"href":"https:\/\/www.teka.com\/es-ec\/wp-json\/wp\/v2\/users\/170"}],"replies":[{"embeddable":true,"href":"https:\/\/www.teka.com\/es-ec\/wp-json\/wp\/v2\/comments?post=127952"}],"version-history":[{"count":4,"href":"https:\/\/www.teka.com\/es-ec\/wp-json\/wp\/v2\/pages\/127952\/revisions"}],"predecessor-version":[{"id":127956,"href":"https:\/\/www.teka.com\/es-ec\/wp-json\/wp\/v2\/pages\/127952\/revisions\/127956"}],"wp:featuredmedia":[{"embeddable":true,"href":"https:\/\/www.teka.com\/es-ec\/wp-json\/wp\/v2\/media\/126465"}],"wp:attachment":[{"href":"https:\/\/www.teka.com\/es-ec\/wp-json\/wp\/v2\/media?parent=127952"}],"curies":[{"name":"wp","href":"https:\/\/api.w.org\/{rel}","templated":true}]}}