{"id":23564,"date":"2018-09-24T15:55:57","date_gmt":"2018-09-24T13:55:57","guid":{"rendered":"http:\/\/teka.com\/?page_id=23564"},"modified":"2022-01-21T12:54:47","modified_gmt":"2022-01-21T17:54:47","slug":"condiciones-garantia","status":"publish","type":"page","link":"https:\/\/www.teka.com\/es-ec\/soporte\/condiciones-garantia\/","title":{"rendered":"Condiciones de garant\u00eda"},"content":{"rendered":"<p>[et_pb_section fb_built=\u00bb1&#8243; module_id=\u00bblegal-container\u00bb _builder_version=\u00bb3.22&#8243;][et_pb_row _builder_version=\u00bb3.25&#8243;][et_pb_column type=\u00bb4_4&#8243; _builder_version=\u00bb3.25&#8243; custom_padding=\u00bb|||\u00bb custom_padding__hover=\u00bb|||\u00bb][et_pb_text _builder_version=\u00bb3.27.4&#8243; hover_enabled=\u00bb0&#8243; sticky_enabled=\u00bb0&#8243;]<\/p>\n<h1>Condiciones de <strong>garant\u00eda<\/strong><\/h1>\n<p>[\/et_pb_text][et_pb_text _builder_version=\u00bb4.9.2&#8243; hover_enabled=\u00bb0&#8243; sticky_enabled=\u00bb0&#8243;]<\/p>\n<p>Teka Ecuador, S.A. garantiza este artefacto por el plazo de 12 meses desde la fecha de la factura de compra, con todo defecto de fabricaci\u00f3n, comprometi\u00e9ndose a reponer, gratuitamente, cualquier pieza defectuosa hasta conseguir el funcionamiento correcto del aparato.<\/p>\n<p>Cualquier pieza de repuesto que sea reemplazada al artefacto, en cumplimiento de la garant\u00eda se\u00f1alada, solo est\u00e1 garantizada por el tiempo que falte por transcurrir para el vencimiento de la garant\u00eda original.<\/p>\n<p>No son objeto de esta garant\u00eda, las l\u00e1mparas, cristales, pl\u00e1sticos y esmaltes que hayan sufrido golpes, as\u00ed como las aver\u00edas producidas por el mal<br \/>uso, instalaci\u00f3n incorrecta o por la manipulaci\u00f3n de personas no autorizadas, da\u00f1os o fallas de funcionamiento ocasionados por conexiones el\u00e9ctricas y\/o de gas deficientes, fluctuaciones de voltaje en la red el\u00e9ctrica, interrupciones del suministro de energ\u00eda el\u00e9ctrica, sobre o baja presi\u00f3n de gas o hidr\u00e1ulica, suministros de agua sin tratamiento, tales como pozos, r\u00edos, etc; da\u00f1os o fallas del producto causadas por incendios, inundaciones, fen\u00f3menos de la naturaleza y\/o eventos de fuerza mayor o caso fortuito; golpes o maltratos; insectos, roedores y\/u otros animales<\/p>\n<p>Este artefacto fue dise\u00f1ado para ser reparado a domicilio, de tal manera, que las reparaciones cubiertas bajo la garant\u00eda especificada anteriormente,<br \/>deber\u00e1n hacerse a trav\u00e9s de los Talleres Autorizados de Teka Ecuador, S.A., en el sitio donde est\u00e9 instalado el artefacto.<br \/>Los costos de recogida, transporte, y entregar del producto a petici\u00f3n del usuario, ser\u00e1n responsabilidad de este.<\/p>\n<p>Todas las garant\u00edas a que se refiere el presente certificado pierden su validez si el artefacto no es utilizado dom\u00e9sticamente.<br \/>Teka Ecuador, S.A., queda expresamente excluida de cualquier responsabilidad sobre eventuales da\u00f1os directos o indirectos a personas o cosas, por aver\u00edas o defectos del aparato producidos por manipulaci\u00f3n indebida.<br \/>Para hacer efectiva la garant\u00eda indicada en este certificado, el usuario deber\u00e1 presentar el certificado f\u00edsico, y su correspondiente factura o documento<br \/>de compra al t\u00e9cnico del Taller Autorizado de Teka Ecuador, S.A., antes de efectuar cualquier reparaci\u00f3n.<br \/>El certificado y las garant\u00edas otorgadas quedar\u00e1n autom\u00e1ticamente canceladas, si los n\u00fameros de modelo o serie, tanto en el artefacto como en esta garant\u00eda, as\u00ed como los datos de la factura o documento de compra o el n\u00famero del mismo hayan sido alterados, mutilados o eliminados.<\/p>\n<p>Todo personal t\u00e9cnico de los Talleres Autorizados de Teka Ecuador, S.A., deber\u00e1 llevar una credencial que les identificar\u00e1, expedida por Teka Ecuador, S.A.<\/p>\n<p>Para obtener los servicios de garant\u00eda, comun\u00edquese con Teka Ecuador, S.A. en Guayaquil 0994500696 \/ 1700-222 222 o enviando un correo a sat@teka.ec<\/p>\n<p>[\/et_pb_text][\/et_pb_column][\/et_pb_row][\/et_pb_section]<\/p>\n","protected":false},"excerpt":{"rendered":"<p>Condiciones de garant\u00eda Teka Ecuador, S.A. garantiza este artefacto por el plazo de 12 meses desde la fecha de la factura de compra, con todo defecto de fabricaci\u00f3n, comprometi\u00e9ndose a reponer, gratuitamente, cualquier pieza defectuosa hasta conseguir el funcionamiento correcto del aparato. Cualquier pieza de repuesto que sea reemplazada al artefacto, en cumplimiento de la [&hellip;]<\/p>\n","protected":false},"author":9,"featured_media":0,"parent":5193,"menu_order":0,"comment_status":"closed","ping_status":"closed","template":"","meta":{"_acf_changed":false,"_et_pb_use_builder":"on","_et_pb_old_content":"","_et_gb_content_width":"","footnotes":""},"class_list":["post-23564","page","type-page","status-publish","hentry"],"acf":[],"yoast_head":"<!-- This site is optimized with the Yoast SEO plugin v27.2 - https:\/\/yoast.com\/product\/yoast-seo-wordpress\/ -->\n<title>Consulta las condiciones de garant\u00eda | Teka Ecuador<\/title>\n<meta name=\"description\" content=\"Conoce las condiciones, coberturas y exclusiones de la garant\u00eda Teka. Para cualquier duda contacta con nosotros.\" \/>\n<meta name=\"robots\" content=\"index, follow, max-snippet:-1, max-image-preview:large, max-video-preview:-1\" \/>\n<link rel=\"canonical\" href=\"https:\/\/www.teka.com\/es-ec\/soporte\/condiciones-garantia\/\" \/>\n<meta property=\"og:locale\" content=\"es_ES\" \/>\n<meta property=\"og:type\" content=\"article\" \/>\n<meta property=\"og:title\" content=\"Consulta las condiciones de garant\u00eda | Teka Ecuador\" \/>\n<meta property=\"og:description\" content=\"Conoce las condiciones, coberturas y exclusiones de la garant\u00eda Teka. Para cualquier duda contacta con nosotros.\" \/>\n<meta property=\"og:url\" content=\"https:\/\/www.teka.com\/es-ec\/soporte\/condiciones-garantia\/\" \/>\n<meta property=\"og:site_name\" content=\"Teka Ecuador\" \/>\n<meta property=\"article:publisher\" content=\"https:\/\/www.facebook.com\/TekaEcuador\" \/>\n<meta property=\"article:modified_time\" content=\"2022-01-21T17:54:47+00:00\" \/>\n<meta property=\"og:image\" content=\"https:\/\/www.teka.com\/es-ec\/wp-content\/uploads\/sites\/20\/2021\/08\/logo_redondo_info.png\" \/>\n\t<meta property=\"og:image:width\" content=\"300\" \/>\n\t<meta property=\"og:image:height\" content=\"286\" \/>\n\t<meta property=\"og:image:type\" content=\"image\/png\" \/>\n<meta name=\"twitter:card\" content=\"summary_large_image\" \/>\n<meta name=\"twitter:site\" content=\"@TekaEcuador\" \/>\n<meta name=\"twitter:label1\" content=\"Tiempo de lectura\" \/>\n\t<meta name=\"twitter:data1\" content=\"3 minutos\" \/>\n<script type=\"application\/ld+json\" class=\"yoast-schema-graph\">{\"@context\":\"https:\/\/schema.org\",\"@graph\":[{\"@type\":\"WebPage\",\"@id\":\"https:\/\/www.teka.com\/es-ec\/soporte\/condiciones-garantia\/\",\"url\":\"https:\/\/www.teka.com\/es-ec\/soporte\/condiciones-garantia\/\",\"name\":\"Consulta las condiciones de garant\u00eda | Teka Ecuador\",\"isPartOf\":{\"@id\":\"https:\/\/www.teka.com\/es-ec\/#website\"},\"datePublished\":\"2018-09-24T13:55:57+00:00\",\"dateModified\":\"2022-01-21T17:54:47+00:00\",\"description\":\"Conoce las condiciones, coberturas y exclusiones de la garant\u00eda Teka. Para cualquier duda contacta con nosotros.\",\"breadcrumb\":{\"@id\":\"https:\/\/www.teka.com\/es-ec\/soporte\/condiciones-garantia\/#breadcrumb\"},\"inLanguage\":\"es\",\"potentialAction\":[{\"@type\":\"ReadAction\",\"target\":[\"https:\/\/www.teka.com\/es-ec\/soporte\/condiciones-garantia\/\"]}]},{\"@type\":\"BreadcrumbList\",\"@id\":\"https:\/\/www.teka.com\/es-ec\/soporte\/condiciones-garantia\/#breadcrumb\",\"itemListElement\":[{\"@type\":\"ListItem\",\"position\":1,\"name\":\"Soporte\",\"item\":\"https:\/\/www.teka.com\/es-ec\/soporte\/\"},{\"@type\":\"ListItem\",\"position\":2,\"name\":\"Condiciones de garant\u00eda\"}]},{\"@type\":\"WebSite\",\"@id\":\"https:\/\/www.teka.com\/es-ec\/#website\",\"url\":\"https:\/\/www.teka.com\/es-ec\/\",\"name\":\"Teka Ecuador\",\"description\":\"\",\"publisher\":{\"@id\":\"https:\/\/www.teka.com\/es-ec\/#organization\"},\"potentialAction\":[{\"@type\":\"SearchAction\",\"target\":{\"@type\":\"EntryPoint\",\"urlTemplate\":\"https:\/\/www.teka.com\/es-ec\/?s={search_term_string}\"},\"query-input\":{\"@type\":\"PropertyValueSpecification\",\"valueRequired\":true,\"valueName\":\"search_term_string\"}}],\"inLanguage\":\"es\"},{\"@type\":\"Organization\",\"@id\":\"https:\/\/www.teka.com\/es-ec\/#organization\",\"name\":\"Teka Ecuador\",\"url\":\"https:\/\/www.teka.com\/es-ec\/\",\"logo\":{\"@type\":\"ImageObject\",\"inLanguage\":\"es\",\"@id\":\"https:\/\/www.teka.com\/es-ec\/#\/schema\/logo\/image\/\",\"url\":\"https:\/\/www.teka.com\/es-ec\/wp-content\/uploads\/sites\/20\/2019\/03\/Lg_TEKA_Red_Box_RGB-1.svg\",\"contentUrl\":\"https:\/\/www.teka.com\/es-ec\/wp-content\/uploads\/sites\/20\/2019\/03\/Lg_TEKA_Red_Box_RGB-1.svg\",\"width\":1,\"height\":1,\"caption\":\"Teka Ecuador\"},\"image\":{\"@id\":\"https:\/\/www.teka.com\/es-ec\/#\/schema\/logo\/image\/\"},\"sameAs\":[\"https:\/\/www.facebook.com\/TekaEcuador\",\"https:\/\/x.com\/TekaEcuador\",\"https:\/\/www.instagram.com\/tekaecuador\/\",\"https:\/\/www.linkedin.com\/company\/79951050\/\",\"https:\/\/www.youtube.com\/channel\/UCxMGBvrLxnh2N7SmSygTooA\"]}]}<\/script>\n<!-- \/ Yoast SEO plugin. -->","yoast_head_json":{"title":"Consulta las condiciones de garant\u00eda | Teka Ecuador","description":"Conoce las condiciones, coberturas y exclusiones de la garant\u00eda Teka. Para cualquier duda contacta con nosotros.","robots":{"index":"index","follow":"follow","max-snippet":"max-snippet:-1","max-image-preview":"max-image-preview:large","max-video-preview":"max-video-preview:-1"},"canonical":"https:\/\/www.teka.com\/es-ec\/soporte\/condiciones-garantia\/","og_locale":"es_ES","og_type":"article","og_title":"Consulta las condiciones de garant\u00eda | Teka Ecuador","og_description":"Conoce las condiciones, coberturas y exclusiones de la garant\u00eda Teka. Para cualquier duda contacta con nosotros.","og_url":"https:\/\/www.teka.com\/es-ec\/soporte\/condiciones-garantia\/","og_site_name":"Teka Ecuador","article_publisher":"https:\/\/www.facebook.com\/TekaEcuador","article_modified_time":"2022-01-21T17:54:47+00:00","og_image":[{"width":300,"height":286,"url":"https:\/\/www.teka.com\/es-ec\/wp-content\/uploads\/sites\/20\/2021\/08\/logo_redondo_info.png","type":"image\/png"}],"twitter_card":"summary_large_image","twitter_site":"@TekaEcuador","twitter_misc":{"Tiempo de lectura":"3 minutos"},"schema":{"@context":"https:\/\/schema.org","@graph":[{"@type":"WebPage","@id":"https:\/\/www.teka.com\/es-ec\/soporte\/condiciones-garantia\/","url":"https:\/\/www.teka.com\/es-ec\/soporte\/condiciones-garantia\/","name":"Consulta las condiciones de garant\u00eda | Teka Ecuador","isPartOf":{"@id":"https:\/\/www.teka.com\/es-ec\/#website"},"datePublished":"2018-09-24T13:55:57+00:00","dateModified":"2022-01-21T17:54:47+00:00","description":"Conoce las condiciones, coberturas y exclusiones de la garant\u00eda Teka. Para cualquier duda contacta con nosotros.","breadcrumb":{"@id":"https:\/\/www.teka.com\/es-ec\/soporte\/condiciones-garantia\/#breadcrumb"},"inLanguage":"es","potentialAction":[{"@type":"ReadAction","target":["https:\/\/www.teka.com\/es-ec\/soporte\/condiciones-garantia\/"]}]},{"@type":"BreadcrumbList","@id":"https:\/\/www.teka.com\/es-ec\/soporte\/condiciones-garantia\/#breadcrumb","itemListElement":[{"@type":"ListItem","position":1,"name":"Soporte","item":"https:\/\/www.teka.com\/es-ec\/soporte\/"},{"@type":"ListItem","position":2,"name":"Condiciones de garant\u00eda"}]},{"@type":"WebSite","@id":"https:\/\/www.teka.com\/es-ec\/#website","url":"https:\/\/www.teka.com\/es-ec\/","name":"Teka Ecuador","description":"","publisher":{"@id":"https:\/\/www.teka.com\/es-ec\/#organization"},"potentialAction":[{"@type":"SearchAction","target":{"@type":"EntryPoint","urlTemplate":"https:\/\/www.teka.com\/es-ec\/?s={search_term_string}"},"query-input":{"@type":"PropertyValueSpecification","valueRequired":true,"valueName":"search_term_string"}}],"inLanguage":"es"},{"@type":"Organization","@id":"https:\/\/www.teka.com\/es-ec\/#organization","name":"Teka Ecuador","url":"https:\/\/www.teka.com\/es-ec\/","logo":{"@type":"ImageObject","inLanguage":"es","@id":"https:\/\/www.teka.com\/es-ec\/#\/schema\/logo\/image\/","url":"https:\/\/www.teka.com\/es-ec\/wp-content\/uploads\/sites\/20\/2019\/03\/Lg_TEKA_Red_Box_RGB-1.svg","contentUrl":"https:\/\/www.teka.com\/es-ec\/wp-content\/uploads\/sites\/20\/2019\/03\/Lg_TEKA_Red_Box_RGB-1.svg","width":1,"height":1,"caption":"Teka Ecuador"},"image":{"@id":"https:\/\/www.teka.com\/es-ec\/#\/schema\/logo\/image\/"},"sameAs":["https:\/\/www.facebook.com\/TekaEcuador","https:\/\/x.com\/TekaEcuador","https:\/\/www.instagram.com\/tekaecuador\/","https:\/\/www.linkedin.com\/company\/79951050\/","https:\/\/www.youtube.com\/channel\/UCxMGBvrLxnh2N7SmSygTooA"]}]}},"_links":{"self":[{"href":"https:\/\/www.teka.com\/es-ec\/wp-json\/wp\/v2\/pages\/23564","targetHints":{"allow":["GET"]}}],"collection":[{"href":"https:\/\/www.teka.com\/es-ec\/wp-json\/wp\/v2\/pages"}],"about":[{"href":"https:\/\/www.teka.com\/es-ec\/wp-json\/wp\/v2\/types\/page"}],"author":[{"embeddable":true,"href":"https:\/\/www.teka.com\/es-ec\/wp-json\/wp\/v2\/users\/9"}],"replies":[{"embeddable":true,"href":"https:\/\/www.teka.com\/es-ec\/wp-json\/wp\/v2\/comments?post=23564"}],"version-history":[{"count":17,"href":"https:\/\/www.teka.com\/es-ec\/wp-json\/wp\/v2\/pages\/23564\/revisions"}],"predecessor-version":[{"id":122880,"href":"https:\/\/www.teka.com\/es-ec\/wp-json\/wp\/v2\/pages\/23564\/revisions\/122880"}],"up":[{"embeddable":true,"href":"https:\/\/www.teka.com\/es-ec\/wp-json\/wp\/v2\/pages\/5193"}],"wp:attachment":[{"href":"https:\/\/www.teka.com\/es-ec\/wp-json\/wp\/v2\/media?parent=23564"}],"curies":[{"name":"wp","href":"https:\/\/api.w.org\/{rel}","templated":true}]}}