{"id":4713,"date":"2018-07-25T09:21:25","date_gmt":"2018-07-25T07:21:25","guid":{"rendered":"http:\/\/teka.com\/?page_id=4713"},"modified":"2022-12-29T10:44:47","modified_gmt":"2022-12-29T15:44:47","slug":"catalogos","status":"publish","type":"page","link":"https:\/\/www.teka.com\/es-ec\/catalogos\/","title":{"rendered":"Descarga de cat\u00e1logos"},"content":{"rendered":"<p>[et_pb_section fb_built=\u00bb1&#8243; module_id=\u00bbdescarga-catalogos-top\u00bb _builder_version=\u00bb3.22&#8243; background_image=\u00bbhttps:\/\/www.teka.com\/wp-content\/uploads\/sites\/3\/2018\/08\/descarga-catalogos-1.jpg\u00bb background_position=\u00bbcenter_right\u00bb][et_pb_row column_structure=\u00bb1_2,1_2&#8243; _builder_version=\u00bb3.25&#8243;][et_pb_column type=\u00bb1_2&#8243; module_id=\u00bbdescarga-catalogos-top-text\u00bb _builder_version=\u00bb3.25&#8243; custom_padding=\u00bb|||\u00bb custom_padding__hover=\u00bb|||\u00bb][et_pb_text _builder_version=\u00bb4.9.2&#8243; background_layout=\u00bbdark\u00bb]<\/p>\n<h1>Cat\u00e1logo Teka Ecuador<\/h1>\n<p>Descarga nuestro cat\u00e1logo completo de productos. En \u00e9l podr\u00e1s encontrar todas las novedades y gamas de producto disponibles, as\u00ed como las caracter\u00edsticas e informaci\u00f3n detallada.<\/p>\n<p>[\/et_pb_text][\/et_pb_column][et_pb_column type=\u00bb1_2&#8243; module_id=\u00bbdescarga-catalogos-top-img\u00bb _builder_version=\u00bb3.25&#8243; custom_padding=\u00bb|||\u00bb custom_padding__hover=\u00bb|||\u00bb][et_pb_image src=\u00bbhttps:\/\/www.teka.com\/es-ec\/wp-content\/uploads\/sites\/20\/2020\/08\/Teka-Kitchen-Appliances-2020.png\u00bb title_text=\u00bbTeka-Kitchen-Appliances-2020&#8243; align_tablet=\u00bbcenter\u00bb align_phone=\u00bb\u00bb align_last_edited=\u00bbon|desktop\u00bb _builder_version=\u00bb4.4.6&#8243;][\/et_pb_image][\/et_pb_column][\/et_pb_row][\/et_pb_section][et_pb_section fb_built=\u00bb1&#8243; _builder_version=\u00bb3.22&#8243;][et_pb_row _builder_version=\u00bb3.25&#8243; background_size=\u00bbinitial\u00bb background_position=\u00bbtop_left\u00bb background_repeat=\u00bbrepeat\u00bb][et_pb_column type=\u00bb4_4&#8243; _builder_version=\u00bb3.25&#8243; custom_padding=\u00bb|||\u00bb custom_padding__hover=\u00bb|||\u00bb][et_pb_catalogs fullwidth=\u00bboff\u00bb show_categories=\u00bboff\u00bb show_pagination=\u00bboff\u00bb _builder_version=\u00bb4.9.2&#8243; hover_enabled=\u00bb0&#8243; title_font_size_tablet=\u00bb51&#8243; title_line_height_tablet=\u00bb2&#8243; caption_font_size_tablet=\u00bb51&#8243; caption_line_height_tablet=\u00bb2&#8243; pagination_font_size_tablet=\u00bb51&#8243; pagination_line_height_tablet=\u00bb2&#8243; sticky_enabled=\u00bb0&#8243;][\/et_pb_catalogs][\/et_pb_column][\/et_pb_row][\/et_pb_section]<\/p>\n","protected":false},"excerpt":{"rendered":"<p>Cat\u00e1logo Teka Ecuador Descarga nuestro cat\u00e1logo completo de productos. En \u00e9l podr\u00e1s encontrar todas las novedades y gamas de producto disponibles, as\u00ed como las caracter\u00edsticas e informaci\u00f3n detallada.[et_pb_catalogs fullwidth=\u00bboff\u00bb show_categories=\u00bboff\u00bb show_pagination=\u00bboff\u00bb _builder_version=\u00bb4.9.2&#8243; hover_enabled=\u00bb0&#8243; title_font_size_tablet=\u00bb51&#8243; title_line_height_tablet=\u00bb2&#8243; caption_font_size_tablet=\u00bb51&#8243; caption_line_height_tablet=\u00bb2&#8243; pagination_font_size_tablet=\u00bb51&#8243; pagination_line_height_tablet=\u00bb2&#8243; sticky_enabled=\u00bb0&#8243;][\/et_pb_catalogs]<\/p>\n","protected":false},"author":9,"featured_media":0,"parent":0,"menu_order":0,"comment_status":"closed","ping_status":"closed","template":"","meta":{"_acf_changed":false,"_et_pb_use_builder":"on","_et_pb_old_content":"","_et_gb_content_width":"","footnotes":""},"class_list":["post-4713","page","type-page","status-publish","hentry"],"acf":[],"yoast_head":"<!-- This site is optimized with the Yoast SEO plugin v27.2 - https:\/\/yoast.com\/product\/yoast-seo-wordpress\/ -->\n<title>Descarga de cat\u00e1logos de Cocina | Teka Ecuador<\/title>\n<meta name=\"description\" content=\"Descarga todos los cat\u00e1logos de cocina y electrodom\u00e9sticos Teka.\" \/>\n<meta name=\"robots\" content=\"index, follow, max-snippet:-1, max-image-preview:large, max-video-preview:-1\" \/>\n<link rel=\"canonical\" href=\"https:\/\/www.teka.com\/es-ec\/catalogos\/\" \/>\n<meta property=\"og:locale\" content=\"es_ES\" \/>\n<meta property=\"og:type\" content=\"article\" \/>\n<meta property=\"og:title\" content=\"Descarga de cat\u00e1logos de Cocina | Teka Ecuador\" \/>\n<meta property=\"og:description\" content=\"Descarga todos los cat\u00e1logos de cocina y electrodom\u00e9sticos Teka.\" \/>\n<meta property=\"og:url\" content=\"https:\/\/www.teka.com\/es-ec\/catalogos\/\" \/>\n<meta property=\"og:site_name\" content=\"Teka Ecuador\" \/>\n<meta property=\"article:publisher\" content=\"https:\/\/www.facebook.com\/TekaEcuador\" \/>\n<meta property=\"article:modified_time\" content=\"2022-12-29T15:44:47+00:00\" \/>\n<meta property=\"og:image\" content=\"https:\/\/www.teka.com\/es-ec\/wp-content\/uploads\/sites\/20\/2021\/08\/logo_redondo_info.png\" \/>\n\t<meta property=\"og:image:width\" content=\"300\" \/>\n\t<meta property=\"og:image:height\" content=\"286\" \/>\n\t<meta property=\"og:image:type\" content=\"image\/png\" \/>\n<meta name=\"twitter:card\" content=\"summary_large_image\" \/>\n<meta name=\"twitter:site\" content=\"@TekaEcuador\" \/>\n<meta name=\"twitter:label1\" content=\"Tiempo de lectura\" \/>\n\t<meta name=\"twitter:data1\" content=\"1 minuto\" \/>\n<script type=\"application\/ld+json\" class=\"yoast-schema-graph\">{\"@context\":\"https:\/\/schema.org\",\"@graph\":[{\"@type\":\"WebPage\",\"@id\":\"https:\/\/www.teka.com\/es-ec\/catalogos\/\",\"url\":\"https:\/\/www.teka.com\/es-ec\/catalogos\/\",\"name\":\"Descarga de cat\u00e1logos de Cocina | Teka Ecuador\",\"isPartOf\":{\"@id\":\"https:\/\/www.teka.com\/es-ec\/#website\"},\"datePublished\":\"2018-07-25T07:21:25+00:00\",\"dateModified\":\"2022-12-29T15:44:47+00:00\",\"description\":\"Descarga todos los cat\u00e1logos de cocina y electrodom\u00e9sticos Teka.\",\"inLanguage\":\"es\",\"potentialAction\":[{\"@type\":\"ReadAction\",\"target\":[\"https:\/\/www.teka.com\/es-ec\/catalogos\/\"]}]},{\"@type\":\"WebSite\",\"@id\":\"https:\/\/www.teka.com\/es-ec\/#website\",\"url\":\"https:\/\/www.teka.com\/es-ec\/\",\"name\":\"Teka Ecuador\",\"description\":\"\",\"publisher\":{\"@id\":\"https:\/\/www.teka.com\/es-ec\/#organization\"},\"potentialAction\":[{\"@type\":\"SearchAction\",\"target\":{\"@type\":\"EntryPoint\",\"urlTemplate\":\"https:\/\/www.teka.com\/es-ec\/?s={search_term_string}\"},\"query-input\":{\"@type\":\"PropertyValueSpecification\",\"valueRequired\":true,\"valueName\":\"search_term_string\"}}],\"inLanguage\":\"es\"},{\"@type\":\"Organization\",\"@id\":\"https:\/\/www.teka.com\/es-ec\/#organization\",\"name\":\"Teka Ecuador\",\"url\":\"https:\/\/www.teka.com\/es-ec\/\",\"logo\":{\"@type\":\"ImageObject\",\"inLanguage\":\"es\",\"@id\":\"https:\/\/www.teka.com\/es-ec\/#\/schema\/logo\/image\/\",\"url\":\"https:\/\/www.teka.com\/es-ec\/wp-content\/uploads\/sites\/20\/2019\/03\/Lg_TEKA_Red_Box_RGB-1.svg\",\"contentUrl\":\"https:\/\/www.teka.com\/es-ec\/wp-content\/uploads\/sites\/20\/2019\/03\/Lg_TEKA_Red_Box_RGB-1.svg\",\"width\":1,\"height\":1,\"caption\":\"Teka Ecuador\"},\"image\":{\"@id\":\"https:\/\/www.teka.com\/es-ec\/#\/schema\/logo\/image\/\"},\"sameAs\":[\"https:\/\/www.facebook.com\/TekaEcuador\",\"https:\/\/x.com\/TekaEcuador\",\"https:\/\/www.instagram.com\/tekaecuador\/\",\"https:\/\/www.linkedin.com\/company\/79951050\/\",\"https:\/\/www.youtube.com\/channel\/UCxMGBvrLxnh2N7SmSygTooA\"]}]}<\/script>\n<!-- \/ Yoast SEO plugin. -->","yoast_head_json":{"title":"Descarga de cat\u00e1logos de Cocina | Teka Ecuador","description":"Descarga todos los cat\u00e1logos de cocina y electrodom\u00e9sticos Teka.","robots":{"index":"index","follow":"follow","max-snippet":"max-snippet:-1","max-image-preview":"max-image-preview:large","max-video-preview":"max-video-preview:-1"},"canonical":"https:\/\/www.teka.com\/es-ec\/catalogos\/","og_locale":"es_ES","og_type":"article","og_title":"Descarga de cat\u00e1logos de Cocina | Teka Ecuador","og_description":"Descarga todos los cat\u00e1logos de cocina y electrodom\u00e9sticos Teka.","og_url":"https:\/\/www.teka.com\/es-ec\/catalogos\/","og_site_name":"Teka Ecuador","article_publisher":"https:\/\/www.facebook.com\/TekaEcuador","article_modified_time":"2022-12-29T15:44:47+00:00","og_image":[{"width":300,"height":286,"url":"https:\/\/www.teka.com\/es-ec\/wp-content\/uploads\/sites\/20\/2021\/08\/logo_redondo_info.png","type":"image\/png"}],"twitter_card":"summary_large_image","twitter_site":"@TekaEcuador","twitter_misc":{"Tiempo de lectura":"1 minuto"},"schema":{"@context":"https:\/\/schema.org","@graph":[{"@type":"WebPage","@id":"https:\/\/www.teka.com\/es-ec\/catalogos\/","url":"https:\/\/www.teka.com\/es-ec\/catalogos\/","name":"Descarga de cat\u00e1logos de Cocina | Teka Ecuador","isPartOf":{"@id":"https:\/\/www.teka.com\/es-ec\/#website"},"datePublished":"2018-07-25T07:21:25+00:00","dateModified":"2022-12-29T15:44:47+00:00","description":"Descarga todos los cat\u00e1logos de cocina y electrodom\u00e9sticos Teka.","inLanguage":"es","potentialAction":[{"@type":"ReadAction","target":["https:\/\/www.teka.com\/es-ec\/catalogos\/"]}]},{"@type":"WebSite","@id":"https:\/\/www.teka.com\/es-ec\/#website","url":"https:\/\/www.teka.com\/es-ec\/","name":"Teka Ecuador","description":"","publisher":{"@id":"https:\/\/www.teka.com\/es-ec\/#organization"},"potentialAction":[{"@type":"SearchAction","target":{"@type":"EntryPoint","urlTemplate":"https:\/\/www.teka.com\/es-ec\/?s={search_term_string}"},"query-input":{"@type":"PropertyValueSpecification","valueRequired":true,"valueName":"search_term_string"}}],"inLanguage":"es"},{"@type":"Organization","@id":"https:\/\/www.teka.com\/es-ec\/#organization","name":"Teka Ecuador","url":"https:\/\/www.teka.com\/es-ec\/","logo":{"@type":"ImageObject","inLanguage":"es","@id":"https:\/\/www.teka.com\/es-ec\/#\/schema\/logo\/image\/","url":"https:\/\/www.teka.com\/es-ec\/wp-content\/uploads\/sites\/20\/2019\/03\/Lg_TEKA_Red_Box_RGB-1.svg","contentUrl":"https:\/\/www.teka.com\/es-ec\/wp-content\/uploads\/sites\/20\/2019\/03\/Lg_TEKA_Red_Box_RGB-1.svg","width":1,"height":1,"caption":"Teka Ecuador"},"image":{"@id":"https:\/\/www.teka.com\/es-ec\/#\/schema\/logo\/image\/"},"sameAs":["https:\/\/www.facebook.com\/TekaEcuador","https:\/\/x.com\/TekaEcuador","https:\/\/www.instagram.com\/tekaecuador\/","https:\/\/www.linkedin.com\/company\/79951050\/","https:\/\/www.youtube.com\/channel\/UCxMGBvrLxnh2N7SmSygTooA"]}]}},"_links":{"self":[{"href":"https:\/\/www.teka.com\/es-ec\/wp-json\/wp\/v2\/pages\/4713","targetHints":{"allow":["GET"]}}],"collection":[{"href":"https:\/\/www.teka.com\/es-ec\/wp-json\/wp\/v2\/pages"}],"about":[{"href":"https:\/\/www.teka.com\/es-ec\/wp-json\/wp\/v2\/types\/page"}],"author":[{"embeddable":true,"href":"https:\/\/www.teka.com\/es-ec\/wp-json\/wp\/v2\/users\/9"}],"replies":[{"embeddable":true,"href":"https:\/\/www.teka.com\/es-ec\/wp-json\/wp\/v2\/comments?post=4713"}],"version-history":[{"count":45,"href":"https:\/\/www.teka.com\/es-ec\/wp-json\/wp\/v2\/pages\/4713\/revisions"}],"predecessor-version":[{"id":123845,"href":"https:\/\/www.teka.com\/es-ec\/wp-json\/wp\/v2\/pages\/4713\/revisions\/123845"}],"wp:attachment":[{"href":"https:\/\/www.teka.com\/es-ec\/wp-json\/wp\/v2\/media?parent=4713"}],"curies":[{"name":"wp","href":"https:\/\/api.w.org\/{rel}","templated":true}]}}