{"id":5195,"date":"2018-08-09T09:59:32","date_gmt":"2018-08-09T07:59:32","guid":{"rendered":"http:\/\/teka.com\/?page_id=5195"},"modified":"2021-09-21T03:07:32","modified_gmt":"2021-09-21T08:07:32","slug":"avisos","status":"publish","type":"page","link":"https:\/\/www.teka.com\/es-ec\/soporte\/avisos\/","title":{"rendered":"Avisos de seguridad"},"content":{"rendered":"<p>[et_pb_section fb_built=\u00bb1&#8243; module_id=\u00bbaviso-de-seguridad-top\u00bb _builder_version=\u00bb3.22&#8243;][et_pb_row _builder_version=\u00bb3.25&#8243; max_width=\u00bb470px\u00bb use_custom_width=\u00bbon\u00bb custom_width_px=\u00bb470px\u00bb][et_pb_column type=\u00bb4_4&#8243; _builder_version=\u00bb3.25&#8243; custom_padding=\u00bb|||\u00bb custom_padding__hover=\u00bb|||\u00bb][et_pb_text admin_label=\u00bbTitle\u00bb _builder_version=\u00bb3.27.4&#8243;]<\/p>\n<h1 style=\"text-align: center\">Avisos <strong>de seguridad<\/strong><\/h1>\n<p>[\/et_pb_text][et_pb_text admin_label=\u00bbText\u00bb _builder_version=\u00bb3.27.4&#8243;]<\/p>\n<p style=\"text-align: center\">Teka mantiene su compromiso con los est\u00e1ndares m\u00e1s estrictos de seguridad, calidad y fiabilidad en todos sus productos.<\/p>\n<p>[\/et_pb_text][\/et_pb_column][\/et_pb_row][\/et_pb_section][et_pb_section fb_built=\u00bb1&#8243; module_id=\u00bbaviso-de-seguridad-two\u00bb _builder_version=\u00bb3.22&#8243; custom_margin=\u00bb0px|||\u00bb][et_pb_row _builder_version=\u00bb3.25&#8243; background_color=\u00bb#f2f2f2&#8243; custom_padding=\u00bb75px|60px|75px|60px\u00bb column_structure=\u00bb1_2,1_2&#8243;][et_pb_column type=\u00bb1_2&#8243; _builder_version=\u00bb3.25&#8243; custom_padding=\u00bb|||\u00bb custom_padding__hover=\u00bb|||\u00bb][et_pb_image src=\u00bbhttps:\/\/www.teka.com\/wp-content\/uploads\/sites\/3\/2018\/08\/aviso-seguridad.jpg\u00bb align=\u00bbcenter\u00bb align_tablet=\u00bbcenter\u00bb align_last_edited=\u00bbon|desktop\u00bb _builder_version=\u00bb3.23&#8243;][\/et_pb_image][\/et_pb_column][et_pb_column type=\u00bb1_2&#8243; _builder_version=\u00bb3.25&#8243; custom_padding=\u00bb|||\u00bb custom_padding__hover=\u00bb|||\u00bb][et_pb_text admin_label=\u00bbPreventive Review Campaign\u00bb _builder_version=\u00bb3.27.4&#8243;]<\/p>\n<h2>Campa\u00f1a de revisi\u00f3n <strong>preventiva<\/strong><\/h2>\n<p>La compa\u00f1\u00eda ha iniciado una campa\u00f1a de revisi\u00f3n preventiva, voluntaria y gratuita para el usuario, de los microondas MWE 225, MWE 202 FI, MWE 204 FI, MWE 208 FI y MWE 209 FI fabricados entre abril y agosto de 2015, teniendo como objetivos el bienestar y satisfacci\u00f3n de sus clientes.<\/p>\n<p>[\/et_pb_text][et_pb_security posts_number=\u00bb-1&#8243; show_title=\u00bboff\u00bb show_categories=\u00bboff\u00bb show_pagination=\u00bboff\u00bb _builder_version=\u00bb3.18.4&#8243; title_font_size_tablet=\u00bb51&#8243; title_line_height_tablet=\u00bb2&#8243; caption_font_size_tablet=\u00bb51&#8243; caption_line_height_tablet=\u00bb2&#8243; pagination_font_size_tablet=\u00bb51&#8243; pagination_line_height_tablet=\u00bb2&#8243;][\/et_pb_security][\/et_pb_column][\/et_pb_row][\/et_pb_section][et_pb_section fb_built=\u00bb1&#8243; _builder_version=\u00bb3.22&#8243;][et_pb_row _builder_version=\u00bb3.25&#8243; background_size=\u00bbinitial\u00bb background_position=\u00bbtop_left\u00bb background_repeat=\u00bbrepeat\u00bb][et_pb_column type=\u00bb4_4&#8243; _builder_version=\u00bb3.25&#8243; custom_padding=\u00bb|||\u00bb custom_padding__hover=\u00bb|||\u00bb][et_pb_accordion disabled_on=\u00bbon|on|on\u00bb _builder_version=\u00bb3.10.1&#8243; disabled=\u00bbon\u00bb][et_pb_accordion_item title=\u00bbRevisi\u00f3n gratuita de Microondas MWE 225 FI\u00bb _builder_version=\u00bb3.10.1&#8243; open=\u00bbon\u00bb][\/et_pb_accordion_item][et_pb_accordion_item title=\u00bbRevisi\u00f3n gratuita de Campana vertical de aspiraci\u00f3n perimetral QUADRO DLV 998&#8243; _builder_version=\u00bb3.10.1&#8243; open=\u00bboff\u00bb][\/et_pb_accordion_item][et_pb_accordion_item title=\u00bbRevisi\u00f3n gratuita de Frigor\u00edfico side by side No Frost POLAR NFE 900 X\u00bb _builder_version=\u00bb3.10.1&#8243; open=\u00bboff\u00bb][\/et_pb_accordion_item][\/et_pb_accordion][et_pb_security posts_number=\u00bb-1&#8243; show_categories=\u00bboff\u00bb show_pagination=\u00bboff\u00bb _builder_version=\u00bb3.18.4&#8243; title_font_size_tablet=\u00bb51&#8243; title_line_height_tablet=\u00bb2&#8243; caption_font_size_tablet=\u00bb51&#8243; caption_line_height_tablet=\u00bb2&#8243; pagination_font_size_tablet=\u00bb51&#8243; pagination_line_height_tablet=\u00bb2&#8243;][\/et_pb_security][\/et_pb_column][\/et_pb_row][\/et_pb_section]<\/p>\n","protected":false},"excerpt":{"rendered":"<p>Avisos de seguridad Teka mantiene su compromiso con los est\u00e1ndares m\u00e1s estrictos de seguridad, calidad y fiabilidad en todos sus productos. Campa\u00f1a de revisi\u00f3n preventivaLa compa\u00f1\u00eda ha iniciado una campa\u00f1a de revisi\u00f3n preventiva, voluntaria y gratuita para el usuario, de los microondas MWE 225, MWE 202 FI, MWE 204 FI, MWE 208 FI y MWE [&hellip;]<\/p>\n","protected":false},"author":9,"featured_media":0,"parent":5193,"menu_order":0,"comment_status":"closed","ping_status":"closed","template":"","meta":{"_acf_changed":false,"_et_pb_use_builder":"on","_et_pb_old_content":"","_et_gb_content_width":"","footnotes":""},"class_list":["post-5195","page","type-page","status-publish","hentry"],"acf":[],"yoast_head":"<!-- This site is optimized with the Yoast SEO plugin v27.5 - https:\/\/yoast.com\/product\/yoast-seo-wordpress\/ -->\n<title>Avisos de seguridad | Teka Ecuador<\/title>\n<meta name=\"description\" content=\"Teka mantiene su compromiso con los est\u00e1ndares m\u00e1s estrictos de seguridad, calidad y fiabilidad en todos sus productos. Conoce nuestros avisos de seguridad.\" \/>\n<meta name=\"robots\" content=\"index, follow, max-snippet:-1, max-image-preview:large, max-video-preview:-1\" \/>\n<link rel=\"canonical\" href=\"https:\/\/www.teka.com\/es-ec\/soporte\/avisos\/\" \/>\n<meta property=\"og:locale\" content=\"es_ES\" \/>\n<meta property=\"og:type\" content=\"article\" \/>\n<meta property=\"og:title\" content=\"Avisos de seguridad | Teka Ecuador\" \/>\n<meta property=\"og:description\" content=\"Teka mantiene su compromiso con los est\u00e1ndares m\u00e1s estrictos de seguridad, calidad y fiabilidad en todos sus productos. Conoce nuestros avisos de seguridad.\" \/>\n<meta property=\"og:url\" content=\"https:\/\/www.teka.com\/es-ec\/soporte\/avisos\/\" \/>\n<meta property=\"og:site_name\" content=\"Teka Ecuador\" \/>\n<meta property=\"article:publisher\" content=\"https:\/\/www.facebook.com\/TekaEcuador\" \/>\n<meta property=\"article:modified_time\" content=\"2021-09-21T08:07:32+00:00\" \/>\n<meta property=\"og:image\" content=\"https:\/\/www.teka.com\/es-ec\/wp-content\/uploads\/sites\/20\/2021\/08\/logo_redondo_info.png\" \/>\n\t<meta property=\"og:image:width\" content=\"300\" \/>\n\t<meta property=\"og:image:height\" content=\"286\" \/>\n\t<meta property=\"og:image:type\" content=\"image\/png\" \/>\n<meta name=\"twitter:card\" content=\"summary_large_image\" \/>\n<meta name=\"twitter:site\" content=\"@TekaEcuador\" \/>\n<meta name=\"twitter:label1\" content=\"Tiempo de lectura\" \/>\n\t<meta name=\"twitter:data1\" content=\"2 minutos\" \/>\n<script type=\"application\/ld+json\" class=\"yoast-schema-graph\">{\"@context\":\"https:\\\/\\\/schema.org\",\"@graph\":[{\"@type\":\"WebPage\",\"@id\":\"https:\\\/\\\/www.teka.com\\\/es-ec\\\/soporte\\\/avisos\\\/\",\"url\":\"https:\\\/\\\/www.teka.com\\\/es-ec\\\/soporte\\\/avisos\\\/\",\"name\":\"Avisos de seguridad | Teka Ecuador\",\"isPartOf\":{\"@id\":\"https:\\\/\\\/www.teka.com\\\/es-ec\\\/#website\"},\"datePublished\":\"2018-08-09T07:59:32+00:00\",\"dateModified\":\"2021-09-21T08:07:32+00:00\",\"description\":\"Teka mantiene su compromiso con los est\u00e1ndares m\u00e1s estrictos de seguridad, calidad y fiabilidad en todos sus productos. Conoce nuestros avisos de seguridad.\",\"breadcrumb\":{\"@id\":\"https:\\\/\\\/www.teka.com\\\/es-ec\\\/soporte\\\/avisos\\\/#breadcrumb\"},\"inLanguage\":\"es\",\"potentialAction\":[{\"@type\":\"ReadAction\",\"target\":[\"https:\\\/\\\/www.teka.com\\\/es-ec\\\/soporte\\\/avisos\\\/\"]}]},{\"@type\":\"BreadcrumbList\",\"@id\":\"https:\\\/\\\/www.teka.com\\\/es-ec\\\/soporte\\\/avisos\\\/#breadcrumb\",\"itemListElement\":[{\"@type\":\"ListItem\",\"position\":1,\"name\":\"Soporte\",\"item\":\"https:\\\/\\\/www.teka.com\\\/es-ec\\\/soporte\\\/\"},{\"@type\":\"ListItem\",\"position\":2,\"name\":\"Avisos de seguridad\"}]},{\"@type\":\"WebSite\",\"@id\":\"https:\\\/\\\/www.teka.com\\\/es-ec\\\/#website\",\"url\":\"https:\\\/\\\/www.teka.com\\\/es-ec\\\/\",\"name\":\"Teka Ecuador\",\"description\":\"\",\"publisher\":{\"@id\":\"https:\\\/\\\/www.teka.com\\\/es-ec\\\/#organization\"},\"potentialAction\":[{\"@type\":\"SearchAction\",\"target\":{\"@type\":\"EntryPoint\",\"urlTemplate\":\"https:\\\/\\\/www.teka.com\\\/es-ec\\\/?s={search_term_string}\"},\"query-input\":{\"@type\":\"PropertyValueSpecification\",\"valueRequired\":true,\"valueName\":\"search_term_string\"}}],\"inLanguage\":\"es\"},{\"@type\":\"Organization\",\"@id\":\"https:\\\/\\\/www.teka.com\\\/es-ec\\\/#organization\",\"name\":\"Teka Ecuador\",\"url\":\"https:\\\/\\\/www.teka.com\\\/es-ec\\\/\",\"logo\":{\"@type\":\"ImageObject\",\"inLanguage\":\"es\",\"@id\":\"https:\\\/\\\/www.teka.com\\\/es-ec\\\/#\\\/schema\\\/logo\\\/image\\\/\",\"url\":\"https:\\\/\\\/www.teka.com\\\/es-ec\\\/wp-content\\\/uploads\\\/sites\\\/20\\\/2019\\\/03\\\/Lg_TEKA_Red_Box_RGB-1.svg\",\"contentUrl\":\"https:\\\/\\\/www.teka.com\\\/es-ec\\\/wp-content\\\/uploads\\\/sites\\\/20\\\/2019\\\/03\\\/Lg_TEKA_Red_Box_RGB-1.svg\",\"width\":1,\"height\":1,\"caption\":\"Teka Ecuador\"},\"image\":{\"@id\":\"https:\\\/\\\/www.teka.com\\\/es-ec\\\/#\\\/schema\\\/logo\\\/image\\\/\"},\"sameAs\":[\"https:\\\/\\\/www.facebook.com\\\/TekaEcuador\",\"https:\\\/\\\/x.com\\\/TekaEcuador\",\"https:\\\/\\\/www.instagram.com\\\/tekaecuador\\\/\",\"https:\\\/\\\/www.linkedin.com\\\/company\\\/79951050\\\/\",\"https:\\\/\\\/www.youtube.com\\\/channel\\\/UCxMGBvrLxnh2N7SmSygTooA\"]}]}<\/script>\n<!-- \/ Yoast SEO plugin. -->","yoast_head_json":{"title":"Avisos de seguridad | Teka Ecuador","description":"Teka mantiene su compromiso con los est\u00e1ndares m\u00e1s estrictos de seguridad, calidad y fiabilidad en todos sus productos. Conoce nuestros avisos de seguridad.","robots":{"index":"index","follow":"follow","max-snippet":"max-snippet:-1","max-image-preview":"max-image-preview:large","max-video-preview":"max-video-preview:-1"},"canonical":"https:\/\/www.teka.com\/es-ec\/soporte\/avisos\/","og_locale":"es_ES","og_type":"article","og_title":"Avisos de seguridad | Teka Ecuador","og_description":"Teka mantiene su compromiso con los est\u00e1ndares m\u00e1s estrictos de seguridad, calidad y fiabilidad en todos sus productos. Conoce nuestros avisos de seguridad.","og_url":"https:\/\/www.teka.com\/es-ec\/soporte\/avisos\/","og_site_name":"Teka Ecuador","article_publisher":"https:\/\/www.facebook.com\/TekaEcuador","article_modified_time":"2021-09-21T08:07:32+00:00","og_image":[{"width":300,"height":286,"url":"https:\/\/www.teka.com\/es-ec\/wp-content\/uploads\/sites\/20\/2021\/08\/logo_redondo_info.png","type":"image\/png"}],"twitter_card":"summary_large_image","twitter_site":"@TekaEcuador","twitter_misc":{"Tiempo de lectura":"2 minutos"},"schema":{"@context":"https:\/\/schema.org","@graph":[{"@type":"WebPage","@id":"https:\/\/www.teka.com\/es-ec\/soporte\/avisos\/","url":"https:\/\/www.teka.com\/es-ec\/soporte\/avisos\/","name":"Avisos de seguridad | Teka Ecuador","isPartOf":{"@id":"https:\/\/www.teka.com\/es-ec\/#website"},"datePublished":"2018-08-09T07:59:32+00:00","dateModified":"2021-09-21T08:07:32+00:00","description":"Teka mantiene su compromiso con los est\u00e1ndares m\u00e1s estrictos de seguridad, calidad y fiabilidad en todos sus productos. Conoce nuestros avisos de seguridad.","breadcrumb":{"@id":"https:\/\/www.teka.com\/es-ec\/soporte\/avisos\/#breadcrumb"},"inLanguage":"es","potentialAction":[{"@type":"ReadAction","target":["https:\/\/www.teka.com\/es-ec\/soporte\/avisos\/"]}]},{"@type":"BreadcrumbList","@id":"https:\/\/www.teka.com\/es-ec\/soporte\/avisos\/#breadcrumb","itemListElement":[{"@type":"ListItem","position":1,"name":"Soporte","item":"https:\/\/www.teka.com\/es-ec\/soporte\/"},{"@type":"ListItem","position":2,"name":"Avisos de seguridad"}]},{"@type":"WebSite","@id":"https:\/\/www.teka.com\/es-ec\/#website","url":"https:\/\/www.teka.com\/es-ec\/","name":"Teka Ecuador","description":"","publisher":{"@id":"https:\/\/www.teka.com\/es-ec\/#organization"},"potentialAction":[{"@type":"SearchAction","target":{"@type":"EntryPoint","urlTemplate":"https:\/\/www.teka.com\/es-ec\/?s={search_term_string}"},"query-input":{"@type":"PropertyValueSpecification","valueRequired":true,"valueName":"search_term_string"}}],"inLanguage":"es"},{"@type":"Organization","@id":"https:\/\/www.teka.com\/es-ec\/#organization","name":"Teka Ecuador","url":"https:\/\/www.teka.com\/es-ec\/","logo":{"@type":"ImageObject","inLanguage":"es","@id":"https:\/\/www.teka.com\/es-ec\/#\/schema\/logo\/image\/","url":"https:\/\/www.teka.com\/es-ec\/wp-content\/uploads\/sites\/20\/2019\/03\/Lg_TEKA_Red_Box_RGB-1.svg","contentUrl":"https:\/\/www.teka.com\/es-ec\/wp-content\/uploads\/sites\/20\/2019\/03\/Lg_TEKA_Red_Box_RGB-1.svg","width":1,"height":1,"caption":"Teka Ecuador"},"image":{"@id":"https:\/\/www.teka.com\/es-ec\/#\/schema\/logo\/image\/"},"sameAs":["https:\/\/www.facebook.com\/TekaEcuador","https:\/\/x.com\/TekaEcuador","https:\/\/www.instagram.com\/tekaecuador\/","https:\/\/www.linkedin.com\/company\/79951050\/","https:\/\/www.youtube.com\/channel\/UCxMGBvrLxnh2N7SmSygTooA"]}]}},"_links":{"self":[{"href":"https:\/\/www.teka.com\/es-ec\/wp-json\/wp\/v2\/pages\/5195","targetHints":{"allow":["GET"]}}],"collection":[{"href":"https:\/\/www.teka.com\/es-ec\/wp-json\/wp\/v2\/pages"}],"about":[{"href":"https:\/\/www.teka.com\/es-ec\/wp-json\/wp\/v2\/types\/page"}],"author":[{"embeddable":true,"href":"https:\/\/www.teka.com\/es-ec\/wp-json\/wp\/v2\/users\/9"}],"replies":[{"embeddable":true,"href":"https:\/\/www.teka.com\/es-ec\/wp-json\/wp\/v2\/comments?post=5195"}],"version-history":[{"count":24,"href":"https:\/\/www.teka.com\/es-ec\/wp-json\/wp\/v2\/pages\/5195\/revisions"}],"predecessor-version":[{"id":69507,"href":"https:\/\/www.teka.com\/es-ec\/wp-json\/wp\/v2\/pages\/5195\/revisions\/69507"}],"up":[{"embeddable":true,"href":"https:\/\/www.teka.com\/es-ec\/wp-json\/wp\/v2\/pages\/5193"}],"wp:attachment":[{"href":"https:\/\/www.teka.com\/es-ec\/wp-json\/wp\/v2\/media?parent=5195"}],"curies":[{"name":"wp","href":"https:\/\/api.w.org\/{rel}","templated":true}]}}