{"id":5223,"date":"2018-08-10T10:27:29","date_gmt":"2018-08-10T08:27:29","guid":{"rendered":"http:\/\/teka.com\/?page_id=5223"},"modified":"2025-03-12T09:54:47","modified_gmt":"2025-03-12T14:54:47","slug":"mapa-tiendas","status":"publish","type":"page","link":"https:\/\/www.teka.com\/es-ec\/mapa-tiendas\/","title":{"rendered":"Localizar Servicio de Atenci\u00f3n al Cliente"},"content":{"rendered":"<p>[et_pb_section fb_built=\u00bb1&#8243; _builder_version=\u00bb4.22.1&#8243; hover_enabled=\u00bb0&#8243; global_colors_info=\u00bb{}\u00bb inner_shadow=\u00bboff\u00bb sticky_enabled=\u00bb0&#8243;][et_pb_row _builder_version=\u00bb4.22.1&#8243; background_size=\u00bbinitial\u00bb background_position=\u00bbtop_left\u00bb background_repeat=\u00bbrepeat\u00bb border_color_all=\u00bbRGBA(255,255,255,0)\u00bb global_colors_info=\u00bb{}\u00bb][et_pb_column type=\u00bb4_4&#8243; _builder_version=\u00bb4.16&#8243; custom_padding=\u00bb|||\u00bb global_colors_info=\u00bb{}\u00bb custom_padding__hover=\u00bb|||\u00bb][et_pb_text _builder_version=\u00bb4.16&#8243; global_colors_info=\u00bb{}\u00bb]<\/p>\n<h1><strong>Localizador<\/strong> de puntos de venta<\/h1>\n<p>[\/et_pb_text][et_pb_text _builder_version=\u00bb4.22.1&#8243; global_colors_info=\u00bb{}\u00bb]<\/p>\n<p>Elige el Tipo De Establecimiento que est\u00e1s buscando. A continuaci\u00f3n, escribe una calle, localidad, provincia o c\u00f3digo postal y te mostraremos los resultados m\u00e1s cercanos a tu b\u00fasqueda.<\/p>\n<p>[\/et_pb_text][\/et_pb_column][\/et_pb_row][\/et_pb_section]<\/p>\n","protected":false},"excerpt":{"rendered":"<p>Localizador de puntos de venta Elige el Tipo De Establecimiento que est\u00e1s buscando. A continuaci\u00f3n, escribe una calle, localidad, provincia o c\u00f3digo postal y te mostraremos los resultados m\u00e1s cercanos a tu b\u00fasqueda.<\/p>\n","protected":false},"author":1,"featured_media":0,"parent":0,"menu_order":0,"comment_status":"closed","ping_status":"closed","template":"tp-map.php","meta":{"_acf_changed":false,"_et_pb_use_builder":"on","_et_pb_old_content":"","_et_gb_content_width":"","footnotes":""},"class_list":["post-5223","page","type-page","status-publish","hentry"],"acf":[],"yoast_head":"<!-- This site is optimized with the Yoast SEO plugin v27.5 - https:\/\/yoast.com\/product\/yoast-seo-wordpress\/ -->\n<title>Listado de Puntos de Venta Teka Ecuador<\/title>\n<meta name=\"description\" content=\"Consulta aqu\u00ed el listado de Puntos de Venta Oficiales de Teka.\" \/>\n<meta name=\"robots\" content=\"index, follow, max-snippet:-1, max-image-preview:large, max-video-preview:-1\" \/>\n<link rel=\"canonical\" href=\"https:\/\/www.teka.com\/es-ec\/mapa-tiendas\/\" \/>\n<meta property=\"og:locale\" content=\"es_ES\" \/>\n<meta property=\"og:type\" content=\"article\" \/>\n<meta property=\"og:title\" content=\"Listado de Puntos de Venta Teka Ecuador\" \/>\n<meta property=\"og:description\" content=\"Consulta aqu\u00ed el listado de Puntos de Venta Oficiales de Teka.\" \/>\n<meta property=\"og:url\" content=\"https:\/\/www.teka.com\/es-ec\/mapa-tiendas\/\" \/>\n<meta property=\"og:site_name\" content=\"Teka Ecuador\" \/>\n<meta property=\"article:publisher\" content=\"https:\/\/www.facebook.com\/TekaEcuador\" \/>\n<meta property=\"article:modified_time\" content=\"2025-03-12T14:54:47+00:00\" \/>\n<meta property=\"og:image\" content=\"https:\/\/www.teka.com\/es-ec\/wp-content\/uploads\/sites\/20\/2021\/08\/logo_redondo_info.png\" \/>\n\t<meta property=\"og:image:width\" content=\"300\" \/>\n\t<meta property=\"og:image:height\" content=\"286\" \/>\n\t<meta property=\"og:image:type\" content=\"image\/png\" \/>\n<meta name=\"twitter:card\" content=\"summary_large_image\" \/>\n<meta name=\"twitter:site\" content=\"@TekaEcuador\" \/>\n<meta name=\"twitter:label1\" content=\"Tiempo de lectura\" \/>\n\t<meta name=\"twitter:data1\" content=\"1 minuto\" \/>\n<script type=\"application\/ld+json\" class=\"yoast-schema-graph\">{\"@context\":\"https:\\\/\\\/schema.org\",\"@graph\":[{\"@type\":\"WebPage\",\"@id\":\"https:\\\/\\\/www.teka.com\\\/es-ec\\\/mapa-tiendas\\\/\",\"url\":\"https:\\\/\\\/www.teka.com\\\/es-ec\\\/mapa-tiendas\\\/\",\"name\":\"Listado de Puntos de Venta Teka Ecuador\",\"isPartOf\":{\"@id\":\"https:\\\/\\\/www.teka.com\\\/es-ec\\\/#website\"},\"datePublished\":\"2018-08-10T08:27:29+00:00\",\"dateModified\":\"2025-03-12T14:54:47+00:00\",\"description\":\"Consulta aqu\u00ed el listado de Puntos de Venta Oficiales de Teka.\",\"inLanguage\":\"es\",\"potentialAction\":[{\"@type\":\"ReadAction\",\"target\":[\"https:\\\/\\\/www.teka.com\\\/es-ec\\\/mapa-tiendas\\\/\"]}]},{\"@type\":\"WebSite\",\"@id\":\"https:\\\/\\\/www.teka.com\\\/es-ec\\\/#website\",\"url\":\"https:\\\/\\\/www.teka.com\\\/es-ec\\\/\",\"name\":\"Teka Ecuador\",\"description\":\"\",\"publisher\":{\"@id\":\"https:\\\/\\\/www.teka.com\\\/es-ec\\\/#organization\"},\"potentialAction\":[{\"@type\":\"SearchAction\",\"target\":{\"@type\":\"EntryPoint\",\"urlTemplate\":\"https:\\\/\\\/www.teka.com\\\/es-ec\\\/?s={search_term_string}\"},\"query-input\":{\"@type\":\"PropertyValueSpecification\",\"valueRequired\":true,\"valueName\":\"search_term_string\"}}],\"inLanguage\":\"es\"},{\"@type\":\"Organization\",\"@id\":\"https:\\\/\\\/www.teka.com\\\/es-ec\\\/#organization\",\"name\":\"Teka Ecuador\",\"url\":\"https:\\\/\\\/www.teka.com\\\/es-ec\\\/\",\"logo\":{\"@type\":\"ImageObject\",\"inLanguage\":\"es\",\"@id\":\"https:\\\/\\\/www.teka.com\\\/es-ec\\\/#\\\/schema\\\/logo\\\/image\\\/\",\"url\":\"https:\\\/\\\/www.teka.com\\\/es-ec\\\/wp-content\\\/uploads\\\/sites\\\/20\\\/2019\\\/03\\\/Lg_TEKA_Red_Box_RGB-1.svg\",\"contentUrl\":\"https:\\\/\\\/www.teka.com\\\/es-ec\\\/wp-content\\\/uploads\\\/sites\\\/20\\\/2019\\\/03\\\/Lg_TEKA_Red_Box_RGB-1.svg\",\"width\":1,\"height\":1,\"caption\":\"Teka Ecuador\"},\"image\":{\"@id\":\"https:\\\/\\\/www.teka.com\\\/es-ec\\\/#\\\/schema\\\/logo\\\/image\\\/\"},\"sameAs\":[\"https:\\\/\\\/www.facebook.com\\\/TekaEcuador\",\"https:\\\/\\\/x.com\\\/TekaEcuador\",\"https:\\\/\\\/www.instagram.com\\\/tekaecuador\\\/\",\"https:\\\/\\\/www.linkedin.com\\\/company\\\/79951050\\\/\",\"https:\\\/\\\/www.youtube.com\\\/channel\\\/UCxMGBvrLxnh2N7SmSygTooA\"]}]}<\/script>\n<!-- \/ Yoast SEO plugin. -->","yoast_head_json":{"title":"Listado de Puntos de Venta Teka Ecuador","description":"Consulta aqu\u00ed el listado de Puntos de Venta Oficiales de Teka.","robots":{"index":"index","follow":"follow","max-snippet":"max-snippet:-1","max-image-preview":"max-image-preview:large","max-video-preview":"max-video-preview:-1"},"canonical":"https:\/\/www.teka.com\/es-ec\/mapa-tiendas\/","og_locale":"es_ES","og_type":"article","og_title":"Listado de Puntos de Venta Teka Ecuador","og_description":"Consulta aqu\u00ed el listado de Puntos de Venta Oficiales de Teka.","og_url":"https:\/\/www.teka.com\/es-ec\/mapa-tiendas\/","og_site_name":"Teka Ecuador","article_publisher":"https:\/\/www.facebook.com\/TekaEcuador","article_modified_time":"2025-03-12T14:54:47+00:00","og_image":[{"width":300,"height":286,"url":"https:\/\/www.teka.com\/es-ec\/wp-content\/uploads\/sites\/20\/2021\/08\/logo_redondo_info.png","type":"image\/png"}],"twitter_card":"summary_large_image","twitter_site":"@TekaEcuador","twitter_misc":{"Tiempo de lectura":"1 minuto"},"schema":{"@context":"https:\/\/schema.org","@graph":[{"@type":"WebPage","@id":"https:\/\/www.teka.com\/es-ec\/mapa-tiendas\/","url":"https:\/\/www.teka.com\/es-ec\/mapa-tiendas\/","name":"Listado de Puntos de Venta Teka Ecuador","isPartOf":{"@id":"https:\/\/www.teka.com\/es-ec\/#website"},"datePublished":"2018-08-10T08:27:29+00:00","dateModified":"2025-03-12T14:54:47+00:00","description":"Consulta aqu\u00ed el listado de Puntos de Venta Oficiales de Teka.","inLanguage":"es","potentialAction":[{"@type":"ReadAction","target":["https:\/\/www.teka.com\/es-ec\/mapa-tiendas\/"]}]},{"@type":"WebSite","@id":"https:\/\/www.teka.com\/es-ec\/#website","url":"https:\/\/www.teka.com\/es-ec\/","name":"Teka Ecuador","description":"","publisher":{"@id":"https:\/\/www.teka.com\/es-ec\/#organization"},"potentialAction":[{"@type":"SearchAction","target":{"@type":"EntryPoint","urlTemplate":"https:\/\/www.teka.com\/es-ec\/?s={search_term_string}"},"query-input":{"@type":"PropertyValueSpecification","valueRequired":true,"valueName":"search_term_string"}}],"inLanguage":"es"},{"@type":"Organization","@id":"https:\/\/www.teka.com\/es-ec\/#organization","name":"Teka Ecuador","url":"https:\/\/www.teka.com\/es-ec\/","logo":{"@type":"ImageObject","inLanguage":"es","@id":"https:\/\/www.teka.com\/es-ec\/#\/schema\/logo\/image\/","url":"https:\/\/www.teka.com\/es-ec\/wp-content\/uploads\/sites\/20\/2019\/03\/Lg_TEKA_Red_Box_RGB-1.svg","contentUrl":"https:\/\/www.teka.com\/es-ec\/wp-content\/uploads\/sites\/20\/2019\/03\/Lg_TEKA_Red_Box_RGB-1.svg","width":1,"height":1,"caption":"Teka Ecuador"},"image":{"@id":"https:\/\/www.teka.com\/es-ec\/#\/schema\/logo\/image\/"},"sameAs":["https:\/\/www.facebook.com\/TekaEcuador","https:\/\/x.com\/TekaEcuador","https:\/\/www.instagram.com\/tekaecuador\/","https:\/\/www.linkedin.com\/company\/79951050\/","https:\/\/www.youtube.com\/channel\/UCxMGBvrLxnh2N7SmSygTooA"]}]}},"_links":{"self":[{"href":"https:\/\/www.teka.com\/es-ec\/wp-json\/wp\/v2\/pages\/5223","targetHints":{"allow":["GET"]}}],"collection":[{"href":"https:\/\/www.teka.com\/es-ec\/wp-json\/wp\/v2\/pages"}],"about":[{"href":"https:\/\/www.teka.com\/es-ec\/wp-json\/wp\/v2\/types\/page"}],"author":[{"embeddable":true,"href":"https:\/\/www.teka.com\/es-ec\/wp-json\/wp\/v2\/users\/1"}],"replies":[{"embeddable":true,"href":"https:\/\/www.teka.com\/es-ec\/wp-json\/wp\/v2\/comments?post=5223"}],"version-history":[{"count":34,"href":"https:\/\/www.teka.com\/es-ec\/wp-json\/wp\/v2\/pages\/5223\/revisions"}],"predecessor-version":[{"id":127450,"href":"https:\/\/www.teka.com\/es-ec\/wp-json\/wp\/v2\/pages\/5223\/revisions\/127450"}],"wp:attachment":[{"href":"https:\/\/www.teka.com\/es-ec\/wp-json\/wp\/v2\/media?parent=5223"}],"curies":[{"name":"wp","href":"https:\/\/api.w.org\/{rel}","templated":true}]}}