{"id":125948,"date":"2026-04-07T20:40:22","date_gmt":"2026-04-07T20:40:22","guid":{"rendered":"https:\/\/teka.com\/es-ec\/hlb-8510-p_111000050"},"modified":"2026-03-14T07:49:12","modified_gmt":"2026-03-14T08:49:12","slug":"hlb-8510-p_111000050","status":"publish","type":"product","link":"https:\/\/www.teka.com\/es-ec\/producto\/hlb-8510-p_111000050\/","title":{"rendered":"HLB 8510 P"},"content":{"rendered":"<ul>\n<li>Horno MaestroPizza<\/li>\n<li>Funci\u00f3n autom\u00e1tica 340\u00ba C para preparar una aut\u00e9ntica pizza napolitana<\/li>\n<li>Sistema de limpieza DUALCLEAN: Autolimpieza Pirol\u00edtica (3 niveles) + Teka Hydroclean\u00ae PRO autom\u00e1tico<\/li>\n<li>Puerta de cuatro cristales, interior todo cristal<\/li>\n<li>Cierre y apertura de puerta Soft close<\/li>\n<li>Incluye: Piedra especial para Pizza y Esp\u00e1tula de Pizza de acero inoxidable<\/li>\n<\/ul>\n","protected":false},"featured_media":0,"parent":0,"template":"","product_cat":[3469],"product_cleaning_system":[2738,3162],"product_3rd_basket":[],"product_drawers":[],"product_type_of_installation":[60959],"product_edition":[],"product_serie":[],"product_features":[],"finishes":[],"product_bundles":[],"product_energy_efficiency":[61565],"product_video_training":[61628,61632,61638,61641,61652,61816],"class_list":["post-125948","product","type-product","status-publish","hentry","product_cat-hornos","usp-ovens-05","usp-ovens-13","usp-maestropizza-06","usp-maestropizza-02","usp-maestropizza-04","usp-maestropizza-05","usp-compacts-05","usp-award-06","usp-pizzastone-03","usp-maestropizza-07","color-cristal-negro","product_type_of_appliance-multifuncion","product_ambient-ambient-06","product_icons-70l","product_icons-surroundtemp","product_icons-hydroclean","product_icons-softclose","product_icons-plus-extension-telescopic-guide","product_icons-pyrolysis","product_cleaning_system-pirolitico","product_cleaning_system-hydroclean","product_type_of_installation-integrable","product_energy_efficiency-a-plus-icon","product_video_training-trainingovens-01","product_video_training-trainingovens-02","product_video_training-trainingovens-05","product_video_training-trainingovens-06","product_video_training-trainingovens-12","product_video_training-trainingovens-22"],"acf":[],"yoast_head":"<!-- This site is optimized with the Yoast SEO plugin v27.2 - https:\/\/yoast.com\/product\/yoast-seo-wordpress\/ -->\n<title>Horno HLB 8510 P | Electrodom\u00e9sticos Teka Ecuador<\/title>\n<meta name=\"description\" content=\"Horno pirol\u00edtico MaestroPizza con funci\u00f3n especial para Pizza 340\u00baC con piedra cer\u00e1mica y 8 funciones multifunci\u00f3n,con capacidad 70 L.\" \/>\n<meta name=\"robots\" content=\"index, follow, max-snippet:-1, max-image-preview:large, max-video-preview:-1\" \/>\n<link rel=\"canonical\" href=\"https:\/\/www.teka.com\/es-ec\/producto\/hlb-8510-p_111000050\/\" \/>\n<meta property=\"og:locale\" content=\"es_ES\" \/>\n<meta property=\"og:type\" content=\"article\" \/>\n<meta property=\"og:title\" content=\"Horno HLB 8510 P | Electrodom\u00e9sticos Teka Ecuador\" \/>\n<meta property=\"og:description\" content=\"Horno pirol\u00edtico MaestroPizza con funci\u00f3n especial para Pizza 340\u00baC con piedra cer\u00e1mica y 8 funciones multifunci\u00f3n,con capacidad 70 L.\" \/>\n<meta property=\"og:url\" content=\"https:\/\/www.teka.com\/es-ec\/producto\/hlb-8510-p_111000050\/\" \/>\n<meta property=\"og:site_name\" content=\"Teka Ecuador\" \/>\n<meta property=\"article:publisher\" content=\"https:\/\/www.facebook.com\/TekaEcuador\" \/>\n<meta property=\"og:image\" content=\"https:\/\/www.teka.com\/es-ec\/wp-content\/uploads\/sites\/20\/2021\/08\/logo_redondo_info.png\" \/>\n\t<meta property=\"og:image:width\" content=\"300\" \/>\n\t<meta property=\"og:image:height\" content=\"286\" \/>\n\t<meta property=\"og:image:type\" content=\"image\/png\" \/>\n<meta name=\"twitter:card\" content=\"summary_large_image\" \/>\n<meta name=\"twitter:site\" content=\"@TekaEcuador\" \/>\n<script type=\"application\/ld+json\" class=\"yoast-schema-graph\">{\"@context\":\"https:\/\/schema.org\",\"@graph\":[{\"@type\":\"WebPage\",\"@id\":\"https:\/\/www.teka.com\/es-ec\/producto\/hlb-8510-p_111000050\/\",\"url\":\"https:\/\/www.teka.com\/es-ec\/producto\/hlb-8510-p_111000050\/\",\"name\":\"Horno HLB 8510 P | Electrodom\u00e9sticos Teka Ecuador\",\"isPartOf\":{\"@id\":\"https:\/\/www.teka.com\/es-ec\/#website\"},\"datePublished\":\"2026-04-07T20:40:22+00:00\",\"description\":\"Horno pirol\u00edtico MaestroPizza con funci\u00f3n especial para Pizza 340\u00baC con piedra cer\u00e1mica y 8 funciones multifunci\u00f3n,con capacidad 70 L.\",\"inLanguage\":\"es\",\"potentialAction\":[{\"@type\":\"ReadAction\",\"target\":[\"https:\/\/www.teka.com\/es-ec\/producto\/hlb-8510-p_111000050\/\"]}]},{\"@type\":\"WebSite\",\"@id\":\"https:\/\/www.teka.com\/es-ec\/#website\",\"url\":\"https:\/\/www.teka.com\/es-ec\/\",\"name\":\"Teka Ecuador\",\"description\":\"\",\"publisher\":{\"@id\":\"https:\/\/www.teka.com\/es-ec\/#organization\"},\"potentialAction\":[{\"@type\":\"SearchAction\",\"target\":{\"@type\":\"EntryPoint\",\"urlTemplate\":\"https:\/\/www.teka.com\/es-ec\/?s={search_term_string}\"},\"query-input\":{\"@type\":\"PropertyValueSpecification\",\"valueRequired\":true,\"valueName\":\"search_term_string\"}}],\"inLanguage\":\"es\"},{\"@type\":\"Organization\",\"@id\":\"https:\/\/www.teka.com\/es-ec\/#organization\",\"name\":\"Teka Ecuador\",\"url\":\"https:\/\/www.teka.com\/es-ec\/\",\"logo\":{\"@type\":\"ImageObject\",\"inLanguage\":\"es\",\"@id\":\"https:\/\/www.teka.com\/es-ec\/#\/schema\/logo\/image\/\",\"url\":\"https:\/\/www.teka.com\/es-ec\/wp-content\/uploads\/sites\/20\/2019\/03\/Lg_TEKA_Red_Box_RGB-1.svg\",\"contentUrl\":\"https:\/\/www.teka.com\/es-ec\/wp-content\/uploads\/sites\/20\/2019\/03\/Lg_TEKA_Red_Box_RGB-1.svg\",\"width\":1,\"height\":1,\"caption\":\"Teka Ecuador\"},\"image\":{\"@id\":\"https:\/\/www.teka.com\/es-ec\/#\/schema\/logo\/image\/\"},\"sameAs\":[\"https:\/\/www.facebook.com\/TekaEcuador\",\"https:\/\/x.com\/TekaEcuador\",\"https:\/\/www.instagram.com\/tekaecuador\/\",\"https:\/\/www.linkedin.com\/company\/79951050\/\",\"https:\/\/www.youtube.com\/channel\/UCxMGBvrLxnh2N7SmSygTooA\"]}]}<\/script>\n<!-- \/ Yoast SEO plugin. -->","yoast_head_json":{"title":"Horno HLB 8510 P | Electrodom\u00e9sticos Teka Ecuador","description":"Horno pirol\u00edtico MaestroPizza con funci\u00f3n especial para Pizza 340\u00baC con piedra cer\u00e1mica y 8 funciones multifunci\u00f3n,con capacidad 70 L.","robots":{"index":"index","follow":"follow","max-snippet":"max-snippet:-1","max-image-preview":"max-image-preview:large","max-video-preview":"max-video-preview:-1"},"canonical":"https:\/\/www.teka.com\/es-ec\/producto\/hlb-8510-p_111000050\/","og_locale":"es_ES","og_type":"article","og_title":"Horno HLB 8510 P | Electrodom\u00e9sticos Teka Ecuador","og_description":"Horno pirol\u00edtico MaestroPizza con funci\u00f3n especial para Pizza 340\u00baC con piedra cer\u00e1mica y 8 funciones multifunci\u00f3n,con capacidad 70 L.","og_url":"https:\/\/www.teka.com\/es-ec\/producto\/hlb-8510-p_111000050\/","og_site_name":"Teka Ecuador","article_publisher":"https:\/\/www.facebook.com\/TekaEcuador","og_image":[{"width":300,"height":286,"url":"https:\/\/www.teka.com\/es-ec\/wp-content\/uploads\/sites\/20\/2021\/08\/logo_redondo_info.png","type":"image\/png"}],"twitter_card":"summary_large_image","twitter_site":"@TekaEcuador","schema":{"@context":"https:\/\/schema.org","@graph":[{"@type":"WebPage","@id":"https:\/\/www.teka.com\/es-ec\/producto\/hlb-8510-p_111000050\/","url":"https:\/\/www.teka.com\/es-ec\/producto\/hlb-8510-p_111000050\/","name":"Horno HLB 8510 P | Electrodom\u00e9sticos Teka Ecuador","isPartOf":{"@id":"https:\/\/www.teka.com\/es-ec\/#website"},"datePublished":"2026-04-07T20:40:22+00:00","description":"Horno pirol\u00edtico MaestroPizza con funci\u00f3n especial para Pizza 340\u00baC con piedra cer\u00e1mica y 8 funciones multifunci\u00f3n,con capacidad 70 L.","inLanguage":"es","potentialAction":[{"@type":"ReadAction","target":["https:\/\/www.teka.com\/es-ec\/producto\/hlb-8510-p_111000050\/"]}]},{"@type":"WebSite","@id":"https:\/\/www.teka.com\/es-ec\/#website","url":"https:\/\/www.teka.com\/es-ec\/","name":"Teka Ecuador","description":"","publisher":{"@id":"https:\/\/www.teka.com\/es-ec\/#organization"},"potentialAction":[{"@type":"SearchAction","target":{"@type":"EntryPoint","urlTemplate":"https:\/\/www.teka.com\/es-ec\/?s={search_term_string}"},"query-input":{"@type":"PropertyValueSpecification","valueRequired":true,"valueName":"search_term_string"}}],"inLanguage":"es"},{"@type":"Organization","@id":"https:\/\/www.teka.com\/es-ec\/#organization","name":"Teka Ecuador","url":"https:\/\/www.teka.com\/es-ec\/","logo":{"@type":"ImageObject","inLanguage":"es","@id":"https:\/\/www.teka.com\/es-ec\/#\/schema\/logo\/image\/","url":"https:\/\/www.teka.com\/es-ec\/wp-content\/uploads\/sites\/20\/2019\/03\/Lg_TEKA_Red_Box_RGB-1.svg","contentUrl":"https:\/\/www.teka.com\/es-ec\/wp-content\/uploads\/sites\/20\/2019\/03\/Lg_TEKA_Red_Box_RGB-1.svg","width":1,"height":1,"caption":"Teka Ecuador"},"image":{"@id":"https:\/\/www.teka.com\/es-ec\/#\/schema\/logo\/image\/"},"sameAs":["https:\/\/www.facebook.com\/TekaEcuador","https:\/\/x.com\/TekaEcuador","https:\/\/www.instagram.com\/tekaecuador\/","https:\/\/www.linkedin.com\/company\/79951050\/","https:\/\/www.youtube.com\/channel\/UCxMGBvrLxnh2N7SmSygTooA"]}]}},"_links":{"self":[{"href":"https:\/\/www.teka.com\/es-ec\/wp-json\/wp\/v2\/product\/125948","targetHints":{"allow":["GET"]}}],"collection":[{"href":"https:\/\/www.teka.com\/es-ec\/wp-json\/wp\/v2\/product"}],"about":[{"href":"https:\/\/www.teka.com\/es-ec\/wp-json\/wp\/v2\/types\/product"}],"wp:attachment":[{"href":"https:\/\/www.teka.com\/es-ec\/wp-json\/wp\/v2\/media?parent=125948"}],"wp:term":[{"taxonomy":"product_cat","embeddable":true,"href":"https:\/\/www.teka.com\/es-ec\/wp-json\/wp\/v2\/product_cat?post=125948"},{"taxonomy":"product_cleaning_system","embeddable":true,"href":"https:\/\/www.teka.com\/es-ec\/wp-json\/wp\/v2\/product_cleaning_system?post=125948"},{"taxonomy":"product_3rd_basket","embeddable":true,"href":"https:\/\/www.teka.com\/es-ec\/wp-json\/wp\/v2\/product_3rd_basket?post=125948"},{"taxonomy":"product_drawers","embeddable":true,"href":"https:\/\/www.teka.com\/es-ec\/wp-json\/wp\/v2\/product_drawers?post=125948"},{"taxonomy":"product_type_of_installation","embeddable":true,"href":"https:\/\/www.teka.com\/es-ec\/wp-json\/wp\/v2\/product_type_of_installation?post=125948"},{"taxonomy":"product_edition","embeddable":true,"href":"https:\/\/www.teka.com\/es-ec\/wp-json\/wp\/v2\/product_edition?post=125948"},{"taxonomy":"product_serie","embeddable":true,"href":"https:\/\/www.teka.com\/es-ec\/wp-json\/wp\/v2\/product_serie?post=125948"},{"taxonomy":"product_features","embeddable":true,"href":"https:\/\/www.teka.com\/es-ec\/wp-json\/wp\/v2\/product_features?post=125948"},{"taxonomy":"finishes","embeddable":true,"href":"https:\/\/www.teka.com\/es-ec\/wp-json\/wp\/v2\/finishes?post=125948"},{"taxonomy":"product_bundles","embeddable":true,"href":"https:\/\/www.teka.com\/es-ec\/wp-json\/wp\/v2\/product_bundles?post=125948"},{"taxonomy":"product_energy_efficiency","embeddable":true,"href":"https:\/\/www.teka.com\/es-ec\/wp-json\/wp\/v2\/product_energy_efficiency?post=125948"},{"taxonomy":"product_video_training","embeddable":true,"href":"https:\/\/www.teka.com\/es-ec\/wp-json\/wp\/v2\/product_video_training?post=125948"}],"curies":[{"name":"wp","href":"https:\/\/api.w.org\/{rel}","templated":true}]}}