{"id":128893,"date":"2026-04-23T23:34:12","date_gmt":"2026-04-23T23:34:12","guid":{"rendered":"https:\/\/teka.com\/es-ec\/neo-hsb-6456-ss_111010100"},"modified":"2026-04-21T09:02:18","modified_gmt":"2026-04-21T10:02:18","slug":"neo-hsb-6456-ss_111010100","status":"publish","type":"product","link":"https:\/\/www.teka.com\/es-ec\/producto\/neo-hsb-6456-ss_111010100\/","title":{"rendered":"NEO HSB 6456 SS"},"content":{"rendered":"<ul>\n<li>Nuevo dise\u00f1o moderno e intuitivo<\/li>\n<li>Resultados crujientes con funci\u00f3n AirFry<\/li>\n<li>Funci\u00f3n Chef con programas autom\u00e1ticos<\/li>\n<li>Sistema ThermoSeal que mantiene el calor en el interior<\/li>\n<li>Esmalte BrightClean ultrarresistente<\/li>\n<li>Sistema FastClick de gu\u00edas con montaje f\u00e1cil mediante clip<\/li>\n<li>Joya integrada en el nuevo tirador ergon\u00f3mico<\/li>\n<li>Pantalla un 35% m\u00e1s grande con indicadores de color<\/li>\n<\/ul>\n","protected":false},"featured_media":0,"parent":0,"template":"","product_cat":[3469],"product_cleaning_system":[3162],"product_3rd_basket":[],"product_drawers":[],"product_type_of_installation":[],"product_edition":[],"product_serie":[],"product_features":[],"finishes":[],"product_bundles":[],"product_energy_efficiency":[61565],"product_video_training":[61628,61632,61638,61652,61816],"class_list":["post-128893","product","type-product","status-publish","hentry","product_cat-hornos","usp-ovens-06","usp-airfry-02","usp-neo-00-neo-series","usp-neo-01-wider-colored-display","usp-neo-04-jewel","usp-neo-05-brightclean-shield","usp-neo-06-thermoseal-system","usp-neo-07-chef-functions","usp-neo-11-fastclick-system","usp-neo-12-fingerproof-stainless-steel","color-inox","product_type_of_appliance-multifuncion","product_ambient-neo-series-01","product_icons-70l","product_icons-surroundtemp","product_icons-hydroclean","product_cleaning_system-hydroclean","product_energy_efficiency-a-plus-icon","product_video_training-trainingovens-01","product_video_training-trainingovens-02","product_video_training-trainingovens-05","product_video_training-trainingovens-12","product_video_training-trainingovens-22"],"acf":[],"yoast_head":"<!-- This site is optimized with the Yoast SEO plugin v27.2 - https:\/\/yoast.com\/product\/yoast-seo-wordpress\/ -->\n<title>NEO HSB 6456 SS | Electrodom\u00e9sticos Teka Ecuador<\/title>\n<meta name=\"robots\" content=\"index, follow, max-snippet:-1, max-image-preview:large, max-video-preview:-1\" \/>\n<link rel=\"canonical\" href=\"https:\/\/www.teka.com\/es-ec\/producto\/neo-hsb-6456-ss_111010100\/\" \/>\n<meta property=\"og:locale\" content=\"es_ES\" \/>\n<meta property=\"og:type\" content=\"article\" \/>\n<meta property=\"og:title\" content=\"NEO HSB 6456 SS | Electrodom\u00e9sticos Teka Ecuador\" \/>\n<meta property=\"og:description\" content=\"Nuevo dise\u00f1o moderno e intuitivo Resultados crujientes con funci\u00f3n AirFry Funci\u00f3n Chef con programas autom\u00e1ticos Sistema ThermoSeal que mantiene el calor en el interior Esmalte BrightClean ultrarresistente Sistema FastClick de gu\u00edas con montaje f\u00e1cil mediante clip Joya integrada en el nuevo tirador ergon\u00f3mico Pantalla un 35% m\u00e1s grande con indicadores de color\" \/>\n<meta property=\"og:url\" content=\"https:\/\/www.teka.com\/es-ec\/producto\/neo-hsb-6456-ss_111010100\/\" \/>\n<meta property=\"og:site_name\" content=\"Teka Ecuador\" \/>\n<meta property=\"article:publisher\" content=\"https:\/\/www.facebook.com\/TekaEcuador\" \/>\n<meta property=\"og:image\" content=\"https:\/\/www.teka.com\/es-ec\/wp-content\/uploads\/sites\/20\/2021\/08\/logo_redondo_info.png\" \/>\n\t<meta property=\"og:image:width\" content=\"300\" \/>\n\t<meta property=\"og:image:height\" content=\"286\" \/>\n\t<meta property=\"og:image:type\" content=\"image\/png\" \/>\n<meta name=\"twitter:card\" content=\"summary_large_image\" \/>\n<meta name=\"twitter:site\" content=\"@TekaEcuador\" \/>\n<script type=\"application\/ld+json\" class=\"yoast-schema-graph\">{\"@context\":\"https:\/\/schema.org\",\"@graph\":[{\"@type\":\"WebPage\",\"@id\":\"https:\/\/www.teka.com\/es-ec\/producto\/neo-hsb-6456-ss_111010100\/\",\"url\":\"https:\/\/www.teka.com\/es-ec\/producto\/neo-hsb-6456-ss_111010100\/\",\"name\":\"NEO HSB 6456 SS | Electrodom\u00e9sticos Teka Ecuador\",\"isPartOf\":{\"@id\":\"https:\/\/www.teka.com\/es-ec\/#website\"},\"datePublished\":\"2026-04-23T23:34:12+00:00\",\"inLanguage\":\"es\",\"potentialAction\":[{\"@type\":\"ReadAction\",\"target\":[\"https:\/\/www.teka.com\/es-ec\/producto\/neo-hsb-6456-ss_111010100\/\"]}]},{\"@type\":\"WebSite\",\"@id\":\"https:\/\/www.teka.com\/es-ec\/#website\",\"url\":\"https:\/\/www.teka.com\/es-ec\/\",\"name\":\"Teka Ecuador\",\"description\":\"\",\"publisher\":{\"@id\":\"https:\/\/www.teka.com\/es-ec\/#organization\"},\"potentialAction\":[{\"@type\":\"SearchAction\",\"target\":{\"@type\":\"EntryPoint\",\"urlTemplate\":\"https:\/\/www.teka.com\/es-ec\/?s={search_term_string}\"},\"query-input\":{\"@type\":\"PropertyValueSpecification\",\"valueRequired\":true,\"valueName\":\"search_term_string\"}}],\"inLanguage\":\"es\"},{\"@type\":\"Organization\",\"@id\":\"https:\/\/www.teka.com\/es-ec\/#organization\",\"name\":\"Teka Ecuador\",\"url\":\"https:\/\/www.teka.com\/es-ec\/\",\"logo\":{\"@type\":\"ImageObject\",\"inLanguage\":\"es\",\"@id\":\"https:\/\/www.teka.com\/es-ec\/#\/schema\/logo\/image\/\",\"url\":\"https:\/\/www.teka.com\/es-ec\/wp-content\/uploads\/sites\/20\/2019\/03\/Lg_TEKA_Red_Box_RGB-1.svg\",\"contentUrl\":\"https:\/\/www.teka.com\/es-ec\/wp-content\/uploads\/sites\/20\/2019\/03\/Lg_TEKA_Red_Box_RGB-1.svg\",\"width\":1,\"height\":1,\"caption\":\"Teka Ecuador\"},\"image\":{\"@id\":\"https:\/\/www.teka.com\/es-ec\/#\/schema\/logo\/image\/\"},\"sameAs\":[\"https:\/\/www.facebook.com\/TekaEcuador\",\"https:\/\/x.com\/TekaEcuador\",\"https:\/\/www.instagram.com\/tekaecuador\/\",\"https:\/\/www.linkedin.com\/company\/79951050\/\",\"https:\/\/www.youtube.com\/channel\/UCxMGBvrLxnh2N7SmSygTooA\"]}]}<\/script>\n<!-- \/ Yoast SEO plugin. -->","yoast_head_json":{"title":"NEO HSB 6456 SS | Electrodom\u00e9sticos Teka Ecuador","robots":{"index":"index","follow":"follow","max-snippet":"max-snippet:-1","max-image-preview":"max-image-preview:large","max-video-preview":"max-video-preview:-1"},"canonical":"https:\/\/www.teka.com\/es-ec\/producto\/neo-hsb-6456-ss_111010100\/","og_locale":"es_ES","og_type":"article","og_title":"NEO HSB 6456 SS | Electrodom\u00e9sticos Teka Ecuador","og_description":"Nuevo dise\u00f1o moderno e intuitivo Resultados crujientes con funci\u00f3n AirFry Funci\u00f3n Chef con programas autom\u00e1ticos Sistema ThermoSeal que mantiene el calor en el interior Esmalte BrightClean ultrarresistente Sistema FastClick de gu\u00edas con montaje f\u00e1cil mediante clip Joya integrada en el nuevo tirador ergon\u00f3mico Pantalla un 35% m\u00e1s grande con indicadores de color","og_url":"https:\/\/www.teka.com\/es-ec\/producto\/neo-hsb-6456-ss_111010100\/","og_site_name":"Teka Ecuador","article_publisher":"https:\/\/www.facebook.com\/TekaEcuador","og_image":[{"width":300,"height":286,"url":"https:\/\/www.teka.com\/es-ec\/wp-content\/uploads\/sites\/20\/2021\/08\/logo_redondo_info.png","type":"image\/png"}],"twitter_card":"summary_large_image","twitter_site":"@TekaEcuador","schema":{"@context":"https:\/\/schema.org","@graph":[{"@type":"WebPage","@id":"https:\/\/www.teka.com\/es-ec\/producto\/neo-hsb-6456-ss_111010100\/","url":"https:\/\/www.teka.com\/es-ec\/producto\/neo-hsb-6456-ss_111010100\/","name":"NEO HSB 6456 SS | Electrodom\u00e9sticos Teka Ecuador","isPartOf":{"@id":"https:\/\/www.teka.com\/es-ec\/#website"},"datePublished":"2026-04-23T23:34:12+00:00","inLanguage":"es","potentialAction":[{"@type":"ReadAction","target":["https:\/\/www.teka.com\/es-ec\/producto\/neo-hsb-6456-ss_111010100\/"]}]},{"@type":"WebSite","@id":"https:\/\/www.teka.com\/es-ec\/#website","url":"https:\/\/www.teka.com\/es-ec\/","name":"Teka Ecuador","description":"","publisher":{"@id":"https:\/\/www.teka.com\/es-ec\/#organization"},"potentialAction":[{"@type":"SearchAction","target":{"@type":"EntryPoint","urlTemplate":"https:\/\/www.teka.com\/es-ec\/?s={search_term_string}"},"query-input":{"@type":"PropertyValueSpecification","valueRequired":true,"valueName":"search_term_string"}}],"inLanguage":"es"},{"@type":"Organization","@id":"https:\/\/www.teka.com\/es-ec\/#organization","name":"Teka Ecuador","url":"https:\/\/www.teka.com\/es-ec\/","logo":{"@type":"ImageObject","inLanguage":"es","@id":"https:\/\/www.teka.com\/es-ec\/#\/schema\/logo\/image\/","url":"https:\/\/www.teka.com\/es-ec\/wp-content\/uploads\/sites\/20\/2019\/03\/Lg_TEKA_Red_Box_RGB-1.svg","contentUrl":"https:\/\/www.teka.com\/es-ec\/wp-content\/uploads\/sites\/20\/2019\/03\/Lg_TEKA_Red_Box_RGB-1.svg","width":1,"height":1,"caption":"Teka Ecuador"},"image":{"@id":"https:\/\/www.teka.com\/es-ec\/#\/schema\/logo\/image\/"},"sameAs":["https:\/\/www.facebook.com\/TekaEcuador","https:\/\/x.com\/TekaEcuador","https:\/\/www.instagram.com\/tekaecuador\/","https:\/\/www.linkedin.com\/company\/79951050\/","https:\/\/www.youtube.com\/channel\/UCxMGBvrLxnh2N7SmSygTooA"]}]}},"_links":{"self":[{"href":"https:\/\/www.teka.com\/es-ec\/wp-json\/wp\/v2\/product\/128893","targetHints":{"allow":["GET"]}}],"collection":[{"href":"https:\/\/www.teka.com\/es-ec\/wp-json\/wp\/v2\/product"}],"about":[{"href":"https:\/\/www.teka.com\/es-ec\/wp-json\/wp\/v2\/types\/product"}],"wp:attachment":[{"href":"https:\/\/www.teka.com\/es-ec\/wp-json\/wp\/v2\/media?parent=128893"}],"wp:term":[{"taxonomy":"product_cat","embeddable":true,"href":"https:\/\/www.teka.com\/es-ec\/wp-json\/wp\/v2\/product_cat?post=128893"},{"taxonomy":"product_cleaning_system","embeddable":true,"href":"https:\/\/www.teka.com\/es-ec\/wp-json\/wp\/v2\/product_cleaning_system?post=128893"},{"taxonomy":"product_3rd_basket","embeddable":true,"href":"https:\/\/www.teka.com\/es-ec\/wp-json\/wp\/v2\/product_3rd_basket?post=128893"},{"taxonomy":"product_drawers","embeddable":true,"href":"https:\/\/www.teka.com\/es-ec\/wp-json\/wp\/v2\/product_drawers?post=128893"},{"taxonomy":"product_type_of_installation","embeddable":true,"href":"https:\/\/www.teka.com\/es-ec\/wp-json\/wp\/v2\/product_type_of_installation?post=128893"},{"taxonomy":"product_edition","embeddable":true,"href":"https:\/\/www.teka.com\/es-ec\/wp-json\/wp\/v2\/product_edition?post=128893"},{"taxonomy":"product_serie","embeddable":true,"href":"https:\/\/www.teka.com\/es-ec\/wp-json\/wp\/v2\/product_serie?post=128893"},{"taxonomy":"product_features","embeddable":true,"href":"https:\/\/www.teka.com\/es-ec\/wp-json\/wp\/v2\/product_features?post=128893"},{"taxonomy":"finishes","embeddable":true,"href":"https:\/\/www.teka.com\/es-ec\/wp-json\/wp\/v2\/finishes?post=128893"},{"taxonomy":"product_bundles","embeddable":true,"href":"https:\/\/www.teka.com\/es-ec\/wp-json\/wp\/v2\/product_bundles?post=128893"},{"taxonomy":"product_energy_efficiency","embeddable":true,"href":"https:\/\/www.teka.com\/es-ec\/wp-json\/wp\/v2\/product_energy_efficiency?post=128893"},{"taxonomy":"product_video_training","embeddable":true,"href":"https:\/\/www.teka.com\/es-ec\/wp-json\/wp\/v2\/product_video_training?post=128893"}],"curies":[{"name":"wp","href":"https:\/\/api.w.org\/{rel}","templated":true}]}}